{"id":727,"date":"2023-12-04T02:23:02","date_gmt":"2023-12-04T02:23:02","guid":{"rendered":"https:\/\/demo9.thuythu.vn\/vistapro\/?page_id=727"},"modified":"2024-03-19T15:04:27","modified_gmt":"2024-03-19T08:04:27","slug":"faqs-3","status":"publish","type":"page","link":"https:\/\/demo9.thuythu.vn\/vistapro\/faq-vista-lighting\/","title":{"rendered":"FAQs 3"},"content":{"rendered":"<p>M\u1ecdi ng\u01b0\u1eddi c\u00f3 th\u1ec3 \u0111\u1eb7t c\u00e2u h\u1ecfi \u0111\u1ec3 nh\u1eadn \u0111\u01b0\u1ee3c c\u00e2u tr\u1ea3 l\u1eddi cho th\u1eafc m\u1eafc c\u1ee7a m\u00ecnh. Vistapro s\u1ebd h\u1ed7 tr\u1ee3 nhi\u1ec7t t\u00ecnh \u0111\u1ec3 gi\u00fap qu\u00fd kh\u00e1ch h\u00e0ng hi\u1ec3u th\u00eam v\u1ec1 t\u00ednh n\u0103ng v\u00e0 c\u00e1ch s\u1eed d\u1ee5ng s\u1ea3n ph\u1ea9m sao cho hi\u1ec7u qu\u1ea3 v\u00e0 b\u1ec1n b\u1ec9 nh\u1ea5t.<\/p>\n","protected":false},"excerpt":{"rendered":"<p>M\u1ecdi ng\u01b0\u1eddi c\u00f3 th\u1ec3 \u0111\u1eb7t c\u00e2u h\u1ecfi \u0111\u1ec3 nh\u1eadn \u0111\u01b0\u1ee3c c\u00e2u tr\u1ea3 l\u1eddi cho th\u1eafc m\u1eafc c\u1ee7a m\u00ecnh. Vistapro s\u1ebd h\u1ed7 tr\u1ee3 nhi\u1ec7t t\u00ecnh \u0111\u1ec3 gi\u00fap qu\u00fd kh\u00e1ch h\u00e0ng hi\u1ec3u th\u00eam v\u1ec1 t\u00ednh n\u0103ng v\u00e0 c\u00e1ch s\u1eed d\u1ee5ng s\u1ea3n ph\u1ea9m sao cho hi\u1ec7u qu\u1ea3 v\u00e0 b\u1ec1n b\u1ec9 nh\u1ea5t.<\/p>\n","protected":false},"author":1,"featured_media":0,"parent":0,"menu_order":0,"comment_status":"closed","ping_status":"closed","template":"templates\/faq.php","meta":{"footnotes":""},"acf":[],"_links":{"self":[{"href":"https:\/\/demo9.thuythu.vn\/vistapro\/wp-json\/wp\/v2\/pages\/727"}],"collection":[{"href":"https:\/\/demo9.thuythu.vn\/vistapro\/wp-json\/wp\/v2\/pages"}],"about":[{"href":"https:\/\/demo9.thuythu.vn\/vistapro\/wp-json\/wp\/v2\/types\/page"}],"author":[{"embeddable":true,"href":"https:\/\/demo9.thuythu.vn\/vistapro\/wp-json\/wp\/v2\/users\/1"}],"replies":[{"embeddable":true,"href":"https:\/\/demo9.thuythu.vn\/vistapro\/wp-json\/wp\/v2\/comments?post=727"}],"version-history":[{"count":3,"href":"https:\/\/demo9.thuythu.vn\/vistapro\/wp-json\/wp\/v2\/pages\/727\/revisions"}],"predecessor-version":[{"id":855,"href":"https:\/\/demo9.thuythu.vn\/vistapro\/wp-json\/wp\/v2\/pages\/727\/revisions\/855"}],"wp:attachment":[{"href":"https:\/\/demo9.thuythu.vn\/vistapro\/wp-json\/wp\/v2\/media?parent=727"}],"curies":[{"name":"wp","href":"https:\/\/api.w.org\/{rel}","templated":true}]}}