{"id":298,"date":"2023-11-12T08:48:48","date_gmt":"2023-11-12T08:48:48","guid":{"rendered":"https:\/\/demo9.thuythu.vn\/vistapro\/?page_id=298"},"modified":"2024-03-11T16:46:10","modified_gmt":"2024-03-11T09:46:10","slug":"lien-he","status":"publish","type":"page","link":"https:\/\/demo9.thuythu.vn\/vistapro\/lien-he\/","title":{"rendered":"Li\u00ean h\u1ec7"},"content":{"rendered":"<p>C\u00f4ng ty TNHH Vistapro Technologies<\/p>\n<p>\u0110\u1ecba ch\u1ec9: TDP Nguy\u1ec5n X\u00e1, P.Nh\u00e2n Ho\u00e0, TX.M\u1ef9 H\u00e0o, T.H\u01b0ng Y\u00ean<\/p>\n<p>\u0110i\u1ec7n tho\u1ea1i: 0975258000<\/p>\n","protected":false},"excerpt":{"rendered":"<p>C\u00f4ng ty TNHH Vistapro Technologies \u0110\u1ecba ch\u1ec9: TDP Nguy\u1ec5n X\u00e1, P.Nh\u00e2n Ho\u00e0, TX.M\u1ef9 H\u00e0o, T.H\u01b0ng Y\u00ean \u0110i\u1ec7n tho\u1ea1i: 0975258000<\/p>\n","protected":false},"author":1,"featured_media":0,"parent":0,"menu_order":0,"comment_status":"closed","ping_status":"closed","template":"templates\/contact.php","meta":{"footnotes":""},"acf":[],"_links":{"self":[{"href":"https:\/\/demo9.thuythu.vn\/vistapro\/wp-json\/wp\/v2\/pages\/298"}],"collection":[{"href":"https:\/\/demo9.thuythu.vn\/vistapro\/wp-json\/wp\/v2\/pages"}],"about":[{"href":"https:\/\/demo9.thuythu.vn\/vistapro\/wp-json\/wp\/v2\/types\/page"}],"author":[{"embeddable":true,"href":"https:\/\/demo9.thuythu.vn\/vistapro\/wp-json\/wp\/v2\/users\/1"}],"replies":[{"embeddable":true,"href":"https:\/\/demo9.thuythu.vn\/vistapro\/wp-json\/wp\/v2\/comments?post=298"}],"version-history":[{"count":15,"href":"https:\/\/demo9.thuythu.vn\/vistapro\/wp-json\/wp\/v2\/pages\/298\/revisions"}],"predecessor-version":[{"id":844,"href":"https:\/\/demo9.thuythu.vn\/vistapro\/wp-json\/wp\/v2\/pages\/298\/revisions\/844"}],"wp:attachment":[{"href":"https:\/\/demo9.thuythu.vn\/vistapro\/wp-json\/wp\/v2\/media?parent=298"}],"curies":[{"name":"wp","href":"https:\/\/api.w.org\/{rel}","templated":true}]}}