{"id":296,"date":"2023-11-12T08:45:41","date_gmt":"2023-11-12T08:45:41","guid":{"rendered":"https:\/\/demo9.thuythu.vn\/vistapro\/?page_id=296"},"modified":"2024-03-19T15:05:59","modified_gmt":"2024-03-19T08:05:59","slug":"chinh-sach","status":"publish","type":"page","link":"https:\/\/demo9.thuythu.vn\/vistapro\/chinh-sach\/","title":{"rendered":"Ch\u00ednh s\u00e1ch"},"content":{"rendered":"<p><em>\u0110ang c\u1eadp nh\u1eadt&#8230;<\/em><\/p>\n","protected":false},"excerpt":{"rendered":"<p>\u0110ang c\u1eadp nh\u1eadt&#8230;<\/p>\n","protected":false},"author":1,"featured_media":0,"parent":0,"menu_order":0,"comment_status":"closed","ping_status":"closed","template":"templates\/poly.php","meta":{"footnotes":""},"acf":[],"_links":{"self":[{"href":"https:\/\/demo9.thuythu.vn\/vistapro\/wp-json\/wp\/v2\/pages\/296"}],"collection":[{"href":"https:\/\/demo9.thuythu.vn\/vistapro\/wp-json\/wp\/v2\/pages"}],"about":[{"href":"https:\/\/demo9.thuythu.vn\/vistapro\/wp-json\/wp\/v2\/types\/page"}],"author":[{"embeddable":true,"href":"https:\/\/demo9.thuythu.vn\/vistapro\/wp-json\/wp\/v2\/users\/1"}],"replies":[{"embeddable":true,"href":"https:\/\/demo9.thuythu.vn\/vistapro\/wp-json\/wp\/v2\/comments?post=296"}],"version-history":[{"count":6,"href":"https:\/\/demo9.thuythu.vn\/vistapro\/wp-json\/wp\/v2\/pages\/296\/revisions"}],"predecessor-version":[{"id":858,"href":"https:\/\/demo9.thuythu.vn\/vistapro\/wp-json\/wp\/v2\/pages\/296\/revisions\/858"}],"wp:attachment":[{"href":"https:\/\/demo9.thuythu.vn\/vistapro\/wp-json\/wp\/v2\/media?parent=296"}],"curies":[{"name":"wp","href":"https:\/\/api.w.org\/{rel}","templated":true}]}}