{"id":530,"date":"2024-09-16T10:50:58","date_gmt":"2024-09-16T10:50:58","guid":{"rendered":"https:\/\/demo9.thuythu.vn\/theten\/?page_id=530"},"modified":"2024-11-27T11:13:47","modified_gmt":"2024-11-27T11:13:47","slug":"tien-ich","status":"publish","type":"page","link":"https:\/\/demo9.thuythu.vn\/theten\/tien-ich\/","title":{"rendered":"Ti\u1ec7n \u00edch"},"content":{"rendered":"<p><span style=\"font-weight: 400;\">The TEN ch\u1ee9a \u0111\u1ef1ng t\u00e2m huy\u1ebft v\u00e0 kinh nghi\u1ec7m \u0111\u01b0\u1ee3c t\u00edch l\u0169y h\u01a1n 1 th\u1eadp k\u1ef7 c\u1ee7a ch\u00fang t\u00f4i trong l\u0129nh v\u1ef1c b\u1ea5t \u0111\u1ed9ng s\u1ea3n. \u0110\u00e2y l\u00e0 d\u1ef1 \u00e1n mang t\u00ednh \u0111\u1ed9t ph\u00e1, kh\u1eb3ng \u0111\u1ecbnh \u0111\u01b0\u1ee3c s\u1ef1 kh\u00e1c bi\u1ec7t v\u00e0 \u0111\u1eb3ng c\u1ea5p c\u1ee7a c\u01b0 d\u00e2n. Ch\u00fang t\u00f4i kh\u00f4ng ch\u1ec9 thi\u1ebft k\u1ebf nh\u1eefng c\u0103n h\u1ed9 sang tr\u1ecdng v\u00e0 ti\u1ec7n nghi, m\u00e0 c\u00f2n t\u1ea1o ra kh\u00f4ng gian s\u1ed1ng mang m\u1ed9t t\u1ea7m cao m\u1edbi v\u1edbi b\u1ea3n s\u1eafc ri\u00eang bi\u1ec7t ch\u1ec9 c\u00f3 t\u1ea1i The TEN<\/span><\/p>\n","protected":false},"excerpt":{"rendered":"<p>The TEN ch\u1ee9a \u0111\u1ef1ng t\u00e2m huy\u1ebft v\u00e0 kinh nghi\u1ec7m \u0111\u01b0\u1ee3c t\u00edch l\u0169y h\u01a1n 1 th\u1eadp k\u1ef7 c\u1ee7a ch\u00fang t\u00f4i trong l\u0129nh v\u1ef1c b\u1ea5t \u0111\u1ed9ng s\u1ea3n. \u0110\u00e2y l\u00e0 d\u1ef1 \u00e1n mang t\u00ednh \u0111\u1ed9t ph\u00e1, kh\u1eb3ng \u0111\u1ecbnh \u0111\u01b0\u1ee3c s\u1ef1 kh\u00e1c bi\u1ec7t v\u00e0 \u0111\u1eb3ng c\u1ea5p c\u1ee7a c\u01b0 d\u00e2n. Ch\u00fang t\u00f4i kh\u00f4ng ch\u1ec9 thi\u1ebft k\u1ebf nh\u1eefng c\u0103n h\u1ed9 sang [&#8230;]\n","protected":false},"author":1,"featured_media":0,"parent":0,"menu_order":0,"comment_status":"closed","ping_status":"closed","template":"templates\/tien_ich.php","meta":{"_acf_changed":false,"inline_featured_image":false,"footnotes":""},"class_list":["post-530","page","type-page","status-publish","hentry"],"acf":[],"lang":"vi","translations":{"vi":530,"en":1201,"zh":1261},"pll_sync_post":[],"_links":{"self":[{"href":"https:\/\/demo9.thuythu.vn\/theten\/wp-json\/wp\/v2\/pages\/530"}],"collection":[{"href":"https:\/\/demo9.thuythu.vn\/theten\/wp-json\/wp\/v2\/pages"}],"about":[{"href":"https:\/\/demo9.thuythu.vn\/theten\/wp-json\/wp\/v2\/types\/page"}],"author":[{"embeddable":true,"href":"https:\/\/demo9.thuythu.vn\/theten\/wp-json\/wp\/v2\/users\/1"}],"replies":[{"embeddable":true,"href":"https:\/\/demo9.thuythu.vn\/theten\/wp-json\/wp\/v2\/comments?post=530"}],"version-history":[{"count":81,"href":"https:\/\/demo9.thuythu.vn\/theten\/wp-json\/wp\/v2\/pages\/530\/revisions"}],"predecessor-version":[{"id":3965,"href":"https:\/\/demo9.thuythu.vn\/theten\/wp-json\/wp\/v2\/pages\/530\/revisions\/3965"}],"wp:attachment":[{"href":"https:\/\/demo9.thuythu.vn\/theten\/wp-json\/wp\/v2\/media?parent=530"}],"curies":[{"name":"wp","href":"https:\/\/api.w.org\/{rel}","templated":true}]}}