{"id":509,"date":"2024-09-16T09:40:11","date_gmt":"2024-09-16T09:40:11","guid":{"rendered":"https:\/\/demo9.thuythu.vn\/theten\/?page_id=509"},"modified":"2024-11-21T08:16:07","modified_gmt":"2024-11-21T08:16:07","slug":"can-ho","status":"publish","type":"page","link":"https:\/\/demo9.thuythu.vn\/theten\/can-ho\/","title":{"rendered":"C\u0103n h\u1ed9"},"content":{"rendered":"<p><span style=\"font-weight: 400;\">Ch\u00fang t\u00f4i tin r\u1eb1ng c\u1ea3m gi\u00e1c h\u00e0i l\u00f2ng v\u00e0 s\u1ef1 t\u1eadn h\u01b0\u1edfng kh\u00f4ng gian s\u1ed1ng \u0111\u1eb3ng c\u1ea5p c\u1ee7a c\u01b0 d\u00e2n khi s\u1edf h\u1eefu m\u1ed9t c\u0103n nh\u00e0 ch\u1ea5t l\u01b0\u1ee3ng cao ch\u00ednh l\u00e0 kim ch\u1ec9 nam quan tr\u1ecdng khi ph\u00e1t tri\u1ec3n m\u1ed9t d\u1ef1 \u00e1n. M\u1ee5c ti\u00eau c\u1ee7a Becamex Tokyu kh\u00f4ng ch\u1ec9 \u0111\u01a1n thu\u1ea7n l\u00e0 x\u00e2y d\u1ef1ng c\u0103n h\u1ed9 cao c\u1ea5p, m\u00e0 c\u00f2n l\u00e0 t\u1ea1o ra nh\u1eefng kh\u00f4ng gian \u0111\u1eb7c bi\u1ec7t, mang \u0111\u1ebfn d\u1ea5u \u1ea5n ri\u00eang cho t\u1eebng kh\u00e1ch h\u00e0ng. \u0110\u00f3 ch\u00ednh l\u00e0 ni\u1ec1m t\u1ef1 h\u00e0o v\u00e0 \u0111\u1ed9ng l\u1ef1c l\u1edbn nh\u1ea5t trong h\u00e0nh tr\u00ecnh x\u00e2y d\u1ef1ng nh\u1eefng c\u0103n h\u1ed9 \u0111\u1eb3ng c\u1ea5p c\u1ee7a ch\u00fang t\u00f4i.<\/span><\/p>\n","protected":false},"excerpt":{"rendered":"<p>Ch\u00fang t\u00f4i tin r\u1eb1ng c\u1ea3m gi\u00e1c h\u00e0i l\u00f2ng v\u00e0 s\u1ef1 t\u1eadn h\u01b0\u1edfng kh\u00f4ng gian s\u1ed1ng \u0111\u1eb3ng c\u1ea5p c\u1ee7a c\u01b0 d\u00e2n khi s\u1edf h\u1eefu m\u1ed9t c\u0103n nh\u00e0 ch\u1ea5t l\u01b0\u1ee3ng cao ch\u00ednh l\u00e0 kim ch\u1ec9 nam quan tr\u1ecdng khi ph\u00e1t tri\u1ec3n m\u1ed9t d\u1ef1 \u00e1n. M\u1ee5c ti\u00eau c\u1ee7a Becamex Tokyu kh\u00f4ng ch\u1ec9 \u0111\u01a1n thu\u1ea7n l\u00e0 x\u00e2y d\u1ef1ng c\u0103n [&#8230;]\n","protected":false},"author":1,"featured_media":0,"parent":0,"menu_order":0,"comment_status":"closed","ping_status":"closed","template":"templates\/can_ho.php","meta":{"_acf_changed":false,"inline_featured_image":false,"footnotes":""},"class_list":["post-509","page","type-page","status-publish","hentry"],"acf":[],"lang":"vi","translations":{"vi":509,"en":1202,"zh":1262},"pll_sync_post":[],"_links":{"self":[{"href":"https:\/\/demo9.thuythu.vn\/theten\/wp-json\/wp\/v2\/pages\/509"}],"collection":[{"href":"https:\/\/demo9.thuythu.vn\/theten\/wp-json\/wp\/v2\/pages"}],"about":[{"href":"https:\/\/demo9.thuythu.vn\/theten\/wp-json\/wp\/v2\/types\/page"}],"author":[{"embeddable":true,"href":"https:\/\/demo9.thuythu.vn\/theten\/wp-json\/wp\/v2\/users\/1"}],"replies":[{"embeddable":true,"href":"https:\/\/demo9.thuythu.vn\/theten\/wp-json\/wp\/v2\/comments?post=509"}],"version-history":[{"count":21,"href":"https:\/\/demo9.thuythu.vn\/theten\/wp-json\/wp\/v2\/pages\/509\/revisions"}],"predecessor-version":[{"id":1567,"href":"https:\/\/demo9.thuythu.vn\/theten\/wp-json\/wp\/v2\/pages\/509\/revisions\/1567"}],"wp:attachment":[{"href":"https:\/\/demo9.thuythu.vn\/theten\/wp-json\/wp\/v2\/media?parent=509"}],"curies":[{"name":"wp","href":"https:\/\/api.w.org\/{rel}","templated":true}]}}