{"id":752,"date":"2023-10-10T16:31:54","date_gmt":"2023-10-10T16:31:54","guid":{"rendered":"https:\/\/demo9.thuythu.vn\/thebestcons\/?page_id=343"},"modified":"2023-10-31T08:55:56","modified_gmt":"2023-10-31T08:55:56","slug":"dich-vu","status":"publish","type":"page","link":"https:\/\/demo9.thuythu.vn\/thebestcons\/en\/dich-vu-2\/","title":{"rendered":"D\u1ecbch v\u1ee5"},"content":{"rendered":"<p><strong>THE BEST lu\u00f4n t\u1ef1 h\u00e0o v\u00e0 n\u1ed7 l\u1ef1c mang \u0111\u1ebfn ch\u1ea5t l\u01b0\u1ee3ng d\u1ecbch v\u1ee5 t\u1ed1t l\u00ean t\u1eebng ng\u00e0y, m\u1ed7i m\u1ed9t d\u1ef1 \u00e1n \u0111\u01b0\u1ee3c ho\u00e0n th\u00e0nh \u0111\u00fang th\u1eddi gian, ch\u1ea5t l\u01b0\u1ee3ng v\u01b0\u1ee3t tr\u00ean m\u1ee9c mong \u0111\u1ee3i c\u1ee7a Kh\u00e1ch h\u00e0ng. <\/strong><\/p>\n<p><span style=\"font-weight: 400;\">C\u00f4ng ty n\u1ed5i ti\u1ebfng v\u1edbi vai tr\u00f2 cung \u1ee9ng tr\u1ecdn g\u00f3i d\u1ecbch v\u1ee5 t\u1eeb Thi\u1ebft k\u1ebf Ki\u1ebfn tr\u00fac, Thi c\u00f4ng X\u00e2y d\u1ef1ng, Thi\u1ebft k\u1ebf N\u1ed9i th\u1ea5t \u0111\u1ebfn Thi c\u00f4ng N\u1ed9i th\u1ea5t, \u0111\u1ea3m b\u1ea3o ph\u00f9 h\u1ee3p v\u0103n h\u00f3a, th\u1ea9m m\u1ef9, hi\u1ec7n \u0111\u1ea1i v\u00e0 \u0111\u1ed9c \u0111\u00e1o, sang tr\u1ecdng tinh t\u1ebf, c\u1eadp nh\u1eadt xu h\u01b0\u1edbng m\u1edbi nh\u1ea5t, v\u1edbi m\u1ee9c chi ph\u00ed t\u1ed1i \u01b0u theo nhu c\u1ea7u \u0111\u1ea7u t\u01b0 c\u1ee7a Kh\u00e1ch h\u00e0ng.<\/span><\/p>\n","protected":false},"excerpt":{"rendered":"<p>THE BEST lu\u00f4n t\u1ef1 h\u00e0o v\u00e0 n\u1ed7 l\u1ef1c mang \u0111\u1ebfn ch\u1ea5t l\u01b0\u1ee3ng d\u1ecbch v\u1ee5 t\u1ed1t l\u00ean t\u1eebng ng\u00e0y, m\u1ed7i m\u1ed9t d\u1ef1 \u00e1n \u0111\u01b0\u1ee3c ho\u00e0n th\u00e0nh \u0111\u00fang th\u1eddi gian, ch\u1ea5t l\u01b0\u1ee3ng v\u01b0\u1ee3t tr\u00ean m\u1ee9c mong \u0111\u1ee3i c\u1ee7a Kh\u00e1ch h\u00e0ng. C\u00f4ng ty n\u1ed5i ti\u1ebfng v\u1edbi vai tr\u00f2 cung \u1ee9ng tr\u1ecdn g\u00f3i d\u1ecbch v\u1ee5 t\u1eeb Thi\u1ebft k\u1ebf Ki\u1ebfn &#8230; <a title=\"D\u1ecbch v\u1ee5\" class=\"read-more\" href=\"https:\/\/demo9.thuythu.vn\/thebestcons\/en\/dich-vu-2\/\" aria-label=\"More on D\u1ecbch v\u1ee5\">Read more<\/a><\/p>\n","protected":false},"author":1,"featured_media":0,"parent":0,"menu_order":0,"comment_status":"closed","ping_status":"closed","template":"templates\/service.php","meta":{"footnotes":""},"acf":[],"lang":"en","translations":{"en":752,"vi":343},"pll_sync_post":[],"_links":{"self":[{"href":"https:\/\/demo9.thuythu.vn\/thebestcons\/wp-json\/wp\/v2\/pages\/752"}],"collection":[{"href":"https:\/\/demo9.thuythu.vn\/thebestcons\/wp-json\/wp\/v2\/pages"}],"about":[{"href":"https:\/\/demo9.thuythu.vn\/thebestcons\/wp-json\/wp\/v2\/types\/page"}],"author":[{"embeddable":true,"href":"https:\/\/demo9.thuythu.vn\/thebestcons\/wp-json\/wp\/v2\/users\/1"}],"replies":[{"embeddable":true,"href":"https:\/\/demo9.thuythu.vn\/thebestcons\/wp-json\/wp\/v2\/comments?post=752"}],"version-history":[{"count":0,"href":"https:\/\/demo9.thuythu.vn\/thebestcons\/wp-json\/wp\/v2\/pages\/752\/revisions"}],"wp:attachment":[{"href":"https:\/\/demo9.thuythu.vn\/thebestcons\/wp-json\/wp\/v2\/media?parent=752"}],"curies":[{"name":"wp","href":"https:\/\/api.w.org\/{rel}","templated":true}]}}