{"id":3060,"date":"2024-12-16T00:50:29","date_gmt":"2024-12-15T17:50:29","guid":{"rendered":"https:\/\/demo9.thuythu.vn\/sube\/ch\u01b0a%20ph\u00e2n%20lo\u1ea1i\/may-xay-bot-kho-bear-mdj-a02g3\/"},"modified":"2025-02-15T02:16:25","modified_gmt":"2025-02-14T19:16:25","slug":"may-xay-bot-kho-bear-mdj-a02g3","status":"publish","type":"product","link":"https:\/\/demo9.thuythu.vn\/sube\/may-xay-bear\/may-xay-bot-kho-mdj-a02g3.html","title":{"rendered":"M\u00e1y xay b\u1ed9t kh\u00f4 Bear MDJ-A02G3"},"content":{"rendered":"<p class=\"hrQhmh\">\u2705L\u00fd do n\u00ean mua M\u00e1y Xay B\u1ed9t Kh\u00f4 \u0110a N\u0103ng Bear MDJ-A02G3\u2705<\/p>\n<p class=\"hrQhmh\">\u2714\ufe0f Xay \u0111a n\u0103ng c\u00e1c lo\u1ea1i h\u1ea1t kh\u00f4, v\u1ecb thu\u1ed1c<\/p>\n<p class=\"hrQhmh\">\u2714\ufe0f Inox 304 ch\u1ed1ng g\u1ec9, kh\u00e1ng khu\u1ea9n<\/p>\n<p class=\"hrQhmh\">\u2714\ufe0f C\u00f4ng su\u1ea5t 200W gi\u00fap xay m\u1ecbn b\u1ed9t<\/p>\n<p class=\"hrQhmh\">\u2714\ufe0f B\u1ea3o v\u1ec7 an to\u00e0n 3 l\u1edbp<\/p>\n","protected":false},"excerpt":{"rendered":"<p>\u2705L\u00fd do n\u00ean mua M\u00e1y Xay B\u1ed9t Kh\u00f4 \u0110a N\u0103ng Bear MDJ-A02G3\u2705 \u2714\ufe0f Xay \u0111a n\u0103ng c\u00e1c lo\u1ea1i h\u1ea1t kh\u00f4, v\u1ecb thu\u1ed1c \u2714\ufe0f Inox 304 ch\u1ed1ng g\u1ec9, kh\u00e1ng khu\u1ea9n \u2714\ufe0f C\u00f4ng su\u1ea5t 200W gi\u00fap xay m\u1ecbn b\u1ed9t \u2714\ufe0f B\u1ea3o v\u1ec7 an to\u00e0n 3 l\u1edbp<\/p>\n","protected":false},"featured_media":1313,"comment_status":"open","ping_status":"closed","template":"","meta":{"_acf_changed":false,"inline_featured_image":false},"product_cat":[133],"product_tag":[],"class_list":{"0":"post-3060","1":"product","2":"type-product","3":"status-publish","4":"has-post-thumbnail","6":"product-brand-bear","7":"product_cat-may-xay-bear","9":"first","10":"instock","11":"sale","12":"purchasable","13":"product-type-simple"},"acf":[],"_links":{"self":[{"href":"https:\/\/demo9.thuythu.vn\/sube\/wp-json\/wp\/v2\/product\/3060"}],"collection":[{"href":"https:\/\/demo9.thuythu.vn\/sube\/wp-json\/wp\/v2\/product"}],"about":[{"href":"https:\/\/demo9.thuythu.vn\/sube\/wp-json\/wp\/v2\/types\/product"}],"replies":[{"embeddable":true,"href":"https:\/\/demo9.thuythu.vn\/sube\/wp-json\/wp\/v2\/comments?post=3060"}],"wp:featuredmedia":[{"embeddable":true,"href":"https:\/\/demo9.thuythu.vn\/sube\/wp-json\/wp\/v2\/media\/1313"}],"wp:attachment":[{"href":"https:\/\/demo9.thuythu.vn\/sube\/wp-json\/wp\/v2\/media?parent=3060"}],"wp:term":[{"taxonomy":"product_cat","embeddable":true,"href":"https:\/\/demo9.thuythu.vn\/sube\/wp-json\/wp\/v2\/product_cat?post=3060"},{"taxonomy":"product_tag","embeddable":true,"href":"https:\/\/demo9.thuythu.vn\/sube\/wp-json\/wp\/v2\/product_tag?post=3060"}],"curies":[{"name":"wp","href":"https:\/\/api.w.org\/{rel}","templated":true}]}}