{"id":2345,"date":"2024-12-15T03:22:13","date_gmt":"2024-12-14T20:22:13","guid":{"rendered":"https:\/\/demo9.thuythu.vn\/sube\/ch\u01b0a%20ph\u00e2n%20lo\u1ea1i\/quat-suoi-gom-bear-dnq-c20b1\/"},"modified":"2024-12-18T10:46:47","modified_gmt":"2024-12-18T03:46:47","slug":"quat-suoi-gom-bear-dnq-c20b1","status":"publish","type":"product","link":"https:\/\/demo9.thuythu.vn\/sube\/may-suoi-bear\/dnq-c20b1.html","title":{"rendered":"Qu\u1ea1t s\u01b0\u1edfi g\u1ed1m Bear DNQ-C20B1"},"content":{"rendered":"<p>Qu\u1ea1t\u00a0s\u01b0\u1edfi g\u1ed1m\u00a0Bear DNQ-C20B1 l\u00e0 thi\u1ebft b\u1ecb xua tan c\u00e1i l\u1ea1nh trong\u00a0m\u00f9a \u0111\u00f4ng gi\u00e1 r\u00e9t. V\u1edbi c\u00f4ng ngh\u1ec7 v\u00e0 thi\u1ebft k\u1ebf th\u1ebf h\u1ec7\u00a0m\u1edbi, m\u00e1y s\u01b0\u1edfi Bear\u00a0s\u1eed d\u1ee5ng c\u00f4ng ngh\u1ec7 s\u01b0\u1edfi g\u1ed1m l\u00e0m \u1ea5m nhanh m\u00e0 kh\u00f4ng \u1ed3n \u00e0o hay g\u00e2y kh\u00f4 da, t\u1ea1o c\u1ea3m gi\u00e1c tho\u1ea3i m\u00e1i khi s\u1eed d\u1ee5ng. V\u1edbi thi\u1ebft k\u1ebf hi\u1ec7n \u0111\u1ea1i g\u1ecdn nh\u1eb9 v\u00e0 kh\u00f4ng ph\u00e1t ra \u00e1nh s\u00e1ng ch\u00f3i m\u1eaft, m\u00e1y s\u01b0\u1edfi Bear r\u1ea5t ph\u00f9 h\u1ee3p s\u1eed d\u1ee5ng t\u1ea1i\u00a0ph\u00f2ng kh\u00e1ch, ph\u00f2ng ng\u1ee7 c\u1ee7a gia \u0111\u00ecnh.<\/p>\n<table border=\"1\" cellspacing=\"1\" cellpadding=\"1\" align=\"center\">\n<tbody>\n<tr>\n<td><strong>Hi\u1ec7n nay, Bear Vi\u1ec7t Nam \u0111ang c\u00f3 \u00e1p d\u1ee5ng Ch\u01b0\u01a1ng tr\u00ecnh khuy\u1ebfn m\u00e3i v\u1edbi<\/strong><\/p>\n<p><strong>\u00a0 \u00a0 \u00a0 \u00a0 \u00a0 \u00a0 \u00a0 \u00a0 \u00a0 \u00a0 \u00a0 \u00a0 \u00a0 \u00a0 \u00a0 \u00a0 \u00a0 \u00a0 \u00a0 \u00a0 \u00a0 \u00a0 M\u00c3 &#8220;SIEUSALE10%&#8221;<\/strong><br \/>\n<strong>=&gt; Tr\u1ea1ng th\u00e1i: \u0110ang \u00e1p d\u1ee5ng\u00a0<\/strong><br \/>\n<strong>=&gt; Gi\u1ea3m 10% cho to\u00e0n b\u1ed9 s\u1ea3n ph\u1ea9m, t\u1ed1i \u0111a 30.000VND\/\u0111\u01a1n h\u00e0ng<\/strong><\/td>\n<\/tr>\n<\/tbody>\n<\/table>\n<p><img decoding=\"async\" src=\"https:\/\/bizweb.dktcdn.net\/100\/397\/265\/files\/web-1-d9b719c8-4ab1-48e8-be51-ca984143b8a7.jpg?v=1639469607379\" data-thumb=\"original\" data-cke-saved-src=\"\/\/bizweb.dktcdn.net\/100\/397\/265\/files\/web-1-d9b719c8-4ab1-48e8-be51-ca984143b8a7.jpg?v=1639469607379\" \/><img decoding=\"async\" src=\"https:\/\/bizweb.dktcdn.net\/100\/397\/265\/files\/web-2-82f0f753-11fd-4369-b7eb-9e3f7c0eb56d.jpg?v=1639469608309\" data-thumb=\"original\" data-cke-saved-src=\"\/\/bizweb.dktcdn.net\/100\/397\/265\/files\/web-2-82f0f753-11fd-4369-b7eb-9e3f7c0eb56d.jpg?v=1639469608309\" \/><\/p>\n<p><strong>Qu\u1ea1t\u00a0s\u01b0\u1edfi trang nh\u00e3, s\u01b0\u1edfi \u1ea5m ph\u00f2ng kh\u00e1ch c\u1ee7a b\u1ea1n<\/strong><\/p>\n<p>C\u0103n ph\u00f2ng kh\u00e1ch to\u00e1t l\u00ean gu th\u1ea9m m\u1ef9 c\u1ee7a gia ch\u1ee7, v\u1ebb \u0111\u1eb9p\u00a0tinh t\u1ebf v\u00e0 hi\u1ec7n \u0111\u1ea1i c\u1ee7a qu\u1ea1t s\u01b0\u1edfi g\u1ed1m Bear\u00a0DNQ-C20B1 gi\u00fap ph\u1ea7n t\u0103ng th\u1ea9m m\u1ef9 cho c\u0103n ph\u00f2ng c\u1ee7a b\u1ea1n. Ngo\u00e0i v\u1ebb \u0111\u1eb9p, Qu\u1ea1t s\u01b0\u1edfi Bear l\u00e0m cho ph\u00f2ng kh\u00e1ch c\u1ee7a b\u1ea1n lu\u00f4n \u1ea5m c\u00fang, nh\u1eefng b\u1eefa c\u01a1m gia \u0111\u00ecnh, b\u1ea1n b\u00e8 ho\u1eb7c m\u1eddi kh\u00e1ch \u0111\u1ebfn nh\u00e0 \u0111\u1ec1u mang l\u1ea1i c\u1ea3m gi\u00e1c \u1ea5m \u00e1p, g\u1ea7n g\u0169i nh\u1ea5t.<\/p>\n<p><img decoding=\"async\" src=\"https:\/\/bizweb.dktcdn.net\/100\/397\/265\/files\/web-4.jpg?v=1639469639501\" data-thumb=\"original\" data-cke-saved-src=\"\/\/bizweb.dktcdn.net\/100\/397\/265\/files\/web-4.jpg?v=1639469639501\" \/><img decoding=\"async\" src=\"https:\/\/bizweb.dktcdn.net\/100\/397\/265\/files\/web-5.jpg?v=1639469640627\" data-thumb=\"original\" data-cke-saved-src=\"\/\/bizweb.dktcdn.net\/100\/397\/265\/files\/web-5.jpg?v=1639469640627\" \/><\/p>\n<p><strong>S\u01b0\u1edfi \u1ea5m nhanh, kh\u00f4ng \u0111\u1ed1t oxy, gi\u1eef \u1ea9m cho da<\/strong><\/p>\n<p>Vi\u1ec7c s\u1eed d\u1ee5ng m\u00e1y s\u01b0\u1edfi s\u1eed d\u1ee5ng \u0111\u00e8n\u00a0halogen g\u00e2y ra t\u00ecnh tr\u1ea1ng kh\u00f4 da, \u0111\u1ed1t ch\u00e1y oxy l\u00e0m ng\u01b0\u1eddi s\u1eed d\u1ee5ng kh\u00f3 th\u1edf, \u0111\u00e2y l\u00e0 n\u1ed7i \u00e1m \u1ea3nh c\u1ee7a nhi\u1ec1u gia \u0111\u00ecnh. C\u00f4ng ngh\u1ec7 s\u01b0\u1edfi g\u1ed1m c\u00f3 trong qu\u1ea1t s\u01b0\u1edfi g\u1ed1m Bear DNQ-C20B1 ch\u00ednh l\u00e0 n\u00e2ng c\u1ea5p \u0111\u00e1ng gi\u00e1 b\u1eadc nh\u1ea5t. B\u00ean c\u1ea1nh \u0111\u00f3, qu\u1ea1t gi\u00f3 \u0111\u01b0\u1ee3c thi\u1ebft k\u1ebf g\u00f3c nghi\u00eang \u0111\u1ed9c \u0111\u00e1o, t\u1ecfa nhi\u1ec7t r\u1ed9ng h\u01a1n v\u00e0 \u1ea5m h\u01a1n m\u00e0 kh\u00f4ng \u0111\u1ed1t oxy, kh\u00f4ng g\u00e2y kh\u00f4 da.<\/p>\n<p>&nbsp;<\/p>\n<p><img decoding=\"async\" src=\"https:\/\/bizweb.dktcdn.net\/100\/397\/265\/files\/web-6.jpg?v=1639469641797\" data-thumb=\"original\" data-cke-saved-src=\"\/\/bizweb.dktcdn.net\/100\/397\/265\/files\/web-6.jpg?v=1639469641797\" \/><img decoding=\"async\" src=\"https:\/\/bizweb.dktcdn.net\/100\/397\/265\/files\/web-7.jpg?v=1639469642936\" data-thumb=\"original\" data-cke-saved-src=\"\/\/bizweb.dktcdn.net\/100\/397\/265\/files\/web-7.jpg?v=1639469642936\" \/><\/p>\n<p><strong>Qu\u1ea1t s\u01b0\u1edfi g\u1ed1m Bear, t\u00edch h\u1ee3p nhi\u1ec1u c\u00f4ng ngh\u1ec7 an to\u00e0n\u00a0<\/strong><\/p>\n<p>Qu\u1ea1t s\u01b0\u1edfi Bear DNQ-C20B1, kh\u00f4ng c\u00f2n n\u1ed7i lo g\u1eb7p s\u1ef1 c\u1ed1 nh\u01b0 ch\u1eadp \u0111i\u1ec7n, ch\u00e1y b\u1ecfng khi ch\u1ea1m v\u00e0o, \u0111\u1ed5 ng\u00e3 m\u00e1y s\u01b0\u1edfi g\u00e2y ch\u00e1y n\u1ed5&#8230; C\u00f4ng ngh\u1ec7 hi\u1ec7n \u0111\u1ea1i \u0111\u01b0\u1ee3c t\u00edch h\u1ee3p trong qu\u1ea1t s\u01b0\u1edfi g\u1ed1m Bear, \u0111em \u0111\u1ebfn s\u1ef1 ti\u1ec7n nghi v\u00e0 an to\u00e0n cho c\u1ea3 gia \u0111\u00ecnh b\u1ea1n.<\/p>\n<p><img decoding=\"async\" src=\"https:\/\/bizweb.dktcdn.net\/100\/397\/265\/files\/web-8-01.jpg?v=1639628378427\" data-thumb=\"original\" data-cke-saved-src=\"\/\/bizweb.dktcdn.net\/100\/397\/265\/files\/web-8-01.jpg?v=1639628378427\" \/><\/p>\n<p><img decoding=\"async\" src=\"https:\/\/bizweb.dktcdn.net\/100\/397\/265\/files\/web-9.jpg?v=1639469751473\" data-thumb=\"original\" data-cke-saved-src=\"\/\/bizweb.dktcdn.net\/100\/397\/265\/files\/web-9.jpg?v=1639469751473\" \/><img decoding=\"async\" src=\"https:\/\/bizweb.dktcdn.net\/100\/397\/265\/files\/web-10-0a108736-bde3-4182-8cbf-4213ed70e5ce.jpg?v=1639628761562\" data-thumb=\"original\" data-cke-saved-src=\"\/\/bizweb.dktcdn.net\/100\/397\/265\/files\/web-10-0a108736-bde3-4182-8cbf-4213ed70e5ce.jpg?v=1639628761562\" \/><\/p>\n<p><strong>C\u0103n ph\u00f2ng lu\u00f4n \u1ea5m \u00e1p, thu\u1eadn ti\u1ec7n cho m\u1ecdi sinh ho\u1ea1t<\/strong><\/p>\n<p>M\u00f9a \u0111\u00f4ng l\u1ea1nh gi\u00e1, kh\u00f4ng mu\u1ed1n b\u01b0\u1edbc ra kh\u1ecfi chi\u1ebfc gi\u01b0\u1eddng \u1ea5m \u00e1p, m\u1ecdi sinh ho\u1ea1t c\u00e1 nh\u00e2n c\u1ee7a ch\u00fang ta \u0111\u1ec1u tr\u1edf n\u00ean kh\u00f3 kh\u0103n, tr\u1ec5 n\u1ea3i. Qu\u1ea1t s\u01b0\u1edfi g\u1ed1m Bear ch\u00ednh l\u00e0 gi\u1ea3i ph\u00e1p cho b\u1ea1n. Ch\u1ec9 c\u1ea7n b\u1eadt qu\u1ea1t s\u01b0\u1edfi, c\u0103n ph\u00f2ng c\u1ee7a b\u1ea1n s\u1ebd tr\u1edf n\u00ean \u1ea5m \u00e1p h\u01a1n bao gi\u1edd h\u1ebft, t\u1eeb \u0111\u00f3 gi\u1ea5c ng\u1ee7 m\u1ed7i \u0111\u00eam v\u00e0\u00a0vi\u1ec7c t\u1eafm gi\u1eb7t cho tr\u1ebb nh\u1ecf s\u1ebd thu\u1eadn ti\u1ec7n h\u01a1n.<\/p>\n<p><img decoding=\"async\" src=\"https:\/\/bizweb.dktcdn.net\/100\/397\/265\/files\/web-13.jpg?v=1639469815563\" data-thumb=\"original\" data-cke-saved-src=\"\/\/bizweb.dktcdn.net\/100\/397\/265\/files\/web-13.jpg?v=1639469815563\" \/><\/p>\n<p><img decoding=\"async\" src=\"https:\/\/bizweb.dktcdn.net\/100\/397\/265\/files\/web-14-e7d59b1b-9181-4973-b621-919023c698e3.jpg?v=1639727009670\" data-thumb=\"original\" data-cke-saved-src=\"\/\/bizweb.dktcdn.net\/100\/397\/265\/files\/web-14-e7d59b1b-9181-4973-b621-919023c698e3.jpg?v=1639727009670\" \/><img decoding=\"async\" src=\"https:\/\/bizweb.dktcdn.net\/100\/397\/265\/files\/web-15.jpg?v=1639469839873\" data-thumb=\"original\" data-cke-saved-src=\"\/\/bizweb.dktcdn.net\/100\/397\/265\/files\/web-15.jpg?v=1639469839873\" \/><\/p>\n<p><strong>Ti\u1ec7n l\u1ee3i, d\u1ec5 d\u00e0ng s\u1eed d\u1ee5ng b\u1ea5t k\u1ef3 th\u1eddi \u0111i\u1ec3m n\u00e0o<\/strong><\/p>\n<p>Th\u1eddi ti\u1ebft thay \u0111\u1ed5i th\u1ea5t th\u01b0\u1eddng \u1edf n\u01b0\u1edbc ta\u00a0g\u00e2y ra \u0111au \u0111\u1ea7u, m\u1ec7t m\u1ecfi\u00a0\u1ea3nh h\u01b0\u1edfng tr\u1ef1c ti\u1ebfp t\u1edbi s\u1ee9c kh\u1ecfe tinh th\u1ea7n v\u00e0 th\u1ec3 ch\u1ea5t m\u1ed7i ng\u01b0\u1eddi. S\u1edf h\u1eefu hai ch\u1ebf \u0111\u1ed9 \u1ea5m\/n\u00f3ng linh ho\u1ea1t, qu\u1ea1t s\u01b0\u1edfi Bear c\u00f3 th\u1ec3 s\u1eed d\u1ee5ng \u1edf\u00a0b\u1ea5t c\u1ee9 th\u1eddi ti\u1ebft n\u00e0o.\u00a0B\u00ean c\u1ea1nh \u0111\u00f3, vi\u1ec7c mang chuy\u1ec3n v\u1ecb tr\u00ed c\u1ee7a chi\u1ebfc m\u00e1y v\u00f4 c\u00f9ng \u0111\u01a1n gi\u1ea3n. S\u1eed b\u1ea5t c\u1ee9 ch\u1ed7 n\u00e0o, b\u1ea5t k\u1ef3 khi n\u00e0o.<\/p>\n<p><img decoding=\"async\" src=\"https:\/\/bizweb.dktcdn.net\/100\/397\/265\/files\/web-17.jpg?v=1639469841995\" data-thumb=\"original\" data-cke-saved-src=\"\/\/bizweb.dktcdn.net\/100\/397\/265\/files\/web-17.jpg?v=1639469841995\" \/><img decoding=\"async\" src=\"https:\/\/bizweb.dktcdn.net\/100\/397\/265\/files\/web-18.jpg?v=1639469865174\" data-thumb=\"original\" data-cke-saved-src=\"\/\/bizweb.dktcdn.net\/100\/397\/265\/files\/web-18.jpg?v=1639469865174\" \/><\/p>\n<p><img decoding=\"async\" src=\"https:\/\/bizweb.dktcdn.net\/100\/397\/265\/files\/web-19-d8666d7d-fc1c-4fff-99f9-6c35b795f3c0.jpg?v=1639730130848\" data-thumb=\"original\" data-cke-saved-src=\"\/\/bizweb.dktcdn.net\/100\/397\/265\/files\/web-19-d8666d7d-fc1c-4fff-99f9-6c35b795f3c0.jpg?v=1639730130848\" \/><\/p>\n<p><strong>Nhanh tay \u0111\u1eb7t h\u00e0ng v\u00e0 \u00e1p d\u1ee5ng ch\u01b0\u01a1ng tr\u00ecnh khuy\u1ebfn m\u00e3i v\u1edbi M\u00e3: &#8220;SIEUSALE10%&#8221;<\/strong>.<\/p>\n<h6>Th\u00f4ng s\u1ed1 k\u1ef9 thu\u1eadt<\/h6>\n<table border=\"1\" cellspacing=\"1\" cellpadding=\"1\">\n<tbody>\n<tr>\n<td>T\u00ean s\u1ea3n ph\u1ea9m<\/td>\n<td>Qu\u1ea1t s\u01b0\u1edfi g\u1ed1m Bear DNQ-C20B1<\/td>\n<\/tr>\n<tr>\n<td>H\u00e3ng<\/td>\n<td>Bear<\/td>\n<\/tr>\n<tr>\n<td>Model<\/td>\n<td>DNQ-C20B1<\/td>\n<\/tr>\n<tr>\n<td>Phi\u00ean b\u1ea3n<\/td>\n<td>N\u1ed9i\u00a0\u0111\u1ecba<\/td>\n<\/tr>\n<tr>\n<td>C\u00f4ng su\u1ea5t<\/td>\n<td>2000W<\/td>\n<\/tr>\n<tr>\n<td>\u0110i\u1ec7n \u00e1p<\/td>\n<td>220V ~ 50Hz<\/td>\n<\/tr>\n<tr>\n<td>Ch\u1ebf\u00a0\u0111\u1ed9 gi\u00f3<\/td>\n<td>N\u00f3ng\/\u1ea4m<\/td>\n<\/tr>\n<tr>\n<td>Chi\u1ec1u d\u00e0i d\u00e2y ngu\u1ed3n<\/td>\n<td>1.2m<\/td>\n<\/tr>\n<tr>\n<td>K\u00edch th\u01b0\u1edbc<\/td>\n<td>165x185x487mm<\/td>\n<\/tr>\n<\/tbody>\n<\/table>\n","protected":false},"excerpt":{"rendered":"<p>Qu\u1ea1t\u00a0s\u01b0\u1edfi g\u1ed1m\u00a0Bear DNQ-C20B1 l\u00e0 thi\u1ebft b\u1ecb xua tan c\u00e1i l\u1ea1nh trong\u00a0m\u00f9a \u0111\u00f4ng gi\u00e1 r\u00e9t. V\u1edbi c\u00f4ng ngh\u1ec7 v\u00e0 thi\u1ebft k\u1ebf th\u1ebf h\u1ec7\u00a0m\u1edbi, m\u00e1y s\u01b0\u1edfi Bear\u00a0s\u1eed d\u1ee5ng c\u00f4ng ngh\u1ec7 s\u01b0\u1edfi g\u1ed1m l\u00e0m \u1ea5m nhanh m\u00e0 kh\u00f4ng \u1ed3n \u00e0o hay g\u00e2y kh\u00f4 da, t\u1ea1o c\u1ea3m gi\u00e1c tho\u1ea3i m\u00e1i khi s\u1eed d\u1ee5ng. V\u1edbi thi\u1ebft k\u1ebf hi\u1ec7n \u0111\u1ea1i g\u1ecdn [&#8230;]\n","protected":false},"featured_media":2346,"comment_status":"open","ping_status":"closed","template":"","meta":{"_acf_changed":false,"inline_featured_image":false},"product_cat":[223],"product_tag":[],"class_list":{"0":"post-2345","1":"product","2":"type-product","3":"status-publish","4":"has-post-thumbnail","6":"product-brand-bear","7":"product_cat-may-suoi-bear","9":"first","10":"instock","11":"sale","12":"purchasable","13":"product-type-variable","14":"has-default-attributes"},"acf":[],"_links":{"self":[{"href":"https:\/\/demo9.thuythu.vn\/sube\/wp-json\/wp\/v2\/product\/2345"}],"collection":[{"href":"https:\/\/demo9.thuythu.vn\/sube\/wp-json\/wp\/v2\/product"}],"about":[{"href":"https:\/\/demo9.thuythu.vn\/sube\/wp-json\/wp\/v2\/types\/product"}],"replies":[{"embeddable":true,"href":"https:\/\/demo9.thuythu.vn\/sube\/wp-json\/wp\/v2\/comments?post=2345"}],"wp:featuredmedia":[{"embeddable":true,"href":"https:\/\/demo9.thuythu.vn\/sube\/wp-json\/wp\/v2\/media\/2346"}],"wp:attachment":[{"href":"https:\/\/demo9.thuythu.vn\/sube\/wp-json\/wp\/v2\/media?parent=2345"}],"wp:term":[{"taxonomy":"product_cat","embeddable":true,"href":"https:\/\/demo9.thuythu.vn\/sube\/wp-json\/wp\/v2\/product_cat?post=2345"},{"taxonomy":"product_tag","embeddable":true,"href":"https:\/\/demo9.thuythu.vn\/sube\/wp-json\/wp\/v2\/product_tag?post=2345"}],"curies":[{"name":"wp","href":"https:\/\/api.w.org\/{rel}","templated":true}]}}