{"id":2310,"date":"2024-12-15T03:21:38","date_gmt":"2024-12-14T20:21:38","guid":{"rendered":"https:\/\/demo9.thuythu.vn\/sube\/ch\u01b0a%20ph\u00e2n%20lo\u1ea1i\/noi-nau-cham-bear-1-5l-sb-nnc15\/"},"modified":"2025-08-20T09:11:43","modified_gmt":"2025-08-20T02:11:43","slug":"noi-nau-cham-bear-1-5l-sb-nnc15","status":"publish","type":"product","link":"https:\/\/demo9.thuythu.vn\/sube\/noi-nau-cham-bear\/1-5l-sb-nnc15.html","title":{"rendered":"N\u1ed3i n\u1ea5u ch\u1eadm Bear 1.5L SB-NNC15"},"content":{"rendered":"<ul>\n<li aria-level=\"1\">Phi\u00ean b\u1ea3n ti\u1ebfng Vi\u1ec7t ch\u00ednh h\u00e3ng gi\u00fap ng\u01b0\u1eddi d\u00f9ng thao t\u00e1c thu\u1eadn ti\u1ec7n, \u0111\u01a1n gi\u1ea3n h\u01a1n.<\/li>\n<li aria-level=\"1\">Thi\u1ebft k\u1ebf, ki\u1ec3u d\u00e1ng v\u00e0 m\u00e0u s\u1eafc cao c\u1ea5p, sang tr\u1ecdng, t\u1ec9 m\u1ec9 \u0111\u1ebfn t\u1eebng chi ti\u1ebft.<\/li>\n<li aria-level=\"1\">S\u1eed d\u1ee5ng nhi\u1ec7t l\u01b0\u1ee3ng \u0111\u1ec3 n\u1ea5u ch\u00edn t\u1eeb t\u1eeb, gi\u1eef tr\u1ecdn d\u01b0\u1ee1ng ch\u1ea5t c\u1ee7a th\u1ef1c ph\u1ea9m.<\/li>\n<li aria-level=\"1\">Dung t\u00edch 1.5L ph\u00f9 h\u1ee3p cho c\u00e1c gia \u0111\u00ecnh c\u00f3 3 &#8211; 5 ng\u01b0\u1eddi.<\/li>\n<li aria-level=\"1\">\u0110\u01b0\u1ee3c t\u00edch h\u1ee3p 6 ch\u1ee9c n\u0103ng n\u1ea5u v\u00f4 c\u00f9ng ti\u1ec7n l\u1ee3i.<\/li>\n<li aria-level=\"1\">T\u00ednh n\u0103ng h\u1eb9n gi\u1edd l\u00ean t\u1edbi 9.5 ti\u1ebfng.<\/li>\n<li aria-level=\"1\">B\u1ea1n s\u1ebd kh\u00f4ng c\u1ea7n d\u00e0nh th\u1eddi gian, c\u00f4ng s\u1ee9c gi\u00e1m s\u00e1t qu\u00e1 tr\u00ecnh n\u1ea5u.<\/li>\n<li aria-level=\"1\">C\u00f4ng su\u1ea5t 120W gi\u00fap ho\u1ea1t \u0111\u1ed9ng hi\u1ec7u qu\u1ea3 nh\u01b0ng v\u1eabn \u0111\u1ea3m b\u1ea3o ti\u1ebft ki\u1ec7m \u0111i\u1ec7n n\u0103ng.<\/li>\n<\/ul>\n<p>V\u1edbi chi\u1ebfc n\u1ed3i n\u1ea5u ch\u1eadm Bear, b\u1ea1n c\u00f3 th\u1ec3 ch\u1ebf bi\u1ebfn nhi\u1ec1u m\u00f3n ngon gi\u00fap \u0111a d\u1ea1ng th\u1ef1c \u0111\u01a1n h\u1eb1ng ng\u00e0y cho c\u1ea3 gia \u0111\u00ecnh. H\u00f4m nay, h\u00e3y c\u00f9ng\u00a0<a href=\"https:\/\/sube.vn\/\" rel=\"nofollow noopener\" target=\"_blank\"><strong>Sube<\/strong><\/a>\u00a0t\u00ecm hi\u1ec3u chi ti\u1ebft h\u01a1n v\u1ec1 n\u1ed3i n\u1ea5u ch\u1eadm Bear 1.5L.<\/p>\n<h2><strong>I. T\u00ecm hi\u1ec3u n\u1ed3i n\u1ea5u ch\u1eadm Bear 1.5L SUBE003 b\u1ea3n ti\u1ebfng Vi\u1ec7t<\/strong><\/h2>\n<p>N\u1ed3i n\u1ea5u ch\u1eadm Bear 1.5L \u0111\u01b0\u1ee3c trang b\u1ecb nhi\u1ec1u t\u00ednh n\u0103ng, c\u00f4ng d\u1ee5ng v\u01b0\u1ee3t tr\u1ed9i v\u1edbi phi\u00ean b\u1ea3n ti\u1ebfng Vi\u1ec7t \u0111\u00e3 nh\u1eadn \u0111\u01b0\u1ee3c s\u1ef1 s\u0103n \u0111\u00f3n nhi\u1ec7t t\u00ecnh c\u1ee7a ng\u01b0\u1eddi ti\u00eau d\u00f9ng.<\/p>\n<h3>1. Th\u00f4ng s\u1ed1 k\u1ef9 thu\u1eadt c\u1ee7a n\u1ed3i n\u1ea5u ch\u1eadm Bear 1.5L<\/h3>\n<figure class=\"image align-center\"><img loading=\"lazy\" decoding=\"async\" src=\"https:\/\/demo9.thuythu.vn\/sube\/wp-content\/uploads\/2024\/12\/noi-nau-cham-bear-15_1689046764_mTnlmY.png\" alt=\"Th\u00f4ng s\u1ed1 k\u1ef9 thu\u1eadt n\u1ed3i n\u1ea5u ch\u1eadm Bear 1.5L\" width=\"800\" height=\"800\" \/><figcaption>Th\u00f4ng s\u1ed1 k\u1ef9 thu\u1eadt n\u1ed3i n\u1ea5u ch\u1eadm Bear 1.5L<\/figcaption><\/figure>\n<ul>\n<li aria-level=\"1\">M\u00e3 s\u1ea3n ph\u1ea9m: SB-NNC15.<\/li>\n<li aria-level=\"1\">H\u00e3ng s\u1ea3n xu\u1ea5t: Bear.<\/li>\n<li aria-level=\"1\">Ch\u1ea5t li\u1ec7u: S\u1ee9, th\u1ee7y tinh.<\/li>\n<li aria-level=\"1\">Dung t\u00edch: 1.5 l\u00edt.<\/li>\n<li aria-level=\"1\">Tr\u1ecdng l\u01b0\u1ee3ng: 1.7kg.<\/li>\n<li aria-level=\"1\">C\u00f4ng su\u1ea5t \u0111\u1ecbnh m\u1ee9c: 120W.<\/li>\n<li aria-level=\"1\">\u0110i\u1ec7n \u00e1p \u0111\u1ecbnh m\u1ee9c: 220V ~ 50Hz.<\/li>\n<li aria-level=\"1\">K\u00edch th\u01b0\u1edbc: 245 x 215 x 204mm.<\/li>\n<li aria-level=\"1\">Xu\u1ea5t x\u1ee9: Trung Qu\u1ed1c.<\/li>\n<li aria-level=\"1\">B\u1ea3o h\u00e0nh: 18 th\u00e1ng.<\/li>\n<\/ul>\n<h3>2. Ch\u1ee9c n\u0103ng n\u1ed3i n\u1ea5u ch\u1eadm Bear 1.5L b\u1ea3n ti\u1ebfng Vi\u1ec7t<\/h3>\n<p>N\u1ed3i n\u1ea5u ch\u1eadm Bear 1.5L SB-NNC15 ho\u1ea1t \u0111\u1ed9ng d\u1ef1a theo nguy\u00ean l\u00fd l\u00e0m ch\u00edn th\u1ee9c \u0103n \u1edf m\u1ee9c nhi\u1ec7t th\u1ea5p v\u00e0 trong th\u1eddi gian d\u00e0i. Vi\u1ec7c n\u00e0y gi\u00fap b\u1ea3o \u0111\u1ea3m h\u01b0\u01a1ng v\u1ecb c\u1ee7a m\u00f3n \u0103n v\u00e0 gi\u1eef tr\u1ecdn v\u1eb9n nh\u1eefng d\u01b0\u1ee1ng ch\u1ea5t b\u00ean trong. \u0110\u1eb7c bi\u1ec7t, chi\u1ebfc n\u1ed3i n\u00e0y c\u00f2n \u0111\u01b0\u1ee3c t\u00edch h\u1ee3p nhi\u1ec1u ch\u1ee9c n\u0103ng \u0111\u1ec3 b\u1ea1n s\u1eed d\u1ee5ng nh\u01b0:<\/p>\n<ul>\n<li aria-level=\"1\">Ch\u00e1o dinh d\u01b0\u1ee1ng<\/li>\n<li aria-level=\"1\">N\u1ea5u ch\u00e8<\/li>\n<li aria-level=\"1\">H\u1ea7m<\/li>\n<li aria-level=\"1\">Ch\u00e1o tr\u1eafng<\/li>\n<li aria-level=\"1\">Ch\u00e1o ng\u0169 c\u1ed1c<\/li>\n<li aria-level=\"1\">Gi\u1eef nhi\u1ec7t<\/li>\n<\/ul>\n<h3>3. C\u00f4ng d\u1ee5ng c\u1ee7a n\u1ed3i n\u1ea5u ch\u00e1o ch\u1eadm Bear 1.5L<\/h3>\n<figure class=\"image align-center\"><img loading=\"lazy\" decoding=\"async\" src=\"https:\/\/demo9.thuythu.vn\/sube\/wp-content\/uploads\/2024\/12\/noi-nau-cham-bear-15_1689046810_zns9xI.png\" alt=\"C\u00f4ng d\u1ee5ng c\u1ee7a n\u1ed3i n\u1ea5u ch\u1eadm Bear 1.5L\" width=\"800\" height=\"800\" \/><figcaption>C\u00f4ng d\u1ee5ng c\u1ee7a n\u1ed3i n\u1ea5u ch\u1eadm Bear 1.5L<\/figcaption><\/figure>\n<p>S\u1edf h\u1eefu chi\u1ebfc n\u1ed3i n\u1ea5u ch\u1eadm Bear 1.5L, b\u1ea1n s\u1ebd c\u00f3 \u0111\u01b0\u1ee3c nh\u1eefng tr\u1ea3i nghi\u1ec7m tuy\u1ec7t v\u1eddi, ti\u1ec7n l\u1ee3i khi v\u00e0o b\u1ebfp. V\u1edbi \u0111a d\u1ea1ng ch\u1ee9c n\u0103ng n\u1ea5u, vi\u1ec7c \u0111a d\u1ea1ng th\u1ef1c \u0111\u01a1n cho gia \u0111\u00ecnh tr\u1edf n\u00ean \u0111\u01a1n gi\u1ea3n h\u01a1n bao gi\u1edd h\u1ebft.<\/p>\n<ul>\n<li aria-level=\"1\">Ch\u00e1o dinh d\u01b0\u1ee1ng:\u00a0B\u1ea1n c\u00f3 th\u1ec3 n\u1ea5u ch\u00e1o qua \u0111\u00eam v\u00f4 c\u00f9ng ti\u1ec7n l\u1ee3i m\u00e0 kh\u00f4ng c\u1ea7n lo l\u1eafng v\u1ec1 vi\u1ec7c m\u00f3n \u0103n b\u1ecb ch\u00e1y, kh\u00ea. B\u1ea1n c\u00f3 th\u1ec3 s\u1eed d\u1ee5ng\u00a0<strong><a href=\"https:\/\/sube.vn\/may-xay-bot-kho-bear-fsj-a03d1s-quoc-te-5.html\" target=\"_blank\" rel=\"follow noopener nofollow\">m\u00e1y xay gia v\u1ecb<\/a><\/strong>\u00a0\u0111\u1ec3 gi\u00fap m\u00f3n ch\u00e1o th\u00eam ph\u1ea7n th\u01a1m ngon, h\u1ea5p d\u1eabn<\/li>\n<\/ul>\n<ul>\n<li aria-level=\"1\">H\u1ea7m:\u00a0Nh\u1edd vi\u1ec7c h\u1ea7m th\u1ef1c ph\u1ea9m \u1edf nhi\u1ec7t \u0111\u1ed9 duy tr\u00ec m\u1ee9c c\u1eadn s\u00f4i trong th\u1eddi gian d\u00e0i gi\u00fap ninh nh\u1eeb hi\u1ec7u qu\u1ea3 nh\u01b0ng ch\u1ea5t dinh d\u01b0\u1ee1ng, vitamin c\u1ee7a nguy\u00ean li\u1ec7u kh\u00f4ng b\u1ecb ph\u00e2n h\u1ee7y ho\u1eb7c bi\u1ebfn ch\u1ea5t.<\/li>\n<\/ul>\n<ul>\n<li aria-level=\"1\">N\u1ea5u ch\u00e8:\u00a0Ch\u1ebf \u0111\u1ed9 n\u1ea5u ch\u00e8 tr\u00ean n\u1ed3i n\u1ea5u ch\u1eadm Bear 1.5L kh\u00f4ng ch\u1ec9 c\u00f3 \u0111\u1ed9 an to\u00e0n cao m\u00e0 c\u00f2n gi\u1eef \u0111\u01b0\u1ee3c h\u01b0\u01a1ng v\u1ecb th\u01a1m ngon, h\u1ea5p d\u1eabn.<\/li>\n<\/ul>\n<ul>\n<li aria-level=\"1\">Ch\u00e1o tr\u1eafng:\u00a0Ch\u00e1o tr\u1eafng khi n\u1ea5u b\u1eb1ng n\u1ed3i n\u1ea5u ch\u1eadm Bear s\u1ebd tr\u1edf n\u00ean s\u00e1ng m\u1ecbn, gi\u1eef \u0111\u01b0\u1ee3c v\u1ecb ng\u1ecdt c\u1ee7a t\u1eebng h\u1ea1t g\u1ea1o.<\/li>\n<\/ul>\n<ul>\n<li aria-level=\"1\">Ch\u00e1o ng\u0169 c\u1ed1c:\u00a0Ch\u1ee9c n\u0103ng n\u1ea5u ch\u00e1o ng\u0169 c\u1ed1c c\u1ee7a n\u1ed3i n\u1ea5u ch\u1eadm v\u1eeba gi\u00fap b\u1ea1n \u0111\u1ea3m b\u1ea3o d\u01b0\u1ee1ng ch\u1ea5t, v\u1eeba gi\u00fap ti\u1ebft ki\u1ec7m \u0111\u01b0\u1ee3c th\u1eddi gian v\u00e0 c\u00f4ng s\u1ee9c.<\/li>\n<\/ul>\n<ul>\n<li aria-level=\"1\">Gi\u1eef nhi\u1ec7t:\u00a0Sau qu\u00e1 tr\u00ecnh n\u1ea5u, n\u1ed3i s\u1ebd t\u1ef1 \u0111\u1ed9ng chuy\u1ec3n v\u1ec1 ch\u1ebf \u0111\u1ed9 gi\u1eef nhi\u1ec7t. Ngay c\u1ea3 khi b\u1ea1n ng\u1eaft ngu\u1ed3n \u0111i\u1ec7n, n\u1ed3i n\u1ea5u ch\u1eadm Bear 1.5L v\u1eabn c\u00f3 th\u1ec3 gi\u1eef nhi\u1ec7t l\u00ean t\u1edbi 9.5 ti\u1ebfng.<\/li>\n<\/ul>\n<h3>4. \u01afu \u0111i\u1ec3m n\u1ed5i b\u1eadt c\u1ee7a n\u1ed3i n\u1ea5u ch\u1eadm Bear 1.5L<\/h3>\n<ul>\n<li aria-level=\"1\">L\u00e0m n\u00f3ng nhanh ch\u00f3ng:\u00a0Th\u1ed1 s\u1ee9 tr\u1eafng v\u1edbi t\u00ednh gi\u1eef nhi\u1ec7t v\u00e0 d\u1eabn nhi\u1ec7t t\u1ed1t k\u1ebft h\u1ee3p c\u01a1 ch\u1ebf t\u1ea3n nhi\u1ec7t 360 \u0111\u1ed9 gi\u00fap l\u00e0m nguy\u00ean li\u1ec7u b\u00ean trong \u0111\u01b0\u1ee3c l\u00e0m n\u00f3ng \u0111\u1ec1u.<\/li>\n<\/ul>\n<ul>\n<li aria-level=\"1\">\u0110a d\u1ea1ng ch\u1ebf \u0111\u1ed9 n\u1ea5u:\u00a0N\u1ed3i n\u1ea5u ch\u1eadm Bear 1.5L \u0111\u01b0\u1ee3c t\u00edch h\u1ee3p 6 ch\u1ebf \u0111\u1ed9 n\u1ea5u \u0111\u1ec3 b\u1ea1n t\u00f9y ch\u1ec9nh theo nhu c\u1ea7u s\u1eed d\u1ee5ng, n\u1ea5u n\u01b0\u1edbng \u0111\u1ed1i v\u1edbi t\u1eebng lo\u1ea1i th\u1ef1c ph\u1ea9m.<\/li>\n<\/ul>\n<ul>\n<li aria-level=\"1\">H\u1eb9n gi\u1edd n\u1ea5u ti\u1ec7n l\u1ee3i:\u00a0Kh\u1ea3 n\u0103ng h\u1eb9n gi\u1edd l\u00ean t\u1edbi 9.5 ti\u1ebfng gi\u00fap ng\u01b0\u1eddi d\u00f9ng c\u00f3 th\u1ec3 linh ho\u1ea1t h\u01a1n. B\u1ea1n s\u1ebd kh\u00f4ng c\u00f2n c\u1ea7n ph\u1ea3i th\u1ee9c khuya, d\u1eady s\u1edbm \u0111\u1ec3 chu\u1ea9n b\u1ecb m\u00f3n \u0103n cho c\u1ea3 gia \u0111\u00ecnh.<\/li>\n<\/ul>\n<ul>\n<li aria-level=\"1\">B\u1ea3o \u0111\u1ea3m d\u01b0\u1ee1ng ch\u1ea5t:\u00a0Nh\u1edd nguy\u00ean l\u00fd n\u1ea5u ch\u1eadm, c\u1ea5u tr\u00fac Pectin c\u1ee7a nguy\u00ean li\u1ec7u s\u1ebd kh\u00f4ng b\u1ecb ph\u00e1 v\u1ee1 hay x\u1ea3y ra ph\u1ea3n \u1ee9ng, bi\u1ebfn ch\u1ea5t do nhi\u1ec7t \u0111\u1ed9.<\/li>\n<\/ul>\n<ul>\n<li aria-level=\"1\">Ch\u1ee9c n\u0103ng \u0111\u01b0\u1ee3c ho\u00e0n thi\u1ec7n:\u00a0Thi\u1ebft b\u1ecb\u00a0n\u00e0y s\u1edf h\u1eefu thi\u1ebft k\u1ebf th\u00f4ng minh v\u1edbi nhi\u1ec1u t\u00ednh n\u0103ng an to\u00e0n nh\u01b0 thi\u1ebft k\u1ebf ch\u1ed1ng tr\u00e0n, tay c\u1ea7m ch\u1ed1ng b\u1ecfng, th\u00e2n n\u1ed3i t\u00e1ch nhi\u1ec7t, t\u1ef1 \u0111\u1ed9ng ng\u1eaft khi c\u1ea1n n\u01b0\u1edbc, kh\u00f4ng ho\u1ea1t \u0111\u1ed9ng khi \u0111\u1eb7t sai v\u1ecb tr\u00ed linh ki\u1ec7n.<\/li>\n<\/ul>\n<ul>\n<li aria-level=\"1\">Gi\u00e1 th\u00e0nh kh\u00f4ng \u0111\u1ed5i:\u00a0Tuy \u0111\u01b0\u1ee3c n\u00e2ng c\u1ea5p, c\u1ea3i thi\u1ec7n v\u1ec1 c\u1ea3 ki\u1ec3u d\u00e1ng v\u00e0 t\u00ednh n\u0103ng nh\u01b0ng gi\u00e1 c\u1ee7a n\u1ed3i n\u1ea5u ch\u1eadm Bear 1.5L b\u1ea3n ti\u1ebfng Vi\u1ec7t lu\u00f4n \u0111\u01b0\u1ee3c gi\u1eef nguy\u00ean. Khi mua h\u00e0ng, b\u1ea1n s\u1ebd \u0111\u01b0\u1ee3c gi\u1ea3m gi\u00e1 ch\u1ec9 c\u00f2n 599.000 VN\u0110 (Ti\u1ebft ki\u1ec7m 24%).<\/li>\n<\/ul>\n<figure class=\"image align-center\"><img loading=\"lazy\" decoding=\"async\" src=\"https:\/\/demo9.thuythu.vn\/sube\/wp-content\/uploads\/2024\/12\/noi-nau-cham-bear-15_1689046856_oHKQBd.png\" alt=\"\u01afu \u0111i\u1ec3m n\u1ed5i b\u1eadt c\u1ee7a n\u1ed3i n\u1ea5u ch\u1eadm Bear 1.5L\" width=\"800\" height=\"800\" \/><figcaption>\u01afu \u0111i\u1ec3m n\u1ed5i b\u1eadt c\u1ee7a n\u1ed3i n\u1ea5u ch\u1eadm Bear 1.5L<\/figcaption><\/figure>\n<h2><strong>II. B\u1ed9 ph\u1ee5 ki\u1ec7n n\u1ed3i n\u1ea5u ch\u1eadm Bear 1.5L b\u1ea3n ti\u1ebfng Vi\u1ec7t g\u1ed3m nh\u1eefng g\u00ec?<\/strong><\/h2>\n<p>Khi mua n\u1ed3i n\u1ea5u ch\u1eadm Bear 1.5L b\u1ea3n ti\u1ebfng Vi\u1ec7t, b\u1ea1n s\u1ebd c\u00f2n \u0111\u01b0\u1ee3c k\u00e8m theo b\u1ed9 ph\u1ee5 ki\u1ec7n gi\u00fap \u0111\u00e1p \u1ee9ng m\u1ecdi nhu c\u1ea7u s\u1eed d\u1ee5ng.<\/p>\n<ul>\n<li aria-level=\"1\">1 th\u00e2n m\u00e1y.<\/li>\n<li aria-level=\"1\">1 n\u1eafp \u0111\u1eady th\u1ee7y tinh.<\/li>\n<li aria-level=\"1\">1 n\u1ed3i s\u1ee9 tr\u1eafng 1.5 l\u00edt.<\/li>\n<li aria-level=\"1\">1 s\u00e1ch h\u01b0\u1edbng d\u1eabn s\u1eed d\u1ee5ng ti\u1ebfng Vi\u1ec7t.<\/li>\n<\/ul>\n<h2><strong>III. H\u01b0\u1edbng d\u1eabn s\u1eed d\u1ee5ng n\u1ed3i n\u1ea5u ch\u1eadm Bear 1.5L b\u1ea3n ti\u1ebfng Vi\u1ec7t<br \/>\n<\/strong><\/h2>\n<figure class=\"image align-center\"><img loading=\"lazy\" decoding=\"async\" src=\"https:\/\/demo9.thuythu.vn\/sube\/wp-content\/uploads\/2024\/12\/noi-nau-cham-bear-15_1689046916_HJpWDU.png\" alt=\"H\u01b0\u1edbng d\u1eabn s\u1eed d\u1ee5ng n\u1ed3i n\u1ea5u ch\u1eadm Bear 1.5L\" width=\"800\" height=\"800\" \/><figcaption><strong>H\u01b0\u1edbng d\u1eabn s\u1eed d\u1ee5ng n\u1ed3i n\u1ea5u ch\u1eadm Bear 1.5L<\/strong><\/figcaption><\/figure>\n<p>\u0110\u1ec3 gi\u00fap qu\u00e1 tr\u00ecnh ch\u1ebf bi\u1ebfn c\u1ee7a b\u1ea1n \u0111\u01a1n gi\u1ea3n, ti\u1ec7n l\u1ee3i h\u01a1n h\u00e3y c\u00f9ng theo d\u00f5i\u00a0<a href=\"https:\/\/bearvietnam.vn\/cach-su-dung-noi-nau-chao-cham-bear\/\" rel=\"nofollow noopener\" target=\"_blank\"><strong>c\u00e1ch s\u1eed d\u1ee5ng n\u1ed3i n\u1ea5u ch\u00e1o ch\u1eadm Bear<\/strong><\/a>\u00a0chi ti\u1ebft ngay sau \u0111\u00e2y:<\/p>\n<p><strong>Trong l\u1ea7n s\u1eed d\u1ee5ng \u0111\u1ea7u ti\u00ean<\/strong><\/p>\n<p>\u0110\u1ed1i v\u1edbi t\u1ea5t c\u1ea3\u00a0<strong><a href=\"https:\/\/sube.vn\/noi-nau-cham-08l-bear-sube001-ban-quoc-te-535.html\" target=\"_blank\" rel=\"follow noopener nofollow\">n\u1ed3i h\u1ea7m Bear<\/a><\/strong>, b\u1ea1n \u0111\u1ec1u c\u1ea7n ki\u1ec3m tra nh\u00e3n k\u1ef9 l\u01b0\u1ee1ng \u0111\u1ec3 n\u1eafm r\u00f5 th\u00f4ng s\u1ed1 c\u1ee7a s\u1ea3n ph\u1ea9m.<\/p>\n<p>Trong l\u1ea7n \u0111\u1ea7u s\u1eed d\u1ee5ng, b\u1ea1n n\u00ean r\u1eeda s\u1ea1ch n\u1ed3i v\u00e0 n\u1eafp tr\u00ean v\u1edbi n\u01b0\u1edbc r\u1eeda ch\u00e9n v\u00e0 n\u01b0\u1edbc s\u1ea1ch.<\/p>\n<p><strong>Chu\u1ea9n b\u1ecb th\u1ee9c \u0103n v\u00e0 thi\u1ebft l\u1eadp ch\u1ee9c n\u0103ng n\u1ea5u ph\u00f9 h\u1ee3p<\/strong><\/p>\n<p>Khi b\u1eadt ngu\u1ed3n, m\u00e0n h\u00ecnh s\u1ebd s\u00e1ng l\u00ean v\u00e0 \u0111\u00e8n OFF \u1edf tr\u1ea1ng th\u00e1i ch\u1edd \u0111\u01b0\u1ee3c hi\u1ec3n th\u1ecb.<\/p>\n<p>Nh\u1ea5n ph\u00edm \u201cH\u1eb9n gi\u1edd\u201d \u0111\u1ec3 c\u00e0i \u0111\u1eb7t th\u1eddi gian h\u1eb9n. Khi n\u00e0y, \u0111\u00e8n b\u00e1o s\u1ebd nh\u1ea5p nh\u00e1y v\u00e0 th\u1eddi gian m\u1eb7c \u0111\u1ecbnh c\u00e0i l\u00e0 2 ti\u1ebfng. \u0110\u1ec3 \u0111i\u1ec1u ch\u1ec9nh, b\u1ea1n ch\u1ec9 c\u1ea7n nh\u1ea5n ph\u00edm \u201c+\u201d ho\u1eb7c \u201c-\u201d.<\/p>\n<p>S\u1eed d\u1ee5ng ph\u00edm \u201cCh\u1ee9c n\u0103ng\/ h\u1ee7y\u201d \u0111\u1ec3 c\u00e0i \u0111\u1eb7t ch\u1ee9c n\u0103ng. Khi n\u00e0y, \u0111\u00e8n b\u00e1o ch\u1ee9c n\u0103ng s\u1ebd nh\u1ea5p nh\u00e1y v\u00e0 hi\u1ec3n th\u1ecb th\u1eddi gian m\u1eb7c \u0111\u1ecbnh, b\u1ea1n c\u00f3 th\u1ec3 t\u1ef1 t\u00f9y ch\u1ec9nh theo nhu c\u1ea7u c\u00e1 nh\u00e2n.<\/p>\n<p>Sau khi ho\u00e0n th\u00e0nh c\u00e0i \u0111\u1eb7t ch\u1ee9c n\u0103ng, h\u1ec7 th\u1ed1ng s\u1ebd c\u00f3 \u00e2m b\u00e1o v\u00e0 n\u1ed3i t\u1ef1 \u0111\u1ed9ng chuy\u1ec3n sang ch\u1ebf \u0111\u1ed9 gi\u1eef nhi\u1ec7t.<\/p>\n<p>N\u1ebfu b\u1ea1n kh\u00f4ng c\u00f3 thao t\u00e1c n\u00e0o, qu\u00e1 tr\u00ecnh gi\u1eef nhi\u1ec7t t\u1ef1 \u0111\u1ed9ng s\u1ebd d\u1eebng sau 8 gi\u1edd v\u00e0 chuy\u1ec3n v\u1ec1 tr\u1ea1ng th\u00e1i OFF.<\/p>\n<p>Sau khi n\u1ed3i v\u00e0o ch\u1ebf \u0111\u1ed9 ho\u1ea1t \u0111\u1ed9ng, nh\u1ea5n ph\u00edm h\u1ee7y \u0111\u1ec3 h\u1ee7y c\u00f4ng vi\u1ec7c hi\u1ec7n t\u1ea1i v\u00e0 quay l\u1ea1i ch\u1ebf \u0111\u1ed9 ch\u1edd.<\/p>\n<p><strong>C\u00e1c ch\u1ee9c n\u0103ng kh\u00e1c<\/strong><\/p>\n<p>Ch\u1ebf \u0111\u1ed9 t\u1ea1m d\u1eebng: \u00c2m c\u1ea3nh b\u00e1o s\u1ebd ph\u00e1t ra, m\u00e0n h\u00ecnh s\u00e1ng v\u00e0 \u0111\u00e8n hi\u1ec3n th\u1ecb s\u1ebd xu\u1ea5t hi\u1ec7n OFF, \u0111\u00e8n b\u00e1o \u0111\u01b0\u1ee3c t\u1eaft.<\/p>\n<figure class=\"image align-center\"><img loading=\"lazy\" decoding=\"async\" src=\"https:\/\/demo9.thuythu.vn\/sube\/wp-content\/uploads\/2024\/12\/noi-nau-cham-bear-15_1689046980_X6Y9Kx.png\" alt=\"Ch\u1ee9c n\u0103ng h\u1eb9n gi\u1edd n\u1ed3i n\u1ea5u ch\u1eadm Bear 1.5L\" width=\"800\" height=\"800\" \/><figcaption><strong>Ch\u1ee9c n\u0103ng h\u1eb9n gi\u1edd n\u1ed3i n\u1ea5u ch\u1eadm Bear 1.5L<\/strong><\/figcaption><\/figure>\n<p>H\u1eb9n gi\u1edd 1:<\/p>\n<ul>\n<li aria-level=\"1\">\u1ede ch\u1ebf \u0111\u1ed9 ch\u1edd, ch\u1ecdn ph\u00edm h\u1eb9n gi\u1edd. Khi n\u00e0y \u0111\u00e8n b\u00e1o nh\u1ea5p nh\u00e1y v\u00e0 th\u1eddi gian m\u1eb7c \u0111\u1ecbnh l\u00e0 2 gi\u1edd.<\/li>\n<li aria-level=\"1\">\u0110\u1ec3 t\u00f9y ch\u1ec9nh th\u1eddi gian, b\u1ea1n ch\u1ec9 c\u1ea7n s\u1eed d\u1ee5ng ph\u00edm \u201c+\u201d ho\u1eb7c \u201c-\u201d r\u1ed3i nh\u1ea5n \u201cCh\u1ee9c n\u0103ng\/ h\u1ee7y\u201d \u0111\u1ec3 ch\u1ecdn ch\u1ee9c n\u0103ng.<\/li>\n<li aria-level=\"1\">\u0110\u00e8n d\u1ef1 tr\u1eef s\u00e1ng li\u00ean t\u1ee5c, \u0111\u00e8n b\u00e1o ch\u1ee9c n\u0103ng \u0111\u00e3 ch\u1ecdn s\u1ebd nh\u1ea5p nh\u00e1y. \u0110\u1ee3i 5 gi\u00e2y, th\u1eddi gian h\u1eb9n gi\u1edd c\u1ee7a n\u1ed3i hi\u1ec3n th\u1ecb.<\/li>\n<li aria-level=\"1\">N\u1ebfu b\u1ea1n kh\u00f4ng ch\u1ecdn ch\u1ee9c n\u0103ng, ch\u1ebf \u0111\u1ed9 h\u1eb9n gi\u1edd s\u1ebd t\u1ef1 \u0111\u1ed9ng h\u1ee7y v\u00e0 n\u1ed3i chuy\u1ec3n v\u1ec1 ch\u1ebf \u0111\u1ed9 ch\u1edd.<\/li>\n<\/ul>\n<p>H\u1eb9n gi\u1edd 2:<\/p>\n<ul>\n<li aria-level=\"1\">Ch\u1ee9c n\u0103ng \u0111\u00e3 \u0111\u01b0\u1ee3c ch\u1ecdn v\u00e0 \u0111\u00e8n b\u00e1o nh\u1ea5p nh\u00e1y. L\u00fac n\u00e0y, b\u1ea1n nh\u1ea5n ph\u00edm h\u1eb9n gi\u1edd v\u00e0 \u0111\u00e8n b\u00e1o s\u1ebd nh\u1ea5p nh\u00e1y v\u1edbi m\u1ee9c m\u1eb7c \u0111\u1ecbnh 2 gi\u1edd.<\/li>\n<li aria-level=\"1\">S\u1eed d\u1ee5ng ph\u00edm \u201c+\u201d ho\u1eb7c \u201c-\u201d \u0111\u1ec3 \u0111i\u1ec1u ch\u1ec9nh v\u00e0 \u0111\u1ee3i 5 gi\u00e2y tr\u01b0\u1edbc khi n\u1ed3i kh\u1edfi \u0111\u1ed9ng ch\u1ee9c n\u0103ng h\u1eb9n gi\u1edd. Th\u1eddi gian s\u1ebd \u0111\u01b0\u1ee3c hi\u1ec3n th\u1ecb theo th\u1eddi gian th\u1ef1c.<\/li>\n<\/ul>\n<p>H\u1ee7y ch\u1ee9c n\u0103ng h\u1eb9n gi\u1edd:<\/p>\n<ul>\n<li aria-level=\"1\">\u0110\u00e8n \u0111\u1eb7t tr\u01b0\u1edbc nh\u1ea5p nh\u00e1y, s\u1eed d\u1ee5ng ph\u00edm H\u1eb9n gi\u1edd \u0111\u1ec3 h\u1ee7y b\u1ecf v\u00e0 \u0111\u00e8n h\u1eb9n gi\u1edd s\u1ebd t\u1eaft.<\/li>\n<li aria-level=\"1\">Khi \u0111\u00e8n h\u1eb9n gi\u1edd lu\u00f4n s\u00e1ng, thi\u1ebft b\u1ecb \u0111\u00e3 \u0111i v\u00e0o ho\u1ea1t \u0111\u1ed9ng, nh\u1ea5n n\u00fat \u201cCh\u1ee9c n\u0103ng\/ h\u1ee7y\u201d \u0111\u1ec3 h\u1ee7y v\u00e0 \u0111\u00e8n h\u1eb9n gi\u1edd s\u1ebd t\u1eaft.<\/li>\n<\/ul>\n<h2><strong>IV. C\u00e1c l\u1ed7i th\u01b0\u1eddng g\u1eb7p v\u00e0 h\u01b0\u1edbng d\u1eabn kh\u1eafc ph\u1ee5c l\u1ed7i c\u1ee7a n\u1ed3i n\u1ea5u ch\u00e1o ch\u1eadm 1.5L\u00a0<\/strong><\/h2>\n<p>Tuy nhi\u00ean, trong qu\u00e1 tr\u00ecnh s\u1eed d\u1ee5ng n\u1ed3i n\u1ea5u ch\u1eadm Bear 1.5L, nhi\u1ec1u ng\u01b0\u1eddi d\u00f9ng c\u00f3 ph\u1ea3n h\u1ed3i v\u1ec1 m\u1ed9t s\u1ed1 l\u1ed7i. H\u00e3y c\u00f9ng t\u00ecm hi\u1ec3u v\u1ec1 nguy\u00ean nh\u00e2n c\u0169ng nh\u01b0 c\u00e1ch kh\u1eafc ph\u1ee5c.<\/p>\n<figure class=\"image align-center\"><img loading=\"lazy\" decoding=\"async\" src=\"https:\/\/demo9.thuythu.vn\/sube\/wp-content\/uploads\/2024\/12\/noi-nau-cham-bear-15_1689047097_wGHatq.png\" alt=\"N\u1ed3i n\u1ea5u ch\u1eadm Bear 1.5L\" width=\"800\" height=\"800\" \/><figcaption><strong>N\u1ed3i n\u1ea5u ch\u1eadm Bear 1.5L<\/strong><\/figcaption><\/figure>\n<p><strong>N\u1ed3i n\u1ea5u ch\u1eadm Bear b\u00e1o l\u1ed7i E0<\/strong><\/p>\n<p>Nguy\u00ean nh\u00e2n:<\/p>\n<ul>\n<li aria-level=\"1\">N\u1ed3i h\u1ebft n\u01b0\u1edbc, kh\u00f4ng \u0111\u01b0\u1ee3c b\u1ed5 sung \u0111\u1ee7 l\u01b0\u1ee3ng n\u01b0\u1edbc.<\/li>\n<li aria-level=\"1\">Ph\u1ea7n ru\u1ed9t n\u1ed3i b\u1ecb \u0111\u1eb7t sai v\u1ecb tr\u00ed.<\/li>\n<li aria-level=\"1\">Thanh gia nhi\u1ec7t sau qu\u00e1 tr\u00ecnh s\u1eed d\u1ee5ng l\u00e2u ng\u00e0y b\u1ecb b\u00e1m b\u1ea9n.<\/li>\n<\/ul>\n<p>Gi\u1ea3i ph\u00e1p:<\/p>\n<ul>\n<li aria-level=\"1\">\u0110\u1ec3 kh\u1eafc ph\u1ee5c l\u1ed7i\u00a0<a href=\"https:\/\/bearvietnam.vn\/noi-nau-chao-cham-bear-bao-loi-e0\/\" rel=\"nofollow noopener\" target=\"_blank\"><strong>n\u1ed3i n\u1ea5u ch\u1eadm Bear b\u00e1o l\u1ed7i E0<\/strong><\/a>, b\u1ea1n h\u00e3y b\u1ed5 sung l\u01b0\u1ee3ng n\u01b0\u1edbc ph\u00f9 h\u1ee3p nh\u01b0ng l\u01b0u \u00fd kh\u00f4ng cho n\u01b0\u1edbc qu\u00e1 v\u1ea1ch MAX.<\/li>\n<li aria-level=\"1\">Ki\u1ec3m tra l\u1ea1i v\u1ecb tr\u00ed \u0111\u1eb7t c\u1ee7a ph\u1ea7n ru\u1ed9t n\u1ed3i.<\/li>\n<li aria-level=\"1\">S\u1eed d\u1ee5ng gi\u1ea5m tr\u1eafng \u0111\u1ec3 v\u1ec7 sinh thanh gia nhi\u1ec7t.<\/li>\n<\/ul>\n<p><strong>N\u1ed3i b\u1ecb ch\u1eadp \u0111i\u1ec7n, qu\u00e1 t\u1ea3i<\/strong><\/p>\n<p>Nguy\u00ean nh\u00e2n:<\/p>\n<ul>\n<li aria-level=\"1\">S\u1eed d\u1ee5ng li\u00ean t\u1ee5c trong th\u1eddi gian d\u00e0i.<\/li>\n<li aria-level=\"1\">D\u00e2y \u0111i\u1ec7n b\u1ecb chu\u1ed9t c\u1eafn m\u00f2n.<\/li>\n<\/ul>\n<p>Gi\u1ea3i ph\u00e1p:<\/p>\n<ul>\n<li aria-level=\"1\">\u0110\u1ec3 n\u1ed3i ngh\u1ec9 \u00edt nh\u1ea5t t\u1eeb 30 &#8211; 60 ph\u00fat r\u1ed3i m\u1edbi ti\u1ebfp t\u1ee5c s\u1eed d\u1ee5ng ch\u1ebf bi\u1ebfn m\u00f3n \u0103n kh\u00e1c.<\/li>\n<li aria-level=\"1\">C\u1ea5t g\u1ecdn d\u00e2y \u0111i\u1ec7n \u0111\u1ec3 tr\u00e1nh c\u00e1c lo\u00e0i g\u1eb7m nh\u1ea5m.<\/li>\n<\/ul>\n<p><strong>Th\u1ee9c \u0103n kh\u00f4ng ch\u00edn<\/strong><\/p>\n<p>Nguy\u00ean nh\u00e2n:<\/p>\n<ul>\n<li aria-level=\"1\">S\u1eed d\u1ee5ng ch\u1ebf \u0111\u1ed9 n\u1ea5u kh\u00f4ng \u0111\u00fang.<\/li>\n<li aria-level=\"1\">Ngu\u1ed3n \u0111i\u1ec7n \u0111ang s\u1eed d\u1ee5ng th\u1ea5p h\u01a1n \u0111i\u1ec7n \u00e1p \u0111\u1ecbnh m\u1ee9c d\u1eabn t\u1edbi vi\u1ec7c n\u1ed3i kh\u00f4ng ho\u1ea1t \u0111\u1ed9ng \u0111\u00fang c\u00f4ng su\u1ea5t.<\/li>\n<\/ul>\n<p>Gi\u1ea3i ph\u00e1p:<\/p>\n<ul>\n<li aria-level=\"1\">\u0110\u1ecdc k\u1ef9 h\u01b0\u1edbng d\u1eabn s\u1eed d\u1ee5ng \u0111\u1ec3 l\u1ef1a ch\u1ecdn ch\u1ebf \u0111\u1ed9 v\u00e0 c\u00e1ch n\u1ea5u ph\u00f9 h\u1ee3p nh\u1ea5t cho t\u1eebng lo\u1ea1i nguy\u00ean li\u1ec7u.<\/li>\n<li aria-level=\"1\">S\u1eed d\u1ee5ng chuy\u1ec3n \u00e1p th\u00edch h\u1ee3p v\u1edbi s\u1ea3n ph\u1ea9m.<\/li>\n<\/ul>\n<h2><strong>V. M\u1ed9t s\u1ed1 l\u01b0u \u00fd khi s\u1eed d\u1ee5ng<\/strong><\/h2>\n<p>\u0110\u1ec3 s\u1eed d\u1ee5ng n\u1ed3i n\u1ea5u ch\u1eadm Bear 1.5L hi\u1ec7u qu\u1ea3, \u0111em l\u1ea1i th\u00e0nh ph\u1ea9m th\u01a1m ngon, gi\u00e0u d\u01b0\u1ee1ng ch\u1ea5t, b\u1ea1n s\u1ebd c\u1ea7n th\u00eam m\u1ed9t s\u1ed1 l\u01b0u \u00fd.<\/p>\n<ul>\n<li aria-level=\"1\">C\u1ea7n ki\u1ec3m tra \u0111i\u1ec7n \u00e1p \u0111\u1ecbnh m\u1ee9c c\u1ee7a s\u1ea3n ph\u1ea9m v\u00e0 ngu\u1ed3n \u0111i\u1ec7n \u00e1p m\u00e0 b\u1ea1n \u0111ang s\u1eed d\u1ee5ng \u0111\u1ec3 \u0111\u1ea3m b\u1ea3o an to\u00e0n, ph\u00f2ng ch\u1ed1ng ch\u00e1y n\u1ed5.<\/li>\n<li aria-level=\"1\">N\u00ean \u0111\u1eb7t thi\u1ebft b\u1ecb l\u00ean tr\u00ean b\u1ec1 m\u1eb7t b\u1eb1ng ph\u1eb3ng, ch\u1eafc ch\u1eafn v\u00e0 \u0111\u1eb7c bi\u1ec7t tr\u00e1nh xa t\u1ea7m tay c\u1ee7a tr\u1ebb nh\u1ecf.<\/li>\n<li aria-level=\"1\">H\u1ea1n ch\u1ebf t\u00e1c \u0111\u1ed9ng l\u1ef1c qu\u00e1 m\u1ea1nh v\u00e0o b\u1ea3ng \u0111i\u1ec1u khi\u1ec3n khi thao t\u00e1c ch\u1ecdn ch\u1ebf \u0111\u1ed9, th\u1eddi gian n\u1ea5u.<\/li>\n<li aria-level=\"1\">Khi n\u1ed3i \u0111ang ho\u1ea1t \u0111\u1ed9ng s\u1ebd c\u00f3 h\u01a1i n\u01b0\u1edbc tho\u00e1t ra \u1edf l\u1ed7 th\u00f4ng h\u01a1i. B\u1ea1n c\u1ea7n ch\u00fa \u00fd kh\u00f4ng ch\u1ea1m v\u00e0o v\u1ecb tr\u00ed n\u00e0y, tr\u00e1nh g\u00e2y ra hi\u1ec7n t\u01b0\u1ee3ng b\u1ecfng da.<\/li>\n<li aria-level=\"1\">Sau khi n\u1ea5u ch\u00edn nguy\u00ean li\u1ec7u s\u1ebd c\u00f3 m\u1ed9t l\u01b0\u1ee3ng h\u01a1i n\u01b0\u1edbc \u0111\u1ecdng l\u1ea1i. V\u00ec v\u1eady, b\u1ea1n kh\u00f4ng n\u00ean m\u1edf n\u1eafp ngay l\u1eadp t\u1ee9c m\u00e0 h\u00e3y ch\u1edd t\u1eeb 5 t\u1edbi 7 ph\u00fat.<\/li>\n<li aria-level=\"1\">C\u1ea7n v\u1ec7 sinh s\u1ea1ch s\u1ebd \u0111\u1ec3 c\u00e1c ch\u1ea5t l\u1ecfng kh\u00f4ng ch\u1ea3y v\u00e0o th\u00e2n m\u00e1y, c\u00f3 th\u1ec3 d\u1eabn t\u1edbi ch\u00e1y n\u1ed5, ch\u1eadp m\u1ea1ch.<\/li>\n<li aria-level=\"1\">Khi cho n\u01b0\u1edbc v\u00e0o th\u1ed1 s\u1ee9 b\u1ea1n ch\u1ec9 n\u00ean cho \u1edf m\u1ee9c 80% \u0111\u1ec3 \u0111\u1ea3m b\u1ea3o an to\u00e0n, tr\u00e1nh vi\u1ec7c n\u01b0\u1edbc tr\u00e0o ra trong qu\u00e1 tr\u00ecnh \u0111un n\u1ea5u.<\/li>\n<\/ul>\n<p>B\u00e0i vi\u1ebft tr\u00ean \u0111\u00e3 chia s\u1ebb t\u1edbi b\u1ea1n th\u00f4ng tin v\u1ec1 th\u00f4ng s\u1ed1 k\u1ef9 thu\u1eadt, c\u00f4ng d\u1ee5ng, c\u00e1ch s\u1eed d\u1ee5ng c\u1ee7a chi\u1ebfc n\u1ed3i n\u1ea5u ch\u1eadm Bear 1.5L. V\u1edbi tr\u1ee3 th\u1ee7 \u0111\u1eafc l\u1ef1c n\u00e0y, b\u1ea1n s\u1ebd d\u1ec5 d\u00e0ng \u0111a d\u1ea1ng \u0111\u01b0\u1ee3c nh\u1eefng m\u00f3n ngon h\u1ea5p d\u1eabn m\u00e0 kh\u00f4ng t\u1ed1n qu\u00e1 nhi\u1ec1u th\u1eddi gian, c\u00f4ng s\u1ee9c.<\/p>\n","protected":false},"excerpt":{"rendered":"<p>Phi\u00ean b\u1ea3n ti\u1ebfng Vi\u1ec7t ch\u00ednh h\u00e3ng gi\u00fap ng\u01b0\u1eddi d\u00f9ng thao t\u00e1c thu\u1eadn ti\u1ec7n, \u0111\u01a1n gi\u1ea3n h\u01a1n. Thi\u1ebft k\u1ebf, ki\u1ec3u d\u00e1ng v\u00e0 m\u00e0u s\u1eafc cao c\u1ea5p, sang tr\u1ecdng, t\u1ec9 m\u1ec9 \u0111\u1ebfn t\u1eebng chi ti\u1ebft. S\u1eed d\u1ee5ng nhi\u1ec7t l\u01b0\u1ee3ng \u0111\u1ec3 n\u1ea5u ch\u00edn t\u1eeb t\u1eeb, gi\u1eef tr\u1ecdn d\u01b0\u1ee1ng ch\u1ea5t c\u1ee7a th\u1ef1c ph\u1ea9m. Dung t\u00edch 1.5L ph\u00f9 h\u1ee3p cho [&#8230;]\n","protected":false},"featured_media":2317,"comment_status":"open","ping_status":"closed","template":"","meta":{"_acf_changed":false,"inline_featured_image":false},"product_cat":[83,15],"product_tag":[],"class_list":{"0":"post-2310","1":"product","2":"type-product","3":"status-publish","4":"has-post-thumbnail","6":"product-brand-bear","7":"product_cat-noi-nau-cham-bear","8":"product_cat-noi-nau-cham","10":"first","11":"instock","12":"sale","13":"purchasable","14":"product-type-variable","15":"has-default-attributes"},"acf":[],"_links":{"self":[{"href":"https:\/\/demo9.thuythu.vn\/sube\/wp-json\/wp\/v2\/product\/2310"}],"collection":[{"href":"https:\/\/demo9.thuythu.vn\/sube\/wp-json\/wp\/v2\/product"}],"about":[{"href":"https:\/\/demo9.thuythu.vn\/sube\/wp-json\/wp\/v2\/types\/product"}],"replies":[{"embeddable":true,"href":"https:\/\/demo9.thuythu.vn\/sube\/wp-json\/wp\/v2\/comments?post=2310"}],"wp:featuredmedia":[{"embeddable":true,"href":"https:\/\/demo9.thuythu.vn\/sube\/wp-json\/wp\/v2\/media\/2317"}],"wp:attachment":[{"href":"https:\/\/demo9.thuythu.vn\/sube\/wp-json\/wp\/v2\/media?parent=2310"}],"wp:term":[{"taxonomy":"product_cat","embeddable":true,"href":"https:\/\/demo9.thuythu.vn\/sube\/wp-json\/wp\/v2\/product_cat?post=2310"},{"taxonomy":"product_tag","embeddable":true,"href":"https:\/\/demo9.thuythu.vn\/sube\/wp-json\/wp\/v2\/product_tag?post=2310"}],"curies":[{"name":"wp","href":"https:\/\/api.w.org\/{rel}","templated":true}]}}