{"id":2302,"date":"2024-12-15T03:21:38","date_gmt":"2024-12-14T20:21:38","guid":{"rendered":"https:\/\/demo9.thuythu.vn\/sube\/ch\u01b0a%20ph\u00e2n%20lo\u1ea1i\/noi-lau-da-nang-bear-drg-c12k1-grey\/"},"modified":"2024-12-18T10:13:52","modified_gmt":"2024-12-18T03:13:52","slug":"noi-lau-da-nang-bear-drg-c12k1-grey","status":"publish","type":"product","link":"https:\/\/demo9.thuythu.vn\/sube\/noi-dien-da-nang\/bear\/1-2l-drg-c12k1.html","title":{"rendered":"N\u1ed3i l\u1ea9u \u0111a n\u0103ng Bear DRG-C12K1 &#8211; Grey"},"content":{"rendered":"<p><b>N\u1ed3i \u0111i\u1ec7n \u0111a n\u0103ng Bear 1.2L DRG-C12K1<\/b><span style=\"font-weight: 400;\"> ch\u00ednh l\u00e0 gi\u1ea3i ph\u00e1p &#8220;all-in-one&#8221; cho ng\u01b0\u1eddi s\u1ed1ng m\u1ed9t m\u00ecnh v\u00e0 gia \u0111\u00ecnh nh\u1ecf 1-2 ng\u01b0\u1eddi. Dung t\u00edch 1.2L mini c\u1ef1c k\u1ef3 ti\u1ec7n l\u1ee3i, gi\u00fap b\u1ea1n n\u1ea5u \u0111a d\u1ea1ng c\u00e1c m\u00f3n \u0103n ch\u1ec9 v\u1edbi m\u1ed9t chi\u1ebfc n\u1ed3i. C\u00f9ng n\u1ed3i DRG-C12K1 th\u1ecfa s\u1ee9c s\u00e1ng t\u1ea1o nh\u1eefng b\u1eefa \u0103n ngon m\u1ed7i ng\u00e0y! T\u00ecm hi\u1ec3u th\u00eam ngay.<\/span><\/p>\n<h2><b>4 c\u00f4ng d\u1ee5ng n\u1ea5u n\u01b0\u1edbng \u0111a d\u1ea1ng c\u1ee7a n\u1ed3i \u0111i\u1ec7n \u0111a n\u0103ng Bear 1.2L DRG-C12K1<\/b><\/h2>\n<p><span style=\"font-weight: 400;\">\u0110\u1eebng \u0111\u1ec3 k\u00edch th\u01b0\u1edbc nh\u1ecf b\u00e9 \u0111\u00e1nh l\u1eeba, n\u1ed3i \u0111i\u1ec7n \u0111a n\u0103ng Bear DRG-C12K1 s\u1edf h\u1eefu \u0111\u1ebfn 4 ch\u1ee9c n\u0103ng n\u1ea5u n\u01b0\u1edbng: n\u1ea5u l\u1ea9u\/m\u00ec, chi\u00ean\/x\u00e0o, h\u1ea5p v\u00e0 ninh\/h\u1ea7m. Ch\u1ec9 v\u1edbi m\u1ed9t chi\u1ebfc n\u1ed3i, b\u1ea1n c\u00f3 th\u1ec3 ch\u1ebf bi\u1ebfn \u0111a d\u1ea1ng c\u00e1c m\u00f3n \u0103n, t\u1eeb m\u00f3n n\u01b0\u1edbc \u0111\u1ebfn m\u00f3n kh\u00f4, \u0111\u00e1p \u1ee9ng nhu c\u1ea7u \u1ea9m th\u1ef1c h\u00e0ng ng\u00e0y.<\/span><\/p>\n<table>\n<tbody>\n<tr>\n<td><b>C\u00f4ng d\u1ee5ng<\/b><\/td>\n<td><b>M\u1ee9c nhi\u1ec7t s\u1eed d\u1ee5ng<\/b><\/td>\n<td><b>L\u1ee3i \u00edch<\/b><\/td>\n<\/tr>\n<tr>\n<td><span style=\"font-weight: 400;\">N\u1ea5u l\u1ea9u, n\u1ea5u m\u00ec<\/span><\/td>\n<td><span style=\"font-weight: 400;\">M\u1ee9c 2<\/span><\/td>\n<td><span style=\"font-weight: 400;\">N\u01b0\u1edbc s\u00f4i nhanh ch\u00f3ng ch\u1ec9 trong v\u00e0i ph\u00fat, gi\u00fap b\u1ea1n th\u01b0\u1edfng th\u1ee9c m\u00f3n \u0103n ngay t\u1ee9c th\u00ec.<\/span><\/td>\n<\/tr>\n<tr>\n<td><span style=\"font-weight: 400;\">Chi\u00ean x\u00e0o<\/span><\/td>\n<td><span style=\"font-weight: 400;\">M\u1ee9c 2<\/span><\/td>\n<td><span style=\"font-weight: 400;\">L\u00f2ng n\u1ed3i ch\u1ed1ng d\u00ednh cao c\u1ea5p, tho\u1ea3i m\u00e1i chi\u00ean x\u00e0o v\u1edbi \u00edt d\u1ea7u m\u1ee1 m\u00e0 kh\u00f4ng lo d\u00ednh ch\u00e1y.\u00a0<\/span><\/td>\n<\/tr>\n<tr>\n<td><span style=\"font-weight: 400;\">H\u1ea5p<\/span><\/td>\n<td><span style=\"font-weight: 400;\">M\u1ee9c 2<\/span><\/td>\n<td><span style=\"font-weight: 400;\">X\u1eedng h\u1ea5p ti\u1ec7n l\u1ee3i \u0111i k\u00e8m, gi\u00fap b\u1ea1n ch\u1ebf bi\u1ebfn \u0111a d\u1ea1ng c\u00e1c m\u00f3n h\u1ea5p th\u01a1m ngon, b\u1ed5 d\u01b0\u1ee1ng.<\/span><\/td>\n<\/tr>\n<tr>\n<td><span style=\"font-weight: 400;\">Ninh \/ H\u1ea7m<\/span><\/td>\n<td><span style=\"font-weight: 400;\">M\u1ee9c 1<\/span><\/td>\n<td><span style=\"font-weight: 400;\">Ninh h\u1ea7m nh\u1eeb c\u00e1c lo\u1ea1i th\u1ef1c ph\u1ea9m m\u00e0 kh\u00f4ng c\u1ea7n canh ch\u1eebng, ti\u1ebft ki\u1ec7m th\u1eddi gian v\u00e0 c\u00f4ng s\u1ee9c.<\/span><\/td>\n<\/tr>\n<\/tbody>\n<\/table>\n<h2><b>6 \u0111\u1eb7c \u0111i\u1ec3m n\u1ed5i b\u1eadt c\u1ee7a n\u1ed3i \u0111i\u1ec7n \u0111a n\u0103ng Bear 1.2L DRG-C12K1<\/b><\/h2>\n<p><span style=\"font-weight: 400;\">Ngo\u00e0i nh\u1eefng t\u00ednh n\u0103ng n\u1ea5u n\u01b0\u1edbng \u0111a d\u1ea1ng, n\u1ed3i \u0111i\u1ec7n \u0111a n\u0103ng Bear 1.2L DRG-C12K1 c\u00f2n s\u1edf h\u1eefu nhi\u1ec1u \u01b0u \u0111i\u1ec3m n\u1ed5i b\u1eadt kh\u00e1c. H\u00e3y c\u00f9ng kh\u00e1m ph\u00e1 6 \u0111\u1eb7c \u0111i\u1ec3m v\u01b0\u1ee3t tr\u1ed9i c\u1ee7a chi\u1ebfc n\u1ed3i c\u00f3 nhi\u1ec1u ti\u1ec7n \u00edch b\u1ea5t ng\u1edd trong k\u00edch th\u01b0\u1edbc nh\u1ecf nh\u1eafn n\u00e0y!<\/span><\/p>\n<h3><b>C\u00f4ng su\u1ea5t 600W, n\u1ea5u ch\u00edn nhanh ch\u00f3ng trong 10 ph\u00fat\u00a0<\/b><\/h3>\n<p><span style=\"font-weight: 400;\">N\u1ed3i \u0111i\u1ec7n \u0111a n\u0103ng Bear DRG-C12K1 c\u00f3 <\/span><b>c\u00f4ng su\u1ea5t 600W<\/b><span style=\"font-weight: 400;\"> m\u1ea1nh m\u1ebd, gi\u00fap r\u00fat ng\u1eafn th\u1eddi gian n\u1ea5u n\u01b0\u1edbng \u0111\u00e1ng k\u1ec3. Ch\u1ec9 m\u1ea5t kho\u1ea3ng <\/span><b>10 ph\u00fat \u0111\u1ec3 \u0111un s\u00f4i 1 l\u00edt n\u01b0\u1edbc<\/b><span style=\"font-weight: 400;\">, r\u1ea5t l\u00fd t\u01b0\u1edfng \u0111\u1ec3 n\u1ea5u m\u00ec, lu\u1ed9c rau hay l\u00e0m n\u00f3ng th\u1ee9c \u0103n nhanh ch\u00f3ng. \u0110\u1eb7c bi\u1ec7t, v\u1edbi 2 m\u1ee9c nhi\u1ec7t \u0111i\u1ec1u ch\u1ec9nh linh ho\u1ea1t, b\u1ea1n c\u00f3 th\u1ec3 d\u1ec5 d\u00e0ng ki\u1ec3m so\u00e1t nhi\u1ec7t \u0111\u1ed9 n\u1ea5u:<\/span><\/p>\n<ul>\n<li style=\"font-weight: 400;\" aria-level=\"1\"><b>M\u1ee9c nhi\u1ec7t cao (M\u1ee9c 2):<\/b><span style=\"font-weight: 400;\"> Ph\u00f9 h\u1ee3p cho c\u00e1c m\u00f3n \u0103n c\u1ea7n n\u1ea5u nhanh nh\u01b0 lu\u1ed9c rau c\u1ee7, n\u1ea5u m\u00ec g\u00f3i, l\u1ea9u, chi\u00ean x\u00e0o&#8230; gi\u00fap th\u1ef1c ph\u1ea9m ch\u00edn nhanh m\u00e0 v\u1eabn gi\u1eef \u0111\u01b0\u1ee3c h\u01b0\u01a1ng v\u1ecb t\u01b0\u01a1i ngon.<\/span><\/li>\n<li style=\"font-weight: 400;\" aria-level=\"1\"><b>M\u1ee9c nhi\u1ec7t th\u1ea5p (M\u1ee9c 1):<\/b><span style=\"font-weight: 400;\"> Ph\u00f9 h\u1ee3p ch\u1ebf bi\u1ebfn c\u00e1c m\u00f3n \u0103n c\u1ea7n th\u1eddi gian ninh n\u1ea5u l\u00e2u nh\u01b0 h\u1ea7m x\u01b0\u01a1ng, n\u1ea5u ch\u00e1o, kho th\u1ecbt&#8230; gi\u00fap th\u1ef1c ph\u1ea9m ch\u00edn m\u1ec1m, th\u1ea5m \u0111\u1ec1u gia v\u1ecb m\u00e0 kh\u00f4ng lo b\u1ecb ch\u00e1y kh\u00e9t.<\/span><\/li>\n<\/ul>\n<h3><b>Dung t\u00edch 1.2L nh\u1ecf g\u1ecdn, ph\u00f9 h\u1ee3p s\u1eed d\u1ee5ng c\u00e1 nh\u00e2n<\/b><\/h3>\n<p><span style=\"font-weight: 400;\">V\u1edbi dung t\u00edch 1.2L, chi\u1ebfc n\u1ed3i n\u00e0y \u0111\u01b0\u1ee3c xem l\u00e0 l\u1ef1a ch\u1ecdn ho\u00e0n h\u1ea3o cho nh\u1eefng ai s\u1ed1ng m\u1ed9t m\u00ecnh, sinh vi\u00ean ho\u1eb7c nh\u1eefng ng\u01b0\u1eddi c\u00f3 nhu c\u1ea7u n\u1ea5u n\u01b0\u1edbng v\u1edbi l\u01b0\u1ee3ng th\u1ee9c \u0103n \u00edt.<\/span><\/p>\n<ul>\n<li style=\"list-style-type: none;\">\n<ul>\n<li style=\"font-weight: 400;\" aria-level=\"1\"><b>N\u1ea5u \u0103n &#8220;v\u1eeba \u0111\u1ee7&#8221;, kh\u00f4ng lo th\u1eeba: <\/b><span style=\"font-weight: 400;\">Dung t\u00edch 1.2L cho ph\u00e9p b\u1ea1n n\u1ea5u m\u1ed9t l\u01b0\u1ee3ng th\u1ee9c \u0103n v\u1eeba \u0111\u1ee7 cho 1-2 ng\u01b0\u1eddi \u0103n, c\u1ee5 th\u1ec3:<\/span>\n<ul>\n<li style=\"font-weight: 400;\" aria-level=\"2\"><span style=\"font-weight: 400;\">200-300g th\u1ecbt: T\u01b0\u01a1ng \u0111\u01b0\u01a1ng v\u1edbi 2-3 mi\u1ebfng th\u1ecbt c\u1ee1 v\u1eeba, \u0111\u1ee7 \u0111\u1ec3 ch\u1ebf bi\u1ebfn c\u00e1c m\u00f3n m\u1eb7n nh\u01b0 th\u1ecbt lu\u1ed9c, th\u1ecbt kho, th\u1ecbt x\u00e0o&#8230;<\/span><\/li>\n<li style=\"font-weight: 400;\" aria-level=\"2\"><span style=\"font-weight: 400;\">100-150g rau c\u1ee7: B\u1ed5 sung ch\u1ea5t x\u01a1 v\u00e0 vitamin cho b\u1eefa \u0103n th\u00eam c\u00e2n b\u1eb1ng.<\/span><\/li>\n<li style=\"font-weight: 400;\" aria-level=\"2\"><span style=\"font-weight: 400;\">800ml n\u01b0\u1edbc d\u00f9ng: Th\u00edch h\u1ee3p \u0111\u1ec3 n\u1ea5u canh, s\u00fap ho\u1eb7c l\u1ea9u cho 1-2 ng\u01b0\u1eddi.<\/span><\/li>\n<\/ul>\n<\/li>\n<\/ul>\n<\/li>\n<\/ul>\n<ul>\n<li aria-level=\"1\"><b>K\u00edch th\u01b0\u1edbc mini, ti\u1ec7n \u00edch maxi, ph\u00f9 h\u1ee3p v\u1edbi m\u1ecdi kh\u00f4ng gian: <\/b><span style=\"font-weight: 400;\">B\u1ea1n c\u00f3 th\u1ec3 d\u1ec5 d\u00e0ng \u0111\u1eb7t n\u1ed3i \u1edf b\u1ea5t k\u1ef3 \u0111\u00e2u trong b\u1ebfp, k\u1ec3 c\u1ea3 nh\u1eefng kh\u00f4ng gian h\u1ea1n ch\u1ebf nh\u01b0 ph\u00f2ng tr\u1ecd sinh vi\u00ean, c\u0103n h\u1ed9 mini&#8230;<\/span><\/li>\n<li aria-level=\"1\"><b>Ti\u1ec7n l\u1ee3i khi di chuy\u1ec3n: <\/b><span style=\"font-weight: 400;\">N\u1ed3i r\u1ea5t nh\u1eb9 v\u00e0 d\u1ec5 d\u00e0ng c\u1ea5t gi\u1eef, b\u1ea1n c\u00f3 th\u1ec3 mang theo khi \u0111i du l\u1ecbch, d\u00e3 ngo\u1ea1i \u0111\u1ec3 lu\u00f4n c\u00f3 nh\u1eefng b\u1eefa \u0103n n\u00f3ng s\u1ed1t, ngon mi\u1ec7ng d\u00f9 \u1edf b\u1ea5t c\u1ee9 \u0111\u00e2u.<\/span><\/li>\n<\/ul>\n<h3><b>\u0110a n\u0103ng c\u00f4ng d\u1ee5ng n\u1ea5u trong chi\u1ebfc n\u1ed3i nh\u1ecf\u00a0<\/b><\/h3>\n<p><span style=\"font-weight: 400;\">Thay v\u00ec ph\u1ea3i mua nhi\u1ec1u lo\u1ea1i n\u1ed3i kh\u00e1c nhau, b\u1ea1n ch\u1ec9 c\u1ea7n s\u1eafm n\u1ed3i Bear DRG-C12K1 l\u00e0 \u0111\u00e3 c\u00f3 th\u1ec3 th\u1ecfa s\u1ee9c s\u00e1ng t\u1ea1o v\u00f4 v\u00e0n m\u00f3n ngon, t\u1eeb l\u1ea9u, h\u1ea5p, chi\u00ean, x\u00e0o \u0111\u1ebfn ninh, h\u1ea7m.<\/span><\/p>\n<ul>\n<li style=\"font-weight: 400;\" aria-level=\"1\"><b>2 m\u1ee9c nhi\u1ec7t \u0111\u1ed9 linh ho\u1ea1t:<\/b><span style=\"font-weight: 400;\"> \u0110\u00e1p \u1ee9ng m\u1ecdi nhu c\u1ea7u n\u1ea5u n\u01b0\u1edbng, t\u1eeb m\u00f3n \u0103n nhanh \u0111\u1ebfn m\u00f3n ninh h\u1ea7m c\u1ea7u k\u1ef3.<\/span><\/li>\n<li style=\"font-weight: 400;\" aria-level=\"1\"><b>X\u1eedng h\u1ea5p ti\u1ec7n l\u1ee3i:<\/b><span style=\"font-weight: 400;\"> Gi\u00fap b\u1ea1n ch\u1ebf bi\u1ebfn c\u00e1c m\u00f3n h\u1ea5p th\u01a1m ngon, b\u1ed5 d\u01b0\u1ee1ng.<\/span><\/li>\n<li style=\"font-weight: 400;\" aria-level=\"1\"><b>L\u00f2ng n\u1ed3i ch\u1ed1ng d\u00ednh:<\/b><span style=\"font-weight: 400;\"> Cho m\u00f3n chi\u00ean x\u00e0o \u00edt d\u1ea7u m\u1ee1, d\u1ec5 d\u00e0ng v\u1ec7 sinh.<\/span><\/li>\n<\/ul>\n<p><span style=\"font-weight: 400;\">N\u1ed3i \u0111i\u1ec7n \u0111a n\u0103ng Bear DRG-C12K1 kh\u00f4ng ch\u1ec9 gi\u00fap b\u1ea1n ti\u1ebft ki\u1ec7m chi ph\u00ed, kh\u00f4ng gian m\u00e0 c\u00f2n mang \u0111\u1ebfn s\u1ef1 ti\u1ec7n l\u1ee3i v\u00e0 an to\u00e0n trong qu\u00e1 tr\u00ecnh s\u1eed d\u1ee5ng. \u0110\u00e2y ch\u1eafc ch\u1eafn l\u00e0 &#8220;ng\u01b0\u1eddi b\u1ea1n \u0111\u1ed3ng h\u00e0nh&#8221; l\u00fd t\u01b0\u1edfng cho cu\u1ed9c s\u1ed1ng c\u1ee7a sinh vi\u00ean c\u0169ng nh\u01b0 ng\u01b0\u1eddi s\u1ed1ng m\u1ed9t m\u00ecnh!<\/span><\/p>\n<h3><b>N\u1ed3i l\u00e0m t\u1eeb ch\u1ea5t li\u1ec7u Inox 304 an to\u00e0n cho s\u1ee9c kh\u1ecfe\u00a0<\/b><\/h3>\n<p><span style=\"font-weight: 400;\">N\u1ed3i \u0111i\u1ec7n \u0111a n\u0103ng Bear 1.2L DRG-C12K1 \u0111\u01b0\u1ee3c l\u00e0m t\u1eeb ch\u1ea5t li\u1ec7u Inox 304, m\u1ed9t lo\u1ea1i th\u00e9p kh\u00f4ng g\u1ec9 cao c\u1ea5p \u0111\u01b0\u1ee3c \u01b0a chu\u1ed9ng trong s\u1ea3n xu\u1ea5t d\u1ee5ng c\u1ee5 nh\u00e0 b\u1ebfp. Ch\u1ea5t li\u1ec7u inox 304 \u0111\u1eb7c bi\u1ec7t v\u1edbi nh\u1eefng \u01b0u \u0111i\u1ec3m sau \u0111\u00e2y.<\/span><\/p>\n<ul>\n<li style=\"font-weight: 400;\" aria-level=\"1\"><b>&#8220;L\u00e1 ch\u1eafn th\u00e9p&#8221; b\u1ea3o v\u1ec7 s\u1ee9c kh\u1ecfe:<\/b><span style=\"font-weight: 400;\"> Inox 304 \u0111\u1ea1t ch\u1ee9ng nh\u1eadn an to\u00e0n cho th\u1ef1c ph\u1ea9m c\u1ee7a FDA (C\u1ee5c Qu\u1ea3n l\u00fd Th\u1ef1c ph\u1ea9m v\u00e0 D\u01b0\u1ee3c ph\u1ea9m Hoa K\u1ef3). \u0110i\u1ec1u n\u00e0y c\u00f3 ngh\u0129a l\u00e0 n\u1ed3i <\/span><b>kh\u00f4ng ch\u1ee9a c\u00e1c ch\u1ea5t \u0111\u1ed9c h\u1ea1i<\/b><span style=\"font-weight: 400;\"> nh\u01b0 BPA, phthalates hay ch\u00ec, \u0111\u1ea3m b\u1ea3o kh\u00f4ng th\u00f4i nhi\u1ec5m c\u00e1c ch\u1ea5t n\u00e0y v\u00e0o th\u1ee9c \u0103n, g\u00e2y \u1ea3nh h\u01b0\u1edfng \u0111\u1ebfn s\u1ee9c kh\u1ecfe c\u1ee7a b\u1ea1n.<\/span><\/li>\n<li style=\"font-weight: 400;\" aria-level=\"1\"><b>Ch\u1ed1ng oxy h\u00f3a v\u00e0 \u0103n m\u00f2n:<\/b><span style=\"font-weight: 400;\"> Inox 304 l\u00e0 ch\u1ea5t li\u1ec7u c\u00f3 \u0111\u1ed9 b\u1ec1n cao. D\u00f9 ti\u1ebfp x\u00fac th\u01b0\u1eddng xuy\u00ean v\u1edbi nhi\u1ec7t \u0111\u1ed9 cao, n\u01b0\u1edbc, mu\u1ed1i, axit trong th\u1ef1c ph\u1ea9m, n\u1ed3i v\u1eabn lu\u00f4n s\u00e1ng b\u00f3ng, kh\u00f4ng b\u1ecb g\u1ec9 s\u00e9t, k\u00e9o d\u00e0i tu\u1ed5i th\u1ecd s\u1eed d\u1ee5ng.<\/span><\/li>\n<li style=\"font-weight: 400;\" aria-level=\"1\"><b>V\u1ec7 sinh d\u1ec5 d\u00e0ng, ng\u0103n ng\u1eeba vi khu\u1ea9n:<\/b><span style=\"font-weight: 400;\"> L\u00f2ng n\u1ed3i \u0111\u01b0\u1ee3c ph\u1ee7 l\u1edbp ch\u1ed1ng d\u00ednh ch\u1ea5t l\u01b0\u1ee3ng cao, th\u1ee9c \u0103n kh\u00f4ng b\u1ecb b\u00e1m d\u00ednh, h\u1ea1n ch\u1ebf s\u1ef1 t\u00edch t\u1ee5 c\u1ee7a vi khu\u1ea9n v\u00e0 n\u1ea5m m\u1ed1c, \u0111\u1ea3m b\u1ea3o an to\u00e0n v\u1ec7 sinh.<\/span><\/li>\n<\/ul>\n<h3><b>\u0110\u1ea3m b\u1ea3o an to\u00e0n khi s\u1eed d\u1ee5ng<\/b><\/h3>\n<p><span style=\"font-weight: 400;\">B\u00ean c\u1ea1nh thi\u1ebft k\u1ebf nh\u1ecf g\u1ecdn v\u00e0 ti\u1ec7n d\u1ee5ng, n\u1ed3i \u0111i\u1ec7n \u0111a n\u0103ng Bear 1.2L DRG-C12K1 c\u00f2n ghi \u0111i\u1ec3m v\u1edbi ng\u01b0\u1eddi d\u00f9ng b\u1edfi s\u1ef1 an to\u00e0n.<\/span><\/p>\n<ul>\n<li aria-level=\"1\"><b>Tay c\u1ea7m c\u00e1ch nhi\u1ec7t: <\/b><span style=\"font-weight: 400;\">B\u1ea1n tho\u1ea3i m\u00e1i c\u1ea7m n\u1eafm, kh\u00f4ng lo b\u1ecfng khi di chuy\u1ec3n n\u1ed3i ngay c\u1ea3 khi \u0111ang \u1edf nhi\u1ec7t \u0111\u1ed9 cao:<\/span><\/li>\n<li style=\"font-weight: 400;\" aria-level=\"1\"><b>Ch\u1ee9c n\u0103ng ch\u1ed1ng ch\u00e1y kh\u00f4: <\/b><span style=\"font-weight: 400;\">Khi n\u01b0\u1edbc trong n\u1ed3i c\u1ea1n h\u1ebft ho\u1eb7c nhi\u1ec7t \u0111\u1ed9 t\u0103ng qu\u00e1 cao, n\u1ed3i s\u1ebd t\u1ef1 \u0111\u1ed9ng ng\u1eaft \u0111i\u1ec7n, ng\u0103n ng\u1eeba nguy c\u01a1 ch\u00e1y n\u1ed5, \u0111\u1ea3m b\u1ea3o an to\u00e0n cho b\u1ea1n v\u00e0 ng\u00f4i nh\u00e0 c\u1ee7a b\u1ea1n.<\/span><\/li>\n<\/ul>\n<h3><b>Thi\u1ebft k\u1ebf ti\u1ec7n l\u1ee3i khi s\u1eed d\u1ee5ng\u00a0<\/b><\/h3>\n<p><span style=\"font-weight: 400;\">N\u1ed3i \u0111i\u1ec7n \u0111a n\u0103ng Bear 1.2L DRG-C12K1 kh\u00f4ng ch\u1ec9 chinh ph\u1ee5c ng\u01b0\u1eddi d\u00f9ng b\u1edfi t\u00ednh n\u0103ng \u0111a d\u1ea1ng m\u00e0 c\u00f2n b\u1edfi thi\u1ebft k\u1ebf th\u00f4ng minh, ti\u1ec7n l\u1ee3i trong t\u1eebng chi ti\u1ebft, mang \u0111\u1ebfn tr\u1ea3i nghi\u1ec7m n\u1ea5u n\u01b0\u1edbng tho\u1ea3i m\u00e1i v\u00e0 d\u1ec5 d\u00e0ng.<\/span><\/p>\n<ul>\n<li aria-level=\"1\"><b>D\u00e2y ngu\u1ed3n th\u00e1o r\u1eddi: <\/b><span style=\"font-weight: 400;\">Tho\u1ea3i m\u00e1i di chuy\u1ec3n n\u1ed3i \u0111\u1ebfn m\u1ecdi n\u01a1i m\u00e0 kh\u00f4ng lo v\u01b0\u1edbng v\u00edu. Sau khi d\u00f9ng xong, ch\u1ec9 c\u1ea7n th\u00e1o d\u00e2y v\u00e0 c\u1ea5t g\u1ecdn n\u1ed3i, ti\u1ebft ki\u1ec7m kh\u00f4ng gian b\u1ebfp t\u1ed1i \u0111a.<\/span><\/li>\n<li aria-level=\"1\"><b>N\u1eafp k\u00ednh trong su\u1ed1t:<\/b><span style=\"font-weight: 400;\"> Cho ph\u00e9p b\u1ea1n quan s\u00e1t qu\u00e1 tr\u00ecnh n\u1ea5u n\u01b0\u1edbng m\u1ed9t c\u00e1ch d\u1ec5 d\u00e0ng. B\u1ea1n c\u00f3 th\u1ec3 ki\u1ec3m tra xem th\u1ee9c \u0103n \u0111\u00e3 ch\u00edn ch\u01b0a, n\u01b0\u1edbc \u0111\u00e3 s\u00f4i ch\u01b0a m\u00e0 kh\u00f4ng c\u1ea7n ph\u1ea3i m\u1edf n\u1eafp n\u1ed3i, gi\u00fap gi\u1eef nhi\u1ec7t v\u00e0 h\u01b0\u01a1ng v\u1ecb m\u00f3n \u0103n t\u1ed1t h\u01a1n.\u00a0<\/span><\/li>\n<\/ul>\n<h2><b>\u0110\u00e1nh gi\u00e1 n\u1ed3i \u0111i\u1ec7n \u0111a n\u0103ng Bear 1.2L DRG-C12K1 t\u1eeb ng\u01b0\u1eddi d\u00f9ng<\/b><\/h2>\n<p><span style=\"font-weight: 400;\">&#8220;N\u1ed3i nh\u1ecf m\u00e0 c\u00f3 v\u00f5&#8221; l\u00e0 nh\u1eadn x\u00e9t chung c\u1ee7a \u0111a s\u1ed1 ng\u01b0\u1eddi d\u00f9ng v\u1ec1 n\u1ed3i \u0111i\u1ec7n \u0111a n\u0103ng Bear 1.2L DRG-C12K1. C\u00f9ng xem ng\u01b0\u1eddi d\u00f9ng th\u1ef1c t\u1ebf n\u00f3i g\u00ec v\u1ec1 chi\u1ebfc n\u1ed3i ti\u1ec7n l\u1ee3i n\u00e0y sau m\u1ed9t th\u1eddi gian tr\u1ea3i nghi\u1ec7m.<\/span><\/p>\n<h2><b>H\u01b0\u1edbng d\u1eabn s\u1eed d\u1ee5ng n\u1ed3i \u0111i\u1ec7n \u0111a n\u0103ng Bear 1.2L DRG-C12K1<\/b><\/h2>\n<p><span style=\"font-weight: 400;\">N\u1ed3i \u0111i\u1ec7n \u0111a n\u0103ng Bear 1.2L DRG-C12K1 \u0111\u01b0\u1ee3c thi\u1ebft k\u1ebf v\u1edbi ti\u00eau ch\u00ed \u0111\u01a1n gi\u1ea3n v\u00e0 d\u1ec5 s\u1eed d\u1ee5ng, ph\u00f9 h\u1ee3p v\u1edbi c\u1ea3 nh\u1eefng ng\u01b0\u1eddi m\u1edbi b\u1eaft \u0111\u1ea7u l\u00e0m quen v\u1edbi vi\u1ec7c n\u1ea5u n\u01b0\u1edbng. Ch\u1ec9 v\u1edbi 3 b\u01b0\u1edbc c\u01a1 b\u1ea3n, b\u1ea1n \u0111\u00e3 c\u00f3 th\u1ec3 ch\u1ebf bi\u1ebfn nh\u1eefng m\u00f3n \u0103n th\u01a1m ngon, n\u00f3ng h\u1ed5i.<\/span><\/p>\n<ul>\n<li style=\"font-weight: 400;\" aria-level=\"1\"><b>B\u01b0\u1edbc 1: <\/b><span style=\"font-weight: 400;\">Tr\u01b0\u1edbc ti\u00ean, h\u00e3y s\u01a1 ch\u1ebf v\u00e0 chu\u1ea9n b\u1ecb c\u00e1c nguy\u00ean li\u1ec7u c\u1ea7n thi\u1ebft cho m\u00f3n \u0103n c\u1ee7a b\u1ea1n.\u00a0<\/span><\/li>\n<li style=\"font-weight: 400;\" aria-level=\"1\"><b>B\u01b0\u1edbc 2: <\/b><span style=\"font-weight: 400;\">C\u1eafm d\u00e2y ngu\u1ed3n v\u00e0o \u1ed5 \u0111i\u1ec7n, sau \u0111\u00f3 v\u1eb7n n\u00fat \u0111i\u1ec1u ch\u1ec9nh \u0111\u1ec3 ch\u1ecdn m\u1ee9c nhi\u1ec7t ph\u00f9 h\u1ee3p v\u1edbi m\u00f3n \u0103n.\u00a0<\/span><\/li>\n<li style=\"font-weight: 400;\" aria-level=\"1\"><b>B\u01b0\u1edbc 3: <\/b><span style=\"font-weight: 400;\">Sau khi th\u1ee9c \u0103n \u0111\u00e3 ch\u00edn, b\u1ea1n c\u00f3 th\u1ec3 th\u01b0\u1edfng th\u1ee9c tr\u1ef1c ti\u1ebfp t\u1eeb n\u1ed3i ho\u1eb7c m\u00fac ra b\u00e1t.\u00a0<\/span><\/li>\n<\/ul>\n<p><b>M\u1eb9o cho ng\u01b0\u1eddi m\u1edbi b\u1eaft \u0111\u1ea7u:<\/b><\/p>\n<ul>\n<li style=\"font-weight: 400;\" aria-level=\"1\"><b>Kh\u1eed tr\u00f9ng:<\/b><span style=\"font-weight: 400;\"> Tr\u01b0\u1edbc khi d\u00f9ng l\u1ea7n \u0111\u1ea7u, v\u1ec7 sinh n\u1ed3i v\u00e0 \u0111un s\u00f4i n\u01b0\u1edbc 1-2 l\u1ea7n \u0111\u1ec3 kh\u1eed tr\u00f9ng, lo\u1ea1i b\u1ecf b\u1ee5i b\u1ea9n, m\u00f9i h\u00f4i.<\/span><\/li>\n<li style=\"font-weight: 400;\" aria-level=\"1\"><b>Ch\u1ecdn nhi\u1ec7t \u0111\u1ed9:<\/b><span style=\"font-weight: 400;\"> Nhi\u1ec7t \u0111\u1ed9 2 cho m\u00f3n n\u1ea5u nhanh, nhi\u1ec7t \u0111\u1ed9 1 cho m\u00f3n ninh h\u1ea7m.<\/span><\/li>\n<li style=\"font-weight: 400;\" aria-level=\"1\"><b>V\u1ec7 sinh:<\/b><span style=\"font-weight: 400;\"> V\u1ec7 sinh n\u1ed3i sau m\u1ed7i l\u1ea7n s\u1eed d\u1ee5ng b\u1eb1ng b\u1ecdt bi\u1ec3n m\u1ec1m v\u00e0 n\u01b0\u1edbc r\u1eeda ch\u00e9n.<\/span><\/li>\n<\/ul>\n<h1><b>K\u1ebft b\u00e0i:\u00a0<\/b><\/h1>\n<p><span style=\"font-weight: 400;\">V\u1edbi nh\u1eefng t\u00ednh n\u0103ng \u01b0u vi\u1ec7t c\u00f9ng thi\u1ebft k\u1ebf th\u00f4ng minh, <\/span><b>n\u1ed3i \u0111i\u1ec7n \u0111a n\u0103ng Bear 1.2L DRG-C12K1<\/b><span style=\"font-weight: 400;\"> x\u1ee9ng \u0111\u00e1ng l\u00e0 &#8220;tr\u1ee3 th\u1ee7&#8221; \u0111\u1eafc l\u1ef1c cho nh\u1eefng ai y\u00eau th\u00edch n\u1ea5u n\u01b0\u1edbng m\u00e0 kh\u00f4ng c\u00f3 nhi\u1ec1u th\u1eddi gian. \u0110\u1eebng ch\u1ea7n ch\u1edd n\u1eefa, h\u00e3y s\u1edf h\u1eefu ngay chi\u1ebfc n\u1ed3i \u0111a n\u0103ng n\u00e0y t\u1ea1i SUBE \u0111\u1ec3 nh\u1eadn \u0111\u01b0\u1ee3c ch\u1ebf \u0111\u1ed9 b\u1ea3o h\u00e0nh 18 th\u00e1ng, h\u1ed7 tr\u1ee3 24\/7, \u0111\u1ed5i tr\u1ea3 trong 30 ng\u00e0y v\u00e0 giao h\u00e0ng nhanh ch\u00f3ng tr\u00ean to\u00e0n qu\u1ed1c!<\/span><\/p>\n","protected":false},"excerpt":{"rendered":"<p>N\u1ed3i \u0111i\u1ec7n \u0111a n\u0103ng Bear 1.2L DRG-C12K1 ch\u00ednh l\u00e0 gi\u1ea3i ph\u00e1p &#8220;all-in-one&#8221; cho ng\u01b0\u1eddi s\u1ed1ng m\u1ed9t m\u00ecnh v\u00e0 gia \u0111\u00ecnh nh\u1ecf 1-2 ng\u01b0\u1eddi. Dung t\u00edch 1.2L mini c\u1ef1c k\u1ef3 ti\u1ec7n l\u1ee3i, gi\u00fap b\u1ea1n n\u1ea5u \u0111a d\u1ea1ng c\u00e1c m\u00f3n \u0103n ch\u1ec9 v\u1edbi m\u1ed9t chi\u1ebfc n\u1ed3i. C\u00f9ng n\u1ed3i DRG-C12K1 th\u1ecfa s\u1ee9c s\u00e1ng t\u1ea1o nh\u1eefng b\u1eefa \u0103n ngon [&#8230;]\n","protected":false},"featured_media":2303,"comment_status":"open","ping_status":"closed","template":"","meta":{"_acf_changed":false,"inline_featured_image":false},"product_cat":[233,232],"product_tag":[],"class_list":{"0":"post-2302","1":"product","2":"type-product","3":"status-publish","4":"has-post-thumbnail","6":"product-brand-bear","7":"product_cat-noi-dien-da-nang-bear","8":"product_cat-noi-dien-da-nang","10":"first","11":"instock","12":"sale","13":"purchasable","14":"product-type-variable","15":"has-default-attributes"},"acf":[],"_links":{"self":[{"href":"https:\/\/demo9.thuythu.vn\/sube\/wp-json\/wp\/v2\/product\/2302"}],"collection":[{"href":"https:\/\/demo9.thuythu.vn\/sube\/wp-json\/wp\/v2\/product"}],"about":[{"href":"https:\/\/demo9.thuythu.vn\/sube\/wp-json\/wp\/v2\/types\/product"}],"replies":[{"embeddable":true,"href":"https:\/\/demo9.thuythu.vn\/sube\/wp-json\/wp\/v2\/comments?post=2302"}],"wp:featuredmedia":[{"embeddable":true,"href":"https:\/\/demo9.thuythu.vn\/sube\/wp-json\/wp\/v2\/media\/2303"}],"wp:attachment":[{"href":"https:\/\/demo9.thuythu.vn\/sube\/wp-json\/wp\/v2\/media?parent=2302"}],"wp:term":[{"taxonomy":"product_cat","embeddable":true,"href":"https:\/\/demo9.thuythu.vn\/sube\/wp-json\/wp\/v2\/product_cat?post=2302"},{"taxonomy":"product_tag","embeddable":true,"href":"https:\/\/demo9.thuythu.vn\/sube\/wp-json\/wp\/v2\/product_tag?post=2302"}],"curies":[{"name":"wp","href":"https:\/\/api.w.org\/{rel}","templated":true}]}}