{"id":2200,"date":"2024-12-15T03:20:33","date_gmt":"2024-12-14T20:20:33","guid":{"rendered":"https:\/\/demo9.thuythu.vn\/sube\/ch\u01b0a%20ph\u00e2n%20lo\u1ea1i\/may-xay-thuc-pham-bear-qsj-c04r8s\/"},"modified":"2024-12-18T10:08:45","modified_gmt":"2024-12-18T03:08:45","slug":"may-xay-thuc-pham-bear-qsj-c04r8s","status":"publish","type":"product","link":"https:\/\/demo9.thuythu.vn\/sube\/may-xay-bear\/may-xay-thit\/qsj-c04r8s.html","title":{"rendered":"M\u00e1y xay th\u1ef1c ph\u1ea9m Bear QSJ-C04R8S"},"content":{"rendered":"<p><strong>Phi\u00ean b\u1ea3n m\u00e1y xay th\u1ecbt\u00a0Bear QSJ-C04R8 b\u1ea3n qu\u1ed1c t\u1ebf nh\u1eadp kh\u1ea9u ch\u00ednh h\u00e3ng v\u1edbi nhi\u1ec1u t\u00ednh n\u0103ng hi\u1ec7n \u0111\u1ea1i gi\u00fap b\u1ea1n xay th\u1ef1c ph\u1ea9m d\u1ec5 d\u00e0ng h\u01a1n. S\u1ea3n ph\u1ea9m ch\u1ea5t l\u01b0\u1ee3ng cao ph\u00f9 h\u1ee3p v\u1edbi nhi\u1ec1u nhu c\u1ea7u s\u1eed d\u1ee5ng, tr\u1ea3i nghi\u1ec7m ngay! <img decoding=\"async\" src=\"https:\/\/demo9.thuythu.vn\/sube\/wp-content\/uploads\/2024\/12\/1606898203_zRJOpS.jpeg\" \/><img decoding=\"async\" src=\"https:\/\/demo9.thuythu.vn\/sube\/wp-content\/uploads\/2024\/12\/1606898203_4MIzBS.jpeg\" \/><img decoding=\"async\" src=\"https:\/\/demo9.thuythu.vn\/sube\/wp-content\/uploads\/2024\/12\/1606898203_fBz3lj.jpeg\" \/><img decoding=\"async\" src=\"https:\/\/demo9.thuythu.vn\/sube\/wp-content\/uploads\/2024\/12\/1606898203_q8GCGr.jpeg\" \/><img decoding=\"async\" src=\"https:\/\/demo9.thuythu.vn\/sube\/wp-content\/uploads\/2024\/12\/1606898203_3TSJlv.jpeg\" \/><img decoding=\"async\" src=\"https:\/\/demo9.thuythu.vn\/sube\/wp-content\/uploads\/2024\/12\/1606898203_QMVujs.jpeg\" \/><img decoding=\"async\" src=\"https:\/\/demo9.thuythu.vn\/sube\/wp-content\/uploads\/2024\/12\/1606898203_yPrGfB.jpeg\" \/><img decoding=\"async\" src=\"https:\/\/demo9.thuythu.vn\/sube\/wp-content\/uploads\/2024\/12\/1606898203_giS2YS.jpeg\" \/><img decoding=\"async\" src=\"https:\/\/demo9.thuythu.vn\/sube\/wp-content\/uploads\/2024\/12\/1_1606898203_0zJzLO.jpeg\" \/><img decoding=\"async\" src=\"https:\/\/demo9.thuythu.vn\/sube\/wp-content\/uploads\/2024\/12\/1_1606898203_5HXf2W.jpeg\" \/><img decoding=\"async\" src=\"https:\/\/demo9.thuythu.vn\/sube\/wp-content\/uploads\/2024\/12\/1_1606898203_z6Xiqj.jpeg\" \/><img decoding=\"async\" src=\"https:\/\/demo9.thuythu.vn\/sube\/wp-content\/uploads\/2024\/12\/1_1606898203_FiTQin.jpeg\" \/><img decoding=\"async\" src=\"https:\/\/demo9.thuythu.vn\/sube\/wp-content\/uploads\/2024\/12\/1_1606898203_65BRFt.jpeg\" \/><img decoding=\"async\" src=\"https:\/\/demo9.thuythu.vn\/sube\/wp-content\/uploads\/2024\/12\/1_1606898204_igtTh8.jpeg\" \/><img decoding=\"async\" src=\"https:\/\/demo9.thuythu.vn\/sube\/wp-content\/uploads\/2024\/12\/1_1606898204_jrK4Eg.jpeg\" \/><img decoding=\"async\" src=\"https:\/\/demo9.thuythu.vn\/sube\/wp-content\/uploads\/2024\/12\/1_1606898204_BKHLuc.jpeg\" \/><img decoding=\"async\" src=\"https:\/\/demo9.thuythu.vn\/sube\/wp-content\/uploads\/2024\/12\/1_1606898204_nR2dKU.jpeg\" \/><img decoding=\"async\" src=\"https:\/\/demo9.thuythu.vn\/sube\/wp-content\/uploads\/2024\/12\/1_1606898204_ZtLiGC.jpeg\" \/><img decoding=\"async\" src=\"https:\/\/demo9.thuythu.vn\/sube\/wp-content\/uploads\/2024\/12\/2_1606898204_LWiukl.jpeg\" \/><img decoding=\"async\" src=\"https:\/\/demo9.thuythu.vn\/sube\/wp-content\/uploads\/2024\/12\/1606898204_MeK8zv.jpeg\" \/><br \/>\nLi\u00ean h\u1ec7 ngay v\u1edbi bear Vi\u1ec7t Nam \u0111\u1ec3 s\u1edf h\u1eefu m\u00e1y xay th\u1ecbt \u0111a n\u0103ng\u00a0Bear QSJ-C04R8, cam k\u1ebft b\u1ea3o h\u00e0nh 12 th\u00e1ng, l\u1ed7i 1 \u0111\u1ed5i 1 trong v\u00f2ng 3 th\u00e1ng. M\u00e1y xay \u0111a n\u0103ng\u00a0Bear QSJ-C04R8 tr\u1ee3 th\u1ee7 \u0111\u1eafc l\u1ef1c cho c\u0103n b\u1ebfp c\u1ee7a b\u1ea1n.<\/strong><\/p>\n","protected":false},"excerpt":{"rendered":"<p>Phi\u00ean b\u1ea3n m\u00e1y xay th\u1ecbt\u00a0Bear QSJ-C04R8 b\u1ea3n qu\u1ed1c t\u1ebf nh\u1eadp kh\u1ea9u ch\u00ednh h\u00e3ng v\u1edbi nhi\u1ec1u t\u00ednh n\u0103ng hi\u1ec7n \u0111\u1ea1i gi\u00fap b\u1ea1n xay th\u1ef1c ph\u1ea9m d\u1ec5 d\u00e0ng h\u01a1n. S\u1ea3n ph\u1ea9m ch\u1ea5t l\u01b0\u1ee3ng cao ph\u00f9 h\u1ee3p v\u1edbi nhi\u1ec1u nhu c\u1ea7u s\u1eed d\u1ee5ng, tr\u1ea3i nghi\u1ec7m ngay! Li\u00ean h\u1ec7 ngay v\u1edbi bear Vi\u1ec7t Nam \u0111\u1ec3 s\u1edf h\u1eefu m\u00e1y xay [&#8230;]\n","protected":false},"featured_media":2241,"comment_status":"open","ping_status":"closed","template":"","meta":{"_acf_changed":false,"inline_featured_image":false},"product_cat":[229,133],"product_tag":[],"class_list":{"0":"post-2200","1":"product","2":"type-product","3":"status-publish","4":"has-post-thumbnail","6":"product-brand-bear","7":"product_cat-may-xay-thit","8":"product_cat-may-xay-bear","10":"first","11":"outofstock","12":"sale","13":"purchasable","14":"product-type-variable"},"acf":[],"_links":{"self":[{"href":"https:\/\/demo9.thuythu.vn\/sube\/wp-json\/wp\/v2\/product\/2200"}],"collection":[{"href":"https:\/\/demo9.thuythu.vn\/sube\/wp-json\/wp\/v2\/product"}],"about":[{"href":"https:\/\/demo9.thuythu.vn\/sube\/wp-json\/wp\/v2\/types\/product"}],"replies":[{"embeddable":true,"href":"https:\/\/demo9.thuythu.vn\/sube\/wp-json\/wp\/v2\/comments?post=2200"}],"wp:featuredmedia":[{"embeddable":true,"href":"https:\/\/demo9.thuythu.vn\/sube\/wp-json\/wp\/v2\/media\/2241"}],"wp:attachment":[{"href":"https:\/\/demo9.thuythu.vn\/sube\/wp-json\/wp\/v2\/media?parent=2200"}],"wp:term":[{"taxonomy":"product_cat","embeddable":true,"href":"https:\/\/demo9.thuythu.vn\/sube\/wp-json\/wp\/v2\/product_cat?post=2200"},{"taxonomy":"product_tag","embeddable":true,"href":"https:\/\/demo9.thuythu.vn\/sube\/wp-json\/wp\/v2\/product_tag?post=2200"}],"curies":[{"name":"wp","href":"https:\/\/api.w.org\/{rel}","templated":true}]}}