{"id":1978,"date":"2024-12-15T03:16:48","date_gmt":"2024-12-14T20:16:48","guid":{"rendered":"https:\/\/demo9.thuythu.vn\/sube\/ch\u01b0a%20ph\u00e2n%20lo\u1ea1i\/may-tron-bot-5l-bear-dm-b50v1-hmj-a50b1\/"},"modified":"2024-12-18T10:31:54","modified_gmt":"2024-12-18T03:31:54","slug":"may-tron-bot-5l-bear-dm-b50v1","status":"publish","type":"product","link":"https:\/\/demo9.thuythu.vn\/sube\/may-tron-bot-bear\/5l-dm-b50v1.html","title":{"rendered":"M\u00e1y tr\u1ed9n b\u1ed9t 5L Bear DM-B50V1 (HMJ-A50B1)"},"content":{"rendered":"<p>M\u00e1y tr\u1ed9n b\u1ed9t 5 l\u00edt Bear DM-B50V1 (HMJ-A50B1) s\u1edf h\u1eefu c\u00f4ng su\u1ea5t 200W ho\u1ea1t \u0111\u1ed9ng m\u1ea1nh m\u1ebd v\u00e0 \u1ed5n \u0111\u1ecbnh gi\u00fap b\u1ea1n nh\u1ed3i b\u1ed9t ch\u1ec9 trong 15 ph\u00fat. \u0110\u1eb7c bi\u1ec7t s\u1ea3n ph\u1ea9m c\u00f2n \u0111\u01b0\u1ee3c t\u00edch h\u1ee3p t\u00ednh n\u0103ng h\u1eb9n gi\u1edd tr\u1ed9n v\u00e0 \u1ee7 b\u1ed9t th\u00f4ng minh thu\u1eadn ti\u1ec7n h\u01a1n khi s\u1eed d\u1ee5ng. C\u00f9ng Bear Vi\u1ec7t Nam tr\u1ea3i nghi\u1ec7m ngay m\u00e1y tr\u1ed9n b\u1ed9t Bear dung t\u00edch 5 l\u00edt nh\u00e9!<\/p>\n<p><img decoding=\"async\" src=\"https:\/\/demo9.thuythu.vn\/sube\/wp-content\/uploads\/2024\/12\/may-tron-va-u-bot-be_1623634856_UEQdNd.png\" \/><img decoding=\"async\" src=\"https:\/\/demo9.thuythu.vn\/sube\/wp-content\/uploads\/2024\/12\/may-tron-va-u-bot-be_1623634856_X1j3Go.png\" \/><img decoding=\"async\" src=\"https:\/\/demo9.thuythu.vn\/sube\/wp-content\/uploads\/2024\/12\/may-tron-va-u-bot-be_1623634856_PaxFPd.png\" \/><img decoding=\"async\" src=\"https:\/\/demo9.thuythu.vn\/sube\/wp-content\/uploads\/2024\/12\/may-tron-va-u-bot-be_1623634856_Dxi942.png\" \/><img decoding=\"async\" src=\"https:\/\/demo9.thuythu.vn\/sube\/wp-content\/uploads\/2024\/12\/may-tron-va-u-bot-be_1623634856_XaaPh5.png\" \/><img decoding=\"async\" src=\"https:\/\/demo9.thuythu.vn\/sube\/wp-content\/uploads\/2024\/12\/may-tron-va-u-bot-be_1623634856_4q9JWj.png\" \/><img decoding=\"async\" src=\"https:\/\/demo9.thuythu.vn\/sube\/wp-content\/uploads\/2024\/12\/may-tron-va-u-bot-be_1623634856_lw0KgU.png\" \/><img decoding=\"async\" src=\"https:\/\/demo9.thuythu.vn\/sube\/wp-content\/uploads\/2024\/12\/may-tron-va-u-bot-be_1623634856_QtLtXL.png\" \/><img decoding=\"async\" src=\"https:\/\/demo9.thuythu.vn\/sube\/wp-content\/uploads\/2024\/12\/may-tron-va-u-bot-be_1623634856_Bp1p1U.png\" \/><img decoding=\"async\" src=\"https:\/\/demo9.thuythu.vn\/sube\/wp-content\/uploads\/2024\/12\/may-tron-va-u-bot-be_1623634856_n8BGvH.png\" \/><img decoding=\"async\" src=\"https:\/\/demo9.thuythu.vn\/sube\/wp-content\/uploads\/2024\/12\/may-tron-va-u-bot-be_1623634856_XPtQae.png\" \/><img decoding=\"async\" src=\"https:\/\/demo9.thuythu.vn\/sube\/wp-content\/uploads\/2024\/12\/may-tron-va-u-bot-be_1623634856_C0hIGi.png\" \/><img decoding=\"async\" src=\"https:\/\/demo9.thuythu.vn\/sube\/wp-content\/uploads\/2024\/12\/may-tron-va-u-bot-be_1623634856_9hMAwB.png\" \/><img decoding=\"async\" src=\"https:\/\/demo9.thuythu.vn\/sube\/wp-content\/uploads\/2024\/12\/may-tron-va-u-bot-be_1623634856_EIhZzc.png\" \/><img decoding=\"async\" src=\"https:\/\/demo9.thuythu.vn\/sube\/wp-content\/uploads\/2024\/12\/may-tron-va-u-bot-be_1623634868_oDWLGv.png\" \/><img decoding=\"async\" src=\"https:\/\/demo9.thuythu.vn\/sube\/wp-content\/uploads\/2024\/12\/may-tron-va-u-bot-be_1623634856_DdNEhk.png\" \/><\/p>\n<p>Li\u00ean h\u1ec7 ngay v\u1edbi Bear Vi\u1ec7t Nam \u0111\u1ec3 s\u1edf h\u1eefu m\u1ed9t em M\u00e1y tr\u1ed9n v\u00e0 \u1ee7 b\u1ed9t Bear\u00a0DM-B50V1 (HMJ-A50B1) v\u1edbi gi\u00e1 \u01b0u \u0111\u00e3i nh\u1ea5t h\u00f4m nay. S\u1ea3n ph\u1ea9m \u0111\u01b0\u1ee3c b\u1ea3o h\u00e0nh ch\u00ednh h\u00e3ng l\u00ean \u0111\u1ebfn 18 th\u00e1ng, l\u1ed7i 1 \u0111\u1ed5i 1 trong v\u00f2ng 30 ng\u00e0y.<\/p>\n","protected":false},"excerpt":{"rendered":"<p>M\u00e1y tr\u1ed9n b\u1ed9t 5 l\u00edt Bear DM-B50V1 (HMJ-A50B1) s\u1edf h\u1eefu c\u00f4ng su\u1ea5t 200W ho\u1ea1t \u0111\u1ed9ng m\u1ea1nh m\u1ebd v\u00e0 \u1ed5n \u0111\u1ecbnh gi\u00fap b\u1ea1n nh\u1ed3i b\u1ed9t ch\u1ec9 trong 15 ph\u00fat. \u0110\u1eb7c bi\u1ec7t s\u1ea3n ph\u1ea9m c\u00f2n \u0111\u01b0\u1ee3c t\u00edch h\u1ee3p t\u00ednh n\u0103ng h\u1eb9n gi\u1edd tr\u1ed9n v\u00e0 \u1ee7 b\u1ed9t th\u00f4ng minh thu\u1eadn ti\u1ec7n h\u01a1n khi s\u1eed d\u1ee5ng. C\u00f9ng Bear Vi\u1ec7t [&#8230;]\n","protected":false},"featured_media":1995,"comment_status":"open","ping_status":"closed","template":"","meta":{"_acf_changed":false,"inline_featured_image":false},"product_cat":[219],"product_tag":[],"class_list":{"0":"post-1978","1":"product","2":"type-product","3":"status-publish","4":"has-post-thumbnail","6":"product-brand-bear","7":"product_cat-may-tron-bot-bear","9":"first","10":"instock","11":"sale","12":"purchasable","13":"product-type-variable","14":"has-default-attributes"},"acf":[],"_links":{"self":[{"href":"https:\/\/demo9.thuythu.vn\/sube\/wp-json\/wp\/v2\/product\/1978"}],"collection":[{"href":"https:\/\/demo9.thuythu.vn\/sube\/wp-json\/wp\/v2\/product"}],"about":[{"href":"https:\/\/demo9.thuythu.vn\/sube\/wp-json\/wp\/v2\/types\/product"}],"replies":[{"embeddable":true,"href":"https:\/\/demo9.thuythu.vn\/sube\/wp-json\/wp\/v2\/comments?post=1978"}],"wp:featuredmedia":[{"embeddable":true,"href":"https:\/\/demo9.thuythu.vn\/sube\/wp-json\/wp\/v2\/media\/1995"}],"wp:attachment":[{"href":"https:\/\/demo9.thuythu.vn\/sube\/wp-json\/wp\/v2\/media?parent=1978"}],"wp:term":[{"taxonomy":"product_cat","embeddable":true,"href":"https:\/\/demo9.thuythu.vn\/sube\/wp-json\/wp\/v2\/product_cat?post=1978"},{"taxonomy":"product_tag","embeddable":true,"href":"https:\/\/demo9.thuythu.vn\/sube\/wp-json\/wp\/v2\/product_tag?post=1978"}],"curies":[{"name":"wp","href":"https:\/\/api.w.org\/{rel}","templated":true}]}}