{"id":1936,"date":"2024-12-15T03:16:48","date_gmt":"2024-12-14T20:16:48","guid":{"rendered":"https:\/\/demo9.thuythu.vn\/sube\/ch\u01b0a%20ph\u00e2n%20lo\u1ea1i\/may-pha-tra-bear-sube011-ysh-c15q5\/"},"modified":"2024-12-18T09:19:41","modified_gmt":"2024-12-18T02:19:41","slug":"may-pha-tra-bear-sube011-ysh-c15q5","status":"publish","type":"product","link":"https:\/\/demo9.thuythu.vn\/sube\/may-pha-tra\/bear\/sube011.html","title":{"rendered":"M\u00e1y Pha Tr\u00e0 Bear SUBE011 (YSH-C15Q5)"},"content":{"rendered":"<p><strong>M\u00e1y Pha Tr\u00e0 Bear SUBE011\u00a0(YSH-C15Q5) s\u1edf h\u1eefu\u00a0thi\u1ebft k\u1ebf nh\u1ecf g\u1ecdn, dung t\u00edch l\u00ean \u0111\u1ebfn 1,5 l\u00edt ph\u00f9 h\u1ee3p v\u1edbi nhi\u1ec1u nhu c\u1ea7u s\u1eed d\u1ee5ng. \u0110\u01b0\u1ee3c t\u00edch h\u1ee3p c\u1ea3m bi\u1ebfn nhi\u1ec7t Strix v\u1edbi 12 ch\u1ebf \u0111\u1ed9 n\u1ea5u m\u00e1y pha tr\u00e0 Bear SUBE011 gi\u00fap vi\u1ec7c pha tr\u00e0 c\u1ee7a b\u1ea1n tr\u1edf n\u00ean ti\u1ec7n l\u1ee3i v\u00e0 nhanh ch\u00f3ng h\u01a1n bao gi\u1edd h\u1ebft.<img decoding=\"async\" src=\"https:\/\/demo9.thuythu.vn\/sube\/wp-content\/uploads\/2024\/12\/may-pha-tra-15l-bear-ysh-c15q5-1-copy-18.jpg\" data-thumb=\"original\" \/><\/strong><img decoding=\"async\" src=\"https:\/\/demo9.thuythu.vn\/sube\/wp-content\/uploads\/2024\/12\/may-pha-tra-15l-bear-ysh-c15q5-3.jpg\" data-thumb=\"original\" \/><\/p>\n<p><img decoding=\"async\" src=\"https:\/\/demo9.thuythu.vn\/sube\/wp-content\/uploads\/2024\/12\/may-pha-tra-15l-bear-ysh-c15q5-4-05ac9481-2614-4d3a-9e4d-c2cfe2241ff7.jpg\" data-thumb=\"original\" \/><\/p>\n<p><img decoding=\"async\" src=\"https:\/\/demo9.thuythu.vn\/sube\/wp-content\/uploads\/2024\/12\/may-pha-tra-15l-bear-ysh-c15q5-5.jpg\" data-thumb=\"original\" \/><\/p>\n<p><img decoding=\"async\" src=\"https:\/\/demo9.thuythu.vn\/sube\/wp-content\/uploads\/2024\/12\/may-pha-tra-15l-bear-ysh-c15q5-6.jpg\" data-thumb=\"original\" \/><\/p>\n<p><img decoding=\"async\" src=\"https:\/\/demo9.thuythu.vn\/sube\/wp-content\/uploads\/2024\/12\/may-pha-tra-15l-bear-ysh-c15q5-1-copy-07.png\" data-thumb=\"original\" \/><\/p>\n<p><img decoding=\"async\" src=\"https:\/\/demo9.thuythu.vn\/sube\/wp-content\/uploads\/2024\/12\/may-pha-tra-15l-bear-ysh-c15q5-8.jpg\" data-thumb=\"original\" \/><\/p>\n<p><img decoding=\"async\" src=\"https:\/\/demo9.thuythu.vn\/sube\/wp-content\/uploads\/2024\/12\/may-pha-tra-15l-bear-ysh-c15q5-9.jpg\" data-thumb=\"original\" \/><\/p>\n<p><img decoding=\"async\" src=\"https:\/\/demo9.thuythu.vn\/sube\/wp-content\/uploads\/2024\/12\/may-pha-tra-15l-bear-ysh-c15q5-10.jpg\" data-thumb=\"original\" \/><\/p>\n<p><img decoding=\"async\" src=\"https:\/\/demo9.thuythu.vn\/sube\/wp-content\/uploads\/2024\/12\/may-pha-tra-15l-bear-ysh-c15q5-1-copy-12.png\" data-thumb=\"original\" \/><\/p>\n<p><img decoding=\"async\" src=\"https:\/\/demo9.thuythu.vn\/sube\/wp-content\/uploads\/2024\/12\/may-pha-tra-15l-bear-ysh-c15q5-1-copy-13.png\" data-thumb=\"original\" \/><\/p>\n<p><img decoding=\"async\" src=\"https:\/\/demo9.thuythu.vn\/sube\/wp-content\/uploads\/2024\/12\/may-pha-tra-15l-bear-ysh-c15q5-13.jpg\" data-thumb=\"original\" \/><\/p>\n<p><img decoding=\"async\" src=\"https:\/\/demo9.thuythu.vn\/sube\/wp-content\/uploads\/2024\/12\/may-pha-tra-15l-bear-ysh-c15q5-15.jpg\" data-thumb=\"original\" \/><\/p>\n<p><img decoding=\"async\" src=\"https:\/\/demo9.thuythu.vn\/sube\/wp-content\/uploads\/2024\/12\/may-pha-tra-15l-bear-ysh-c15q5-1-copy-15.png\" data-thumb=\"original\" \/><\/p>\n<p><img decoding=\"async\" src=\"https:\/\/demo9.thuythu.vn\/sube\/wp-content\/uploads\/2024\/12\/may-pha-tra-15l-bear-ysh-c15q5-16.jpg\" data-thumb=\"original\" \/><\/p>\n<p><img decoding=\"async\" src=\"https:\/\/demo9.thuythu.vn\/sube\/wp-content\/uploads\/2024\/12\/may-pha-tra-15l-bear-ysh-c15q5-1.jpg\" data-thumb=\"original\" \/><\/p>\n<p>S\u1edf h\u1eefu ngay phi\u00ean b\u1ea3n \u1ea5m \u0111i\u1ec7n pha tr\u00e0 Bear SUBE011 (YSH-C15Q5) v\u1edbi gi\u00e1 si\u00eau \u01b0u \u0111\u00e3i ngay t\u1ea1i Bear Vi\u1ec7t Nam v\u1edbi gi\u00e1 h\u1ea5p d\u1eabn. Li\u00ean h\u1ec7 ngay \u0111\u1ec3 \u0111\u01b0\u1ee3c t\u01b0 v\u1ea5n.<\/p>\n","protected":false},"excerpt":{"rendered":"<p>M\u00e1y Pha Tr\u00e0 Bear SUBE011\u00a0(YSH-C15Q5) s\u1edf h\u1eefu\u00a0thi\u1ebft k\u1ebf nh\u1ecf g\u1ecdn, dung t\u00edch l\u00ean \u0111\u1ebfn 1,5 l\u00edt ph\u00f9 h\u1ee3p v\u1edbi nhi\u1ec1u nhu c\u1ea7u s\u1eed d\u1ee5ng. \u0110\u01b0\u1ee3c t\u00edch h\u1ee3p c\u1ea3m bi\u1ebfn nhi\u1ec7t Strix v\u1edbi 12 ch\u1ebf \u0111\u1ed9 n\u1ea5u m\u00e1y pha tr\u00e0 Bear SUBE011 gi\u00fap vi\u1ec7c pha tr\u00e0 c\u1ee7a b\u1ea1n tr\u1edf n\u00ean ti\u1ec7n l\u1ee3i v\u00e0 nhanh ch\u00f3ng h\u01a1n [&#8230;]\n","protected":false},"featured_media":1953,"comment_status":"open","ping_status":"closed","template":"","meta":{"_acf_changed":false,"inline_featured_image":false},"product_cat":[210,211],"product_tag":[],"class_list":{"0":"post-1936","1":"product","2":"type-product","3":"status-publish","4":"has-post-thumbnail","6":"product-brand-bear","7":"product_cat-may-pha-tra-bear","8":"product_cat-thiet-bi-cham-soc-ca-nhan","10":"first","11":"outofstock","12":"sale","13":"purchasable","14":"product-type-variable"},"acf":[],"_links":{"self":[{"href":"https:\/\/demo9.thuythu.vn\/sube\/wp-json\/wp\/v2\/product\/1936"}],"collection":[{"href":"https:\/\/demo9.thuythu.vn\/sube\/wp-json\/wp\/v2\/product"}],"about":[{"href":"https:\/\/demo9.thuythu.vn\/sube\/wp-json\/wp\/v2\/types\/product"}],"replies":[{"embeddable":true,"href":"https:\/\/demo9.thuythu.vn\/sube\/wp-json\/wp\/v2\/comments?post=1936"}],"wp:featuredmedia":[{"embeddable":true,"href":"https:\/\/demo9.thuythu.vn\/sube\/wp-json\/wp\/v2\/media\/1953"}],"wp:attachment":[{"href":"https:\/\/demo9.thuythu.vn\/sube\/wp-json\/wp\/v2\/media?parent=1936"}],"wp:term":[{"taxonomy":"product_cat","embeddable":true,"href":"https:\/\/demo9.thuythu.vn\/sube\/wp-json\/wp\/v2\/product_cat?post=1936"},{"taxonomy":"product_tag","embeddable":true,"href":"https:\/\/demo9.thuythu.vn\/sube\/wp-json\/wp\/v2\/product_tag?post=1936"}],"curies":[{"name":"wp","href":"https:\/\/api.w.org\/{rel}","templated":true}]}}