{"id":1903,"date":"2024-12-15T03:16:48","date_gmt":"2024-12-14T20:16:48","guid":{"rendered":"https:\/\/demo9.thuythu.vn\/sube\/ch\u01b0a%20ph\u00e2n%20lo\u1ea1i\/may-pha-ca-phe-espresso-bear-cf-b02v1-kfj-a02n1\/"},"modified":"2024-12-18T09:21:49","modified_gmt":"2024-12-18T02:21:49","slug":"may-pha-ca-phe-espresso-bear-cf-b02v1-kfj-a02n1","status":"publish","type":"product","link":"https:\/\/demo9.thuythu.vn\/sube\/may-pha-ca-phe-bear\/cf-b02v1.html","title":{"rendered":"M\u00e1y pha c\u00e0 ph\u00ea Espresso Bear CF-B02V1 (KFJ-A02N1)"},"content":{"rendered":"<div class=\"text\"><img decoding=\"async\" src=\"https:\/\/demo9.thuythu.vn\/sube\/wp-content\/uploads\/2024\/12\/may-pha-ca-phe-bear-_1624613172_va0xpq.jpeg\" \/><img decoding=\"async\" src=\"https:\/\/demo9.thuythu.vn\/sube\/wp-content\/uploads\/2024\/12\/may-pha-ca-phe-bear-_1624613172_5etgSf.jpeg\" \/><img decoding=\"async\" src=\"https:\/\/demo9.thuythu.vn\/sube\/wp-content\/uploads\/2024\/12\/may-pha-ca-phe-bear-_1624613172_xopX77.jpeg\" \/><img decoding=\"async\" src=\"https:\/\/demo9.thuythu.vn\/sube\/wp-content\/uploads\/2024\/12\/may-pha-ca-phe-bear-_1624613171_Jbjoxg.jpeg\" \/><img decoding=\"async\" src=\"https:\/\/demo9.thuythu.vn\/sube\/wp-content\/uploads\/2024\/12\/may-pha-ca-phe-bear-_1624613171_QJ7D4l.jpeg\" \/><img decoding=\"async\" src=\"https:\/\/demo9.thuythu.vn\/sube\/wp-content\/uploads\/2024\/12\/may-pha-ca-phe-bear-_1624613171_7TqzfQ.jpeg\" \/><img decoding=\"async\" src=\"https:\/\/demo9.thuythu.vn\/sube\/wp-content\/uploads\/2024\/12\/may-pha-ca-phe-bear-_1624613171_aGg2ZS.jpeg\" \/><img decoding=\"async\" src=\"https:\/\/demo9.thuythu.vn\/sube\/wp-content\/uploads\/2024\/12\/may-pha-ca-phe-bear-_1624613171_vgUhL6.jpeg\" \/><img decoding=\"async\" src=\"https:\/\/demo9.thuythu.vn\/sube\/wp-content\/uploads\/2024\/12\/may-pha-ca-phe-bear-_1624613171_dyofxs.jpeg\" \/><img decoding=\"async\" src=\"https:\/\/demo9.thuythu.vn\/sube\/wp-content\/uploads\/2024\/12\/may-pha-ca-phe-bear-_1624613172_aquYFW.jpeg\" \/><img decoding=\"async\" src=\"https:\/\/demo9.thuythu.vn\/sube\/wp-content\/uploads\/2024\/12\/may-pha-ca-phe-bear-_1624613172_N9ERhB.jpeg\" \/><img decoding=\"async\" src=\"https:\/\/demo9.thuythu.vn\/sube\/wp-content\/uploads\/2024\/12\/may-pha-ca-phe-bear-_1624613172_zMjeVC.jpeg\" \/><img decoding=\"async\" src=\"https:\/\/demo9.thuythu.vn\/sube\/wp-content\/uploads\/2024\/12\/may-pha-ca-phe-bear-_1624613172_WJynf1.jpeg\" \/><\/div>\n<p><a class=\"btn-xemthem-lst button-color-default\">Th<\/a><\/p>\n","protected":false},"excerpt":{"rendered":"<p>Th<\/p>\n","protected":false},"featured_media":1917,"comment_status":"open","ping_status":"closed","template":"","meta":{"_acf_changed":false,"inline_featured_image":false},"product_cat":[208,211],"product_tag":[],"class_list":{"0":"post-1903","1":"product","2":"type-product","3":"status-publish","4":"has-post-thumbnail","6":"product-brand-bear","7":"product_cat-may-pha-ca-phe-bear","8":"product_cat-thiet-bi-cham-soc-ca-nhan","10":"first","11":"outofstock","12":"sale","13":"purchasable","14":"product-type-variable"},"acf":[],"_links":{"self":[{"href":"https:\/\/demo9.thuythu.vn\/sube\/wp-json\/wp\/v2\/product\/1903"}],"collection":[{"href":"https:\/\/demo9.thuythu.vn\/sube\/wp-json\/wp\/v2\/product"}],"about":[{"href":"https:\/\/demo9.thuythu.vn\/sube\/wp-json\/wp\/v2\/types\/product"}],"replies":[{"embeddable":true,"href":"https:\/\/demo9.thuythu.vn\/sube\/wp-json\/wp\/v2\/comments?post=1903"}],"wp:featuredmedia":[{"embeddable":true,"href":"https:\/\/demo9.thuythu.vn\/sube\/wp-json\/wp\/v2\/media\/1917"}],"wp:attachment":[{"href":"https:\/\/demo9.thuythu.vn\/sube\/wp-json\/wp\/v2\/media?parent=1903"}],"wp:term":[{"taxonomy":"product_cat","embeddable":true,"href":"https:\/\/demo9.thuythu.vn\/sube\/wp-json\/wp\/v2\/product_cat?post=1903"},{"taxonomy":"product_tag","embeddable":true,"href":"https:\/\/demo9.thuythu.vn\/sube\/wp-json\/wp\/v2\/product_tag?post=1903"}],"curies":[{"name":"wp","href":"https:\/\/api.w.org\/{rel}","templated":true}]}}