{"id":1900,"date":"2024-12-15T03:16:48","date_gmt":"2024-12-14T20:16:48","guid":{"rendered":"https:\/\/demo9.thuythu.vn\/sube\/ch\u01b0a%20ph\u00e2n%20lo\u1ea1i\/may-pha-ca-phe-bear-sb-cf06a-english\/"},"modified":"2024-12-18T09:52:39","modified_gmt":"2024-12-18T02:52:39","slug":"may-pha-ca-phe-bear-sb-cf06a-english","status":"publish","type":"product","link":"https:\/\/demo9.thuythu.vn\/sube\/may-pha-ca-phe-bear\/sb-cf06a.html","title":{"rendered":"M\u00e1y pha c\u00e0 ph\u00ea Bear SB-CF06A &#8211; English"},"content":{"rendered":"","protected":false},"excerpt":{"rendered":"","protected":false},"featured_media":1901,"comment_status":"open","ping_status":"closed","template":"","meta":{"_acf_changed":false,"inline_featured_image":false},"product_cat":[208,211],"product_tag":[],"class_list":{"0":"post-1900","1":"product","2":"type-product","3":"status-publish","4":"has-post-thumbnail","6":"product-brand-bear","7":"product_cat-may-pha-ca-phe-bear","8":"product_cat-thiet-bi-cham-soc-ca-nhan","10":"first","11":"instock","12":"sale","13":"purchasable","14":"product-type-variable","15":"has-default-attributes"},"acf":[],"_links":{"self":[{"href":"https:\/\/demo9.thuythu.vn\/sube\/wp-json\/wp\/v2\/product\/1900"}],"collection":[{"href":"https:\/\/demo9.thuythu.vn\/sube\/wp-json\/wp\/v2\/product"}],"about":[{"href":"https:\/\/demo9.thuythu.vn\/sube\/wp-json\/wp\/v2\/types\/product"}],"replies":[{"embeddable":true,"href":"https:\/\/demo9.thuythu.vn\/sube\/wp-json\/wp\/v2\/comments?post=1900"}],"wp:featuredmedia":[{"embeddable":true,"href":"https:\/\/demo9.thuythu.vn\/sube\/wp-json\/wp\/v2\/media\/1901"}],"wp:attachment":[{"href":"https:\/\/demo9.thuythu.vn\/sube\/wp-json\/wp\/v2\/media?parent=1900"}],"wp:term":[{"taxonomy":"product_cat","embeddable":true,"href":"https:\/\/demo9.thuythu.vn\/sube\/wp-json\/wp\/v2\/product_cat?post=1900"},{"taxonomy":"product_tag","embeddable":true,"href":"https:\/\/demo9.thuythu.vn\/sube\/wp-json\/wp\/v2\/product_tag?post=1900"}],"curies":[{"name":"wp","href":"https:\/\/api.w.org\/{rel}","templated":true}]}}