{"id":1870,"date":"2024-12-15T03:16:48","date_gmt":"2024-12-14T20:16:48","guid":{"rendered":"https:\/\/demo9.thuythu.vn\/sube\/ch\u01b0a%20ph\u00e2n%20lo\u1ea1i\/may-nuong-banh-2-khay-bear-dbc-c06m1-green\/"},"modified":"2024-12-18T09:42:49","modified_gmt":"2024-12-18T02:42:49","slug":"may-nuong-banh-2-khay-bear-dbc-c06m1-green","status":"publish","type":"product","link":"https:\/\/demo9.thuythu.vn\/sube\/may-nuong-banh-bear-dbc-c06m1.html","title":{"rendered":"Ma\u0301y n\u01b0\u01a1\u0301ng ba\u0301nh 2 khay Bear DBC-C06M1 &#8211; Green"},"content":{"rendered":"<p>\u2714\ufe0fL\u00e0m \u0111\u01b0\u1ee3c nhi\u1ec1u lo\u1ea1i sandwhich v\u00e0 b\u00e1nh waffle. L\u00e0 c\u00f4ng c\u1ee5 \u0111\u1ec3 n\u01b0\u1edbng x\u00fac x\u00edch, chi\u00ean tr\u1ee9ng,\u2026<\/p>\n<p>\u2714\ufe0f\u0110a n\u0103ng: C\u00f4ng su\u1ea5t 600W, 2 thanh nhi\u1ec7t ph\u00eda tr\u00ean v\u00e0 d\u01b0\u1edbi gi\u00fap kh\u1ea3 n\u0103ng l\u00e0m n\u00f3ng, l\u00e0m ch\u00edn b\u00e1nh nhanh h\u01a1n; t\u00edch h\u1ee3p 4 v\u1ec9 n\u01b0\u1edbng c\u00f3 th\u1ec3 th\u00e1o r\u1eddi.<\/p>\n<p>\u2714\ufe0fTh\u00f4ng minh: T\u1ef1 \u0111\u1ed9ng ng\u1eaft \u0111i\u1ec7n khi qu\u00e1 n\u00f3ng<\/p>\n<p>\u2714\ufe0fThao t\u00e1c s\u1eed d\u1ee5ng d\u1ec5 d\u00e0ng<\/p>\n","protected":false},"excerpt":{"rendered":"<p>\u2714\ufe0fL\u00e0m \u0111\u01b0\u1ee3c nhi\u1ec1u lo\u1ea1i sandwhich v\u00e0 b\u00e1nh waffle. L\u00e0 c\u00f4ng c\u1ee5 \u0111\u1ec3 n\u01b0\u1edbng x\u00fac x\u00edch, chi\u00ean tr\u1ee9ng,\u2026 \u2714\ufe0f\u0110a n\u0103ng: C\u00f4ng su\u1ea5t 600W, 2 thanh nhi\u1ec7t ph\u00eda tr\u00ean v\u00e0 d\u01b0\u1edbi gi\u00fap kh\u1ea3 n\u0103ng l\u00e0m n\u00f3ng, l\u00e0m ch\u00edn b\u00e1nh nhanh h\u01a1n; t\u00edch h\u1ee3p 4 v\u1ec9 n\u01b0\u1edbng c\u00f3 th\u1ec3 th\u00e1o r\u1eddi. \u2714\ufe0fTh\u00f4ng minh: T\u1ef1 \u0111\u1ed9ng ng\u1eaft \u0111i\u1ec7n khi [&#8230;]\n","protected":false},"featured_media":1871,"comment_status":"open","ping_status":"closed","template":"","meta":{"_acf_changed":false,"inline_featured_image":false},"product_cat":[152,131],"product_tag":[],"class_list":{"0":"post-1870","1":"product","2":"type-product","3":"status-publish","4":"has-post-thumbnail","6":"product-brand-bear","7":"product_cat-do-lam-banh","8":"product_cat-do-gia-dung-nha-bep","10":"first","11":"instock","12":"sale","13":"purchasable","14":"product-type-variable","15":"has-default-attributes"},"acf":[],"_links":{"self":[{"href":"https:\/\/demo9.thuythu.vn\/sube\/wp-json\/wp\/v2\/product\/1870"}],"collection":[{"href":"https:\/\/demo9.thuythu.vn\/sube\/wp-json\/wp\/v2\/product"}],"about":[{"href":"https:\/\/demo9.thuythu.vn\/sube\/wp-json\/wp\/v2\/types\/product"}],"replies":[{"embeddable":true,"href":"https:\/\/demo9.thuythu.vn\/sube\/wp-json\/wp\/v2\/comments?post=1870"}],"wp:featuredmedia":[{"embeddable":true,"href":"https:\/\/demo9.thuythu.vn\/sube\/wp-json\/wp\/v2\/media\/1871"}],"wp:attachment":[{"href":"https:\/\/demo9.thuythu.vn\/sube\/wp-json\/wp\/v2\/media?parent=1870"}],"wp:term":[{"taxonomy":"product_cat","embeddable":true,"href":"https:\/\/demo9.thuythu.vn\/sube\/wp-json\/wp\/v2\/product_cat?post=1870"},{"taxonomy":"product_tag","embeddable":true,"href":"https:\/\/demo9.thuythu.vn\/sube\/wp-json\/wp\/v2\/product_tag?post=1870"}],"curies":[{"name":"wp","href":"https:\/\/api.w.org\/{rel}","templated":true}]}}