{"id":1677,"date":"2024-12-15T03:15:13","date_gmt":"2024-12-14T20:15:13","guid":{"rendered":"https:\/\/demo9.thuythu.vn\/sube\/ch\u01b0a%20ph\u00e2n%20lo\u1ea1i\/may-lam-sua-chua-bear-1l-sb-sc12c\/"},"modified":"2024-12-18T09:50:17","modified_gmt":"2024-12-18T02:50:17","slug":"may-lam-sua-chua-bear-1l-sb-sc12c","status":"publish","type":"product","link":"https:\/\/demo9.thuythu.vn\/sube\/may-lam-sua-chua-bear\/1l-sb-sc12c.html","title":{"rendered":"M\u00e1y l\u00e0m s\u1eefa chua Bear 1L SB-SC12C"},"content":{"rendered":"<ul>\n<li aria-level=\"1\">Dung t\u00edch 1L v\u1eeba \u0111\u1ee7 cho c\u00e1c h\u1ed9 gia \u0111\u00ecnh t\u1eeb 2 &#8211; 4 ng\u01b0\u1eddi<\/li>\n<li aria-level=\"1\">Khung m\u00e1y l\u00e0m t\u1eeb ch\u1ea5t li\u1ec7u PP cao c\u1ea5p, \u0111\u1ea3m b\u1ea3o nhi\u1ec7t \u0111\u1ed9 \u1ed5n \u0111\u1ecbnh c\u1ee7a s\u1eefa chua<\/li>\n<li aria-level=\"1\">T\u1ef1 l\u00e0m s\u1eefa chua kh\u00f4ng c\u1ea7n ti\u1ec7t tr\u00f9ng d\u1ee5ng c\u1ee5 (l\u00ean men c\u1ea3 s\u1eefa h\u1ed9p)<\/li>\n<li aria-level=\"1\">\u0110i\u1ec1u ch\u1ec9nh m\u1ee9c \u0111\u1ed9 axit th\u00f4ng minh: Slightly sour (Chua nh\u1eb9) \/ Normal (Ti\u00eau chu\u1ea9n) \/ Sour (Chua)<\/li>\n<li aria-level=\"1\">Thao t\u00e1c \u0111i\u1ec1u ch\u1ec9nh n\u1ed3ng \u0111\u1ed9 l\u00ean men ch\u1ec9 v\u1edbi m\u1ed9t ch\u1ea1m<\/li>\n<li aria-level=\"1\">H\u1ec7 th\u1ed1ng l\u00ean men to\u00e0n di\u1ec7n 3 chi\u1ec1u, s\u1eefa chua \u0111\u01b0\u1ee3c ti\u1ebfp x\u00fac nhi\u1ec7t t\u1eeb m\u1ecdi ph\u00eda<\/li>\n<\/ul>\n<h2><strong>I. Th\u00f4ng tin s\u1ea3n ph\u1ea9m m\u00e1y l\u00e0m s\u1eefa chua Bear 1L SB-SC12C<\/strong><\/h2>\n<p>V\u1edbi c\u00e1c t\u00ednh n\u0103ng th\u00f4ng minh v\u00e0 hi\u1ec7n \u0111\u1ea1i, m\u00e1y l\u00e0m s\u1eefa chua Bear 1L SB-SC12C gi\u00fap qu\u00e1 tr\u00ecnh ho\u00e0n th\u00e0nh m\u1ed9t m\u1ebb s\u1eefa chua tr\u1edf n\u00ean \u0111\u01a1n gi\u1ea3n v\u00e0 d\u1ec5 d\u00e0ng h\u01a1n. Tr\u01b0\u1edbc khi t\u00ecm hi\u1ec3u v\u1ec1 ch\u1ee9c n\u0103ng, \u01b0u \u0111i\u1ec3m c\u1ee7a thi\u1ebft b\u1ecb, b\u1ea1n c\u1ea7n n\u1eafm \u0111\u01b0\u1ee3c nh\u1eefng th\u00f4ng s\u1ed1 c\u01a1 b\u1ea3n sau.<\/p>\n<p><strong>&#8211; T\u00ean s\u1ea3n ph\u1ea9m:\u00a0<\/strong>M\u00e1y l\u00e0m s\u1eefa chua<\/p>\n<p><strong>&#8211; M\u00e3 s\u1ea3n ph\u1ea9m:\u00a0<\/strong>SB-SC12C<\/p>\n<p><strong>&#8211; H\u00e3ng s\u1ea3n xu\u1ea5t:\u00a0<\/strong><a href=\"https:\/\/bearvietnam.vn\/\" target=\"_blank\" rel=\"noopener nofollow\"><strong>Bear<\/strong><\/a><\/p>\n<p><strong>&#8211; Dung t\u00edch:<\/strong>\u00a01L<\/p>\n<p><strong>&#8211; C\u00f4ng su\u1ea5t:\u00a0<\/strong>12W<\/p>\n<p><strong>&#8211; \u0110i\u1ec7n \u00e1p:\u00a0<\/strong>220V ~ 50Hz<\/p>\n<p><strong>&#8211; Ch\u1ea5t li\u1ec7u:<\/strong>\u00a0Nh\u1ef1a PP an to\u00e0n khi ti\u1ebfp x\u00fac v\u1edbi th\u1ef1c ph\u1ea9m<\/p>\n<p><strong>&#8211; Ch\u1ee9c n\u0103ng c\u1ee7a m\u00e1y:\u00a0<\/strong>Slightly sour\u00a0<em>(Chua nh\u1eb9)<\/em>\u00a0\/ Normal\u00a0<em>(Ti\u00eau chu\u1ea9n)\u00a0<\/em>\/ Sour\u00a0<em>(Chua)<\/em><\/p>\n<p><strong>&#8211; M\u00e0u s\u1eafc:<\/strong>\u00a0Xanh<\/p>\n<p><strong>&#8211; K\u00edch th\u01b0\u1edbc:<\/strong>\u00a0143*128*296mm<\/p>\n<p><strong>&#8211; Phi\u00ean b\u1ea3n:<\/strong>\u00a0Qu\u1ed1c t\u1ebf<\/p>\n<p><strong>&#8211; B\u1ea3o h\u00e0nh:<\/strong>\u00a018 th\u00e1ng<\/p>\n<p><strong>&#8211; B\u1ed9 ph\u1ee5 ki\u1ec7n:\u00a0<\/strong>1 th\u00e2n m\u00e1y, 1 b\u00ecnh ch\u1ee9a, 1 s\u00e1ch h\u01b0\u1edbng d\u1eabn s\u1eed d\u1ee5ng<\/p>\n<div><img loading=\"lazy\" decoding=\"async\" src=\"https:\/\/demo9.thuythu.vn\/sube\/wp-content\/uploads\/2024\/12\/16_1716203579_26kfje.png\" alt=\"\" width=\"800\" height=\"800\" \/><\/div>\n<h2><strong>II. Ch\u1ee9c n\u0103ng ch\u00ednh c\u1ee7a m\u00e1y l\u00e0m s\u1eefa chua Bear 1L SB-SC12C<\/strong><\/h2>\n<p>M\u00e1y l\u00e0m s\u1eefa chua Bear c\u00f3 thi\u1ebft k\u1ebf nh\u1ecf xinh, mang l\u1ea1i nhi\u1ec1u l\u1ee3i \u00edch s\u1ee9c kh\u1ecfe \u0111\u00e1ng k\u1ec3. Tuy ch\u1ec9 c\u00f3 dung t\u00edch 1L th\u1ebf nh\u01b0ng chi\u1ebfc m\u00e1y n\u00e0y \u0111\u01b0\u1ee3c t\u00edch h\u1ee3p c\u00e1c ch\u1ee9c n\u0103ng v\u00f4 c\u00f9ng th\u00f4ng minh nh\u01b0:<\/p>\n<p><strong>&#8211; Slightly sour\u00a0<\/strong><strong><em>(Chua nh\u1eb9)<\/em><\/strong><strong>:<\/strong>\u00a0\u0110\u00e2y l\u00e0 ch\u1ee9c n\u0103ng \u0111\u01b0\u1ee3c thi\u1ebft l\u1eadp \u0111\u1ec3 t\u1ea1o ra nh\u1eefng m\u1ebb s\u1eefa chua c\u00f3 v\u1ecb chua nh\u1eb9 h\u01a1n so v\u1edbi s\u1eefa chua h\u1ed9p th\u00f4ng th\u01b0\u1eddng. Ch\u1ee9c n\u0103ng &#8220;Slightly sour\u00a0<em>(Chua nh\u1eb9)<\/em>&#8221; c\u1ee7a m\u00e1y c\u00f3 th\u1eddi gian \u1ee7 trong v\u00f2ng 8 ti\u1ebfng, gi\u00fap b\u1ea1n \u0111i\u1ec1u ch\u1ec9nh h\u01b0\u01a1ng v\u1ecb c\u1ee7a s\u1eefa chua theo kh\u1ea9u v\u1ecb c\u00e1 nh\u00e2n m\u00e0 kh\u00f4ng c\u1ea7n th\u00eam \u0111\u01b0\u1eddng, h\u01b0\u01a1ng li\u1ec7u ho\u1eb7c c\u00e1c ch\u1ea5t ph\u1ee5 gia kh\u00e1c.<\/p>\n<p><strong>&#8211; Normal\u00a0<\/strong><strong><em>(Ti\u00eau chu\u1ea9n)<\/em><\/strong><strong>:<\/strong>\u00a0Thay v\u00ec theo d\u00f5i qu\u00e1 tr\u00ecnh \u1ee7 v\u00e0 th\u1eed nghi\u1ec7m nhi\u1ec1u l\u1ea7n, b\u1ea1n ch\u1ec9 c\u1ea7n ch\u1ecdn ch\u1ee9c n\u0103ng \u201cNormal\u00a0<em>(Ti\u00eau chu\u1ea9n)<\/em>\u201d tr\u00ean m\u00e1y l\u00e0m s\u1eefa chua Bear 1L SB-SC12C v\u00e0 ch\u1edd \u0111\u1ee3i qu\u00e1 tr\u00ecnh ho\u00e0n th\u00e0nh l\u00e0 xong. Ch\u1ee9c n\u0103ng \u201cNormal<em>\u00a0(Ti\u00eau chu\u1ea9n)<\/em>\u201d c\u1ee7a m\u00e1y s\u1ebd cho ra nh\u1eefng m\u1ebb s\u1eefa chua c\u00f3 h\u01b0\u01a1ng v\u1ecb v\u00e0 ch\u1ea5t l\u01b0\u1ee3ng \u0111\u1ea1t chu\u1ea9n.<\/p>\n<p><strong>&#8211; Sour\u00a0<\/strong><strong><em>(Chua)<\/em><\/strong><strong>:<\/strong>\u00a0Th\u1eddi gian ho\u00e0n th\u00e0nh ch\u1ee9c n\u0103ng &#8220;Sour\u00a0<em>(Chua)<\/em>&#8221; tr\u00ean m\u00e1y l\u00e0m s\u1eefa chua 1L Bear l\u00e0 12 ti\u1ebfng. Trong m\u00f4i tr\u01b0\u1eddng \u1ee7 c\u1ee7a m\u00e1y, qu\u00e1 tr\u00ecnh bi\u1ebfn \u0111\u1ed5i di\u1ec5n ra khi \u0111\u01b0\u1eddng lactose trong s\u1eefa k\u1ebft h\u1ee3p v\u1edbi vi khu\u1ea9n lactic c\u00f3 s\u1eb5n t\u1ea1o ra axit lactic c\u00f9ng c\u00e1c ch\u1ea5t dinh d\u01b0\u1ee1ng kh\u00e1c. Khi th\u1eddi gian \u1ee7 k\u00e9o d\u00e0i, vi khu\u1ea9n s\u1ebd c\u00f3 c\u01a1 h\u1ed9i \u0111\u1ec3 bi\u1ebfn \u0111\u1ed5i th\u00e0nh axit lactic l\u00e0m t\u0103ng \u0111\u1ed9 chua c\u1ee7a s\u1eefa chua.<\/p>\n<div><img loading=\"lazy\" decoding=\"async\" src=\"https:\/\/demo9.thuythu.vn\/sube\/wp-content\/uploads\/2024\/12\/1_1716203615_2SmaRt.png\" alt=\"\" width=\"800\" height=\"800\" \/><\/div>\n<h2><strong>III. \u01afu \u0111i\u1ec3m n\u1ed5i b\u1eadt c\u1ee7a m\u00e1y l\u00e0m s\u1eefa chua Bear 1L SB-SC12C<\/strong><\/h2>\n<p>M\u00e1y l\u00e0m s\u1eefa chua Bear 1L SB-SC12C \u0111em \u0111\u1ebfn s\u1ef1 ti\u1ec7n l\u1ee3i cho ng\u01b0\u1eddi d\u00f9ng, nh\u1edd nh\u1eefng ch\u1ee9c n\u0103ng v\u00f4 c\u00f9ng th\u00f4ng minh. Kh\u00f4ng ch\u1ec9 d\u1eebng l\u1ea1i \u1edf \u0111\u00f3, thi\u1ebft b\u1ecb c\u00f2n s\u1edf h\u1eefu h\u00e0ng lo\u1ea1t nh\u1eefng \u01b0u \u0111i\u1ec3m n\u1ed5i b\u1eadt kh\u00e1c nh\u01b0:<\/p>\n<p><strong>&#8211; Thi\u1ebft k\u1ebf ki\u1ec3u d\u00e1ng \u0111\u1eb9p m\u1eaft:<\/strong>\u00a0T\u1eebng \u0111\u01b0\u1eddng n\u00e9t thi\u1ebft k\u1ebf tr\u00ean m\u00e1y l\u00e0m s\u1eefa chua Bear 1L SB-SC12C ch\u00fa tr\u1ecdng v\u00f4 c\u00f9ng t\u1ec9 m\u1ec9. V\u00f2ng \u0111\u1ec7m c\u1ee7a n\u1eafp \u00f4m s\u00e1t v\u1edbi khoang ch\u1ee9a, \u0111\u1ea3m b\u1ea3o qu\u00e1 tr\u00ecnh l\u00ean men kh\u00f4ng b\u1ecb \u1ea3nh h\u01b0\u1edfng. S\u1eafc m\u00e0u xanh c\u1ee7a m\u00e1y t\u1ea1o n\u00ean \u0111i\u1ec3m nh\u1ea5n \u0111\u1eb7c bi\u1ec7t trong c\u0103n b\u1ebfp c\u1ee7a b\u1ea1n.<\/p>\n<p><strong>&#8211; Ch\u1ea5t li\u1ec7u an to\u00e0n, b\u1ec1n b\u1ec9:<\/strong>\u00a0Khoang ch\u1ee9a c\u1ee7a m\u00e1y \u0111\u01b0\u1ee3c l\u00e0m t\u1eeb ch\u1ea5t li\u1ec7u nh\u1ef1a PP cao c\u1ea5p, \u0111\u1ea3m b\u1ea3o s\u1ef1 an to\u00e0n tuy\u1ec7t \u0111\u1ed1i khi s\u1eed d\u1ee5ng th\u00e0nh ph\u1ea9m. \u0110\u1eb7c bi\u1ec7t, ch\u1ea5t li\u1ec7u PP c\u1ee7a m\u00e1y kh\u00f4ng g\u00e2y \u00e1m m\u00f9i hay s\u1ea3n sinh ra c\u00e1c ch\u1ea5t \u0111\u1ed9c h\u1ea1i trong qu\u00e1 tr\u00ecnh s\u1eed d\u1ee5ng.<\/p>\n<p><strong>&#8211; Dung t\u00edch m\u00e1y nh\u1ecf g\u1ecdn:<\/strong>\u00a0M\u00e1y l\u00e0m s\u1eefa chua Bear c\u00f3 dung t\u00edch khoang ch\u1ee9a 1L, ph\u00f9 h\u1ee3p d\u00e0nh cho gia \u0111\u00ecnh t\u1eeb 2 &#8211; 4 th\u00e0nh vi\u00ean. Ngo\u00e0i ra, b\u1ea1n c\u0169ng c\u00f3 th\u1ec3 \u0111\u1eb7t tr\u1ef1c ti\u1ebfp m\u1ed9t h\u1ed9p s\u1eefa v\u00e0o khoang ch\u1ee9a \u0111\u1ec3 l\u00e0m s\u1eefa chua v\u00f4 c\u00f9ng ti\u1ec7n l\u1ee3i.<\/p>\n<p><strong>&#8211; Ch\u1ee9c n\u0103ng \u1ee7 \u0111a d\u1ea1ng:\u00a0<\/strong>M\u00e1y t\u00edch h\u1ee3p 3 ch\u1ee9c n\u0103ng \u1ee7 \u0111a d\u1ea1ng Slightly sour (Chua nh\u1eb9) \/ Normal (Ti\u00eau chu\u1ea9n) \/ Sour (Chua).\u00a0 M\u1ed7i ch\u1ebf \u0111\u1ed9 \u1ee7 c\u00f3 th\u1eddi gian ho\u00e0n th\u00e0nh qu\u00e1 tr\u00ecnh l\u00e0m s\u1eefa chua kh\u00e1c nhau, t\u1ea1o ra nh\u1eefng s\u1ea3n ph\u1ea9m s\u1eefa chua c\u00f3 v\u1ecb ngon v\u00e0 ch\u1ea5t l\u01b0\u1ee3ng nh\u1ea5t.<\/p>\n<p><strong>&#8211; H\u1ec7 th\u1ed1ng \u1ee7 hi\u1ec7n \u0111\u1ea1i:\u00a0<\/strong>Chi\u1ebfc m\u00e1y l\u00e0m s\u1eefa chua Bear 1L SB-SC12C c\u00f3 h\u1ec7 th\u1ed1ng t\u1ecfa nhi\u1ec7t \u0111\u1ed3ng \u0111\u1ec1u, \u0111i\u1ec1u ch\u1ec9nh nhi\u1ec7t \u0111\u1ed9 \u1ed5n \u0111\u1ecbnh. T\u1eeb \u0111\u00f3 t\u1ea1o n\u00ean m\u00f4i tr\u01b0\u1eddng l\u00ean men to\u00e0n di\u1ec7n t\u1eeb 3 chi\u1ec1u, \u0111\u00e1nh th\u1ee9c h\u00e0ng t\u1ef7 l\u1ee3i khu\u1ea9n t\u1ed1t cho c\u01a1 th\u1ec3.<\/p>\n<p><strong>&#8211; Thao t\u00e1c s\u1eed d\u1ee5ng \u0111\u01a1n gi\u1ea3n:<\/strong>\u00a0B\u1ea1n v\u00e0 gia \u0111\u00ecnh c\u00f3 th\u1ec3 d\u1ec5 d\u00e0ng s\u1eed d\u1ee5ng s\u1ea3n ph\u1ea9m ch\u1ec9 v\u1edbi m\u1ed9t n\u00fat ch\u1ea1m. B\u1ea1n ch\u1ec9 c\u1ea7n ch\u1ecdn ch\u1ee9c n\u0103ng \u1ee7 mong mu\u1ed1n v\u00e0 nh\u1ea5n n\u00fat \u0111\u1ec3 m\u00e1y t\u1ef1 \u0111\u1ed9ng ti\u1ebfn h\u00e0nh qu\u00e1 tr\u00ecnh \u1ee7 s\u1eefa chua l\u00e0 xong. Nh\u1edd \u0111\u00f3, b\u1ea1n s\u1ebd kh\u00f4ng c\u00f2n m\u1ea5t th\u1eddi gian \u0111\u1ec3 gi\u00e1m s\u00e1t hay canh ch\u1eebng qu\u00e1 tr\u00ecnh l\u00ean men c\u1ee7a s\u1eefa.<\/p>\n<p><strong>&#8211; S\u1ea3n ph\u1ea9m ch\u00ednh h\u00e3ng c\u00f3 tem ph\u1ee5 ti\u1ebfng Vi\u1ec7t:<\/strong>\u00a0M\u00e1y l\u00e0m s\u1eefa chua Bear 1L SB-SC12C \u0111\u01b0\u1ee3c ph\u00e2n ph\u1ed1i ch\u00ednh h\u00e3ng b\u1edfi C\u00f4ng ty c\u1ed5 ph\u1ea7n Sube Vi\u1ec7t Nam. V\u00ec v\u1eady, khi mua s\u1ea3n ph\u1ea9m n\u00e0y b\u1ea1n s\u1ebd nh\u1eadn \u0111\u01b0\u1ee3c ch\u1ebf \u0111\u1ed9 b\u1ea3o h\u00e0nh l\u00ean \u0111\u1ebfn 18 th\u00e1ng, d\u00f9ng th\u1eed mi\u1ec5n ph\u00ed v\u00e0 l\u1ed7i 1 \u0111\u1ed5i 1 trong v\u00f2ng 30 ng\u00e0y. \u0110i\u1ec1u n\u00e0y \u0111\u1ea3m b\u1ea3o r\u1eb1ng b\u1ea1n ho\u00e0n to\u00e0n c\u00f3 th\u1ec3 tin t\u01b0\u1edfng v\u00e0o ch\u1ea5t l\u01b0\u1ee3ng c\u1ee7a s\u1ea3n ph\u1ea9m c\u0169ng nh\u01b0 d\u1ecbch v\u1ee5 h\u1eadu m\u00e3i.<\/p>\n<div><img loading=\"lazy\" decoding=\"async\" src=\"https:\/\/demo9.thuythu.vn\/sube\/wp-content\/uploads\/2024\/12\/2_1716203643_QIfVmg.png\" alt=\"\" width=\"800\" height=\"800\" \/><\/div>\n<h2><strong>IV. C\u00e1ch s\u1eed d\u1ee5ng m\u00e1y l\u00e0m s\u1eefa chua Bear 1L SB-SC12C<\/strong><\/h2>\n<p>T\u1ea5t c\u1ea3 c\u00e1c s\u1ea3n ph\u1ea9m \u0111\u1ed3 gia d\u1ee5ng c\u1ee7a Bear VietNam \u0111\u1ec1u c\u00f3 s\u00e1ch h\u01b0\u1edbng d\u1eabn s\u1eed d\u1ee5ng b\u1eb1ng ti\u1ebfng Vi\u1ec7t. \u0110\u1ec3 tr\u00e1nh x\u1ea3y ra c\u00e1c tai n\u1ea1n kh\u00f4ng mong mu\u1ed1n, b\u1ea1n c\u1ea7n \u0111\u1ecdc k\u1ef9 s\u00e1ch h\u01b0\u1edbng d\u1eabn s\u1eed d\u1ee5ng tr\u01b0\u1edbc khi d\u00f9ng m\u00e1y l\u00e0m s\u1eefa chua Bear 1L SB-SC12C.<\/p>\n<p><strong>&#8211; B\u01b0\u1edbc 1:\u00a0<\/strong>Sau khi k\u1ebft n\u1ed1i m\u00e1y v\u1edbi ngu\u1ed3n \u0111i\u1ec7n, \u0111\u00e8n b\u00e1o \u1edf 3 ch\u1ee9c n\u0103ng s\u1ebd nh\u1ea5p nh\u00e1y. H\u00e3y nh\u1ea5n ph\u00edm &#8220;Function&#8221; \u0111\u1ec3 ch\u1ecdn ch\u1ee9c n\u0103ng l\u00e0m s\u1eefa chua theo nhu c\u1ea7u v\u00e0 kh\u1ea9u v\u1ecb ri\u00eang c\u1ee7a b\u1ea1n.<\/p>\n<p><strong>&#8211; B\u01b0\u1edbc 2:<\/strong>\u00a0L\u00fac n\u00e0y, \u0111\u00e8n b\u00e1o ch\u1ee9c n\u0103ng v\u1eeba ch\u1ecdn s\u1ebd nh\u1ea5p nh\u00e1y. N\u1ebfu sau 5 gi\u00e2y b\u1ea1n kh\u00f4ng c\u00f3 b\u1ea5t k\u1ef3 thao t\u00e1c n\u00e0o kh\u00e1c, m\u00e1y s\u1ebd t\u1ef1 \u0111\u1ed9ng qu\u00e1 tr\u00ecnh l\u00e0m s\u1eefa chua v\u00e0 \u0111\u00e8n b\u00e1o ch\u1ee9c n\u0103ng t\u01b0\u01a1ng \u1ee9ng s\u1ebd s\u00e1ng li\u00ean t\u1ee5c.<\/p>\n<p><strong>&#8211; B\u01b0\u1edbc 3:\u00a0<\/strong>N\u1ebfu mu\u1ed1n h\u1ee7y b\u1ecf ch\u1ee9c n\u0103ng v\u1eeba ch\u1ecdn, b\u1ea1n c\u00f3 th\u1ec3 nh\u1ea5n n\u00fat &#8220;Function&#8221; \u0111\u1ec3 h\u1ee7y b\u1ecf v\u00e0 m\u00e1y s\u1ebd t\u1ef1 \u0111\u1ed9ng quay l\u1ea1i tr\u1ea1ng th\u00e1i ch\u1edd.<\/p>\n<p><em>*L\u01b0u \u00fd: Th\u1eddi gian ho\u00e0n th\u00e0nh qu\u00e1 tr\u00ecnh l\u00e0m s\u1eefa chua c\u1ee7a m\u1ed7i ch\u1ee9c n\u0103ng l\u00e0 kh\u00e1c nhau. D\u01b0\u1edbi \u0111\u00e2y l\u00e0 kho\u1ea3ng th\u1eddi gian t\u01b0\u01a1ng \u1ee9ng:<\/em><\/p>\n<ul>\n<li aria-level=\"1\"><em>Th\u1eddi gian c\u00e0i \u0111\u1eb7t ch\u1ee9c n\u0103ng &#8220;Slightly sour&#8221; (Chua nh\u1eb9) l\u00e0 8 ti\u1ebfng<\/em><\/li>\n<\/ul>\n<ul>\n<li aria-level=\"1\"><em>Th\u1eddi gian c\u00e0i \u0111\u1eb7t ch\u1ee9c n\u0103ng &#8220;Normal&#8221; (Ti\u00eau chu\u1ea9n) l\u00e0 10 ti\u1ebfng<\/em><\/li>\n<\/ul>\n<ul>\n<li aria-level=\"1\"><em>Th\u1eddi gian c\u00e0i \u0111\u1eb7t ch\u1ee9c n\u0103ng &#8220;Sour&#8221; (Chua) l\u00e0 12 ti\u1ebfng<\/em><\/li>\n<\/ul>\n<div><img loading=\"lazy\" decoding=\"async\" src=\"https:\/\/demo9.thuythu.vn\/sube\/wp-content\/uploads\/2024\/12\/3_1716203659_eOPvU4.png\" alt=\"\" width=\"800\" height=\"800\" \/><\/div>\n<h2><strong>V. L\u01b0u \u00fd khi s\u1eed d\u1ee5ng m\u00e1y l\u00e0m s\u1eefa chua Bear 1L SB-SC12C<\/strong><\/h2>\n<p>M\u00e1y l\u00e0m s\u1eefa chua Bear 1L SB-SC12C \u0111\u01b0\u1ee3c l\u00e0m t\u1eeb nh\u1eefng ch\u1ea5t li\u1ec7u cao c\u1ea5p v\u00e0 b\u1ec1n b\u1ec9 nh\u1ea5t n\u00ean c\u00f3 th\u1ec3 s\u1eed d\u1ee5ng trong kho\u1ea3ng th\u1eddi gian d\u00e0i m\u00e0 \u00edt b\u1ecb h\u1ecfng. Tuy nhi\u00ean, \u0111\u1ec3 thi\u1ebft b\u1ecb c\u00f3 th\u1ec3 k\u00e9o d\u00e0i tu\u1ed5i th\u1ecd b\u1ea1n c\u1ea7n ghi nh\u1edb m\u1ed9t s\u1ed1 l\u01b0u \u00fd sau:<\/p>\n<p>&#8211; Tr\u01b0\u1edbc khi s\u1eed d\u1ee5ng, h\u00e3y \u0111\u1ea3m b\u1ea3o r\u1eb1ng \u0111i\u1ec7n \u00e1p \u0111\u1ecbnh m\u1ee9c \u0111ang d\u00f9ng ph\u00f9 h\u1ee3p v\u1edbi \u0111i\u1ec7n \u00e1p nh\u00e0 s\u1ea3n xu\u1ea5t khuy\u1ebfn c\u00e1o \u0111\u01b0\u1ee3c in tr\u00ean v\u1ecf h\u1ed9p.<\/p>\n<p>&#8211; Vui l\u00f2ng v\u1eadn h\u00e0nh s\u1ea3n ph\u1ea9m tr\u00ean b\u1ec1 m\u1eb7t ph\u1eb3ng ch\u1eafc ch\u1eafn. Kh\u00f4ng s\u1eed d\u1ee5ng s\u1ea3n ph\u1ea9m tr\u00ean th\u1ea3m, kh\u0103n v\u00e0 v\u1eadt li\u1ec7u kh\u00e1c. \u0110\u1eb7c bi\u1ec7t gi\u1eef kho\u1ea3ng c\u00e1ch s\u1ea3n ph\u1ea9m v\u1edbi m\u00e9p b\u00e0n \u0111\u1ec3 tr\u00e1nh va ch\u1ea1m.<\/p>\n<p>&#8211; Kh\u00f4ng s\u1eed d\u1ee5ng s\u1ea3n ph\u1ea9m trong m\u00f4i tr\u01b0\u1eddng nhi\u1ec7t \u0111\u1ed9 cao g\u1ea7n b\u1ebfp gas ho\u1eb7c b\u1ebfp n\u1ea5u.<\/p>\n<p>&#8211; Tr\u1ebb em v\u00e0 ng\u01b0\u1eddi khuy\u1ebft t\u1eadt kh\u00f4ng n\u00ean s\u1eed d\u1ee5ng s\u1ea3n ph\u1ea9m n\u1ebfu kh\u00f4ng c\u00f3 s\u1ef1 gi\u00e1m s\u00e1t.<\/p>\n<p>&#8211; Kh\u00f4ng l\u00e0m \u01b0\u1edbt ho\u1eb7c ng\u00e2m tr\u1ef1c ti\u1ebfp th\u00e2n m\u00e1y v\u00e0 d\u00e2y \u0111i\u1ec7n v\u00e0o n\u01b0\u1edbc \u0111\u1ec3 tr\u00e1nh g\u00e2y \u0111i\u1ec7n gi\u1eadt ho\u1eb7c l\u00e0m h\u1ecfng s\u1ea3n ph\u1ea9m.<\/p>\n<p>&#8211; D\u00e2y ngu\u1ed3n b\u1ecb h\u1ecfng c\u1ea7n \u0111\u01b0\u1ee3c thay th\u1ebf b\u1eb1ng d\u00e2y ngu\u1ed3n\/ linh ki\u1ec7n t\u1eeb b\u1ed9 ph\u1eadn b\u1ea3o h\u00e0nh c\u1ee7a h\u00e3ng.<\/p>\n<p>&#8211; Thi\u1ebft b\u1ecb c\u1ea7n ph\u1ea3i \u0111\u1ec3 xa t\u1ea7m tay c\u1ee7a tr\u1ebb em khi \u0111ang s\u1eed d\u1ee5ng.<\/p>\n<p>&#8211; Kh\u00f4ng t\u1ef1 \u00fd s\u1eeda \u0111\u1ed5i ho\u1eb7c th\u00e1o r\u1eddi c\u00e1c linh ki\u1ec7n c\u1ee7a s\u1ea3n ph\u1ea9m, n\u1ebfu kh\u00f4ng c\u00f3 chuy\u00ean m\u00f4n v\u1ec1 \u0111i\u1ec7n.<\/p>\n<p>&#8211; Trong m\u00f9a \u0111\u00f4ng ho\u1eb7c khi b\u1ea3o qu\u1ea3n s\u1eefa t\u01b0\u01a1i ti\u1ec7t tr\u00f9ng trong t\u1ee7 l\u1ea1nh, nhi\u1ec7t \u0111\u1ed9 m\u00f4i tr\u01b0\u1eddng th\u1ea5p c\u00f3 th\u1ec3 l\u00e0m k\u00e9o d\u00e0i th\u1eddi gian l\u00ean men v\u00e0 \u1ea3nh h\u01b0\u1edfng \u0111\u1ebfn ch\u1ea5t l\u01b0\u1ee3ng c\u1ee7a s\u1eefa chua. \u0110\u1ec3 gi\u1ea3m thi\u1ec3u th\u1eddi gian c\u1ea7n thi\u1ebft cho qu\u00e1 tr\u00ecnh l\u00ean men v\u00e0 t\u0103ng c\u01b0\u1eddng h\u01b0\u01a1ng v\u1ecb, b\u1ea1n c\u00f3 th\u1ec3 th\u00eam n\u01b0\u1edbc \u1ea5m v\u1edbi nhi\u1ec7t \u0111\u1ed9 kho\u1ea3ng 40\u00b0C &#8211; 60\u00b0C v\u00e0o khoang ch\u1ee9a c\u1ee7a m\u00e1y.<\/p>\n<p>&#8211; S\u1eefa chua kh\u00f4ng n\u00ean \u0111\u01b0\u1ee3c l\u01b0u tr\u1eef trong t\u1ee7 l\u1ea1nh qu\u00e1 10 ng\u00e0y, t\u1ed1t nh\u1ea5t l\u00e0 n\u00ean ti\u00eau th\u1ee5 trong v\u00f2ng 3 ng\u00e0y. Vi khu\u1ea9n lactic c\u00f3 trong s\u1eefa chua s\u1ebd ho\u1ea1t \u0111\u1ed9ng m\u1ea1nh nh\u1ea5t trong kho\u1ea3ng th\u1eddi gian n\u00e0y.<\/p>\n<p>&#8211; N\u1ebfu trong qu\u00e1 tr\u00ecnh l\u00ean men, b\u1ea1n ph\u00e1t hi\u1ec7n c\u00f3 nhi\u1ec1u kh\u00ed v\u00e0 m\u00f9i h\u00f4i ph\u00e1t sinh, \u0111\u00f3 l\u00e0 d\u1ea5u hi\u1ec7u c\u1ee7a s\u1ef1 \u00f4 nhi\u1ec5m trong ngu\u1ed3n n\u01b0\u1edbc ho\u1eb7c s\u1eefa. Ng\u01b0\u1ee3c l\u1ea1i, n\u1ebfu c\u00f3 v\u1ecb chua v\u00e0 m\u00e0u tr\u1eafng v\u00e0ng, \u0111i\u1ec1u n\u00e0y cho th\u1ea5y qu\u00e1 tr\u00ecnh l\u00ean men \u0111ang di\u1ec5n ra r\u1ea5t t\u1ed1t.<\/p>\n<p>&#8211; Khi th\u1eddi gian l\u00ean men k\u00e9o d\u00e0i qu\u00e1 l\u00e2u, c\u00f3 th\u1ec3 sinh ra m\u1ed9t l\u01b0\u1ee3ng l\u1edbn ch\u1ea5t l\u1ecfng ph\u1ee5 (m\u00e0u v\u00e0ng v\u00e0 c\u00f3 v\u1ecb chua). \u0110\u00e2y l\u00e0 hi\u1ec7n t\u01b0\u1ee3ng b\u00ecnh th\u01b0\u1eddng v\u00e0 b\u1ea1n c\u00f3 th\u1ec3 khu\u1ea5y \u0111\u1ec1u tr\u01b0\u1edbc khi s\u1eed d\u1ee5ng.<\/p>\n<p>&#8211; Trong giai \u0111o\u1ea1n ph\u00e1t tri\u1ec3n c\u1ee7a tr\u1ebb, b\u1ea1n n\u00ean s\u1eed d\u1ee5ng s\u1eefa b\u1ed9t nguy\u00ean ch\u1ea5t ho\u1eb7c s\u1eefa t\u01b0\u01a1i. \u0110\u1ed1i v\u1edbi nh\u1eefng ng\u01b0\u1eddi mu\u1ed1n duy tr\u00ec c\u00e2n n\u1eb7ng ho\u1eb7c gi\u1ea3m c\u00e2n, n\u00ean l\u1ef1a ch\u1ecdn s\u1eefa kh\u00f4ng \u0111\u01b0\u1eddng ho\u1eb7c s\u1eefa t\u01b0\u01a1i \u00edt \u0111\u01b0\u1eddng.<\/p>\n<p>&#8211; Kh\u00f4ng s\u1eed d\u1ee5ng c\u00e1c lo\u1ea1i s\u1eefa c\u00f3 h\u01b0\u01a1ng v\u1ecb ho\u1eb7c fructose. \u0110i\u1ec1u n\u00e0y c\u00f3 th\u1ec3 t\u0103ng t\u1ed1c qu\u00e1 tr\u00ecnh l\u00ean men.<\/p>\n<p>&#8211; Trong tr\u01b0\u1eddng h\u1ee3p, b\u1ea1n g\u1eb7p ph\u1ea3i t\u00ecnh tr\u1ea1ng ti\u00eau ch\u1ea3y ho\u1eb7c \u0111au b\u1ee5ng khi ti\u00eau th\u1ee5 m\u1ebb s\u1eefa chua \u0111\u1ea7u ti\u00ean. Khi \u0111\u00f3, b\u1ea1n h\u00e3y gia t\u0103ng li\u1ec1u l\u01b0\u1ee3ng t\u1eeb 100ml l\u00ean 200ml-300ml m\u1ed7i l\u1ea7n \u0103n.<\/p>\n<div><img loading=\"lazy\" decoding=\"async\" src=\"https:\/\/demo9.thuythu.vn\/sube\/wp-content\/uploads\/2024\/12\/13_1716203686_rRGHcI.png\" alt=\"\" width=\"800\" height=\"800\" \/><\/div>\n<p><strong>M\u00e1y l\u00e0m s\u1eefa chua Bear 1L SB-SC12C\u00a0<\/strong>\u0111\u00e3 tr\u1edf th\u00e0nh tr\u1ee3 th\u1ee7 \u0111\u1eafc l\u1ef1c trong h\u00e0nh tr\u00ecnh ch\u0103m s\u00f3c s\u1ee9c kh\u1ecfe to\u00e0n di\u1ec7n c\u1ee7a m\u1ecdi gia \u0111\u00ecnh. V\u1edbi thi\u1ebft k\u1ebf ki\u1ec3u d\u00e1ng hi\u1ec7n \u0111\u1ea1i c\u00f9ng c\u00e1c t\u00ednh n\u0103ng th\u00f4ng minh, chi\u1ebfc m\u00e1y \u0111em \u0111\u1ebfn nh\u1eefng m\u1ebb s\u1eefa chua c\u00f3 ch\u1ea5t l\u01b0\u1ee3ng \u0111\u1ea1t chu\u1ea9n. C\u00f2n ch\u1ea7n ch\u1edd g\u00ec m\u00e0 kh\u00f4ng nhanh tay \u0111\u1eb7t mua ngay chi\u1ebfc m\u00e1y l\u00e0m s\u1eefa chua Bear 1L SB-SC12C!<\/p>\n","protected":false},"excerpt":{"rendered":"<p>Dung t\u00edch 1L v\u1eeba \u0111\u1ee7 cho c\u00e1c h\u1ed9 gia \u0111\u00ecnh t\u1eeb 2 &#8211; 4 ng\u01b0\u1eddi Khung m\u00e1y l\u00e0m t\u1eeb ch\u1ea5t li\u1ec7u PP cao c\u1ea5p, \u0111\u1ea3m b\u1ea3o nhi\u1ec7t \u0111\u1ed9 \u1ed5n \u0111\u1ecbnh c\u1ee7a s\u1eefa chua T\u1ef1 l\u00e0m s\u1eefa chua kh\u00f4ng c\u1ea7n ti\u1ec7t tr\u00f9ng d\u1ee5ng c\u1ee5 (l\u00ean men c\u1ea3 s\u1eefa h\u1ed9p) \u0110i\u1ec1u ch\u1ec9nh m\u1ee9c \u0111\u1ed9 axit th\u00f4ng minh: [&#8230;]\n","protected":false},"featured_media":1683,"comment_status":"open","ping_status":"closed","template":"","meta":{"_acf_changed":false,"inline_featured_image":false},"product_cat":[222],"product_tag":[],"class_list":{"0":"post-1677","1":"product","2":"type-product","3":"status-publish","4":"has-post-thumbnail","6":"product-brand-bear","7":"product_cat-may-lam-sua-chua-bear","9":"first","10":"instock","11":"sale","12":"purchasable","13":"product-type-variable","14":"has-default-attributes"},"acf":[],"_links":{"self":[{"href":"https:\/\/demo9.thuythu.vn\/sube\/wp-json\/wp\/v2\/product\/1677"}],"collection":[{"href":"https:\/\/demo9.thuythu.vn\/sube\/wp-json\/wp\/v2\/product"}],"about":[{"href":"https:\/\/demo9.thuythu.vn\/sube\/wp-json\/wp\/v2\/types\/product"}],"replies":[{"embeddable":true,"href":"https:\/\/demo9.thuythu.vn\/sube\/wp-json\/wp\/v2\/comments?post=1677"}],"wp:featuredmedia":[{"embeddable":true,"href":"https:\/\/demo9.thuythu.vn\/sube\/wp-json\/wp\/v2\/media\/1683"}],"wp:attachment":[{"href":"https:\/\/demo9.thuythu.vn\/sube\/wp-json\/wp\/v2\/media?parent=1677"}],"wp:term":[{"taxonomy":"product_cat","embeddable":true,"href":"https:\/\/demo9.thuythu.vn\/sube\/wp-json\/wp\/v2\/product_cat?post=1677"},{"taxonomy":"product_tag","embeddable":true,"href":"https:\/\/demo9.thuythu.vn\/sube\/wp-json\/wp\/v2\/product_tag?post=1677"}],"curies":[{"name":"wp","href":"https:\/\/api.w.org\/{rel}","templated":true}]}}