{"id":1635,"date":"2024-12-15T03:15:13","date_gmt":"2024-12-14T20:15:13","guid":{"rendered":"https:\/\/demo9.thuythu.vn\/sube\/ch\u01b0a%20ph\u00e2n%20lo\u1ea1i\/may-danh-trung-cam-tay-bear-ddq-b02l1\/"},"modified":"2024-12-18T09:38:08","modified_gmt":"2024-12-18T02:38:08","slug":"may-danh-trung-cam-tay-bear-ddq-b02l1","status":"publish","type":"product","link":"https:\/\/demo9.thuythu.vn\/sube\/may-danh-trung-cam-tay-bear-ddq-b02l1.html","title":{"rendered":"M\u00e1y \u0111\u00e1nh tr\u1ee9ng c\u1ea7m tay Bear DDQ-B02L1"},"content":{"rendered":"<div class=\"text\">\n<p><strong>M\u00e1y \u0110\u00e1nh Tr\u1ee9ng C\u1ea7m Tay Bear DDQ-B02L1 l\u00e0 m\u1ed9t trong nh\u1eefng d\u1ee5ng c\u1ee5 l\u00e0m b\u1ebfp kh\u00f4ng th\u1ec3 thi\u1ebfu trong c\u0103n b\u1ebfp c\u1ee7a m\u1ecdi ch\u1ecb em. T\u00edch h\u1ee3p 2 trong m\u1ed9t v\u1eeba l\u00e0 m\u1ed9t chi\u1ebfc m\u00e1y \u0111\u00e1nh tr\u1ee9ng c\u1ea7m tay v\u1eeba l\u00e0 phi\u00ean b\u1ea3n m\u00e1y nh\u1ed3i b\u1ed9t mini c\u1ea7m tay ti\u1ec7n l\u1ee3i.\u00a0Bear DDQ-B02L1 tr\u1ee3 th\u1ee7 \u0111\u00edch th\u1ef1c trong c\u0103n b\u1ebfp c\u1ee7a b\u1ea1n.<br \/>\n<\/strong><img decoding=\"async\" src=\"https:\/\/demo9.thuythu.vn\/sube\/wp-content\/uploads\/2024\/12\/may-danh-trung-cam-t_1606977456_UAl29D.jpeg\" \/><img decoding=\"async\" src=\"https:\/\/demo9.thuythu.vn\/sube\/wp-content\/uploads\/2024\/12\/may-danh-trung-cam-t_1606977456_BPIdzR.jpeg\" \/><img decoding=\"async\" src=\"https:\/\/demo9.thuythu.vn\/sube\/wp-content\/uploads\/2024\/12\/may-danh-trung-cam-t_1606977457_Ei4Ryv.jpeg\" \/><img decoding=\"async\" src=\"https:\/\/demo9.thuythu.vn\/sube\/wp-content\/uploads\/2024\/12\/may-danh-trung-cam-t_1606977457_TVH0Bu.jpeg\" \/><img decoding=\"async\" src=\"https:\/\/demo9.thuythu.vn\/sube\/wp-content\/uploads\/2024\/12\/may-danh-trung-cam-t_1606977457_PjDynx.jpeg\" \/><img decoding=\"async\" src=\"https:\/\/demo9.thuythu.vn\/sube\/wp-content\/uploads\/2024\/12\/may-danh-trung-cam-t_1606977457_hp0OaT.jpeg\" \/><img decoding=\"async\" src=\"https:\/\/demo9.thuythu.vn\/sube\/wp-content\/uploads\/2024\/12\/may-danh-trung-cam-t_1606977457_WlTu22.jpeg\" \/><img decoding=\"async\" src=\"https:\/\/demo9.thuythu.vn\/sube\/wp-content\/uploads\/2024\/12\/may-danh-trung-cam-t_1606977457_z8N2TH.jpeg\" \/><img decoding=\"async\" src=\"https:\/\/demo9.thuythu.vn\/sube\/wp-content\/uploads\/2024\/12\/may-danh-trung-cam-t_1606977457_Ripwxv.jpeg\" \/><img decoding=\"async\" src=\"https:\/\/demo9.thuythu.vn\/sube\/wp-content\/uploads\/2024\/12\/may-danh-trung-cam-t_1606977457_iaU0at.jpeg\" \/><img decoding=\"async\" src=\"https:\/\/demo9.thuythu.vn\/sube\/wp-content\/uploads\/2024\/12\/may-danh-trung-cam-t_1606977457_Vwgd8C.jpeg\" \/><img decoding=\"async\" src=\"https:\/\/demo9.thuythu.vn\/sube\/wp-content\/uploads\/2024\/12\/may-danh-trung-cam-t_1606977457_Vc66NJ.jpeg\" \/><img decoding=\"async\" src=\"https:\/\/demo9.thuythu.vn\/sube\/wp-content\/uploads\/2024\/12\/may-danh-trung-cam-t_1606977457_RXqZAa.jpeg\" \/><img decoding=\"async\" src=\"https:\/\/demo9.thuythu.vn\/sube\/wp-content\/uploads\/2024\/12\/may-danh-trung-cam-t_1606977457_lhyXYk.jpeg\" \/><img decoding=\"async\" src=\"https:\/\/demo9.thuythu.vn\/sube\/wp-content\/uploads\/2024\/12\/may-danh-trung-cam-t_1606977457_pfLzmu.jpeg\" \/><img decoding=\"async\" src=\"https:\/\/demo9.thuythu.vn\/sube\/wp-content\/uploads\/2024\/12\/may-danh-trung-cam-t_1606977457_U6knzx.jpeg\" \/><img decoding=\"async\" src=\"https:\/\/demo9.thuythu.vn\/sube\/wp-content\/uploads\/2024\/12\/may-danh-trung-cam-t_1606977457_ZNQrqf.jpeg\" \/><img decoding=\"async\" src=\"https:\/\/demo9.thuythu.vn\/sube\/wp-content\/uploads\/2024\/12\/may-danh-trung-cam-t_1606977457_aK3n3z.jpeg\" \/><br \/>\n\u0110\u00e1nh tr\u1ee9ng v\u00e0 nh\u1ed3i b\u1ed9t nhanh ch\u00f3ng v\u00e0 \u0111\u01a1n gi\u1ea3n h\u01a1n v\u1edbi\u00a0m\u00e1y \u0111\u00e1nh tr\u1ee9ng, nh\u1ed3i b\u1ed9t\u00a0Bear DDQ-B02L1. Li\u00ean h\u1ec7 ngay \u0111\u1ec3 nh\u1eadn b\u00e1o gi\u00e1 v\u00e0 t\u01b0 v\u1ea5n chi ti\u1ebft v\u1ec1 Bear DDQ-B02L1 nh\u00e9!<\/p>\n<\/div>\n","protected":false},"excerpt":{"rendered":"<p>M\u00e1y \u0110\u00e1nh Tr\u1ee9ng C\u1ea7m Tay Bear DDQ-B02L1 l\u00e0 m\u1ed9t trong nh\u1eefng d\u1ee5ng c\u1ee5 l\u00e0m b\u1ebfp kh\u00f4ng th\u1ec3 thi\u1ebfu trong c\u0103n b\u1ebfp c\u1ee7a m\u1ecdi ch\u1ecb em. T\u00edch h\u1ee3p 2 trong m\u1ed9t v\u1eeba l\u00e0 m\u1ed9t chi\u1ebfc m\u00e1y \u0111\u00e1nh tr\u1ee9ng c\u1ea7m tay v\u1eeba l\u00e0 phi\u00ean b\u1ea3n m\u00e1y nh\u1ed3i b\u1ed9t mini c\u1ea7m tay ti\u1ec7n l\u1ee3i.\u00a0Bear DDQ-B02L1 tr\u1ee3 th\u1ee7 \u0111\u00edch [&#8230;]\n","protected":false},"featured_media":1654,"comment_status":"open","ping_status":"closed","template":"","meta":{"_acf_changed":false,"inline_featured_image":false},"product_cat":[152,131],"product_tag":[],"class_list":{"0":"post-1635","1":"product","2":"type-product","3":"status-publish","4":"has-post-thumbnail","6":"product-brand-bear","7":"product_cat-do-lam-banh","8":"product_cat-do-gia-dung-nha-bep","10":"first","11":"outofstock","12":"sale","13":"purchasable","14":"product-type-variable"},"acf":[],"_links":{"self":[{"href":"https:\/\/demo9.thuythu.vn\/sube\/wp-json\/wp\/v2\/product\/1635"}],"collection":[{"href":"https:\/\/demo9.thuythu.vn\/sube\/wp-json\/wp\/v2\/product"}],"about":[{"href":"https:\/\/demo9.thuythu.vn\/sube\/wp-json\/wp\/v2\/types\/product"}],"replies":[{"embeddable":true,"href":"https:\/\/demo9.thuythu.vn\/sube\/wp-json\/wp\/v2\/comments?post=1635"}],"wp:featuredmedia":[{"embeddable":true,"href":"https:\/\/demo9.thuythu.vn\/sube\/wp-json\/wp\/v2\/media\/1654"}],"wp:attachment":[{"href":"https:\/\/demo9.thuythu.vn\/sube\/wp-json\/wp\/v2\/media?parent=1635"}],"wp:term":[{"taxonomy":"product_cat","embeddable":true,"href":"https:\/\/demo9.thuythu.vn\/sube\/wp-json\/wp\/v2\/product_cat?post=1635"},{"taxonomy":"product_tag","embeddable":true,"href":"https:\/\/demo9.thuythu.vn\/sube\/wp-json\/wp\/v2\/product_tag?post=1635"}],"curies":[{"name":"wp","href":"https:\/\/api.w.org\/{rel}","templated":true}]}}