{"id":1633,"date":"2024-12-15T03:13:34","date_gmt":"2024-12-14T20:13:34","guid":{"rendered":"https:\/\/demo9.thuythu.vn\/sube\/ch\u01b0a%20ph\u00e2n%20lo\u1ea1i\/may-dam-lung-bear-amq-a01x1-ma-b01v1-hang-quoc-te\/"},"modified":"2024-12-18T10:26:02","modified_gmt":"2024-12-18T03:26:02","slug":"may-dam-lung-bear-amq-a01x1-ma-b01v1-hang-quoc-te","status":"publish","type":"product","link":"https:\/\/demo9.thuythu.vn\/sube\/may-dam-lung-bear-ma-b01v1.html","title":{"rendered":"M\u00e1y \u0110\u1ea5m L\u01b0ng Bear AMQ-A01X1 (MA-B01V1) &#8211; H\u00e0ng Qu\u1ed1c T\u1ebf"},"content":{"rendered":"<p>M\u00e1y \u0111\u1ea5m l\u01b0ng Bear AMQ-A01X1 (m\u00e3 qu\u1ed1c t\u1ebf MA-B01V1) s\u1eed d\u1ee5ng c\u00f4ng ngh\u1ec7 Nh\u1eadt B\u1ea3n m\u00f4 ph\u1ecfng k\u1ef9 thu\u1eadt \u0111\u1ea5m l\u01b0ng nh\u01b0 tay ng\u01b0\u1eddi mang \u0111\u1ebfn cho ng\u01b0\u1eddi d\u00f9ng c\u1ea3m gi\u00e1c th\u01b0 gi\u00e3n v\u00f9ng l\u01b0ng, vai g\u00e1y v\u00e0 b\u1eafp \u0111\u00f9i v\u00f4 c\u00f9ng hi\u1ec7u qu\u1ea3. C\u00f9ng Sube Vi\u1ec7t Nam tr\u1ea3i nghi\u1ec7m ngay nh\u1eefng t\u00ednh n\u0103ng tuy\u1ec7t v\u1eddi c\u1ee7a m\u00e1y \u0111\u1ea5m l\u01b0ng ch\u00ednh h\u00e3ng Bear phi\u00ean b\u1ea3n qu\u1ed1c t\u1ebf nh\u00e9.<br \/>\n<img decoding=\"async\" src=\"https:\/\/demo9.thuythu.vn\/sube\/wp-content\/uploads\/2024\/12\/may-dam-lung-bear-am_1629080222_MXw4YH.jpeg\" \/><img decoding=\"async\" src=\"https:\/\/demo9.thuythu.vn\/sube\/wp-content\/uploads\/2024\/12\/may-dam-lung-bear-am_1629080222_xRREkb.jpeg\" \/><img decoding=\"async\" src=\"https:\/\/demo9.thuythu.vn\/sube\/wp-content\/uploads\/2024\/12\/may-dam-lung-bear-am_1629080222_AAACN5.jpeg\" \/><img decoding=\"async\" src=\"https:\/\/demo9.thuythu.vn\/sube\/wp-content\/uploads\/2024\/12\/may-dam-lung-bear-am_1629080222_Yk5AO5.jpeg\" \/><img decoding=\"async\" src=\"https:\/\/demo9.thuythu.vn\/sube\/wp-content\/uploads\/2024\/12\/may-dam-lung-bear-am_1629080222_T0T49k.jpeg\" \/><img decoding=\"async\" src=\"https:\/\/demo9.thuythu.vn\/sube\/wp-content\/uploads\/2024\/12\/may-dam-lung-bear-am_1629080223_yzDSDD.jpeg\" \/><img decoding=\"async\" src=\"https:\/\/demo9.thuythu.vn\/sube\/wp-content\/uploads\/2024\/12\/may-dam-lung-bear-am_1629080221_4cnmAy.jpeg\" \/><img decoding=\"async\" src=\"https:\/\/demo9.thuythu.vn\/sube\/wp-content\/uploads\/2024\/12\/may-dam-lung-bear-am_1629080221_kjrhoC.jpeg\" \/><img decoding=\"async\" src=\"https:\/\/demo9.thuythu.vn\/sube\/wp-content\/uploads\/2024\/12\/may-dam-lung-bear-am_1629080221_Pt8ICS.jpeg\" \/><img decoding=\"async\" src=\"https:\/\/demo9.thuythu.vn\/sube\/wp-content\/uploads\/2024\/12\/may-dam-lung-bear-am_1629080222_RlTWBc.jpeg\" \/><img decoding=\"async\" src=\"https:\/\/demo9.thuythu.vn\/sube\/wp-content\/uploads\/2024\/12\/may-dam-lung-bear-am_1629080222_2HjVj8.jpeg\" \/><img decoding=\"async\" src=\"https:\/\/demo9.thuythu.vn\/sube\/wp-content\/uploads\/2024\/12\/may-dam-lung-bear-am_1629080222_CNOdts.jpeg\" \/><img decoding=\"async\" src=\"https:\/\/demo9.thuythu.vn\/sube\/wp-content\/uploads\/2024\/12\/may-dam-lung-bear-am_1629080222_1lxBdA.jpeg\" \/><img decoding=\"async\" src=\"https:\/\/demo9.thuythu.vn\/sube\/wp-content\/uploads\/2024\/12\/may-dam-lung-bear-am_1629080222_EidEcf.jpeg\" \/><img decoding=\"async\" src=\"https:\/\/demo9.thuythu.vn\/sube\/wp-content\/uploads\/2024\/12\/may-dam-lung-bear-am_1629080222_F1jbQy.jpeg\" \/><br \/>\nM\u00e1y \u0111\u1ea5m l\u01b0ng Bear AMQ-A01X1 (MA-B01V1) \u0111\u01b0\u1ee3c ph\u00e2n ph\u1ed1i ch\u00ednh h\u00e3ng t\u1ea1i Sube.vn v\u1edbi m\u1ee9c gi\u00e1 t\u1ed1t nh\u1ea5t k\u00e8m ch\u00ednh s\u00e1ch b\u1ea3o h\u00e0nh 18 th\u00e1ng. Nhanh tay li\u00ean h\u1ec7 Sube \u0111\u1eb7t h\u00e0ng ngay h\u00f4m nay nh\u00e9.<\/p>\n","protected":false},"excerpt":{"rendered":"<p>M\u00e1y \u0111\u1ea5m l\u01b0ng Bear AMQ-A01X1 (m\u00e3 qu\u1ed1c t\u1ebf MA-B01V1) s\u1eed d\u1ee5ng c\u00f4ng ngh\u1ec7 Nh\u1eadt B\u1ea3n m\u00f4 ph\u1ecfng k\u1ef9 thu\u1eadt \u0111\u1ea5m l\u01b0ng nh\u01b0 tay ng\u01b0\u1eddi mang \u0111\u1ebfn cho ng\u01b0\u1eddi d\u00f9ng c\u1ea3m gi\u00e1c th\u01b0 gi\u00e3n v\u00f9ng l\u01b0ng, vai g\u00e1y v\u00e0 b\u1eafp \u0111\u00f9i v\u00f4 c\u00f9ng hi\u1ec7u qu\u1ea3. C\u00f9ng Sube Vi\u1ec7t Nam tr\u1ea3i nghi\u1ec7m ngay nh\u1eefng t\u00ednh n\u0103ng tuy\u1ec7t [&#8230;]\n","protected":false},"featured_media":1339,"comment_status":"open","ping_status":"closed","template":"","meta":{"_acf_changed":false,"inline_featured_image":false},"product_cat":[211],"product_tag":[],"class_list":{"0":"post-1633","1":"product","2":"type-product","3":"status-publish","4":"has-post-thumbnail","6":"product-brand-bear","7":"product_cat-thiet-bi-cham-soc-ca-nhan","9":"first","10":"instock","11":"sale","12":"purchasable","13":"product-type-variable","14":"has-default-attributes"},"acf":[],"_links":{"self":[{"href":"https:\/\/demo9.thuythu.vn\/sube\/wp-json\/wp\/v2\/product\/1633"}],"collection":[{"href":"https:\/\/demo9.thuythu.vn\/sube\/wp-json\/wp\/v2\/product"}],"about":[{"href":"https:\/\/demo9.thuythu.vn\/sube\/wp-json\/wp\/v2\/types\/product"}],"replies":[{"embeddable":true,"href":"https:\/\/demo9.thuythu.vn\/sube\/wp-json\/wp\/v2\/comments?post=1633"}],"wp:featuredmedia":[{"embeddable":true,"href":"https:\/\/demo9.thuythu.vn\/sube\/wp-json\/wp\/v2\/media\/1339"}],"wp:attachment":[{"href":"https:\/\/demo9.thuythu.vn\/sube\/wp-json\/wp\/v2\/media?parent=1633"}],"wp:term":[{"taxonomy":"product_cat","embeddable":true,"href":"https:\/\/demo9.thuythu.vn\/sube\/wp-json\/wp\/v2\/product_cat?post=1633"},{"taxonomy":"product_tag","embeddable":true,"href":"https:\/\/demo9.thuythu.vn\/sube\/wp-json\/wp\/v2\/product_tag?post=1633"}],"curies":[{"name":"wp","href":"https:\/\/api.w.org\/{rel}","templated":true}]}}