{"id":1631,"date":"2024-12-15T03:13:34","date_gmt":"2024-12-14T20:13:34","guid":{"rendered":"https:\/\/demo9.thuythu.vn\/sube\/ch\u01b0a%20ph\u00e2n%20lo\u1ea1i\/luoi-dao-may-xay-thit-bear-phu-kien-bao-hanh-qsj-c04r8s\/"},"modified":"2024-12-18T10:17:40","modified_gmt":"2024-12-18T03:17:40","slug":"luoi-dao-may-xay-thit-bear-phu-kien-bao-hanh-qsj-c04r8s","status":"publish","type":"product","link":"https:\/\/demo9.thuythu.vn\/sube\/luoi-dao-may-xay-thit-bear-qsj-c04r8s.html","title":{"rendered":"L\u01b0\u1ee1i dao m\u00e1y xay th\u1ecbt Bear &#8211; Ph\u1ee5 ki\u1ec7n b\u1ea3o h\u00e0nh QSJ-C04R8S"},"content":{"rendered":"<p>L\u01b0\u1ee1i xay c\u1ee7a m\u00e1y xay th\u1ecbt Bear\u00a0b\u00e1n l\u1ebb, ph\u1ee5 ki\u1ec7n m\u00e1y xay th\u1ecbt Bear &#8211; dung t\u00edch 2.5L. S\u1ea3n ph\u1ea9m ph\u00f9 h\u1ee3p v\u1edbi c\u00e1c d\u00f2ng m\u00e1y xay th\u1ecbt Bear, c\u1ee5 th\u1ec3 m\u00e3 s\u1ea3n ph\u1ea9m QSJ-C04R8S.<\/p>\n<p><img decoding=\"async\" src=\"https:\/\/demo9.thuythu.vn\/sube\/wp-content\/uploads\/2024\/12\/bo-dao-may-xay-qsj-c_1638762243_gxlJn9.jpeg\" \/><img decoding=\"async\" src=\"https:\/\/demo9.thuythu.vn\/sube\/wp-content\/uploads\/2024\/12\/bo-dao-may-xay-qsj-c_1638762372_Rysep7.jpeg\" \/><img decoding=\"async\" src=\"https:\/\/demo9.thuythu.vn\/sube\/wp-content\/uploads\/2024\/12\/bo-dao-may-xay-qsj-c_1638762388_UiYYY0.jpeg\" \/><img decoding=\"async\" src=\"https:\/\/demo9.thuythu.vn\/sube\/wp-content\/uploads\/2024\/12\/bo-dao-may-xay-qsj-c_1638762382_fpjDEb.jpeg\" \/><\/p>\n","protected":false},"excerpt":{"rendered":"<p>L\u01b0\u1ee1i xay c\u1ee7a m\u00e1y xay th\u1ecbt Bear\u00a0b\u00e1n l\u1ebb, ph\u1ee5 ki\u1ec7n m\u00e1y xay th\u1ecbt Bear &#8211; dung t\u00edch 2.5L. S\u1ea3n ph\u1ea9m ph\u00f9 h\u1ee3p v\u1edbi c\u00e1c d\u00f2ng m\u00e1y xay th\u1ecbt Bear, c\u1ee5 th\u1ec3 m\u00e3 s\u1ea3n ph\u1ea9m QSJ-C04R8S.<\/p>\n","protected":false},"featured_media":1632,"comment_status":"open","ping_status":"closed","template":"","meta":{"_acf_changed":false,"inline_featured_image":false},"product_cat":[132,131],"product_tag":[],"class_list":{"0":"post-1631","1":"product","2":"type-product","3":"status-publish","4":"has-post-thumbnail","6":"product-brand-bear","7":"product_cat-phu-kien-gia-dung","8":"product_cat-do-gia-dung-nha-bep","10":"first","11":"instock","12":"sale","13":"purchasable","14":"product-type-simple"},"acf":[],"_links":{"self":[{"href":"https:\/\/demo9.thuythu.vn\/sube\/wp-json\/wp\/v2\/product\/1631"}],"collection":[{"href":"https:\/\/demo9.thuythu.vn\/sube\/wp-json\/wp\/v2\/product"}],"about":[{"href":"https:\/\/demo9.thuythu.vn\/sube\/wp-json\/wp\/v2\/types\/product"}],"replies":[{"embeddable":true,"href":"https:\/\/demo9.thuythu.vn\/sube\/wp-json\/wp\/v2\/comments?post=1631"}],"wp:featuredmedia":[{"embeddable":true,"href":"https:\/\/demo9.thuythu.vn\/sube\/wp-json\/wp\/v2\/media\/1632"}],"wp:attachment":[{"href":"https:\/\/demo9.thuythu.vn\/sube\/wp-json\/wp\/v2\/media?parent=1631"}],"wp:term":[{"taxonomy":"product_cat","embeddable":true,"href":"https:\/\/demo9.thuythu.vn\/sube\/wp-json\/wp\/v2\/product_cat?post=1631"},{"taxonomy":"product_tag","embeddable":true,"href":"https:\/\/demo9.thuythu.vn\/sube\/wp-json\/wp\/v2\/product_tag?post=1631"}],"curies":[{"name":"wp","href":"https:\/\/api.w.org\/{rel}","templated":true}]}}