{"id":1569,"date":"2024-12-15T03:13:34","date_gmt":"2024-12-14T20:13:34","guid":{"rendered":"https:\/\/demo9.thuythu.vn\/sube\/ch\u01b0a%20ph\u00e2n%20lo\u1ea1i\/de-lam-nong-bear-drbd-c16j5-green\/"},"modified":"2024-12-18T09:09:10","modified_gmt":"2024-12-18T02:09:10","slug":"de-lam-nong-bear-drbd-c16j5-green","status":"publish","type":"product","link":"https:\/\/demo9.thuythu.vn\/sube\/de-lam-nong-bear-drbd-c16j5-green.html","title":{"rendered":"\u0110\u1ebf l\u00e0m n\u00f3ng Bear DRBD-C16J5 &#8211; Green"},"content":{"rendered":"<h2>C\u00f4ng d\u1ee5ng c\u1ee7a \u0110\u1ebf l\u00e0m n\u00f3ng \u0111\u1ed3 u\u1ed1ng DRBD-C16J5<\/h2>\n<figure id=\"attachment_9093\" class=\"wp-caption aligncenter\" aria-describedby=\"caption-attachment-9093\"><img loading=\"lazy\" decoding=\"async\" class=\"size-full wp-image-9093 lazyloaded\" src=\"https:\/\/demo9.thuythu.vn\/sube\/wp-content\/uploads\/2024\/12\/de-lam-nong-do-uong-drbc-c16j5-1.jpg\" sizes=\"(max-width: 1428px) 100vw, 1428px\" srcset=\"https:\/\/demo9.thuythu.vn\/sube\/wp-content\/uploads\/2024\/12\/de-lam-nong-do-uong-drbc-c16j5-1.jpg 1428w, https:\/\/demo9.thuythu.vn\/sube\/wp-content\/uploads\/2024\/12\/de-lam-nong-do-uong-drbc-c16j5-1-768x768-1.jpg 768w, https:\/\/demo9.thuythu.vn\/sube\/wp-content\/uploads\/2024\/12\/de-lam-nong-do-uong-drbc-c16j5-1-600x600-1.jpg 600w, https:\/\/demo9.thuythu.vn\/sube\/wp-content\/uploads\/2024\/12\/de-lam-nong-do-uong-drbc-c16j5-1-800x800-1.jpg 800w, https:\/\/demo9.thuythu.vn\/sube\/wp-content\/uploads\/2024\/12\/de-lam-nong-do-uong-drbc-c16j5-1-100x100-1.jpg 100w\" alt=\"C\u00f4ng d\u1ee5ng c\u1ee7a \u0110\u1ebf l\u00e0m n\u00f3ng \u0111\u1ed3 u\u1ed1ng DRBD-C16J5\" width=\"1428\" height=\"1428\" data-ll-status=\"loaded\" \/><figcaption id=\"caption-attachment-9093\" class=\"wp-caption-text\">C\u00f4ng d\u1ee5ng c\u1ee7a \u0110\u1ebf l\u00e0m n\u00f3ng \u0111\u1ed3 u\u1ed1ng DRBD-C16J5<\/figcaption><\/figure>\n<ul>\n<li>Kh\u1ea3 n\u0103ng t\u1ef1 c\u1ea3m \u1ee9ng nhi\u1ec7t nhanh ch\u00f3ng, ph\u00f9 h\u1ee3p v\u1edbi nh\u1eefng ng\u01b0\u1eddi b\u1eadn r\u1ed9n, ch\u1ec9 c\u1ea7n \u0111\u1eb7t c\u1ed1c xu\u1ed1ng m\u00e1y s\u1ebd t\u1ef1 \u0111\u1ed9ng l\u00e0m n\u00f3ng, l\u1ea5y c\u1ed1c ra m\u00e1y t\u1ef1 ng\u1eaft.<\/li>\n<li>Nhi\u1ec7t \u0111\u1ed9 gi\u1eef \u1ea5m v\u1eeba ph\u1ea3i, trung b\u00ecnh kho\u1ea3ng 55 \u0111\u1ed9 C gi\u00fap ng\u01b0\u1eddi d\u00f9ng c\u1ea3m nh\u1eadn \u0111\u01b0\u1ee3c h\u01a1i \u1ea5m v\u1eeba ph\u1ea3i t\u1eeb l\u00f2ng b\u00e0n tay<\/li>\n<li>\u0110\u1ebf l\u00e0m n\u00f3ng hi\u1ec7n \u0111\u1ea1i, t\u0103ng di\u1ec7n t\u00edch ti\u1ebfp x\u00fac v\u00e0 t\u1ecfa nhi\u1ec7t \u0111\u1ec1u gi\u00fap l\u00e0m n\u00f3ng \u0111\u1ec1u v\u00e0 nhanh ch\u00f3ng.<\/li>\n<li>Kh\u00f4ng ch\u1ec9 l\u00e0m n\u00f3ng v\u1edbi v\u1eadt li\u1ec7u s\u1ee9, \u0111\u1ebf h\u00e2m n\u00f3ng Bear c\u00f2n l\u00e0m \u1ea5m \u0111\u01b0\u1ee3c c\u00e1c lo\u1ea1i ch\u1ea5t li\u1ec7u nh\u01b0 inox, b\u00ecnh s\u1eefa, th\u1ee7y tinh\u2026<\/li>\n<li>T\u01b0\u01a1ng th\u00edch v\u1edbi nhi\u1ec1u lo\u1ea1i ch\u1ea5t li\u1ec7u, ch\u1ec9 c\u1ea7n \u0111\u1eb7t l\u00ean \u0111\u1ebf l\u00e0m n\u00f3ng.<\/li>\n<\/ul>\n<div id=\"more\">\n<h2>B\u1ed9 ph\u1ee5 ki\u1ec7n c\u1ee7a \u0110\u1ebf l\u00e0m n\u00f3ng \u0111\u1ed3 u\u1ed1ng Bear DRBC-C16J5<\/h2>\n<figure id=\"attachment_9094\" class=\"wp-caption aligncenter\" aria-describedby=\"caption-attachment-9094\"><img loading=\"lazy\" decoding=\"async\" class=\"size-full wp-image-9094 lazyloaded\" src=\"https:\/\/demo9.thuythu.vn\/sube\/wp-content\/uploads\/2024\/12\/de-lam-nong-do-uong-drbc-c16j5-2.jpg\" sizes=\"(max-width: 1428px) 100vw, 1428px\" srcset=\"https:\/\/demo9.thuythu.vn\/sube\/wp-content\/uploads\/2024\/12\/de-lam-nong-do-uong-drbc-c16j5-2.jpg 1428w, https:\/\/demo9.thuythu.vn\/sube\/wp-content\/uploads\/2024\/12\/de-lam-nong-do-uong-drbc-c16j5-2-768x768-1.jpg 768w, https:\/\/demo9.thuythu.vn\/sube\/wp-content\/uploads\/2024\/12\/de-lam-nong-do-uong-drbc-c16j5-2-600x600-1.jpg 600w, https:\/\/demo9.thuythu.vn\/sube\/wp-content\/uploads\/2024\/12\/de-lam-nong-do-uong-drbc-c16j5-2-800x800-1.jpg 800w, https:\/\/demo9.thuythu.vn\/sube\/wp-content\/uploads\/2024\/12\/de-lam-nong-do-uong-drbc-c16j5-2-100x100-1.jpg 100w\" alt=\"B\u1ed9 ph\u1ee5 ki\u1ec7n c\u1ee7a \u0110\u1ebf l\u00e0m n\u00f3ng \u0111\u1ed3 u\u1ed1ng Bear DRBC-C16J5\" width=\"1428\" height=\"1428\" data-ll-status=\"loaded\" \/><figcaption id=\"caption-attachment-9094\" class=\"wp-caption-text\">B\u1ed9 ph\u1ee5 ki\u1ec7n c\u1ee7a \u0110\u1ebf l\u00e0m n\u00f3ng \u0111\u1ed3 u\u1ed1ng Bear DRBC-C16J5<\/figcaption><\/figure>\n<ul>\n<li>D\u00e2y \u0111i\u1ec7n<\/li>\n<li>B\u1ea3ng c\u00e1ch nhi\u1ec7t<\/li>\n<li>\u0110\u1ebf l\u00e0m n\u00f3ng<\/li>\n<li>C\u1ed1c<\/li>\n<li>Th\u00eca<\/li>\n<\/ul>\n<h2>H\u01b0\u1edbng d\u1eabn s\u1eed d\u1ee5ng \u0110\u1ebf l\u00e0m n\u00f3ng \u0111\u1ed3 u\u1ed1ng Bear DRBC-C16J5<\/h2>\n<p><strong>Kh\u1edfi \u0111\u1ed9ng:<\/strong>\u00a0\u0110\u1eb7t \u0111\u1ebf l\u00e0m n\u00f3ng l\u00ean m\u1eb7t b\u00e0n ph\u1eb3ng, c\u1eafm ngu\u1ed3n \u0111i\u1ec7n, \u0111\u1eb7t c\u1ed1c (b\u00ecnh) \u0111\u1ef1ng ch\u1ea5t l\u1ecfng c\u1ea7n l\u00e0m \u1ea5m, n\u00f3ng l\u00ean gi\u1eefa mi\u1ebfng l\u00f3t c\u1ed1c, \u0111\u00e8n b\u00e1o \u0111i\u1ec7n c\u1ee7a mi\u1ebfng l\u00f3t c\u1ed1c s\u00e1ng l\u00ean ngh\u0129a l\u00e0 c\u1ed1c \u0111\u1ec7m \u0111ang \u0111\u01b0\u1ee3c l\u00e0m \u1ea5m, n\u00f3ng.<\/p>\n<p><strong>T\u1eaft:<\/strong>\u00a0Khi c\u1ed1c (h\u1ed9p \u0111\u1ef1ng) \u0111\u01b0\u1ee3c nh\u1ea5c kh\u1ecfi m\u00e1y l\u00e0m n\u00f3ng c\u1ed1c, \u0111\u00e8n b\u00e1o s\u1ebd t\u1eaft v\u00e0 t\u1ef1 \u0111\u1ed9ng t\u1eaft ngu\u1ed3n.<\/p>\n<p><strong>Tr\u01b0\u1edbc khi v\u1ec7 sinh \u0111\u1ebf l\u00e0m n\u00f3ng:<\/strong>\u00a0B\u1ea1n c\u1ea7n r\u00fat d\u00e2y ph\u00edch c\u1eafm, l\u00e0m ngu\u1ed9i \u0111\u1ebf v\u00e0 s\u1eed d\u1ee5ng kh\u0103n v\u1ea3i m\u1ec1m \u0111\u1ec3 v\u1ec7 sinh. Kh\u00f4ng s\u1eed d\u1ee5ng mi\u1ebfng gi\u1ebb s\u1eaft ho\u1eb7c c\u00e1c v\u1eadt c\u1ee9ng \u0111\u1ec3 v\u1ec7 sinh.<\/p>\n<p><em>L\u01b0u \u00fd: Kh\u00f4ng r\u1eeda \u0111\u1ebf s\u1ea3n ph\u1ea9m, nh\u00fang n\u01b0\u1edbc trong qu\u00e1 tr\u00ecnh l\u00e0m s\u1ea1ch.<\/em><\/p>\n<h2>L\u01b0u \u00fd khi s\u1eed d\u1ee5ng \u0110\u1ebf l\u00e0m n\u00f3ng \u0111\u1ed3 u\u1ed1ng Bear DRBC-C16J5<\/h2>\n<figure id=\"attachment_9095\" class=\"wp-caption aligncenter\" aria-describedby=\"caption-attachment-9095\"><img loading=\"lazy\" decoding=\"async\" class=\"size-full wp-image-9095 lazyloaded\" src=\"https:\/\/demo9.thuythu.vn\/sube\/wp-content\/uploads\/2024\/12\/de-lam-nong-do-uong-drbc-c16j5-3.jpg\" sizes=\"(max-width: 1428px) 100vw, 1428px\" srcset=\"https:\/\/demo9.thuythu.vn\/sube\/wp-content\/uploads\/2024\/12\/de-lam-nong-do-uong-drbc-c16j5-3.jpg 1428w, https:\/\/demo9.thuythu.vn\/sube\/wp-content\/uploads\/2024\/12\/de-lam-nong-do-uong-drbc-c16j5-3-768x768-1.jpg 768w, https:\/\/demo9.thuythu.vn\/sube\/wp-content\/uploads\/2024\/12\/de-lam-nong-do-uong-drbc-c16j5-3-600x600-1.jpg 600w, https:\/\/demo9.thuythu.vn\/sube\/wp-content\/uploads\/2024\/12\/de-lam-nong-do-uong-drbc-c16j5-3-800x800-1.jpg 800w, https:\/\/demo9.thuythu.vn\/sube\/wp-content\/uploads\/2024\/12\/de-lam-nong-do-uong-drbc-c16j5-3-100x100-1.jpg 100w\" alt=\"L\u01b0u \u00fd khi s\u1eed d\u1ee5ng \u0110\u1ebf l\u00e0m n\u00f3ng \u0111\u1ed3 u\u1ed1ng Bear DRBC-C16J5\" width=\"1428\" height=\"1428\" data-ll-status=\"loaded\" \/><figcaption id=\"caption-attachment-9095\" class=\"wp-caption-text\">L\u01b0u \u00fd khi s\u1eed d\u1ee5ng \u0110\u1ebf l\u00e0m n\u00f3ng \u0111\u1ed3 u\u1ed1ng Bear DRBC-C16J5<\/figcaption><\/figure>\n<ul>\n<li>Khi s\u1eed d\u1ee5ng s\u1ea3n ph\u1ea9m, b\u1ec1 m\u1eb7t s\u1ea3n ph\u1ea9m s\u1ebd b\u1ecb n\u00f3ng l\u00ean, kh\u00f4ng \u0111\u01b0\u1ee3c ch\u1ea1m l\u00ean b\u1ec1 m\u1eb7t \u0111\u00f3, tr\u00e1nh b\u1ecb b\u1ecfng, g\u00e2y ra nh\u1eefng th\u01b0\u01a1ng t\u00edch kh\u00f4ng \u0111\u00e1ng c\u00f3<\/li>\n<li>Kh\u00f4ng n\u00ean \u0111\u1eb7t c\u00e1c v\u1eadt b\u1eb1ng kim lo\u1ea1i nh\u01b0 dao, n\u0129a, th\u00eca, n\u1eafp \u0111\u1eady l\u00ean b\u1ec1 m\u1eb7t s\u1ea3n ph\u1ea9m.<\/li>\n<li>Khi di chuy\u1ec3n ho\u1eb7c mu\u1ed1n l\u00e0m s\u1ea1ch \u0111\u1ebf l\u00e0m n\u00f3ng ly, b\u1ea1n c\u1ea7n r\u00fat ph\u00edch c\u1eafm, c\u1eaft ngu\u1ed3n \u0111i\u1ec7n, \u0111\u1ebf ngu\u1ed9i th\u00ec m\u1edbi \u0111\u01b0\u1ee3c di chuy\u1ec3n!<\/li>\n<li>N\u1ebfu tr\u00ean s\u1ea3n ph\u1ea9m c\u00f3 v\u1ebft n\u1ee9t, ho\u1eb7c b\u1ea5t k\u00ec h\u1ecfng n\u00e0o. D\u1eebng s\u1eed d\u1ee5ng v\u00e0 chuy\u1ec3n s\u1ea3n ph\u1ea9m v\u1ec1 \u0111\u01a1n v\u1ecb b\u1ea3o h\u00e0nh ch\u00ednh h\u00e3ng.<\/li>\n<\/ul>\n<h2>Th\u00f4ng tin chi ti\u1ebft c\u1ee7a \u0110\u1ebf l\u00e0m n\u00f3ng \u0111\u1ed3 u\u1ed1ng Bear DRBC-C16J5<\/h2>\n<ul>\n<li>T\u00ean s\u1ea3n ph\u1ea9m: \u0110\u1ebf l\u00e0m n\u00f3ng \u0111\u1ed3 u\u1ed1ng Bear DRBC-C16J5<\/li>\n<li>M\u00e3 s\u1ea3n ph\u1ea9m: DRBC-C16J5<\/li>\n<li>\u0110i\u1ec7n \u00e1p: 220V<\/li>\n<li>T\u1ea7n s\u1ed1: 50Hz<\/li>\n<li>C\u00f4ng su\u1ea5t: 16W<\/li>\n<li>Ch\u1ea5t li\u1ec7u: G\u1ed1m s\u1ee9<\/li>\n<li>Dung t\u00edch: 300 ml<\/li>\n<li>\u0110i\u1ec1u khi\u1ec3n: C\u1ea3m \u1ee9ng<\/li>\n<li>Tr\u1ecdng l\u01b0\u1ee3ng: 0,2kg<\/li>\n<li>K\u00edch th\u01b0\u1edbc: 116*116*24 mm<\/li>\n<li>T\u00ecnh tr\u1ea1ng: M\u1edbi<\/li>\n<li>Phi\u00ean b\u1ea3n: Qu\u1ed1c T\u1ebf<\/li>\n<li>B\u1ea3o h\u00e0nh: 18 th\u00e1ng<\/li>\n<\/ul>\n<\/div>\n","protected":false},"excerpt":{"rendered":"<p>C\u00f4ng d\u1ee5ng c\u1ee7a \u0110\u1ebf l\u00e0m n\u00f3ng \u0111\u1ed3 u\u1ed1ng DRBD-C16J5 C\u00f4ng d\u1ee5ng c\u1ee7a \u0110\u1ebf l\u00e0m n\u00f3ng \u0111\u1ed3 u\u1ed1ng DRBD-C16J5 Kh\u1ea3 n\u0103ng t\u1ef1 c\u1ea3m \u1ee9ng nhi\u1ec7t nhanh ch\u00f3ng, ph\u00f9 h\u1ee3p v\u1edbi nh\u1eefng ng\u01b0\u1eddi b\u1eadn r\u1ed9n, ch\u1ec9 c\u1ea7n \u0111\u1eb7t c\u1ed1c xu\u1ed1ng m\u00e1y s\u1ebd t\u1ef1 \u0111\u1ed9ng l\u00e0m n\u00f3ng, l\u1ea5y c\u1ed1c ra m\u00e1y t\u1ef1 ng\u1eaft. Nhi\u1ec7t \u0111\u1ed9 gi\u1eef \u1ea5m v\u1eeba [&#8230;]\n","protected":false},"featured_media":1585,"comment_status":"open","ping_status":"closed","template":"","meta":{"_acf_changed":false,"inline_featured_image":false},"product_cat":[131,134],"product_tag":[],"class_list":{"0":"post-1569","1":"product","2":"type-product","3":"status-publish","4":"has-post-thumbnail","6":"product-brand-bear","7":"product_cat-do-gia-dung-nha-bep","8":"product_cat-do-bep-thong-minh","10":"first","11":"instock","12":"sale","13":"purchasable","14":"product-type-variable","15":"has-default-attributes"},"acf":[],"_links":{"self":[{"href":"https:\/\/demo9.thuythu.vn\/sube\/wp-json\/wp\/v2\/product\/1569"}],"collection":[{"href":"https:\/\/demo9.thuythu.vn\/sube\/wp-json\/wp\/v2\/product"}],"about":[{"href":"https:\/\/demo9.thuythu.vn\/sube\/wp-json\/wp\/v2\/types\/product"}],"replies":[{"embeddable":true,"href":"https:\/\/demo9.thuythu.vn\/sube\/wp-json\/wp\/v2\/comments?post=1569"}],"wp:featuredmedia":[{"embeddable":true,"href":"https:\/\/demo9.thuythu.vn\/sube\/wp-json\/wp\/v2\/media\/1585"}],"wp:attachment":[{"href":"https:\/\/demo9.thuythu.vn\/sube\/wp-json\/wp\/v2\/media?parent=1569"}],"wp:term":[{"taxonomy":"product_cat","embeddable":true,"href":"https:\/\/demo9.thuythu.vn\/sube\/wp-json\/wp\/v2\/product_cat?post=1569"},{"taxonomy":"product_tag","embeddable":true,"href":"https:\/\/demo9.thuythu.vn\/sube\/wp-json\/wp\/v2\/product_tag?post=1569"}],"curies":[{"name":"wp","href":"https:\/\/api.w.org\/{rel}","templated":true}]}}