{"id":1506,"date":"2024-12-15T03:13:34","date_gmt":"2024-12-14T20:13:34","guid":{"rendered":"https:\/\/demo9.thuythu.vn\/sube\/ch\u01b0a%20ph\u00e2n%20lo\u1ea1i\/bo-dua-nhua-phu-nano-bear-cx-e0102\/"},"modified":"2024-12-18T09:08:21","modified_gmt":"2024-12-18T02:08:21","slug":"bo-dua-nhua-phu-nano-bear-cx-e0102","status":"publish","type":"product","link":"https:\/\/demo9.thuythu.vn\/sube\/bo-dua-nhua-phu-nano-bear-cx-e0102.html","title":{"rendered":"B\u1ed9 \u0111\u0169a nh\u1ef1a ph\u1ee7 Nano Bear CX-E0102"},"content":{"rendered":"<p><em>M\u1ed9t v\u1eadt d\u1ee5ng nh\u1ecf m\u00e0 ch\u00fang ta th\u01b0\u1eddng kh\u00f4ng \u0111\u1ec3 \u00fd, tuy nhi\u00ean l\u1ea1i c\u00f3 vai tr\u00f2 quan tr\u1ecdng v\u00e0 \u0111\u01b0\u1ee3c s\u1eed d\u1ee5ng th\u01b0\u1eddng xuy\u00ean trong c\u0103n b\u1ebfp c\u1ee7a b\u1ea1n \u0111\u00f3 l\u00e0 \u0111\u00f4i \u0111\u0169a \u0103n. Ng\u01b0\u1eddi Vi\u1ec7t Nam \u0111\u00e3 quen v\u1edbi vi\u1ec7c s\u1eed d\u1ee5ng \u0111\u0169a g\u1ed7 tuy nhi\u00ean n\u1ebfu kh\u00f4ng \u0111\u01b0\u1ee3c v\u1ec7 sinh \u0111\u00fang c\u00e1ch th\u00ec l\u00e2u ng\u00e0y c\u00f3 th\u1ec3 b\u1ecb m\u1ed1c, th\u1ea5u hi\u1ec3u v\u1ea5n \u0111\u1ec1 \u0111\u00f3 Bear cho ra \u0111\u1eddi \u0111\u0169a nh\u1ef1a cao c\u1ea5p kh\u00e1ng khu\u1ea9n CX-E0102 gi\u00fap b\u1ea1n gi\u1ea3i quy\u1ebft n\u1ed7i lo \u0111\u00f3.M\u1ed9t \u0111\u00f4i \u0111\u0169a \u0103n \u0111\u1ea3m b\u1ea3o s\u1ef1 an to\u00e0n, ti\u1ec7n l\u1ee3i nh\u01b0ng kh\u00f4ng k\u00e9m ph\u1ea7n sang tr\u1ecdng cho c\u0103n b\u1ebfp c\u1ee7a b\u1ea1n. H\u00e3y c\u00f9ng BearViet t\u00ecm hi\u1ec3u nh\u1eefng \u0111\u1eb7c \u0111i\u1ec3m n\u1ed5i b\u1eadt c\u1ee7a s\u1ea3n ph\u1ea9m nh\u00e9!<\/em><\/p>\n<p><img loading=\"lazy\" decoding=\"async\" class=\"aligncenter size-full wp-image-17381\" title=\"B\u1ed9 \u0111\u0169a nh\u1ef1a ph\u1ee7 Nano Bear CX-E0102 1\" src=\"https:\/\/demo9.thuythu.vn\/sube\/wp-content\/uploads\/2024\/12\/bo-dua-nhua-phu-nano-bear-cx-e0102-9.jpg\" sizes=\"(max-width: 600px) 100vw, 600px\" srcset=\"https:\/\/demo9.thuythu.vn\/sube\/wp-content\/uploads\/2024\/12\/bo-dua-nhua-phu-nano-bear-cx-e0102-9.jpg 600w, https:\/\/demo9.thuythu.vn\/sube\/wp-content\/uploads\/2024\/12\/bo-dua-nhua-phu-nano-bear-cx-e0102-9-300x300-1.jpg 300w, https:\/\/bearviet.vn\/wp-content\/uploads\/2023\/03\/bo-dua-nhua-phu-nano-bear-cx-e0102-9-1024x1024.jpg 1024w, https:\/\/demo9.thuythu.vn\/sube\/wp-content\/uploads\/2024\/12\/bo-dua-nhua-phu-nano-bear-cx-e0102-9-150x150-1.jpg 150w, https:\/\/bearviet.vn\/wp-content\/uploads\/2023\/03\/bo-dua-nhua-phu-nano-bear-cx-e0102-9-768x768.jpg 768w, https:\/\/bearviet.vn\/wp-content\/uploads\/2023\/03\/bo-dua-nhua-phu-nano-bear-cx-e0102-9-1536x1536.jpg 1536w, https:\/\/bearviet.vn\/wp-content\/uploads\/2023\/03\/bo-dua-nhua-phu-nano-bear-cx-e0102-9-2048x2048.jpg 2048w, https:\/\/bearviet.vn\/wp-content\/uploads\/2023\/03\/bo-dua-nhua-phu-nano-bear-cx-e0102-9-900x900.jpg 900w, https:\/\/bearviet.vn\/wp-content\/uploads\/2023\/03\/bo-dua-nhua-phu-nano-bear-cx-e0102-9-100x100.jpg 100w, https:\/\/bearviet.vn\/wp-content\/uploads\/2023\/03\/bo-dua-nhua-phu-nano-bear-cx-e0102-9-350x350.jpg 350w, https:\/\/bearviet.vn\/wp-content\/uploads\/2023\/03\/bo-dua-nhua-phu-nano-bear-cx-e0102-9-788x788.jpg 788w\" alt=\"bo dua nhua phu nano bear cx e0102 9\" width=\"600\" height=\"600\" \/><\/p>\n<h2>1. Th\u00f4ng tin chung v\u1ec1 \u0111\u0169a nh\u1ef1a Bear CX-E0102<\/h2>\n<table>\n<tbody>\n<tr>\n<td>M\u00e3 s\u1ea3n ph\u1ea9m<\/td>\n<td>CX-E0102<\/td>\n<\/tr>\n<tr>\n<td>Ch\u1ea5t li\u1ec7u<\/td>\n<td>Nh\u1ef1a PET cao c\u1ea5p +<\/td>\n<\/tr>\n<tr>\n<td>K\u00edch th\u01b0\u1edbc<\/td>\n<td>243mm<\/td>\n<\/tr>\n<tr>\n<td>\u0110\u00f3ng g\u00f3i<\/td>\n<td>6 \u0111\u00f4i<\/td>\n<\/tr>\n<\/tbody>\n<\/table>\n<h2>2. Nh\u1eefng \u0111\u1eb7c \u0111i\u1ec3m n\u1ed5i n\u1eadt c\u1ee7a \u0110\u0169a nh\u1ef1a ph\u1ee7 Nano Bear CX-E0102<\/h2>\n<ul>\n<li>T\u1ec9 l\u1ec7 kh\u00e1ng khu\u1ea9n l\u00ean t\u1edbi 99,9%: Ion B\u1ea1c kh\u00e1ng khu\u1ea9n c\u00f3 trong \u0111\u0169a c\u00f3 t\u00e1c d\u1ee5ng kh\u00e1ng khu\u1ea9n l\u00e2u d\u00e0i, ch\u1ed1ng l\u1ea1i s\u1ef1 x\u00e2m nh\u1eadp c\u1ee7a c\u00e1c lo\u1ea1i vi khu\u1ea9n g\u00e2y b\u1ec7nh nh\u01b0 Escherichia Coli\u00a0 v\u00e0 staphylococus<\/li>\n<li>Thi\u1ebft k\u1ebf sang tr\u1ecdng v\u1edbi m\u00e0u xanh cao c\u1ea5p mang l\u1ea1i c\u1ea3m gi\u00e1c tho\u00e1i m\u00e1i d\u1ec5 ch\u1ecbu, an to\u00e0n, tinh t\u1ebf<\/li>\n<\/ul>\n<p><img loading=\"lazy\" decoding=\"async\" class=\"aligncenter size-full wp-image-17374\" title=\"B\u1ed9 \u0111\u0169a nh\u1ef1a ph\u1ee7 Nano Bear CX-E0102 2\" src=\"https:\/\/demo9.thuythu.vn\/sube\/wp-content\/uploads\/2024\/12\/bo-dua-nhua-phu-nano-bear-cx-e0102-2.jpg\" sizes=\"(max-width: 600px) 100vw, 600px\" srcset=\"https:\/\/demo9.thuythu.vn\/sube\/wp-content\/uploads\/2024\/12\/bo-dua-nhua-phu-nano-bear-cx-e0102-2.jpg 600w, https:\/\/demo9.thuythu.vn\/sube\/wp-content\/uploads\/2024\/12\/bo-dua-nhua-phu-nano-bear-cx-e0102-2-300x300-1.jpg 300w, https:\/\/bearviet.vn\/wp-content\/uploads\/2023\/03\/bo-dua-nhua-phu-nano-bear-cx-e0102-2-1024x1024.jpg 1024w, https:\/\/demo9.thuythu.vn\/sube\/wp-content\/uploads\/2024\/12\/bo-dua-nhua-phu-nano-bear-cx-e0102-2-150x150-1.jpg 150w, https:\/\/bearviet.vn\/wp-content\/uploads\/2023\/03\/bo-dua-nhua-phu-nano-bear-cx-e0102-2-768x768.jpg 768w, https:\/\/bearviet.vn\/wp-content\/uploads\/2023\/03\/bo-dua-nhua-phu-nano-bear-cx-e0102-2-1536x1536.jpg 1536w, https:\/\/bearviet.vn\/wp-content\/uploads\/2023\/03\/bo-dua-nhua-phu-nano-bear-cx-e0102-2-2048x2048.jpg 2048w, https:\/\/bearviet.vn\/wp-content\/uploads\/2023\/03\/bo-dua-nhua-phu-nano-bear-cx-e0102-2-900x900.jpg 900w, https:\/\/bearviet.vn\/wp-content\/uploads\/2023\/03\/bo-dua-nhua-phu-nano-bear-cx-e0102-2-100x100.jpg 100w, https:\/\/bearviet.vn\/wp-content\/uploads\/2023\/03\/bo-dua-nhua-phu-nano-bear-cx-e0102-2-350x350.jpg 350w, https:\/\/bearviet.vn\/wp-content\/uploads\/2023\/03\/bo-dua-nhua-phu-nano-bear-cx-e0102-2-788x788.jpg 788w\" alt=\"bo dua nhua phu nano bear cx e0102 2\" width=\"600\" height=\"600\" \/><\/p>\n<p><img loading=\"lazy\" decoding=\"async\" class=\"aligncenter size-full wp-image-17377\" title=\"B\u1ed9 \u0111\u0169a nh\u1ef1a ph\u1ee7 Nano Bear CX-E0102 3\" src=\"https:\/\/demo9.thuythu.vn\/sube\/wp-content\/uploads\/2024\/12\/bo-dua-nhua-phu-nano-bear-cx-e0102-5.jpg\" sizes=\"(max-width: 600px) 100vw, 600px\" srcset=\"https:\/\/demo9.thuythu.vn\/sube\/wp-content\/uploads\/2024\/12\/bo-dua-nhua-phu-nano-bear-cx-e0102-5.jpg 600w, https:\/\/demo9.thuythu.vn\/sube\/wp-content\/uploads\/2024\/12\/bo-dua-nhua-phu-nano-bear-cx-e0102-5-300x300-1.jpg 300w, https:\/\/bearviet.vn\/wp-content\/uploads\/2023\/03\/bo-dua-nhua-phu-nano-bear-cx-e0102-5-1024x1024.jpg 1024w, https:\/\/demo9.thuythu.vn\/sube\/wp-content\/uploads\/2024\/12\/bo-dua-nhua-phu-nano-bear-cx-e0102-5-150x150-1.jpg 150w, https:\/\/bearviet.vn\/wp-content\/uploads\/2023\/03\/bo-dua-nhua-phu-nano-bear-cx-e0102-5-768x768.jpg 768w, https:\/\/bearviet.vn\/wp-content\/uploads\/2023\/03\/bo-dua-nhua-phu-nano-bear-cx-e0102-5-1536x1536.jpg 1536w, https:\/\/bearviet.vn\/wp-content\/uploads\/2023\/03\/bo-dua-nhua-phu-nano-bear-cx-e0102-5-2048x2048.jpg 2048w, https:\/\/bearviet.vn\/wp-content\/uploads\/2023\/03\/bo-dua-nhua-phu-nano-bear-cx-e0102-5-900x900.jpg 900w, https:\/\/bearviet.vn\/wp-content\/uploads\/2023\/03\/bo-dua-nhua-phu-nano-bear-cx-e0102-5-100x100.jpg 100w, https:\/\/bearviet.vn\/wp-content\/uploads\/2023\/03\/bo-dua-nhua-phu-nano-bear-cx-e0102-5-350x350.jpg 350w, https:\/\/bearviet.vn\/wp-content\/uploads\/2023\/03\/bo-dua-nhua-phu-nano-bear-cx-e0102-5-788x788.jpg 788w\" alt=\"bo dua nhua phu nano bear cx e0102 5\" width=\"600\" height=\"600\" \/><\/p>\n<ul>\n<li>Kh\u00f4ng s\u1eed d\u1ee5ng m\u00e0u, s\u01a1n ph\u1ee7, kh\u00f4ng h\u00f3a ch\u1ea5t v\u00e0 ph\u1ee5 gia \u0111\u1ea3m b\u1ea3o an to\u00e0n s\u1ee9c kh\u1ecfe gia \u0111\u00ecnh, kh\u00f4ng \u1ea9m m\u1ed1c.<\/li>\n<\/ul>\n<p><img loading=\"lazy\" decoding=\"async\" class=\"aligncenter size-full wp-image-17375\" title=\"B\u1ed9 \u0111\u0169a nh\u1ef1a ph\u1ee7 Nano Bear CX-E0102 4\" src=\"https:\/\/demo9.thuythu.vn\/sube\/wp-content\/uploads\/2024\/12\/bo-dua-nhua-phu-nano-bear-cx-e0102-3.jpg\" sizes=\"(max-width: 600px) 100vw, 600px\" srcset=\"https:\/\/demo9.thuythu.vn\/sube\/wp-content\/uploads\/2024\/12\/bo-dua-nhua-phu-nano-bear-cx-e0102-3.jpg 600w, https:\/\/demo9.thuythu.vn\/sube\/wp-content\/uploads\/2024\/12\/bo-dua-nhua-phu-nano-bear-cx-e0102-3-300x300-1.jpg 300w, https:\/\/bearviet.vn\/wp-content\/uploads\/2023\/03\/bo-dua-nhua-phu-nano-bear-cx-e0102-3-1024x1024.jpg 1024w, https:\/\/demo9.thuythu.vn\/sube\/wp-content\/uploads\/2024\/12\/bo-dua-nhua-phu-nano-bear-cx-e0102-3-150x150-1.jpg 150w, https:\/\/bearviet.vn\/wp-content\/uploads\/2023\/03\/bo-dua-nhua-phu-nano-bear-cx-e0102-3-768x768.jpg 768w, https:\/\/bearviet.vn\/wp-content\/uploads\/2023\/03\/bo-dua-nhua-phu-nano-bear-cx-e0102-3-1536x1536.jpg 1536w, https:\/\/bearviet.vn\/wp-content\/uploads\/2023\/03\/bo-dua-nhua-phu-nano-bear-cx-e0102-3-2048x2048.jpg 2048w, https:\/\/bearviet.vn\/wp-content\/uploads\/2023\/03\/bo-dua-nhua-phu-nano-bear-cx-e0102-3-900x900.jpg 900w, https:\/\/bearviet.vn\/wp-content\/uploads\/2023\/03\/bo-dua-nhua-phu-nano-bear-cx-e0102-3-100x100.jpg 100w, https:\/\/bearviet.vn\/wp-content\/uploads\/2023\/03\/bo-dua-nhua-phu-nano-bear-cx-e0102-3-350x350.jpg 350w, https:\/\/bearviet.vn\/wp-content\/uploads\/2023\/03\/bo-dua-nhua-phu-nano-bear-cx-e0102-3-788x788.jpg 788w\" alt=\"bo dua nhua phu nano bear cx e0102 3\" width=\"600\" height=\"600\" \/><img loading=\"lazy\" decoding=\"async\" class=\"aligncenter size-full wp-image-17376\" title=\"B\u1ed9 \u0111\u0169a nh\u1ef1a ph\u1ee7 Nano Bear CX-E0102 5\" src=\"https:\/\/demo9.thuythu.vn\/sube\/wp-content\/uploads\/2024\/12\/bo-dua-nhua-phu-nano-bear-cx-e0102-4.jpg\" sizes=\"(max-width: 600px) 100vw, 600px\" srcset=\"https:\/\/demo9.thuythu.vn\/sube\/wp-content\/uploads\/2024\/12\/bo-dua-nhua-phu-nano-bear-cx-e0102-4.jpg 600w, https:\/\/demo9.thuythu.vn\/sube\/wp-content\/uploads\/2024\/12\/bo-dua-nhua-phu-nano-bear-cx-e0102-4-300x300-1.jpg 300w, https:\/\/bearviet.vn\/wp-content\/uploads\/2023\/03\/bo-dua-nhua-phu-nano-bear-cx-e0102-4-1024x1024.jpg 1024w, https:\/\/demo9.thuythu.vn\/sube\/wp-content\/uploads\/2024\/12\/bo-dua-nhua-phu-nano-bear-cx-e0102-4-150x150-1.jpg 150w, https:\/\/bearviet.vn\/wp-content\/uploads\/2023\/03\/bo-dua-nhua-phu-nano-bear-cx-e0102-4-768x768.jpg 768w, https:\/\/bearviet.vn\/wp-content\/uploads\/2023\/03\/bo-dua-nhua-phu-nano-bear-cx-e0102-4-1536x1536.jpg 1536w, https:\/\/bearviet.vn\/wp-content\/uploads\/2023\/03\/bo-dua-nhua-phu-nano-bear-cx-e0102-4-2048x2048.jpg 2048w, https:\/\/bearviet.vn\/wp-content\/uploads\/2023\/03\/bo-dua-nhua-phu-nano-bear-cx-e0102-4-900x900.jpg 900w, https:\/\/bearviet.vn\/wp-content\/uploads\/2023\/03\/bo-dua-nhua-phu-nano-bear-cx-e0102-4-100x100.jpg 100w, https:\/\/bearviet.vn\/wp-content\/uploads\/2023\/03\/bo-dua-nhua-phu-nano-bear-cx-e0102-4-350x350.jpg 350w, https:\/\/bearviet.vn\/wp-content\/uploads\/2023\/03\/bo-dua-nhua-phu-nano-bear-cx-e0102-4-788x788.jpg 788w\" alt=\"bo dua nhua phu nano bear cx e0102 4\" width=\"600\" height=\"600\" \/><\/p>\n<ul>\n<li>Thi\u1ebft k\u1ebf \u0111\u1ea7u \u0111\u0169a nh\u1ecdn, m\u1ea3nh \u0111\u1ea7u \u0111\u0169a ph\u1ee7 l\u1edbp nano ch\u1ed1ng tr\u01a1n tr\u01b0\u1ee3t gi\u00fap d\u1ec5 d\u00e0ng g\u1eafp th\u1ee9c \u0103n.<\/li>\n<\/ul>\n<p><img loading=\"lazy\" decoding=\"async\" class=\"aligncenter size-full wp-image-17378\" title=\"B\u1ed9 \u0111\u0169a nh\u1ef1a ph\u1ee7 Nano Bear CX-E0102 6\" src=\"https:\/\/demo9.thuythu.vn\/sube\/wp-content\/uploads\/2024\/12\/bo-dua-nhua-phu-nano-bear-cx-e0102-6.jpg\" sizes=\"(max-width: 600px) 100vw, 600px\" srcset=\"https:\/\/demo9.thuythu.vn\/sube\/wp-content\/uploads\/2024\/12\/bo-dua-nhua-phu-nano-bear-cx-e0102-6.jpg 600w, https:\/\/demo9.thuythu.vn\/sube\/wp-content\/uploads\/2024\/12\/bo-dua-nhua-phu-nano-bear-cx-e0102-6-300x300-1.jpg 300w, https:\/\/bearviet.vn\/wp-content\/uploads\/2023\/03\/bo-dua-nhua-phu-nano-bear-cx-e0102-6-1024x1024.jpg 1024w, https:\/\/demo9.thuythu.vn\/sube\/wp-content\/uploads\/2024\/12\/bo-dua-nhua-phu-nano-bear-cx-e0102-6-150x150-1.jpg 150w, https:\/\/bearviet.vn\/wp-content\/uploads\/2023\/03\/bo-dua-nhua-phu-nano-bear-cx-e0102-6-768x768.jpg 768w, https:\/\/bearviet.vn\/wp-content\/uploads\/2023\/03\/bo-dua-nhua-phu-nano-bear-cx-e0102-6-1536x1536.jpg 1536w, https:\/\/bearviet.vn\/wp-content\/uploads\/2023\/03\/bo-dua-nhua-phu-nano-bear-cx-e0102-6-2048x2048.jpg 2048w, https:\/\/bearviet.vn\/wp-content\/uploads\/2023\/03\/bo-dua-nhua-phu-nano-bear-cx-e0102-6-900x900.jpg 900w, https:\/\/bearviet.vn\/wp-content\/uploads\/2023\/03\/bo-dua-nhua-phu-nano-bear-cx-e0102-6-100x100.jpg 100w, https:\/\/bearviet.vn\/wp-content\/uploads\/2023\/03\/bo-dua-nhua-phu-nano-bear-cx-e0102-6-350x350.jpg 350w, https:\/\/bearviet.vn\/wp-content\/uploads\/2023\/03\/bo-dua-nhua-phu-nano-bear-cx-e0102-6-788x788.jpg 788w\" alt=\"bo dua nhua phu nano bear cx e0102 6\" width=\"600\" height=\"600\" \/><img loading=\"lazy\" decoding=\"async\" class=\"aligncenter size-full wp-image-17380\" title=\"B\u1ed9 \u0111\u0169a nh\u1ef1a ph\u1ee7 Nano Bear CX-E0102 7\" src=\"https:\/\/demo9.thuythu.vn\/sube\/wp-content\/uploads\/2024\/12\/bo-dua-nhua-phu-nano-bear-cx-e0102-8.jpg\" sizes=\"(max-width: 600px) 100vw, 600px\" srcset=\"https:\/\/demo9.thuythu.vn\/sube\/wp-content\/uploads\/2024\/12\/bo-dua-nhua-phu-nano-bear-cx-e0102-8.jpg 600w, https:\/\/demo9.thuythu.vn\/sube\/wp-content\/uploads\/2024\/12\/bo-dua-nhua-phu-nano-bear-cx-e0102-8-300x300-1.jpg 300w, https:\/\/bearviet.vn\/wp-content\/uploads\/2023\/03\/bo-dua-nhua-phu-nano-bear-cx-e0102-8-1024x1024.jpg 1024w, https:\/\/demo9.thuythu.vn\/sube\/wp-content\/uploads\/2024\/12\/bo-dua-nhua-phu-nano-bear-cx-e0102-8-150x150-1.jpg 150w, https:\/\/bearviet.vn\/wp-content\/uploads\/2023\/03\/bo-dua-nhua-phu-nano-bear-cx-e0102-8-768x768.jpg 768w, https:\/\/bearviet.vn\/wp-content\/uploads\/2023\/03\/bo-dua-nhua-phu-nano-bear-cx-e0102-8-1536x1536.jpg 1536w, https:\/\/bearviet.vn\/wp-content\/uploads\/2023\/03\/bo-dua-nhua-phu-nano-bear-cx-e0102-8-2048x2048.jpg 2048w, https:\/\/bearviet.vn\/wp-content\/uploads\/2023\/03\/bo-dua-nhua-phu-nano-bear-cx-e0102-8-900x900.jpg 900w, https:\/\/bearviet.vn\/wp-content\/uploads\/2023\/03\/bo-dua-nhua-phu-nano-bear-cx-e0102-8-100x100.jpg 100w, https:\/\/bearviet.vn\/wp-content\/uploads\/2023\/03\/bo-dua-nhua-phu-nano-bear-cx-e0102-8-350x350.jpg 350w, https:\/\/bearviet.vn\/wp-content\/uploads\/2023\/03\/bo-dua-nhua-phu-nano-bear-cx-e0102-8-788x788.jpg 788w\" alt=\"bo dua nhua phu nano bear cx e0102 8\" width=\"600\" height=\"600\" \/><\/p>\n<h2>3. Nh\u1eefng l\u01b0u \u00fd khi s\u1eed d\u1ee5ng s\u1ea3n ph\u1ea9m<\/h2>\n<ul>\n<li>L\u1ea7n \u0111\u1ea7u s\u1eed d\u1ee5ng, n\u1ebfu b\u1ea1n th\u1ea5y c\u00f3 b\u1ee5i li ti hay nh\u1eefng v\u1ebft b\u1ea9n nh\u1ecf trong qu\u00e1 tr\u00ecnh m\u1edf g\u00f3i, \u0111\u00f3 l\u00e0 k\u1ebft qu\u1ea3 c\u1ee7a vi\u1ec7c h\u1ea5p thu t\u0129nh \u0111i\u1ec7n trong qu\u00e1 tr\u00ecnh s\u1ea3n xu\u1ea5t. Khuy\u1ebfn c\u00e1o tr\u01b0\u1edbc khi s\u1eed d\u1ee5ng l\u1ea7n \u0111\u1ea7u, b\u1ea1n n\u00ean r\u1eeda nh\u1eb9 \u0111\u0169a b\u1eb1ng n\u01b0\u1edbc r\u1eeda b\u00e1t \u0111\u0129a v\u00e0 lau s\u1ea1ch tr\u01b0\u1edbc khi s\u1eed d\u1ee5ng.<\/li>\n<li>Vui l\u00f2ng v\u1ec7 sinh s\u1ea3n ph\u1ea9m b\u1eb1ng n\u01b0\u1edbc l\u1ea1nh ho\u1eb7c n\u01b0\u1edbc \u1ea5m, kh\u00f4ng \u0111un s\u1ea3n ph\u1ea9m b\u1eb1ng n\u01b0\u1edbc s\u00f4i trong th\u1eddi gian d\u00e0i, kh\u00f4ng s\u1eed d\u1ee5ng c\u00e1c lo\u1ea1i ch\u1ea5t t\u1ea9y r\u1eeda c\u00f3 t\u00ednh ki\u1ec1m m\u1ea1nh \u0111\u1ec3 lau ch\u00f9i hay v\u1ec7 sinh s\u1ea3n ph\u1ea9m.<\/li>\n<li>S\u1ea3n ph\u1ea9m n\u00e0y kh\u00f4ng th\u00edch h\u1ee3p v\u1ec7 sinh b\u1eb1ng m\u00e1y r\u1eeda b\u00e1t, vi\u1ec7c v\u1ec7 sinh b\u1eb1ng m\u00e1y r\u1eeda b\u00e1t s\u1ebd d\u1eabn \u0111\u1ebfn hi\u1ec7n t\u01b0\u1ee3ng v\u00e0ng \u0111\u0169a, c\u00e1c b\u1ed9 ph\u1eadn d\u00ednh kim lo\u1ea1i s\u1ebd b\u1ecb h\u1ecfng.<\/li>\n<li>S\u1ea3n ph\u1ea9m n\u00e0y n\u00ean d\u00f9ng trong m\u00e1y ti\u1ec7t tr\u00f9ng nhi\u1ec7t \u0111\u1ed9 cao, sau khi r\u1eeda xong h\u00e3y d\u00f9ng gi\u1ebb lau s\u1ea1ch cho kh\u00f4 r\u1ed3i cho v\u00e0o m\u00e1y ti\u1ec7t tr\u00f9ng. Kh\u00f4ng d\u00e1n s\u1ea3n ph\u1ea9m tr\u1ef1c ti\u1ebfp v\u00e0o \u0111\u00e8n kh\u1eed tr\u00f9ng \u0111\u1ec3 tr\u00e1nh nhi\u1ec7t \u0111\u1ed9 c\u1ee5c b\u1ed9 qu\u00e1 cao g\u00e2y bi\u1ebfn d\u1ea1ng \u0111\u0169a. Sau khi s\u1ea3n ph\u1ea9m \u0111\u00e3 \u0111\u01b0\u1ee3c ti\u1ec7t tr\u00f9ng \u1edf nhi\u1ec7t \u0111\u1ed9 cao h\u00e3y ch\u00fa \u00fd \u0111\u1ec3 tr\u00e1nh b\u1ecb b\u1ecfng.<\/li>\n<li>Sau khi \u0111\u0169a \u0111\u01b0\u1ee3c \u0111\u00fac b\u1eb1ng khu\u00f4n, \u0111\u0169a s\u1ebd \u0111\u01b0\u1ee3c \u0111\u00e1nh b\u00f3ng v\u00e0 t\u1ec9a th\u1ee7 c\u00f4ng b\u1eb1ng tay, v\u00ec v\u1eady gi\u1eefa c\u00e1c kh\u1edbp \u0111\u0169a s\u1ebd c\u00f3 nh\u1eefng v\u1ebft m\u00e0i nh\u1ecf x\u00edu, \u0111\u00e2y l\u00e0 hi\u1ec7n t\u01b0\u1ee3ng b\u00ecnh th\u01b0\u1eddng.<\/li>\n<\/ul>\n<p><img loading=\"lazy\" decoding=\"async\" class=\"aligncenter size-full wp-image-17379\" title=\"B\u1ed9 \u0111\u0169a nh\u1ef1a ph\u1ee7 Nano Bear CX-E0102 8\" src=\"https:\/\/demo9.thuythu.vn\/sube\/wp-content\/uploads\/2024\/12\/bo-dua-nhua-phu-nano-bear-cx-e0102-7.jpg\" sizes=\"(max-width: 600px) 100vw, 600px\" srcset=\"https:\/\/demo9.thuythu.vn\/sube\/wp-content\/uploads\/2024\/12\/bo-dua-nhua-phu-nano-bear-cx-e0102-7.jpg 600w, https:\/\/demo9.thuythu.vn\/sube\/wp-content\/uploads\/2024\/12\/bo-dua-nhua-phu-nano-bear-cx-e0102-7-300x300-1.jpg 300w, https:\/\/bearviet.vn\/wp-content\/uploads\/2023\/03\/bo-dua-nhua-phu-nano-bear-cx-e0102-7-1024x1024.jpg 1024w, https:\/\/demo9.thuythu.vn\/sube\/wp-content\/uploads\/2024\/12\/bo-dua-nhua-phu-nano-bear-cx-e0102-7-150x150-1.jpg 150w, https:\/\/bearviet.vn\/wp-content\/uploads\/2023\/03\/bo-dua-nhua-phu-nano-bear-cx-e0102-7-768x768.jpg 768w, https:\/\/bearviet.vn\/wp-content\/uploads\/2023\/03\/bo-dua-nhua-phu-nano-bear-cx-e0102-7-1536x1536.jpg 1536w, https:\/\/bearviet.vn\/wp-content\/uploads\/2023\/03\/bo-dua-nhua-phu-nano-bear-cx-e0102-7-2048x2048.jpg 2048w, https:\/\/bearviet.vn\/wp-content\/uploads\/2023\/03\/bo-dua-nhua-phu-nano-bear-cx-e0102-7-900x900.jpg 900w, https:\/\/bearviet.vn\/wp-content\/uploads\/2023\/03\/bo-dua-nhua-phu-nano-bear-cx-e0102-7-100x100.jpg 100w, https:\/\/bearviet.vn\/wp-content\/uploads\/2023\/03\/bo-dua-nhua-phu-nano-bear-cx-e0102-7-350x350.jpg 350w, https:\/\/bearviet.vn\/wp-content\/uploads\/2023\/03\/bo-dua-nhua-phu-nano-bear-cx-e0102-7-788x788.jpg 788w\" alt=\"bo dua nhua phu nano bear cx e0102 7\" width=\"600\" height=\"600\" \/><img loading=\"lazy\" decoding=\"async\" class=\"aligncenter size-full wp-image-17373\" title=\"B\u1ed9 \u0111\u0169a nh\u1ef1a ph\u1ee7 Nano Bear CX-E0102 9\" src=\"https:\/\/demo9.thuythu.vn\/sube\/wp-content\/uploads\/2024\/12\/bo-dua-nhua-phu-nano-bear-cx-e0102-1.jpg\" sizes=\"(max-width: 600px) 100vw, 600px\" srcset=\"https:\/\/demo9.thuythu.vn\/sube\/wp-content\/uploads\/2024\/12\/bo-dua-nhua-phu-nano-bear-cx-e0102-1.jpg 600w, https:\/\/demo9.thuythu.vn\/sube\/wp-content\/uploads\/2024\/12\/bo-dua-nhua-phu-nano-bear-cx-e0102-1-300x300-1.jpg 300w, https:\/\/bearviet.vn\/wp-content\/uploads\/2023\/03\/bo-dua-nhua-phu-nano-bear-cx-e0102-1-1024x1024.jpg 1024w, https:\/\/demo9.thuythu.vn\/sube\/wp-content\/uploads\/2024\/12\/bo-dua-nhua-phu-nano-bear-cx-e0102-1-150x150-1.jpg 150w, https:\/\/bearviet.vn\/wp-content\/uploads\/2023\/03\/bo-dua-nhua-phu-nano-bear-cx-e0102-1-768x768.jpg 768w, https:\/\/bearviet.vn\/wp-content\/uploads\/2023\/03\/bo-dua-nhua-phu-nano-bear-cx-e0102-1-1536x1536.jpg 1536w, https:\/\/bearviet.vn\/wp-content\/uploads\/2023\/03\/bo-dua-nhua-phu-nano-bear-cx-e0102-1-2048x2048.jpg 2048w, https:\/\/bearviet.vn\/wp-content\/uploads\/2023\/03\/bo-dua-nhua-phu-nano-bear-cx-e0102-1-900x900.jpg 900w, https:\/\/bearviet.vn\/wp-content\/uploads\/2023\/03\/bo-dua-nhua-phu-nano-bear-cx-e0102-1-100x100.jpg 100w, https:\/\/bearviet.vn\/wp-content\/uploads\/2023\/03\/bo-dua-nhua-phu-nano-bear-cx-e0102-1-350x350.jpg 350w, https:\/\/bearviet.vn\/wp-content\/uploads\/2023\/03\/bo-dua-nhua-phu-nano-bear-cx-e0102-1-788x788.jpg 788w\" alt=\"bo dua nhua phu nano bear cx e0102 1\" width=\"600\" height=\"600\" \/><\/p>\n<p>C\u00f2n ch\u1ea7n ch\u1edd g\u00ec, h\u00e3y th\u00eam ngay v\u00e0o gi\u1ecf h\u00e0ng ho\u1eb7c li\u00ean h\u1ec7 v\u1edbi ch\u00fang t\u00f4i \u0111\u1ec3 c\u00f3 nh\u1eefng \u0111\u00f4i \u0111\u0169a an to\u00e0n cho s\u1ee9c kh\u1ecfe c\u1ee7a b\u1ea1n, l\u1ea1i c\u00f2n l\u00e0m b\u1eefa \u0103n c\u1ee7a b\u1ea1n th\u00eam b\u1eaft m\u1eaft v\u00e0 sang tr\u1ecdng.<\/p>\n","protected":false},"excerpt":{"rendered":"<p>M\u1ed9t v\u1eadt d\u1ee5ng nh\u1ecf m\u00e0 ch\u00fang ta th\u01b0\u1eddng kh\u00f4ng \u0111\u1ec3 \u00fd, tuy nhi\u00ean l\u1ea1i c\u00f3 vai tr\u00f2 quan tr\u1ecdng v\u00e0 \u0111\u01b0\u1ee3c s\u1eed d\u1ee5ng th\u01b0\u1eddng xuy\u00ean trong c\u0103n b\u1ebfp c\u1ee7a b\u1ea1n \u0111\u00f3 l\u00e0 \u0111\u00f4i \u0111\u0169a \u0103n. Ng\u01b0\u1eddi Vi\u1ec7t Nam \u0111\u00e3 quen v\u1edbi vi\u1ec7c s\u1eed d\u1ee5ng \u0111\u0169a g\u1ed7 tuy nhi\u00ean n\u1ebfu kh\u00f4ng \u0111\u01b0\u1ee3c v\u1ec7 sinh \u0111\u00fang c\u00e1ch [&#8230;]\n","protected":false},"featured_media":1534,"comment_status":"open","ping_status":"closed","template":"","meta":{"_acf_changed":false,"inline_featured_image":false},"product_cat":[131,134],"product_tag":[],"class_list":{"0":"post-1506","1":"product","2":"type-product","3":"status-publish","4":"has-post-thumbnail","6":"product-brand-bear","7":"product_cat-do-gia-dung-nha-bep","8":"product_cat-do-bep-thong-minh","10":"first","11":"instock","12":"sale","13":"purchasable","14":"product-type-variable","15":"has-default-attributes"},"acf":[],"_links":{"self":[{"href":"https:\/\/demo9.thuythu.vn\/sube\/wp-json\/wp\/v2\/product\/1506"}],"collection":[{"href":"https:\/\/demo9.thuythu.vn\/sube\/wp-json\/wp\/v2\/product"}],"about":[{"href":"https:\/\/demo9.thuythu.vn\/sube\/wp-json\/wp\/v2\/types\/product"}],"replies":[{"embeddable":true,"href":"https:\/\/demo9.thuythu.vn\/sube\/wp-json\/wp\/v2\/comments?post=1506"}],"wp:featuredmedia":[{"embeddable":true,"href":"https:\/\/demo9.thuythu.vn\/sube\/wp-json\/wp\/v2\/media\/1534"}],"wp:attachment":[{"href":"https:\/\/demo9.thuythu.vn\/sube\/wp-json\/wp\/v2\/media?parent=1506"}],"wp:term":[{"taxonomy":"product_cat","embeddable":true,"href":"https:\/\/demo9.thuythu.vn\/sube\/wp-json\/wp\/v2\/product_cat?post=1506"},{"taxonomy":"product_tag","embeddable":true,"href":"https:\/\/demo9.thuythu.vn\/sube\/wp-json\/wp\/v2\/product_tag?post=1506"}],"curies":[{"name":"wp","href":"https:\/\/api.w.org\/{rel}","templated":true}]}}