{"id":1492,"date":"2024-12-15T03:13:34","date_gmt":"2024-12-14T20:13:34","guid":{"rendered":"https:\/\/demo9.thuythu.vn\/sube\/ch\u01b0a%20ph\u00e2n%20lo\u1ea1i\/binh-thuy-dien-thong-minh-bear-zdh-h30b1-ke-b30v1\/"},"modified":"2024-12-18T10:22:10","modified_gmt":"2024-12-18T03:22:10","slug":"binh-thuy-dien-thong-minh-bear-zdh-h30b1-ke-b30v1","status":"publish","type":"product","link":"https:\/\/demo9.thuythu.vn\/sube\/binh-thuy-dien\/bear\/3l-ke-b30v1.html","title":{"rendered":"B\u00ecnh th\u1ee7y \u0111i\u1ec7n th\u00f4ng minh Bear ZDH-H30B1 (KE-B30V1)"},"content":{"rendered":"<p>B\u00ecnh th\u1ee7y \u0111i\u1ec7n Bear\u00a0ZDH-H30B1 (KE-B30V1) v\u1edbi dung t\u00edch 3 l\u00edt c\u00f9ng thi\u1ebft k\u1ebf th\u00f4ng minh v\u1edbi 11 m\u1ee9c nhi\u1ec7t \u0111\u1ed9 gi\u1eef \u1ea5m n\u01b0\u1edbc kh\u00e1c nhau v\u00f4 c\u00f9ng ti\u1ec7n l\u1ee3i, ph\u00f9 h\u1ee3p v\u1edbi m\u1ecdi gia \u0111\u00ecnh. \u0110\u1eb7c bi\u1ec7t\u00a0ZDH-H30B1 c\u00f2n \u0111\u01b0\u1ee3c t\u00edch h\u1ee3p t\u00ednh n\u0103ng kh\u1eed Clo v\u00e0 kh\u00f3a tr\u1ebb em an to\u00e0n h\u01a1n khi s\u1eed d\u1ee5ng. C\u00f9ng Bear Vi\u1ec7t Nam tr\u1ea3i nghi\u1ec7m ngay nh\u00e9.<br \/>\n<img \/><img \/><img \/><img \/><img \/><img \/><img \/><img \/><img \/><img \/><img \/><img \/><img \/><img \/><img \/><img \/><img \/><img \/><\/p>\n<p>Li\u00ean h\u1ec7 ngay v\u1edbi Bear \u0111\u1ec3 s\u1edf h\u1eefu m\u1ed9t chi\u1ebfc B\u00ecnh th\u1ee7y \u0111i\u1ec7n Bear\u00a0ZDH-H30B1 cho gia \u0111\u00ecnh v\u1edbi gi\u00e1 t\u1ed1t nh\u1ea5t th\u1ecb tr\u01b0\u1eddng ngay h\u00f4m nay nh\u00e9! S\u1ea3n ph\u1ea9m \u0111\u01b0\u1ee3c b\u1ea3o h\u00e0nh 18 th\u00e1ng v\u00e0 l\u1ed7i 1 \u0111\u1ed5i 1 trong 30 ng\u00e0y.<\/p>\n","protected":false},"excerpt":{"rendered":"<p>B\u00ecnh th\u1ee7y \u0111i\u1ec7n Bear\u00a0ZDH-H30B1 (KE-B30V1) v\u1edbi dung t\u00edch 3 l\u00edt c\u00f9ng thi\u1ebft k\u1ebf th\u00f4ng minh v\u1edbi 11 m\u1ee9c nhi\u1ec7t \u0111\u1ed9 gi\u1eef \u1ea5m n\u01b0\u1edbc kh\u00e1c nhau v\u00f4 c\u00f9ng ti\u1ec7n l\u1ee3i, ph\u00f9 h\u1ee3p v\u1edbi m\u1ecdi gia \u0111\u00ecnh. \u0110\u1eb7c bi\u1ec7t\u00a0ZDH-H30B1 c\u00f2n \u0111\u01b0\u1ee3c t\u00edch h\u1ee3p t\u00ednh n\u0103ng kh\u1eed Clo v\u00e0 kh\u00f3a tr\u1ebb em an to\u00e0n h\u01a1n khi s\u1eed d\u1ee5ng. [&#8230;]\n","protected":false},"featured_media":1493,"comment_status":"open","ping_status":"closed","template":"","meta":{"_acf_changed":false,"inline_featured_image":false},"product_cat":[218,217],"product_tag":[],"class_list":{"0":"post-1492","1":"product","2":"type-product","3":"status-publish","4":"has-post-thumbnail","6":"product-brand-bear","7":"product_cat-binh-thuy-dien-bear","8":"product_cat-binh-thuy-dien","10":"first","11":"instock","12":"sale","13":"purchasable","14":"product-type-variable","15":"has-default-attributes"},"acf":[],"_links":{"self":[{"href":"https:\/\/demo9.thuythu.vn\/sube\/wp-json\/wp\/v2\/product\/1492"}],"collection":[{"href":"https:\/\/demo9.thuythu.vn\/sube\/wp-json\/wp\/v2\/product"}],"about":[{"href":"https:\/\/demo9.thuythu.vn\/sube\/wp-json\/wp\/v2\/types\/product"}],"replies":[{"embeddable":true,"href":"https:\/\/demo9.thuythu.vn\/sube\/wp-json\/wp\/v2\/comments?post=1492"}],"wp:featuredmedia":[{"embeddable":true,"href":"https:\/\/demo9.thuythu.vn\/sube\/wp-json\/wp\/v2\/media\/1493"}],"wp:attachment":[{"href":"https:\/\/demo9.thuythu.vn\/sube\/wp-json\/wp\/v2\/media?parent=1492"}],"wp:term":[{"taxonomy":"product_cat","embeddable":true,"href":"https:\/\/demo9.thuythu.vn\/sube\/wp-json\/wp\/v2\/product_cat?post=1492"},{"taxonomy":"product_tag","embeddable":true,"href":"https:\/\/demo9.thuythu.vn\/sube\/wp-json\/wp\/v2\/product_tag?post=1492"}],"curies":[{"name":"wp","href":"https:\/\/api.w.org\/{rel}","templated":true}]}}