{"id":1863,"date":"2025-06-30T17:12:24","date_gmt":"2025-06-30T10:12:24","guid":{"rendered":"https:\/\/demo9.thuythu.vn\/sinhthaimoi\/?post_type=product&#038;p=1863"},"modified":"2025-07-28T16:24:00","modified_gmt":"2025-07-28T09:24:00","slug":"phan-huu-co-new-eco","status":"publish","type":"product","link":"https:\/\/demo9.thuythu.vn\/sinhthaimoi\/san-pham\/phan-bon-huu-co\/phan-bon-dang-bot\/phan-huu-co-new-eco\/","title":{"rendered":"Ph\u00e2n h\u1eefu c\u01a1 New Eco Matter"},"content":{"rendered":"<h3><strong>\u0110\u1eb7c \u0111i\u1ec3m &amp; T\u00ednh n\u0103ng:<\/strong><\/h3>\n<p>&#8211; T\u00e1i t\u1ea1o m\u00f9n,l\u00e0m cho \u0111\u1ea5t t\u01a1i x\u1ed1p<br \/>\n&#8211; C\u1ea3i t\u1ea1o \u0111\u1ea5t chua, ph\u00e8n, b\u1ea1c m\u00e0u<br \/>\n&#8211; Gi\u00fap b\u1ed9 r\u1ec5 h\u1ea5p thu t\u1ed1i \u01b0u c\u00e1c dinh d\u01b0\u1ee1ng c\u00f3 trong \u0111\u1ea5t<br \/>\n&#8211; Gi\u1ea3m thi\u1ec3u ph\u00e2n b\u00f3n h\u00f3a h\u1ecdc, cho n\u00f4ng s\u1ea3n an to\u00e0n, n\u0103ng su\u1ea5t t\u1ed1t, ch\u1ea5t l\u01b0\u1ee3ng cao<\/p>\n<h3><strong>H\u01b0\u1edbng d\u1eabn s\u1eed d\u1ee5ng:<\/strong><\/h3>\n<p>&#8211; S\u1eed d\u1ee5ng b\u00f3n l\u00f3t v\u00e0 b\u00f3n th\u00fac cho c\u00e1c lo\u1ea1i c\u00e2y tr\u1ed3ng:<br \/>\n&#8211; L\u01b0\u1ee3ng d\u00f9ng 1.000 &#8211; 1.500 Kg\/ha \u0111\u1ed1i v\u1edbi c\u00e1c lo\u1ea1i c\u00e2y tr\u1ed3ng ng\u1eafn ng\u00e0y (rau, l\u00faa, ng\u00f4, khoai,&#8230;)<br \/>\n&#8211; L\u01b0\u1ee3ng d\u00f9ng 1.500 &#8211; 2.000 kg\/ha \u0111\u1ed1i v\u1edbi c\u00e1c lo\u1ea1i c\u00e2y c\u00f4ng nghi\u1ec7p (ch\u00e8, c\u00e0 ph\u00ea, h\u1ed3 ti\u00eau, v.v\u2026) v\u00e0 c\u00e1c lo\u1ea1i c\u00e2y \u0103n tr\u00e1i.<\/p>\n<h3><strong>H\u01b0\u1edbng d\u1eabn an to\u00e0n:<\/strong><\/h3>\n<p>&#8211; B\u1ea3o qu\u1ea3n nguy\u00ean bao g\u00f3i n\u01a1i kh\u00f4 r\u00e1o, tho\u00e1ng m\u00e1t v\u00e0 c\u00f3 m\u00e1i che, kh\u00f4ng thu\u1ed9c khu v\u1ef1c h\u00fat thu\u1ed1c. R\u1eeda tay sau khi s\u1eed d\u1ee5ng.<\/p>\n","protected":false},"excerpt":{"rendered":"<p>Ph\u00e2n h\u1eefu c\u01a1 d\u1ea1ng b\u1ed9t. H\u00e0m l\u01b0\u1ee3ng ch\u1ea5t h\u1eefu c\u01a1 (OM): 30%, T\u1ef7 l\u1ec7 C\/N: 6.81, \u0110\u1ea1m t\u1ed5ng s\u1ed1 (Nts): 30%, L\u00e2n h\u1eefu hi\u1ec7u (P2O5 hh): 2.0%, Kali h\u1eefu hi\u1ec7u (K2O hh): 2.0%, \u0110\u1ed9 \u1ea9m: 30%, pH H2O: 7,0<br \/>\nQuy c\u00e1ch bao:<\/p>\n","protected":false},"featured_media":1865,"template":"","meta":[],"product_brand":[],"product_cat":[142,162],"product_tag":[],"class_list":{"0":"post-1863","1":"product","2":"type-product","3":"status-publish","4":"has-post-thumbnail","6":"product_cat-phan-bon-huu-co","7":"product_cat-phan-bon-dang-bot","9":"first","10":"instock","11":"shipping-taxable","12":"purchasable","13":"product-type-variable"},"_links":{"self":[{"href":"https:\/\/demo9.thuythu.vn\/sinhthaimoi\/wp-json\/wp\/v2\/product\/1863","targetHints":{"allow":["GET"]}}],"collection":[{"href":"https:\/\/demo9.thuythu.vn\/sinhthaimoi\/wp-json\/wp\/v2\/product"}],"about":[{"href":"https:\/\/demo9.thuythu.vn\/sinhthaimoi\/wp-json\/wp\/v2\/types\/product"}],"wp:featuredmedia":[{"embeddable":true,"href":"https:\/\/demo9.thuythu.vn\/sinhthaimoi\/wp-json\/wp\/v2\/media\/1865"}],"wp:attachment":[{"href":"https:\/\/demo9.thuythu.vn\/sinhthaimoi\/wp-json\/wp\/v2\/media?parent=1863"}],"wp:term":[{"taxonomy":"product_brand","embeddable":true,"href":"https:\/\/demo9.thuythu.vn\/sinhthaimoi\/wp-json\/wp\/v2\/product_brand?post=1863"},{"taxonomy":"product_cat","embeddable":true,"href":"https:\/\/demo9.thuythu.vn\/sinhthaimoi\/wp-json\/wp\/v2\/product_cat?post=1863"},{"taxonomy":"product_tag","embeddable":true,"href":"https:\/\/demo9.thuythu.vn\/sinhthaimoi\/wp-json\/wp\/v2\/product_tag?post=1863"}],"curies":[{"name":"wp","href":"https:\/\/api.w.org\/{rel}","templated":true}]}}