{"id":1838,"date":"2025-06-30T16:57:45","date_gmt":"2025-06-30T09:57:45","guid":{"rendered":"https:\/\/demo9.thuythu.vn\/sinhthaimoi\/?post_type=product&#038;p=1838"},"modified":"2025-07-28T15:18:28","modified_gmt":"2025-07-28T08:18:28","slug":"phan-bon-huu-co-new-eco-japan-premium-71","status":"publish","type":"product","link":"https:\/\/demo9.thuythu.vn\/sinhthaimoi\/san-pham\/phan-bon-huu-co\/phan-bon-dang-vien\/phan-bon-huu-co-new-eco-japan-premium-71\/","title":{"rendered":"Ph\u00e2n b\u00f3n h\u1eefu c\u01a1 New Eco Japan Premium 71"},"content":{"rendered":"<h3><strong>\u0110\u1eb7c \u0111i\u1ec3m &amp; T\u00ednh n\u0103ng:<\/strong><\/h3>\n<p>&#8211; T\u00e1i t\u1ea1o m\u00f9n,l\u00e0m cho \u0111\u1ea5t t\u01a1i x\u1ed1p<br \/>\n&#8211; C\u1ea3i t\u1ea1o \u0111\u1ea5t chua, ph\u00e8n, b\u1ea1c m\u00e0u<br \/>\n&#8211; Gi\u00fap b\u1ed9 r\u1ec5 h\u1ea5p thu t\u1ed1i \u01b0u c\u00e1c dinh d\u01b0\u1ee1ng c\u00f3 trong \u0111\u1ea5t<br \/>\n&#8211; Gi\u1ea3m thi\u1ec3u ph\u00e2n b\u00f3n h\u00f3a h\u1ecdc, cho n\u00f4ng s\u1ea3n an to\u00e0n, n\u0103ng su\u1ea5t t\u1ed1t, ch\u1ea5t l\u01b0\u1ee3ng cao<\/p>\n<h3><strong>H\u01b0\u1edbng d\u1eabn s\u1eed d\u1ee5ng:<\/strong><\/h3>\n<table width=\"963\">\n<tbody>\n<tr>\n<td width=\"182\"><strong>Lo\u1ea1i c\u00e2y tr\u1ed3ng<\/strong><\/td>\n<td width=\"165\"><strong>Li\u1ec1u l\u01b0\u1ee3ng\u00a0<\/strong><\/td>\n<td width=\"616\"><strong>Th\u1eddi \u0111i\u1ec3m s\u1eed d\u1ee5ng<\/strong><\/td>\n<\/tr>\n<tr>\n<td>C\u00e2y l\u00faa<\/td>\n<td>500 kg\/ha\/v\u1ee5<\/td>\n<td>&#8211; B\u00f3n tr\u01b0\u1edbc khi gieo\/c\u1ea5y<\/td>\n<\/tr>\n<tr>\n<td>C\u00e2y rau m\u00e0u v\u00e0 hoa<\/td>\n<td>500 kg\/ha\/v\u1ee5<\/td>\n<td width=\"616\">&#8211; B\u00f3n tr\u01b0\u1edbc khi gieo tr\u1ed3ng<br \/>\n&#8211; B\u1ed5 sung \u0111\u1ecbnh k\u1ef3 1 &#8211; 2 l\u1ea7n\/th\u00e1ng \u0111\u1ed1i v\u1edbi c\u00e2y c\u00f3 l\u00e2u n\u0103m<\/td>\n<\/tr>\n<tr>\n<td>C\u00e2y c\u00f4ng nghi\u1ec7p ng\u1eafn ng\u00e0y<\/td>\n<td>700 kg\/ha\/n\u0103m<\/td>\n<td width=\"616\">&#8211; B\u00f3n tr\u01b0\u1edbc khi gieo tr\u1ed3ng<br \/>\n&#8211; B\u1ed5 sung \u0111\u1ecbnh k\u1ef3 1 &#8211; 2 l\u1ea7n\/th\u00e1ng \u0111\u1ed1i v\u1edbi c\u00e2y c\u00f3 l\u00e2u n\u0103m<\/td>\n<\/tr>\n<tr>\n<td>C\u00e2y c\u00f4ng nghi\u1ec7p d\u00e0i ng\u00e0y<\/td>\n<td>3 &#8211; 8 kg\/c\u00e2y\/l\u1ea7n<\/td>\n<td width=\"616\">&#8211; B\u00f3n 3 l\u1ea7n\/n\u0103m<br \/>\n&#8211; Th\u1eddi \u0111i\u1ec3m: \u0111\u1ea7u m\u00f9a m\u01b0a, cu\u1ed1i m\u00f9a m\u01b0a v\u00e0 giai \u0111o\u1ea1n ph\u1ee5c h\u1ed3i sau thu ho\u1ea1ch<\/td>\n<\/tr>\n<tr>\n<td>C\u00e2y \u0103n qu\u1ea3<\/td>\n<td>1 &#8211; 5 kg\/c\u00e2y\/l\u1ea7n<\/td>\n<td width=\"616\">&#8211; B\u00f3n 4 l\u1ea7n\/n\u0103m<br \/>\n&#8211; Th\u1eddi \u0111i\u1ec3m: nu\u00f4i d\u01b0\u1ee1ng c\u01a1i \u0111\u1ecdt m\u1edbi, giai \u0111o\u1ea1n ra hoa, giai \u0111o\u1ea1n nu\u00f4i qu\u1ea3 v\u00e0 ph\u1ee5c h\u1ed3i sau thu ho\u1ea1ch<\/td>\n<\/tr>\n<\/tbody>\n<\/table>\n<h3><strong>H\u01b0\u1edbng d\u1eabn an to\u00e0n:<\/strong><\/h3>\n<p>&#8211; B\u1ea3o qu\u1ea3n nguy\u00ean bao g\u00f3i n\u01a1i kh\u00f4 r\u00e1o, tho\u00e1ng m\u00e1t v\u00e0 c\u00f3 m\u00e1i che, kh\u00f4ng thu\u1ed9c khu v\u1ef1c h\u00fat thu\u1ed1c. R\u1eeda tay sau khi s\u1eed d\u1ee5ng.<\/p>\n<p><img loading=\"lazy\" decoding=\"async\" class=\"aligncenter size-full wp-image-1839\" src=\"https:\/\/demo9.thuythu.vn\/sinhthaimoi\/wp-content\/uploads\/2025\/06\/hd.jpg\" alt=\"\" width=\"1462\" height=\"959\" srcset=\"https:\/\/demo9.thuythu.vn\/sinhthaimoi\/wp-content\/uploads\/2025\/06\/hd.jpg 1462w, https:\/\/demo9.thuythu.vn\/sinhthaimoi\/wp-content\/uploads\/2025\/06\/hd-300x197.jpg 300w, https:\/\/demo9.thuythu.vn\/sinhthaimoi\/wp-content\/uploads\/2025\/06\/hd-1024x672.jpg 1024w, https:\/\/demo9.thuythu.vn\/sinhthaimoi\/wp-content\/uploads\/2025\/06\/hd-768x504.jpg 768w, https:\/\/demo9.thuythu.vn\/sinhthaimoi\/wp-content\/uploads\/2025\/06\/hd-1320x866.jpg 1320w, https:\/\/demo9.thuythu.vn\/sinhthaimoi\/wp-content\/uploads\/2025\/06\/hd-600x394.jpg 600w\" sizes=\"auto, (max-width: 1462px) 100vw, 1462px\" \/><\/p>\n","protected":false},"excerpt":{"rendered":"<p>Ph\u00e2n h\u1eefu c\u01a1 d\u1ea1ng vi\u00ean.<br \/>\nH\u00e0m l\u01b0\u1ee3ng ch\u1ea5t h\u1eefu c\u01a1 (OM): 71.0%, T\u1ef7 l\u1ec7 C\/N: 12.0, \u0110\u1ea1m t\u1ed5ng s\u1ed1 (Nts): 3.5%, L\u00e2n h\u1eefu hi\u1ec7u (P<sub>2<\/sub>O<sub>5<\/sub>): 2.0%, Kali h\u1eefu hi\u1ec7u (K<sub>2<\/sub>O): 2.0%, \u0110\u1ed9 \u1ea9m: 25%, pH H<sub>2<\/sub>O: 5.0<\/p>\n","protected":false},"featured_media":1841,"template":"","meta":[],"product_brand":[],"product_cat":[142,161],"product_tag":[],"class_list":{"0":"post-1838","1":"product","2":"type-product","3":"status-publish","4":"has-post-thumbnail","6":"product_cat-phan-bon-huu-co","7":"product_cat-phan-bon-dang-vien","9":"first","10":"instock","11":"featured","12":"shipping-taxable","13":"purchasable","14":"product-type-variable"},"_links":{"self":[{"href":"https:\/\/demo9.thuythu.vn\/sinhthaimoi\/wp-json\/wp\/v2\/product\/1838","targetHints":{"allow":["GET"]}}],"collection":[{"href":"https:\/\/demo9.thuythu.vn\/sinhthaimoi\/wp-json\/wp\/v2\/product"}],"about":[{"href":"https:\/\/demo9.thuythu.vn\/sinhthaimoi\/wp-json\/wp\/v2\/types\/product"}],"wp:featuredmedia":[{"embeddable":true,"href":"https:\/\/demo9.thuythu.vn\/sinhthaimoi\/wp-json\/wp\/v2\/media\/1841"}],"wp:attachment":[{"href":"https:\/\/demo9.thuythu.vn\/sinhthaimoi\/wp-json\/wp\/v2\/media?parent=1838"}],"wp:term":[{"taxonomy":"product_brand","embeddable":true,"href":"https:\/\/demo9.thuythu.vn\/sinhthaimoi\/wp-json\/wp\/v2\/product_brand?post=1838"},{"taxonomy":"product_cat","embeddable":true,"href":"https:\/\/demo9.thuythu.vn\/sinhthaimoi\/wp-json\/wp\/v2\/product_cat?post=1838"},{"taxonomy":"product_tag","embeddable":true,"href":"https:\/\/demo9.thuythu.vn\/sinhthaimoi\/wp-json\/wp\/v2\/product_tag?post=1838"}],"curies":[{"name":"wp","href":"https:\/\/api.w.org\/{rel}","templated":true}]}}