{"id":1825,"date":"2025-06-30T16:48:18","date_gmt":"2025-06-30T09:48:18","guid":{"rendered":"https:\/\/demo9.thuythu.vn\/sinhthaimoi\/?post_type=product&#038;p=1825"},"modified":"2025-07-28T09:57:03","modified_gmt":"2025-07-28T02:57:03","slug":"amino-new-eco","status":"publish","type":"product","link":"https:\/\/demo9.thuythu.vn\/sinhthaimoi\/san-pham\/dinh-duong-sinh-hoc\/amino-acid\/amino-new-eco\/","title":{"rendered":"Amino New Eco"},"content":{"rendered":"<h3><strong>\u0110\u1eb7c \u0111i\u1ec3m &amp; T\u00ednh n\u0103ng:<\/strong><\/h3>\n<p>Th\u00e0nh ph\u1ea7n: H\u00e0m l\u01b0\u1ee3ng ch\u1ea5t h\u1eefu c\u01a1: 25%; \u0110\u1ea1m t\u1ed5ng s\u1ed1 (Nts): 2%; T\u1ef7 l\u1ec7 C\/N: 12; T\u1ef7 tr\u1ecdng: 1.1; pH (min): 5<br \/>\nNgo\u00e0i ra s\u1ea3n ph\u1ea9m c\u00f2n c\u00f3 Humic, Fulvic v\u00e0 h\u01a1n 10 lo\u1ea1i amino acid kh\u00e1c nhau c\u00f3 ho\u1ea1t t\u00ednh sinh h\u1ecdc cao gi\u00fap c\u00e2y h\u1ea5p thu nhanh, kh\u1eafc ph\u1ee5c t\u00ecnh tr\u1ea1ng thi\u1ebfu dinh d\u01b0\u1ee1ng<br \/>\n\u0110\u1eb7c \u0111i\u1ec3m v\u00e0 c\u00f4ng d\u1ee5ng<br \/>\n&#8211; C\u00e1c ho\u1ea1t ch\u1ea5t sinh h\u1ecdc gi\u00fap t\u0103ng c\u01b0\u1eddng kh\u1ea3 n\u0103ng ch\u1ed1ng ch\u1ecbu c\u1ee7a c\u00e2y<br \/>\n&#8211; H\u1ed7 tr\u1ee3 c\u1ea3i t\u1ea1o \u0111\u1ea5t, nu\u00f4i d\u01b0\u1ee1ng h\u1ec7 vi sinh v\u1eadt trong \u0111\u1ea5t<br \/>\n&#8211; Gi\u1ea3m ph\u00e2n h\u00f3a h\u1ecdc<\/p>\n<h3><strong>H\u01b0\u1edbng d\u1eabn s\u1eed d\u1ee5ng:<\/strong><\/h3>\n<table width=\"731\">\n<tbody>\n<tr>\n<td width=\"118\"><strong>Lo\u1ea1i c\u00e2y tr\u1ed3ng<\/strong><\/td>\n<td width=\"176\"><strong>Li\u1ec1u l\u01b0\u1ee3ng\u00a0<\/strong><\/td>\n<td width=\"437\"><strong>Th\u1eddi \u0111i\u1ec3m v\u00e0 c\u00e1ch s\u1eed d\u1ee5ng<\/strong><\/td>\n<\/tr>\n<tr>\n<td width=\"118\">Rau m\u00e0u<\/td>\n<td width=\"176\">2 &#8211; 4 l\u00edt\/l\u1ea7n<br \/>\n(h\u00f2a 1 l\u00edt v\u00e0o 200 l\u00edt n\u01b0\u1edbc)<\/td>\n<td width=\"437\">&#8211; T\u01b0\u1edbi g\u1ed1c: 5 &#8211; 7 ng\u00e0y\/l\u1ea7n<br \/>\n&#8211; Ng\u01b0ng s\u1eed d\u1ee5ng tr\u01b0\u1edbc khi thu ho\u1ea1ch \u00edt nh\u1ea5t 3 ng\u00e0y<\/td>\n<\/tr>\n<tr>\n<td width=\"118\">Hoa,<br \/>\nC\u00e2y c\u1ea3nh<\/td>\n<td width=\"176\">2 &#8211; 4 l\u00edt\/l\u1ea7n<br \/>\n(h\u00f2a 1 l\u00edt v\u00e0o 200 l\u00edt n\u01b0\u1edbc)<\/td>\n<td width=\"437\">&#8211; T\u01b0\u1edbi g\u1ed1c: 7 &#8211; 10 ng\u00e0y\/l\u1ea7n<\/td>\n<\/tr>\n<tr>\n<td width=\"118\">L\u01b0\u01a1ng th\u1ef1c<\/td>\n<td width=\"176\">2 &#8211; 4 l\u00edt\/l\u1ea7n<br \/>\n(h\u00f2a 1 l\u00edt v\u00e0o 200 l\u00edt n\u01b0\u1edbc)<\/td>\n<td width=\"437\">&#8211; T\u01b0\u1edbi g\u1ed1c: sau khi tr\u1ed3ng 3 &#8211; 5 ng\u00e0y\/l\u1ea7n; 40 &#8211; 45 ng\u00e0y v\u00e0 60 &#8211; 65 ng\u00e0y<\/td>\n<\/tr>\n<tr>\n<td width=\"118\">\u0102n qu\u1ea3<\/td>\n<td width=\"176\">90 &#8211; 120 l\u00edt\/ha\/n\u0103m<br \/>\n(h\u00f2a 1 l\u00edt c\u00e0o 200 l\u00edt n\u01b0\u1edbc)<\/td>\n<td width=\"437\">&#8211; T\u01b0\u1edbi g\u1ed1c: chia \u0111\u1ec1u 3 l\u1ea7n khi ra hoa, sau \u0111\u1eadu tr\u00e1i v\u00e0 sau khi thu ho\u1ea1ch<\/td>\n<\/tr>\n<tr>\n<td width=\"118\">C\u00f4ng nghi\u1ec7p<\/td>\n<td width=\"176\">90 &#8211; 120 l\u00edt\/ha\/n\u0103m<br \/>\n(h\u00f2a 1 l\u00edt c\u00e0o 200 l\u00edt n\u01b0\u1edbc)<\/td>\n<td width=\"437\">&#8211; T\u01b0\u1edbi g\u1ed1c: chia \u0111\u1ec1u 3 l\u1ea7n khi ra hoa, sau \u0111\u1eadu tr\u00e1i v\u00e0 sau khi thu ho\u1ea1ch<\/td>\n<\/tr>\n<\/tbody>\n<\/table>\n<p>&#8211; S\u1eed d\u1ee5ng chung \u0111\u01b0\u1ee3c v\u1edbi c\u00e1c lo\u1ea1i ph\u00e2n b\u00f3n v\u00e0 thu\u1ed1c BVTV kh\u00e1c<br \/>\n&#8211; S\u1ea3n ph\u1ea9m \u0111\u1eadm \u0111\u1eb7c, l\u1eafc \u0111\u1ec1u tr\u01b0\u1edbc khi s\u1eed d\u1ee5ng<\/p>\n<h3><strong>H\u01b0\u1edbng d\u1eabn an to\u00e0n:<\/strong><\/h3>\n<p>&#8211; B\u1ea3o qu\u1ea3n nguy\u00ean bao g\u00f3i n\u01a1i kh\u00f4 r\u00e1o tho\u00e1ng m\u00e1t v\u00e0 c\u00f3 m\u00e1i che<br \/>\n&#8211; R\u1eeda tay sau khi s\u1eed d\u1ee5ng, tr\u00e1nh v\u0103ng v\u00e0o m\u1eaft<\/p>\n","protected":false},"excerpt":{"rendered":"<p>&#8211; Ra r\u1ec5 kh\u1ecfe, \u0111\u1ebb nh\u00e1nh nhanh<br \/>\n&#8211; T\u0103ng ch\u1ed3i, xanh l\u00e1, ch\u1ed1ng \u0111\u1ed5 ng\u00e3<br \/>\n&#8211; T\u0103ng n\u0103ng su\u1ea5t v\u00e0 ph\u1ea9m ch\u1ea5t n\u00f4ng s\u1ea3n<br \/>\n&#8211; H\u1ed7 tr\u1ee3 vi sinh v\u1eadt \u0111\u1ea5t ph\u00e1t tri\u1ec3n, c\u1ea3i t\u1ea1o \u0111\u1ea5t<\/p>\n","protected":false},"featured_media":1826,"template":"","meta":[],"product_brand":[],"product_cat":[29,157],"product_tag":[],"class_list":{"0":"post-1825","1":"product","2":"type-product","3":"status-publish","4":"has-post-thumbnail","6":"product_cat-dinh-duong-sinh-hoc","7":"product_cat-amino-acid","9":"first","10":"instock","11":"featured","12":"shipping-taxable","13":"purchasable","14":"product-type-variable"},"_links":{"self":[{"href":"https:\/\/demo9.thuythu.vn\/sinhthaimoi\/wp-json\/wp\/v2\/product\/1825","targetHints":{"allow":["GET"]}}],"collection":[{"href":"https:\/\/demo9.thuythu.vn\/sinhthaimoi\/wp-json\/wp\/v2\/product"}],"about":[{"href":"https:\/\/demo9.thuythu.vn\/sinhthaimoi\/wp-json\/wp\/v2\/types\/product"}],"wp:featuredmedia":[{"embeddable":true,"href":"https:\/\/demo9.thuythu.vn\/sinhthaimoi\/wp-json\/wp\/v2\/media\/1826"}],"wp:attachment":[{"href":"https:\/\/demo9.thuythu.vn\/sinhthaimoi\/wp-json\/wp\/v2\/media?parent=1825"}],"wp:term":[{"taxonomy":"product_brand","embeddable":true,"href":"https:\/\/demo9.thuythu.vn\/sinhthaimoi\/wp-json\/wp\/v2\/product_brand?post=1825"},{"taxonomy":"product_cat","embeddable":true,"href":"https:\/\/demo9.thuythu.vn\/sinhthaimoi\/wp-json\/wp\/v2\/product_cat?post=1825"},{"taxonomy":"product_tag","embeddable":true,"href":"https:\/\/demo9.thuythu.vn\/sinhthaimoi\/wp-json\/wp\/v2\/product_tag?post=1825"}],"curies":[{"name":"wp","href":"https:\/\/api.w.org\/{rel}","templated":true}]}}