{"id":1822,"date":"2025-06-30T16:40:12","date_gmt":"2025-06-30T09:40:12","guid":{"rendered":"https:\/\/demo9.thuythu.vn\/sinhthaimoi\/?post_type=product&#038;p=1822"},"modified":"2025-07-06T20:34:46","modified_gmt":"2025-07-06T13:34:46","slug":"new-eco-century","status":"publish","type":"product","link":"https:\/\/demo9.thuythu.vn\/sinhthaimoi\/san-pham\/dinh-duong-sinh-hoc\/amino-acid\/new-eco-century\/","title":{"rendered":"New Eco Century"},"content":{"rendered":"<h3><strong>\u0110\u1eb7c \u0111i\u1ec3m &amp; T\u00ednh n\u0103ng:<\/strong><\/h3>\n<p>Th\u00e0nh ph\u1ea7n: H\u00e0m l\u01b0\u1ee3ng ch\u1ea5t h\u1eefu c\u01a1: 25%; \u0110\u1ea1m t\u1ed5ng s\u1ed1 (Nts): 2%; T\u1ef7 l\u1ec7 C\/N: 12; T\u1ef7 tr\u1ecdng: 1.1; pH (min): 5<br \/>\nNgo\u00e0i ra s\u1ea3n ph\u1ea9m c\u00f2n c\u00f3 Humic, Fulvic v\u00e0 h\u01a1n 10 lo\u1ea1i amino acid kh\u00e1c nhau c\u00f3 ho\u1ea1t t\u00ednh sinh h\u1ecdc cao gi\u00fap c\u00e2y h\u1ea5p thu nhanh, kh\u1eafc ph\u1ee5c t\u00ecnh tr\u1ea1ng thi\u1ebfu dinh d\u01b0\u1ee1ng<br \/>\n<strong>\u0110\u1eb7c \u0111i\u1ec3m v\u00e0 c\u00f4ng d\u1ee5ng<\/strong><br \/>\n&#8211; \u0110\u1ea1m t\u00f4m \u0111\u01b0\u1ee3c th\u1ee7y ph\u00e2n s\u00e2u b\u1eb1ng enzyme \u0111\u1eb7c ch\u1ee7ng t\u1ea1o th\u00e0nh di &#8211; tri peptide, amino acid gi\u00fap c\u00e2y h\u1ea5p thu nhanh h\u01a1n, nhanh ch\u00f3ng ph\u1ee5c h\u1ed3i sau thu ho\u1ea1ch<br \/>\n&#8211; C\u00e1c ho\u1ea1t ch\u1ea5t sinh h\u1ecdc gi\u00fap t\u0103ng c\u01b0\u1eddng kh\u1ea3 n\u0103ng ch\u1ed1ng ch\u1ecbu c\u1ee7a c\u00e2y<br \/>\n&#8211; H\u1ed7 tr\u1ee3 c\u1ea3i t\u1ea1o \u0111\u1ea5t, nu\u00f4i d\u01b0\u1ee1ng h\u1ec7 vi sinh v\u1eadt trong \u0111\u1ea5t<br \/>\n&#8211; T\u1ea1o chelate kho\u00e1ng vi l\u01b0\u1ee3ng, gi\u00fap c\u00e2y h\u1ea5p thu dinh d\u01b0\u1ee1ng t\u1ed1t, c\u00e2n b\u1eb1ng<br \/>\n&#8211; Gi\u1ea3m ph\u00e2n h\u00f3a h\u1ecdc<\/p>\n<h3><strong>H\u01b0\u1edbng d\u1eabn s\u1eed d\u1ee5ng:<\/strong><\/h3>\n<table width=\"875\">\n<tbody>\n<tr>\n<td width=\"97\"><strong>Lo\u1ea1i c\u00e2y tr\u1ed3ng<\/strong><\/td>\n<td width=\"165\"><strong>Li\u1ec1u l\u01b0\u1ee3ng\u00a0<\/strong><\/td>\n<td width=\"613\"><strong>Th\u1eddi \u0111i\u1ec3m v\u00e0 c\u00e1ch s\u1eed d\u1ee5ng<\/strong><\/td>\n<\/tr>\n<tr>\n<td width=\"97\">C\u00e2y l\u00faa<\/td>\n<td width=\"165\">1 &#8211; 2 l\u00edt\/l\u1ea7n<br \/>\n7 &#8211; 10 l\u00edt\/ha\/v\u1ee5<\/td>\n<td width=\"613\">&#8211; Giai \u0111o\u1ea1n c\u00e2y con: 8 &#8211; 15 ng\u00e0y sau s\u1ea1<br \/>\n&#8211; Giai \u0111o\u1ea1n \u0111\u1ebb nh\u00e1nh: 18 &#8211; 25 ng\u00e0y sau s\u1ea1<br \/>\n&#8211; Phun \u0111\u00f3n \u0111\u00f2ng: 30 &#8211; 40 ng\u00e0y sau s\u1ea1<br \/>\n&#8211; Giai \u0111o\u1ea1n nu\u00f4i h\u1ea1t: 50 &#8211; 60 ng\u00e0y sau s\u1ea1<br \/>\n(Th\u1eddi gian \u0111i\u1ec1u ch\u1ec9nh ph\u00f9 h\u1ee3p v\u1edbi t\u1eebng gi\u1ed1ng l\u00faa)<\/td>\n<\/tr>\n<tr>\n<td width=\"97\">C\u00e2y rau, hoa ki\u1ec3ng, c\u00e2y d\u01b0\u1ee3c li\u1ec7u<\/td>\n<td>1 &#8211; 2 l\u00edt\/ha\/l\u1ea7n<\/td>\n<td width=\"613\">&#8211; T\u1ea7n su\u1ea5t phun 7 &#8211; 10 ng\u00e0y\/l\u1ea7n<br \/>\n&#8211; Phun \u01b0\u1edbt \u0111\u1ec1u hai m\u1eb7t l\u00e1<\/td>\n<\/tr>\n<tr>\n<td width=\"97\">C\u00e2y \u0103n qu\u1ea3 v\u00e0 c\u00e1c lo\u1ea1i c\u00e2y l\u00e2u n\u0103m kh\u00e1c<\/td>\n<td width=\"165\">T\u01b0\u1edbi g\u1ed1c: 10 &#8211; 20 l\u00edt\/ha<br \/>\nPhun l\u00e1: 2 &#8211; 4 l\u00edt\/ha<\/td>\n<td width=\"613\">&#8211; T\u01b0\u1edbi ph\u1ee5c h\u1ed3i c\u00e2y sau thu ho\u1ea1ch<br \/>\n&#8211; Phun l\u00e1 nu\u00f4i d\u01b0\u1ee1ng c\u01a1i \u0111\u1ecdt, \u0111\u1ecbnh k\u1ef3 10 &#8211; 15 ng\u00e0y\/l\u1ea7n<br \/>\n&#8211; Nu\u00f4i tr\u00e1i<\/td>\n<\/tr>\n<\/tbody>\n<\/table>\n<h3><strong>H\u01b0\u1edbng d\u1eabn an to\u00e0n:<\/strong><\/h3>\n<p>&#8211; B\u1ea3o qu\u1ea3n nguy\u00ean bao g\u00f3i n\u01a1i kh\u00f4 r\u00e1o tho\u00e1ng m\u00e1t v\u00e0 c\u00f3 m\u00e1i che<br \/>\n&#8211; R\u1eeda tay sau khi s\u1eed d\u1ee5ng, tr\u00e1nh v\u0103ng v\u00e0o m\u1eaft<\/p>\n","protected":false},"excerpt":{"rendered":"<p>&#8211; Ra r\u1ec5 kh\u1ecfe, \u0111\u1ebb nh\u00e1nh nhanh<br \/>\n&#8211; T\u0103ng ch\u1ed3i, xanh l\u00e1, ch\u1ed1ng \u0111\u1ed5 ng\u00e3<br \/>\n&#8211; T\u0103ng n\u0103ng su\u1ea5t v\u00e0 ph\u1ea9m ch\u1ea5t n\u00f4ng s\u1ea3n<br \/>\n&#8211; H\u1ed7 tr\u1ee3 vi sinh v\u1eadt \u0111\u1ea5t ph\u00e1t tri\u1ec3n, c\u1ea3i t\u1ea1o \u0111\u1ea5t<\/p>\n","protected":false},"featured_media":1823,"template":"","meta":[],"product_brand":[],"product_cat":[29,157],"product_tag":[],"class_list":{"0":"post-1822","1":"product","2":"type-product","3":"status-publish","4":"has-post-thumbnail","6":"product_cat-dinh-duong-sinh-hoc","7":"product_cat-amino-acid","9":"first","10":"instock","11":"shipping-taxable","12":"product-type-simple"},"_links":{"self":[{"href":"https:\/\/demo9.thuythu.vn\/sinhthaimoi\/wp-json\/wp\/v2\/product\/1822","targetHints":{"allow":["GET"]}}],"collection":[{"href":"https:\/\/demo9.thuythu.vn\/sinhthaimoi\/wp-json\/wp\/v2\/product"}],"about":[{"href":"https:\/\/demo9.thuythu.vn\/sinhthaimoi\/wp-json\/wp\/v2\/types\/product"}],"wp:featuredmedia":[{"embeddable":true,"href":"https:\/\/demo9.thuythu.vn\/sinhthaimoi\/wp-json\/wp\/v2\/media\/1823"}],"wp:attachment":[{"href":"https:\/\/demo9.thuythu.vn\/sinhthaimoi\/wp-json\/wp\/v2\/media?parent=1822"}],"wp:term":[{"taxonomy":"product_brand","embeddable":true,"href":"https:\/\/demo9.thuythu.vn\/sinhthaimoi\/wp-json\/wp\/v2\/product_brand?post=1822"},{"taxonomy":"product_cat","embeddable":true,"href":"https:\/\/demo9.thuythu.vn\/sinhthaimoi\/wp-json\/wp\/v2\/product_cat?post=1822"},{"taxonomy":"product_tag","embeddable":true,"href":"https:\/\/demo9.thuythu.vn\/sinhthaimoi\/wp-json\/wp\/v2\/product_tag?post=1822"}],"curies":[{"name":"wp","href":"https:\/\/api.w.org\/{rel}","templated":true}]}}