{"id":1800,"date":"2025-06-30T16:18:34","date_gmt":"2025-06-30T09:18:34","guid":{"rendered":"https:\/\/demo9.thuythu.vn\/sinhthaimoi\/?post_type=product&#038;p=1800"},"modified":"2025-07-28T10:29:30","modified_gmt":"2025-07-28T03:29:30","slug":"phan-bon-huu-co-eco-success","status":"publish","type":"product","link":"https:\/\/demo9.thuythu.vn\/sinhthaimoi\/san-pham\/dinh-duong-sinh-hoc\/amino-acid\/phan-bon-huu-co-eco-success\/","title":{"rendered":"Ph\u00e2n b\u00f3n h\u1eefu c\u01a1 Eco Success"},"content":{"rendered":"<p><strong>Th\u00e0nh ph\u1ea7n:<\/strong> H\u00e0m l\u01b0\u1ee3ng ch\u1ea5t h\u1eefu c\u01a1: 55%; \u0110\u1ea1m t\u1ed5ng s\u1ed1 (Nts): 5%; T\u1ef7 l\u1ec7 C\/N: 5.5; T\u1ef7 tr\u1ecdng: 1.2; pH (min): 5<br \/>\nHumic, Fulvic v\u00e0 h\u01a1n 10 lo\u1ea1i amino acid kh\u00e1c nhau c\u00f3 ho\u1ea1t t\u00ednh sinh h\u1ecdc cao gi\u00fap c\u00e2y h\u1ea5p thu nhanh, kh\u1eafc ph\u1ee5c t\u00ecnh tr\u1ea1ng thi\u1ebfu dinh d\u01b0\u1ee1ng<\/p>\n<h3><strong>\u0110\u1eb7c \u0111i\u1ec3m v\u00e0 c\u00f4ng d\u1ee5ng:<\/strong><\/h3>\n<p>&#8211; ECO SUCCESS l\u00e0 s\u1ea3n ph\u1ea9m nh\u1eadp kh\u1ea9u 100% t\u1eeb Nh\u1eadt B\u1ea3n b\u1edfi c\u00f4ng ngh\u1ec7 l\u00ean men ti\u00ean ti\u1ebfn nh\u1ea5t<br \/>\n&#8211; C\u00e1c ho\u1ea1t ch\u1ea5t sinh h\u1ecdc gi\u00fap t\u0103ng c\u01b0\u1eddng kh\u1ea3 n\u0103ng ch\u1ed1ng ch\u1ecbu c\u1ee7a c\u00e2y<br \/>\n&#8211; C\u00e2y c\u1ee9ng c\u00e1p, l\u00e1 d\u00e0y m\u01b0\u1edbt<br \/>\n&#8211; H\u1ed7 tr\u1ee3 c\u1ea3i t\u1ea1o \u0111\u1ea5t, nu\u00f4i d\u01b0\u1ee1ng h\u1ec7 vi sinh v\u1eadt trong \u0111\u1ea5t<br \/>\n&#8211; Gi\u1ea3m ph\u00e2n h\u00f3a h\u1ecdc<\/p>\n<h3><strong>H\u01b0\u1edbng d\u1eabn an to\u00e0n:<\/strong><\/h3>\n<p>&#8211; B\u1ea3o qu\u1ea3n nguy\u00ean bao g\u00f3i n\u01a1i kh\u00f4 r\u00e1o tho\u00e1ng m\u00e1t v\u00e0 c\u00f3 m\u00e1i che<br \/>\n&#8211; R\u1eeda tay sau khi s\u1eed d\u1ee5ng, tr\u00e1nh v\u0103ng v\u00e0o m\u1eaft<\/p>\n<p>&nbsp;<\/p>\n<h3><strong>H\u01b0\u1edbng d\u1eabn s\u1eed d\u1ee5ng:<\/strong><\/h3>\n<table width=\"790\">\n<tbody>\n<tr>\n<td width=\"129\"><strong>Lo\u1ea1i c\u00e2y tr\u1ed3ng<\/strong><\/td>\n<td width=\"165\"><strong>Li\u1ec1u l\u01b0\u1ee3ng\u00a0<\/strong><\/td>\n<td width=\"496\"><strong>Th\u1eddi \u0111i\u1ec3m v\u00e0 c\u00e1ch s\u1eed d\u1ee5ng<\/strong><\/td>\n<\/tr>\n<tr>\n<td colspan=\"3\" width=\"790\">Ph\u00e2n b\u00f3n s\u1eed d\u1ee5ng \u0111\u1ec3 b\u00f3n r\u1ec5 ho\u1eb7c phun qua l\u00e1, pha 1 l\u00edt ph\u00e2n b\u00f3n v\u1edbi 400 l\u00edt n\u01b0\u1edbc, t\u01b0\u1edbi \u0111\u1ec1u ph\u00e2n b\u00f3n \u0111\u00e3 pha tr\u00ean m\u1eb7t \u0111\u1ea5t ho\u1eb7c t\u01b0\u1edbi theo h\u00e0ng, g\u1ed1c c\u00e2y.<\/td>\n<\/tr>\n<tr>\n<td width=\"129\">C\u00e2y l\u00faa<\/td>\n<td width=\"165\">30 &#8211; 40 l\u00edt\/ha\/l\u1ea7n<\/td>\n<td width=\"496\">&#8211; T\u1eeb giai \u0111o\u1ea1n 20 ng\u00e0y sau tr\u1ed3ng<br \/>\n&#8211; Giai \u0111o\u1ea1n \u0111\u00f3n \u0111\u00f2ng, r\u01b0\u1edbc hoa<br \/>\n&#8211; Giai \u0111o\u1ea1n t\u1ea1o h\u1ea1t, nu\u00f4i tr\u00e1i<br \/>\nD\u1eebng t\u01b0\u1edbi tr\u01b0\u1edbc thu ho\u1ea1ch 7 &#8211; 10 ng\u00e0y<\/td>\n<\/tr>\n<tr>\n<td width=\"129\">C\u00e2y rau v\u00e0 c\u00e2y hoa<\/td>\n<td width=\"165\">30 &#8211; 40 l\u00edt\/ha\/l\u1ea7n<\/td>\n<td width=\"496\">&#8211; T\u1ea7n su\u1ea5t phun 7 &#8211; 10 ng\u00e0y\/l\u1ea7n<br \/>\n&#8211; T\u1eeb giai \u0111o\u1ea1n 20 ng\u00e0y sau tr\u1ed3ng<br \/>\n&#8211; Giai \u0111o\u1ea1n \u0111\u00f3n \u0111\u00f2ng, r\u01b0\u1edbc hoa<br \/>\n&#8211; Giai \u0111o\u1ea1n t\u1ea1o h\u1ea1t, nu\u00f4i tr\u00e1i<br \/>\nD\u1eebng t\u01b0\u1edbi tr\u01b0\u1edbc thu ho\u1ea1ch 7 &#8211; 10 ng\u00e0y<\/td>\n<\/tr>\n<tr>\n<td width=\"129\">C\u00e2y \u0103n qu\u1ea3<\/td>\n<td width=\"165\">60 &#8211; 70 l\u00edt\/ha\/l\u1ea7n<\/td>\n<td width=\"496\">&#8211; T\u1ea7n su\u1ea5t phun 7 &#8211; 10 ng\u00e0y\/l\u1ea7n<br \/>\n&#8211; T\u1eeb giai \u0111o\u1ea1n 20 ng\u00e0y sau tr\u1ed3ng<br \/>\n&#8211; Giai \u0111o\u1ea1n ph\u00e2n h\u00f3a m\u1ea7m hoa<br \/>\n&#8211; Giai \u0111o\u1ea1n nu\u00f4i tr\u00e1i<br \/>\n&#8211; Giai \u0111o\u1ea1n ph\u1ee5c h\u1ed3i sau thu ho\u1ea1ch<br \/>\nD\u1eebng t\u01b0\u1edbi tr\u01b0\u1edbc thu ho\u1ea1ch 7 &#8211; 10 ng\u00e0y<\/td>\n<\/tr>\n<tr>\n<td width=\"129\">C\u00e2y c\u00f4ng nghi\u1ec7p ng\u1eafn ng\u00e0y<\/td>\n<td>40 &#8211; 50 l\u00edt\/ha\/l\u1ea7n<\/td>\n<td width=\"496\">&#8211; T\u1ea7n su\u1ea5t phun 7 &#8211; 10 ng\u00e0y\/l\u1ea7n<br \/>\n&#8211; T\u1eeb giai \u0111o\u1ea1n 20 ng\u00e0y sau tr\u1ed3ng<br \/>\n&#8211; Giai \u0111o\u1ea1n ph\u00e2n h\u00f3a m\u1ea7m hoa<br \/>\n&#8211; Giai \u0111o\u1ea1n nu\u00f4i tr\u00e1i<br \/>\n&#8211; Giai \u0111o\u1ea1n ph\u1ee5c h\u1ed3i sau thu ho\u1ea1ch<br \/>\nD\u1eebng t\u01b0\u1edbi tr\u01b0\u1edbc thu ho\u1ea1ch 7 &#8211; 10 ng\u00e0y<\/td>\n<\/tr>\n<tr>\n<td width=\"129\">C\u00e2y c\u00f4ng nghi\u1ec7p d\u00e0i ng\u00e0y<\/td>\n<td width=\"165\">60 &#8211; 70 l\u00edt\/ha\/l\u1ea7n<\/td>\n<td width=\"496\">&#8211; T\u1ea7n su\u1ea5t phun 7 &#8211; 10 ng\u00e0y\/l\u1ea7n<br \/>\n&#8211; T\u1eeb giai \u0111o\u1ea1n 20 ng\u00e0y sau tr\u1ed3ng<br \/>\n&#8211; Giai \u0111o\u1ea1n ph\u00e2n h\u00f3a m\u1ea7m hoa<br \/>\n&#8211; Giai \u0111o\u1ea1n nu\u00f4i tr\u00e1i<br \/>\n&#8211; Giai \u0111o\u1ea1n ph\u1ee5c h\u1ed3i sau thu ho\u1ea1ch<br \/>\nD\u1eebng t\u01b0\u1edbi tr\u01b0\u1edbc thu ho\u1ea1ch 7 &#8211; 10 ng\u00e0y<\/td>\n<\/tr>\n<\/tbody>\n<\/table>\n<p>&#8211; S\u1eed d\u1ee5ng chung \u0111\u01b0\u1ee3c v\u1edbi c\u00e1c lo\u1ea1i ph\u00e2n b\u00f3n v\u00e0 thu\u1ed1c BVTV kh\u00e1c<br \/>\n&#8211; S\u1ea3n ph\u1ea9m \u0111\u1eadm \u0111\u1eb7c, l\u1eafc \u0111\u1ec1u tr\u01b0\u1edbc khi s\u1eed d\u1ee5ng<\/p>\n","protected":false},"excerpt":{"rendered":"<p>&#8211; B\u1ed9 r\u1ec5 kh\u1ecfe, h\u1ea5p thu dinh d\u01b0\u1ee1ng t\u1ed1t<br \/>\n&#8211; C\u00e2y ra ch\u1ed3i, \u0111\u1ebb nh\u00e1nh t\u1ed1t<br \/>\n&#8211; C\u1ea3i t\u1ea1o \u0111\u1ea5t chua, \u0111\u1ea5t ph\u00e8n, b\u1ea1c m\u00e0u<br \/>\n&#8211; C\u1ea3i t\u1ea1o \u0111\u1ea5t, nu\u00f4i d\u01b0\u1ee1ng h\u1ec7 vi sinh v\u1eadt \u0111\u1ea5t<br \/>\n&#8211; N\u00e2ng cao hi\u1ec7u qu\u1ea3 s\u1eed d\u1ee5ng ph\u00e2n b\u00f3n, gi\u1ea3m ph\u00e2n h\u00f3a h\u1ecdc<br \/>\n&#8211; Ph\u00f9 h\u1ee3p cho canh t\u00e1c N\u00f4ng nghi\u1ec7p h\u1eefu c\u01a1<br \/>\n&#8211; Quy c\u00e1ch: chai 250 ml, chai 1 l\u00edt, Can 5 l\u00edt, Can 10 l\u00edt, x\u00f4 5 l\u00edt, X\u00f4 10Lit<\/p>\n","protected":false},"featured_media":1801,"template":"","meta":[],"product_brand":[],"product_cat":[29,157],"product_tag":[],"class_list":{"0":"post-1800","1":"product","2":"type-product","3":"status-publish","4":"has-post-thumbnail","6":"product_cat-dinh-duong-sinh-hoc","7":"product_cat-amino-acid","9":"first","10":"instock","11":"featured","12":"shipping-taxable","13":"purchasable","14":"product-type-variable"},"_links":{"self":[{"href":"https:\/\/demo9.thuythu.vn\/sinhthaimoi\/wp-json\/wp\/v2\/product\/1800","targetHints":{"allow":["GET"]}}],"collection":[{"href":"https:\/\/demo9.thuythu.vn\/sinhthaimoi\/wp-json\/wp\/v2\/product"}],"about":[{"href":"https:\/\/demo9.thuythu.vn\/sinhthaimoi\/wp-json\/wp\/v2\/types\/product"}],"wp:featuredmedia":[{"embeddable":true,"href":"https:\/\/demo9.thuythu.vn\/sinhthaimoi\/wp-json\/wp\/v2\/media\/1801"}],"wp:attachment":[{"href":"https:\/\/demo9.thuythu.vn\/sinhthaimoi\/wp-json\/wp\/v2\/media?parent=1800"}],"wp:term":[{"taxonomy":"product_brand","embeddable":true,"href":"https:\/\/demo9.thuythu.vn\/sinhthaimoi\/wp-json\/wp\/v2\/product_brand?post=1800"},{"taxonomy":"product_cat","embeddable":true,"href":"https:\/\/demo9.thuythu.vn\/sinhthaimoi\/wp-json\/wp\/v2\/product_cat?post=1800"},{"taxonomy":"product_tag","embeddable":true,"href":"https:\/\/demo9.thuythu.vn\/sinhthaimoi\/wp-json\/wp\/v2\/product_tag?post=1800"}],"curies":[{"name":"wp","href":"https:\/\/api.w.org\/{rel}","templated":true}]}}