{"id":397,"date":"2024-04-23T06:11:48","date_gmt":"2024-04-22T23:11:48","guid":{"rendered":"https:\/\/demo9.thuythu.vn\/sinhthaimoi\/?page_id=397"},"modified":"2025-11-13T21:04:27","modified_gmt":"2025-11-13T14:04:27","slug":"lien-he","status":"publish","type":"page","link":"https:\/\/demo9.thuythu.vn\/sinhthaimoi\/lien-he\/","title":{"rendered":"Li\u00ean h\u1ec7"},"content":{"rendered":"\n\t<div id=\"gap-1970305302\" class=\"gap-element clearfix\" style=\"display:block; height:auto;\">\n\t\t\n<style>\n#gap-1970305302 {\n  padding-top: 30px;\n}\n<\/style>\n\t<\/div>\n\t\n\n\n\t<section class=\"section dark\" id=\"section_5224354\">\n\t\t<div class=\"section-bg fill\" >\n\t\t\t<img loading=\"lazy\" decoding=\"async\" width=\"2000\" height=\"1506\" src=\"https:\/\/demo9.thuythu.vn\/sinhthaimoi\/wp-content\/uploads\/2025\/06\/about-2.jpg\" class=\"bg attachment-original size-original\" alt=\"\" \/>\t\t\t\t\t\t<div class=\"section-bg-overlay absolute fill\"><\/div>\n\t\t\t\n\n\t\t<\/div>\n\n\t\t\n\n\t\t<div class=\"section-content relative\">\n\t\t\t\n\n<div class=\"row\"  id=\"row-1535572304\">\n\n\n\t<div id=\"col-169672550\" class=\"col small-12 large-12\"  >\n\t\t\t\t<div class=\"col-inner text-center\"  >\n\t\t\t\n\t\t\t\n\n<h2 style=\"font-size:200%;\">Li\u00ean h\u1ec7 v\u1edbi ch\u00fang t\u00f4i<\/h2>\n<p>\u0110\u1eebng ng\u1ea7n ng\u1ea1i li\u00ean h\u1ec7 v\u1edbi ch\u00fang t\u00f4i khi b\u1ea1n c\u00f3 b\u1ea5t k\u00ec th\u1eafc m\u1eafc n\u00e0o&#8230;.<\/p>\n\n\t\t<\/div>\n\t\t\t\t\n<style>\n#col-169672550 > .col-inner {\n  padding: 20px 0px 0px 0px;\n}\n<\/style>\n\t<\/div>\n\n\t\n\n<\/div>\n\n\t\t<\/div>\n\n\t\t\n<style>\n#section_5224354 {\n  padding-top: 140px;\n  padding-bottom: 140px;\n  background-color: rgb(40, 40, 40);\n}\n#section_5224354 .section-bg-overlay {\n  background-color: rgba(0, 0, 0, 0.3);\n}\n#section_5224354 .section-bg img {\n  object-position: 64% 59%;\n}\n<\/style>\n\t<\/section>\n\t\n\n\t<section class=\"section\" id=\"section_688659415\">\n\t\t<div class=\"section-bg fill\" >\n\t\t\t\t\t\t\t\t\t\n\t\t\t\n\n\t\t<\/div>\n\n\t\t\n\n\t\t<div class=\"section-content relative\">\n\t\t\t\n\n<div class=\"row\"  id=\"row-37068753\">\n\n\n\t<div id=\"col-1758476171\" class=\"col small-12 large-12\"  >\n\t\t\t\t<div class=\"col-inner\"  >\n\t\t\t\n\t\t\t\n\n<div class=\"row align-equal\"  id=\"row-1292449391\">\n\n\n\t<div id=\"col-1795855454\" class=\"col medium-6 small-12 large-6\"  >\n\t\t\t\t<div class=\"col-inner text-center\"  >\n\t\t\t\n\t\t\t\n\n\n\t\t<div class=\"icon-box featured-box icon-box-center text-center\"  >\n\t\t\t\t\t<div class=\"icon-box-img\" style=\"width: 60px\">\n\t\t\t\t<div class=\"icon\">\n\t\t\t\t\t<div class=\"icon-inner\" >\n\t\t\t\t\t\t<img loading=\"lazy\" decoding=\"async\" width=\"300\" height=\"300\" src=\"https:\/\/demo9.thuythu.vn\/sinhthaimoi\/wp-content\/uploads\/2025\/06\/contact-page-for-flatsome-wordpress-theme-pointed-icon-phone-300x300.png\" class=\"attachment-medium size-medium\" alt=\"\" srcset=\"https:\/\/demo9.thuythu.vn\/sinhthaimoi\/wp-content\/uploads\/2025\/06\/contact-page-for-flatsome-wordpress-theme-pointed-icon-phone-300x300.png 300w, https:\/\/demo9.thuythu.vn\/sinhthaimoi\/wp-content\/uploads\/2025\/06\/contact-page-for-flatsome-wordpress-theme-pointed-icon-phone-150x150.png 150w, https:\/\/demo9.thuythu.vn\/sinhthaimoi\/wp-content\/uploads\/2025\/06\/contact-page-for-flatsome-wordpress-theme-pointed-icon-phone-100x100.png 100w, https:\/\/demo9.thuythu.vn\/sinhthaimoi\/wp-content\/uploads\/2025\/06\/contact-page-for-flatsome-wordpress-theme-pointed-icon-phone.png 512w\" sizes=\"auto, (max-width: 300px) 100vw, 300px\" \/>\t\t\t\t\t<\/div>\n\t\t\t\t<\/div>\n\t\t\t<\/div>\n\t\t\t\t<div class=\"icon-box-text last-reset\">\n\t\t\t\t\t\t\t\t\t\n\n<h4>Li\u00ean h\u1ec7 b\u1ed9 ph\u1eadn kinh doanh<\/h4>\n\t<div id=\"gap-614020051\" class=\"gap-element clearfix\" style=\"display:block; height:auto;\">\n\t\t\n<style>\n#gap-614020051 {\n  padding-top: 20px;\n}\n<\/style>\n\t<\/div>\n\t\n\n<a class=\"button secondary\"  >\n\t\t<span>+84 983595686<\/span>\n\t<\/a>\n\n\n\n\t\t<\/div>\n\t<\/div>\n\t\n\t\n\n\t\t<\/div>\n\t\t\t\t\t<\/div>\n\n\t\n\n\t<div id=\"col-1601922293\" class=\"col medium-6 small-12 large-6\"  >\n\t\t\t\t<div class=\"col-inner text-center\"  >\n\t\t\t\n\t\t\t\n\n\n\t\t<div class=\"icon-box featured-box icon-box-center text-center\"  >\n\t\t\t\t\t<div class=\"icon-box-img\" style=\"width: 60px\">\n\t\t\t\t<div class=\"icon\">\n\t\t\t\t\t<div class=\"icon-inner\" >\n\t\t\t\t\t\t<img loading=\"lazy\" decoding=\"async\" width=\"300\" height=\"300\" src=\"https:\/\/demo9.thuythu.vn\/sinhthaimoi\/wp-content\/uploads\/2025\/06\/contact-page-for-flatsome-wordpress-theme-pointed-icon-chat-300x300.png\" class=\"attachment-medium size-medium\" alt=\"\" srcset=\"https:\/\/demo9.thuythu.vn\/sinhthaimoi\/wp-content\/uploads\/2025\/06\/contact-page-for-flatsome-wordpress-theme-pointed-icon-chat-300x300.png 300w, https:\/\/demo9.thuythu.vn\/sinhthaimoi\/wp-content\/uploads\/2025\/06\/contact-page-for-flatsome-wordpress-theme-pointed-icon-chat-150x150.png 150w, https:\/\/demo9.thuythu.vn\/sinhthaimoi\/wp-content\/uploads\/2025\/06\/contact-page-for-flatsome-wordpress-theme-pointed-icon-chat-100x100.png 100w, https:\/\/demo9.thuythu.vn\/sinhthaimoi\/wp-content\/uploads\/2025\/06\/contact-page-for-flatsome-wordpress-theme-pointed-icon-chat.png 512w\" sizes=\"auto, (max-width: 300px) 100vw, 300px\" \/>\t\t\t\t\t<\/div>\n\t\t\t\t<\/div>\n\t\t\t<\/div>\n\t\t\t\t<div class=\"icon-box-text last-reset\">\n\t\t\t\t\t\t\t\t\t\n\n\t<div id=\"text-591748193\" class=\"text\">\n\t\t\n\n<h4>C\u00f4ng ty C\u1ed5 ph\u1ea7n Ph\u00e1t tri\u1ec3n Sinh Th\u00e1i M\u1edbi<\/h4>\n<p><i class=\"fa-solid fa-globe\"><\/i> https:\/\/demo9.thuythu.vn\/sinhthaimoi<br \/>\n<i class=\"fa-solid fa-location-dot\"><\/i> \u0110T763, Xu\u00e2n Th\u1ecd, Xu\u00e2n L\u1ed9c, \u0110\u1ed3ng Nai, Vi\u1ec7t Nam<br \/>\n<i class=\"fa-solid fa-envelope\"><\/i> saleneweco@gmail.com<br \/>\n<i class=\"fa-solid fa-phone-volume\"><\/i> +84 983 595 686<\/p>\n\n\t\t\n<style>\n#text-591748193 {\n  text-align: center;\n}\n<\/style>\n\t<\/div>\n\t\n\t<div id=\"gap-1272818973\" class=\"gap-element clearfix\" style=\"display:block; height:auto;\">\n\t\t\n<style>\n#gap-1272818973 {\n  padding-top: 20px;\n}\n<\/style>\n\t<\/div>\n\t\n\n\n\t\t<\/div>\n\t<\/div>\n\t\n\t\n\n\t\t<\/div>\n\t\t\t\t\t<\/div>\n\n\t\n\n\t<div id=\"col-1932034050\" class=\"col small-12 large-12\"  >\n\t\t\t\t<div class=\"col-inner text-center\" style=\"background-color:rgb(255,255,255);\" >\n\t\t\t\n\t\t\t\n\n<h3>Ho\u1eb7c d\u00f9ng form sau \u0111\u00e2y \u0111\u1ec3 email \u0111\u1ebfn ch\u00fang t\u00f4i<\/h3>\n<div class=\"is-divider divider clearfix\" ><\/div>\n\n<div class=\"row align-center\"  id=\"row-2137215290\">\n\n\n\t<div id=\"col-1595430833\" class=\"col medium-11 small-12 large-9\"  >\n\t\t\t\t<div class=\"col-inner text-left\"  >\n\t\t\t\n\t\t\t\n\n\n<div class=\"wpcf7 no-js\" id=\"wpcf7-f6-o1\" lang=\"en-US\" dir=\"ltr\">\n<div class=\"screen-reader-response\"><p role=\"status\" aria-live=\"polite\" aria-atomic=\"true\"><\/p> <ul><\/ul><\/div>\n<form action=\"\/sinhthaimoi\/wp-json\/wp\/v2\/pages\/397#wpcf7-f6-o1\" method=\"post\" class=\"wpcf7-form init\" aria-label=\"Contact form\" novalidate=\"novalidate\" data-status=\"init\">\n<div style=\"display: none;\">\n<input type=\"hidden\" name=\"_wpcf7\" value=\"6\" \/>\n<input type=\"hidden\" name=\"_wpcf7_version\" value=\"5.9.4\" \/>\n<input type=\"hidden\" name=\"_wpcf7_locale\" value=\"en_US\" \/>\n<input type=\"hidden\" name=\"_wpcf7_unit_tag\" value=\"wpcf7-f6-o1\" \/>\n<input type=\"hidden\" name=\"_wpcf7_container_post\" value=\"0\" \/>\n<input type=\"hidden\" name=\"_wpcf7_posted_data_hash\" value=\"\" \/>\n<\/div>\n<div class=\"CR-form-contact CR-form-def\" align=\"center\">\n\t<div class=\"gr-def-form-field\">\n\t\t<p><span class=\"wpcf7-form-control-wrap\" data-name=\"name-contact\"><input size=\"40\" class=\"wpcf7-form-control wpcf7-text wpcf7-validates-as-required\" aria-required=\"true\" aria-invalid=\"false\" placeholder=\"Nh\u1eadp h\u1ecd v\u00e0 t\u00ean c\u1ee7a b\u1ea1n\" value=\"\" type=\"text\" name=\"name-contact\" \/><\/span>\n\t\t<\/p>\n\t<\/div>\n\t<div class=\"gr-def-form-field\">\n\t\t<p><span class=\"wpcf7-form-control-wrap\" data-name=\"phone-contact\"><input size=\"40\" class=\"wpcf7-form-control wpcf7-tel wpcf7-validates-as-required wpcf7-text wpcf7-validates-as-tel\" aria-required=\"true\" aria-invalid=\"false\" placeholder=\"S\u1ed1 \u0111i\u1ec7n tho\u1ea1i\" value=\"\" type=\"tel\" name=\"phone-contact\" \/><\/span>\n\t\t<\/p>\n\t<\/div>\n\t<div class=\"gr-def-form-field\">\n\t\t<p><span class=\"wpcf7-form-control-wrap\" data-name=\"mail-contact\"><input size=\"40\" class=\"wpcf7-form-control wpcf7-email wpcf7-validates-as-required wpcf7-text wpcf7-validates-as-email\" aria-required=\"true\" aria-invalid=\"false\" placeholder=\"Email\" value=\"\" type=\"email\" name=\"mail-contact\" \/><\/span>\n\t\t<\/p>\n\t<\/div>\n\t<div class=\"gr-def-form-field\">\n\t\t<p><span class=\"wpcf7-form-control-wrap\" data-name=\"need-contact\"><input size=\"40\" class=\"wpcf7-form-control wpcf7-text wpcf7-validates-as-required\" aria-required=\"true\" aria-invalid=\"false\" placeholder=\"Nh\u1eadp nhu c\u1ea7u\" value=\"\" type=\"text\" name=\"need-contact\" \/><\/span>\n\t\t<\/p>\n\t<\/div>\n\t<div class=\"gr-def-form-field\">\n\t\t<p><span class=\"wpcf7-form-control-wrap\" data-name=\"message-contact\"><textarea cols=\"40\" rows=\"10\" class=\"wpcf7-form-control wpcf7-textarea wpcf7-validates-as-required\" aria-required=\"true\" aria-invalid=\"false\" placeholder=\"Nh\u1eadp n\u1ed9i dung l\u1eddi nh\u1eafn*\" name=\"message-contact\"><\/textarea><\/span>\n\t\t<\/p>\n\t<\/div>\n\t<div class=\"gr-def-form-field gr-def-form-btn\">\n\t\t<p><input class=\"wpcf7-form-control wpcf7-submit has-spinner\" type=\"submit\" value=\"G\u1eedi tin nh\u1eafn\" \/>\n\t\t<\/p>\n\t<\/div>\n<\/div><div class=\"wpcf7-response-output\" aria-hidden=\"true\"><\/div>\n<\/form>\n<\/div>\n\n\n\n\t\t<\/div>\n\t\t\t\t\t<\/div>\n\n\t\n\n<\/div>\n\n\t\t<\/div>\n\t\t\t\t\t<\/div>\n\n\t\n\n\n<style>\n#row-1292449391 > .col > .col-inner {\n  padding: 40px 40px 40px 40px;\n  background-color: rgb(255,255,255);\n}\n<\/style>\n<\/div>\n\n\t\t<\/div>\n\t\t\t\t\n<style>\n#col-1758476171 > .col-inner {\n  margin: -100px 0px 0px 0px;\n}\n<\/style>\n\t<\/div>\n\n\t\n\n<\/div>\n\n\t\t<\/div>\n\n\t\t\n<style>\n#section_688659415 {\n  padding-top: 30px;\n  padding-bottom: 30px;\n  background-color: rgb(244, 244, 244);\n}\n<\/style>\n\t<\/section>\n\t\n\n","protected":false},"excerpt":{"rendered":"","protected":false},"author":2,"featured_media":0,"parent":0,"menu_order":0,"comment_status":"closed","ping_status":"closed","template":"page-blank.php","meta":{"footnotes":""},"class_list":["post-397","page","type-page","status-publish","hentry"],"_links":{"self":[{"href":"https:\/\/demo9.thuythu.vn\/sinhthaimoi\/wp-json\/wp\/v2\/pages\/397","targetHints":{"allow":["GET"]}}],"collection":[{"href":"https:\/\/demo9.thuythu.vn\/sinhthaimoi\/wp-json\/wp\/v2\/pages"}],"about":[{"href":"https:\/\/demo9.thuythu.vn\/sinhthaimoi\/wp-json\/wp\/v2\/types\/page"}],"author":[{"embeddable":true,"href":"https:\/\/demo9.thuythu.vn\/sinhthaimoi\/wp-json\/wp\/v2\/users\/2"}],"replies":[{"embeddable":true,"href":"https:\/\/demo9.thuythu.vn\/sinhthaimoi\/wp-json\/wp\/v2\/comments?post=397"}],"version-history":[{"count":12,"href":"https:\/\/demo9.thuythu.vn\/sinhthaimoi\/wp-json\/wp\/v2\/pages\/397\/revisions"}],"predecessor-version":[{"id":2234,"href":"https:\/\/demo9.thuythu.vn\/sinhthaimoi\/wp-json\/wp\/v2\/pages\/397\/revisions\/2234"}],"wp:attachment":[{"href":"https:\/\/demo9.thuythu.vn\/sinhthaimoi\/wp-json\/wp\/v2\/media?parent=397"}],"curies":[{"name":"wp","href":"https:\/\/api.w.org\/{rel}","templated":true}]}}