{"id":381,"date":"2024-04-23T05:53:51","date_gmt":"2024-04-22T22:53:51","guid":{"rendered":"https:\/\/demo9.thuythu.vn\/sinhthaimoi\/?page_id=381"},"modified":"2025-07-01T14:03:58","modified_gmt":"2025-07-01T07:03:58","slug":"gioi-thieu","status":"publish","type":"page","link":"https:\/\/demo9.thuythu.vn\/sinhthaimoi\/gioi-thieu\/","title":{"rendered":"Gi\u1edbi thi\u1ec7u"},"content":{"rendered":"\n\t<div id=\"gap-619042545\" class=\"gap-element clearfix\" style=\"display:block; height:auto;\">\n\t\t\n<style>\n#gap-619042545 {\n  padding-top: 30px;\n}\n<\/style>\n\t<\/div>\n\t\n\n\n  <div class=\"banner has-hover\" id=\"banner-805848244\">\n          <div class=\"banner-inner fill\">\n        <div class=\"banner-bg fill\" >\n            <img loading=\"lazy\" decoding=\"async\" width=\"1020\" height=\"612\" src=\"https:\/\/demo9.thuythu.vn\/sinhthaimoi\/wp-content\/uploads\/2025\/06\/slider-3-1024x614.jpg\" class=\"bg attachment-large size-large\" alt=\"\" \/>                        <div class=\"overlay\"><\/div>            \n                    <\/div>\n\t\t\n        <div class=\"banner-layers container\">\n            <div class=\"fill banner-link\"><\/div>            \n\n   <div id=\"text-box-1627399573\" class=\"text-box banner-layer x50 md-x50 lg-x50 y50 md-y50 lg-y50 res-text\">\n                                <div class=\"text-box-content text dark\">\n              \n              <div class=\"text-inner text-center\">\n                  \n\n\t<div id=\"text-1111815266\" class=\"text\">\n\t\t\n\n<h3><strong>GI\u1edaI THI\u1ec6U<\/strong><\/h3>\n\t\t\n<style>\n#text-1111815266 {\n  font-size: 1.2rem;\n  line-height: 2;\n}\n<\/style>\n\t<\/div>\n\t\n\n              <\/div>\n           <\/div>\n                            \n<style>\n#text-box-1627399573 {\n  width: 71%;\n}\n#text-box-1627399573 .text-box-content {\n  font-size: 100%;\n}\n<\/style>\n    <\/div>\n \n\n        <\/div>\n      <\/div>\n\n            \n<style>\n#banner-805848244 {\n  padding-top: 600px;\n}\n#banner-805848244 .overlay {\n  background-color: rgba(0, 0, 0, 0.297);\n}\n<\/style>\n  <\/div>\n\n\n\t<div id=\"gap-2134402752\" class=\"gap-element clearfix\" style=\"display:block; height:auto;\">\n\t\t\n<style>\n#gap-2134402752 {\n  padding-top: 50px;\n}\n<\/style>\n\t<\/div>\n\t\n\n<div class=\"row\"  id=\"row-1346312669\">\n\n\n\t<div id=\"col-1287210411\" class=\"col medium-6 small-12 large-6\"  >\n\t\t\t\t<div class=\"col-inner\"  >\n\t\t\t\n\t\t\t\n\n\t<div class=\"img has-hover x md-x lg-x y md-y lg-y\" id=\"image_144304180\">\n\t\t\t\t\t\t\t\t<div class=\"img-inner dark\" >\n\t\t\t<img loading=\"lazy\" decoding=\"async\" width=\"1020\" height=\"698\" src=\"https:\/\/demo9.thuythu.vn\/sinhthaimoi\/wp-content\/uploads\/2025\/06\/about-1-1024x701.jpg\" class=\"attachment-large size-large\" alt=\"\" srcset=\"https:\/\/demo9.thuythu.vn\/sinhthaimoi\/wp-content\/uploads\/2025\/06\/about-1-1024x701.jpg 1024w, https:\/\/demo9.thuythu.vn\/sinhthaimoi\/wp-content\/uploads\/2025\/06\/about-1-300x206.jpg 300w, https:\/\/demo9.thuythu.vn\/sinhthaimoi\/wp-content\/uploads\/2025\/06\/about-1-768x526.jpg 768w, https:\/\/demo9.thuythu.vn\/sinhthaimoi\/wp-content\/uploads\/2025\/06\/about-1-600x411.jpg 600w, https:\/\/demo9.thuythu.vn\/sinhthaimoi\/wp-content\/uploads\/2025\/06\/about-1.jpg 1200w\" sizes=\"auto, (max-width: 1020px) 100vw, 1020px\" \/>\t\t\t\t\t\t\n\t\t\t\t\t<\/div>\n\t\t\t\t\t\t\t\t\n<style>\n#image_144304180 {\n  width: 100%;\n}\n<\/style>\n\t<\/div>\n\t\n\n\n\t\t<\/div>\n\t\t\t\t\t<\/div>\n\n\t\n\n\t<div id=\"col-2130485575\" class=\"col medium-6 small-12 large-6\"  >\n\t\t\t\t<div class=\"col-inner\"  >\n\t\t\t\n\t\t\t\n\n<h2 style=\"text-align: center;\"><span data-text-color=\"primary\"><strong>K\u1ebeT N\u1ed0I THI\u00caN NHI\u00caN V\u1edaI N\u00d4NG NGHI\u1ec6P H\u1eeeU C\u01a0<br \/>C\u00c1C S\u1ea2N PH\u1ea8M CH\u1ea4T L\u01af\u1ee2NG T\u1ed0T NH\u1ea4T T\u1eea TH\u01af\u01a0NG HI\u1ec6U NEW ECO<\/strong><\/span><\/h2>\n<p>C\u00f4ng ty C\u1ed5 ph\u1ea7n Ph\u00e1t tri\u1ec3n Sinh Th\u00e1i M\u1edbi (New Eco) \u0111\u01b0\u1ee3c th\u00e0nh l\u1eadp v\u1edbi kh\u00e1t v\u1ecdng \u0111\u1ed3ng h\u00e0nh c\u00f9ng b\u00e0 con n\u00f4ng d\u00e2n x\u00e2y d\u1ef1ng n\u1ec1n n\u00f4ng nghi\u1ec7p h\u1eefu c\u01a1 b\u1ec1n v\u1eefng, hi\u1ec7u qu\u1ea3 v\u00e0 an to\u00e0n. Ch\u00fang t\u00f4i l\u00e0 \u0111\u01a1n v\u1ecb chuy\u00ean kinh doanh c\u00e1c s\u1ea3n ph\u1ea9m ph\u00e2n b\u00f3n, ch\u1ebf ph\u1ea9m sinh h\u1ecdc ph\u1ee5c v\u1ee5 cho n\u00f4ng nghi\u1ec7p h\u1eefu c\u01a1, \u0111\u01b0\u1ee3c s\u1ea3n xu\u1ea5t trong n\u01b0\u1edbc v\u00e0 nh\u1eadp kh\u1ea9u t\u1eeb Nh\u1eadt B\u1ea3n, H\u00e0n Qu\u1ed1c, Trung Qu\u1ed1c &#8230;v.v.<\/p>\n<p>V\u1edbi ph\u01b0\u01a1ng ch\u00e2m \u201cT\u1ed1t \u0111\u1ea5t th\u00ec c\u00e2y m\u1edbi kh\u1ecfe\u201d, c\u00e1c s\u1ea3n ph\u1ea9m t\u1eeb th\u01b0\u01a1ng hi\u1ec7u New Eco kh\u00f4ng ch\u1ec9 mang \u0111\u1ebfn gi\u1ea3i ph\u00e1p canh t\u00e1c hi\u1ec7u qu\u1ea3 chi ph\u00ed h\u1ee3p l\u00fd m\u00e0 c\u00f2n g\u00f3p ph\u1ea7n t\u00e1i t\u1ea1o h\u1ec7 sinh th\u00e1i n\u00f4ng nghi\u1ec7p l\u00e0nh m\u1ea1nh. Ch\u00fang t\u00f4i tin r\u1eb1ng, ch\u0103m lo cho \u0111\u1ea5t ch\u00ednh l\u00e0 n\u1ec1n t\u1ea3ng \u0111\u1ec3 t\u1ea1o ra n\u00f4ng s\u1ea3n s\u1ea1ch v\u00e0 cu\u1ed9c s\u1ed1ng th\u1ecbnh v\u01b0\u1ee3ng cho nh\u00e0 n\u00f4ng.<\/p>\n\n\t\t<\/div>\n\t\t\t\t\t<\/div>\n\n\t\n\n<\/div>\n\n\t<section class=\"section dark\" id=\"section_1025087615\">\n\t\t<div class=\"section-bg fill\" >\n\t\t\t<img loading=\"lazy\" decoding=\"async\" width=\"2000\" height=\"1333\" src=\"https:\/\/demo9.thuythu.vn\/sinhthaimoi\/wp-content\/uploads\/2025\/06\/slider-4.jpg\" class=\"bg attachment-original size-original\" alt=\"\" \/>\t\t\t\t\t\t<div class=\"section-bg-overlay absolute fill\"><\/div>\n\t\t\t\n\n\t\t<\/div>\n\n\t\t\n\n\t\t<div class=\"section-content relative\">\n\t\t\t\n\n<div class=\"row align-middle align-center\"  id=\"row-2030455617\">\n\n\n\t<div id=\"col-1376719417\" class=\"col medium-4 small-12 large-4\"  >\n\t\t\t\t<div class=\"col-inner\"  >\n\t\t\t\n\t\t\t\n\n\t<div id=\"text-1737760710\" class=\"text\">\n\t\t\n\n<h1><i class=\"fa-solid fa-circle-question\"><\/i> <br \/>L\u00fd do ch\u1ecdn ch\u00fang t\u00f4i<\/h1>\n\t\t\n<style>\n#text-1737760710 {\n  font-size: 2rem;\n  text-align: center;\n}\n<\/style>\n\t<\/div>\n\t\n\n\t\t<\/div>\n\t\t\t\t\t<\/div>\n\n\t\n\n\t<div id=\"col-1584041447\" class=\"col medium-8 small-12 large-8\"  >\n\t\t\t\t<div class=\"col-inner text-left\"  >\n\t\t\t\n\t\t\t\n\n\t<div id=\"text-1369813399\" class=\"text\">\n\t\t\n\n<p><i class=\"fa-solid fa-circle-check\"><\/i> Cam k\u1ebft ch\u1ea5t l\u01b0\u1ee3ng s\u1ea3n ph\u1ea9m r\u00f5 r\u00e0ng v\u1ec1 ngu\u1ed3n g\u1ed1c v\u00e0 hi\u1ec7u qu\u1ea3 s\u1eed d\u1ee5ng.<br \/>\n<i class=\"fa-solid fa-circle-check\"><\/i> \u0110a d\u1ea1ng gi\u1ea3i ph\u00e1p ph\u1ee5c v\u1ee5 canh t\u00e1c h\u1eefu c\u01a1, t\u1eeb s\u1ea3n ph\u1ea9m n\u1ed9i \u0111\u1ecba \u0111\u1ebfn nh\u1eadp kh\u1ea9u uy t\u00edn.<br \/>\n<i class=\"fa-solid fa-circle-check\"><\/i> \u0110\u1ed3ng h\u00e0nh t\u01b0 v\u1ea5n k\u1ef9 thu\u1eadt t\u1eadn t\u00e2m, ph\u00f9 h\u1ee3p v\u1edbi \u0111i\u1ec1u ki\u1ec7n canh t\u00e1c th\u1ef1c t\u1ebf.<br \/>\n<i class=\"fa-solid fa-circle-check\"><\/i> T\u1ed1i \u01b0u chi ph\u00ed nh\u01b0ng kh\u00f4ng \u0111\u00e1nh \u0111\u1ed5i ch\u1ea5t l\u01b0\u1ee3ng, gi\u00fap nh\u00e0 n\u00f4ng an t\u00e2m s\u1ea3n xu\u1ea5t.<br \/>\n<i class=\"fa-solid fa-circle-check\"><\/i> Ch\u00fang t\u00f4i hi\u1ec3u r\u1eb1ng \u0111\u1ea5t kh\u1ecfe th\u00ec c\u00e2y m\u1edbi b\u1ec1n, v\u00e0 n\u00f4ng d\u00e2n m\u1edbi th\u1ef1c s\u1ef1 an vui.&#8221;\n<\/p>\n\t\t\n<style>\n#text-1369813399 {\n  font-size: 1.2rem;\n  line-height: 2;\n  text-align: left;\n}\n<\/style>\n\t<\/div>\n\t\n\n\t\t<\/div>\n\t\t\t\t\t<\/div>\n\n\t\n\n<\/div>\n\n\t\t<\/div>\n\n\t\t\n<style>\n#section_1025087615 {\n  padding-top: 30px;\n  padding-bottom: 30px;\n  background-color: #439607;\n}\n#section_1025087615 .section-bg-overlay {\n  background-color: rgba(0, 0, 0, 0.669);\n}\n#section_1025087615 .section-bg img {\n  object-position: 54% 38%;\n}\n<\/style>\n\t<\/section>\n\t\n<div class=\"row\"  id=\"row-1592869811\">\n\n\n\t<div id=\"col-386792635\" class=\"col medium-6 small-12 large-6\"  >\n\t\t\t\t<div class=\"col-inner\"  >\n\t\t\t\n\t\t\t\n\n<h1 style=\"text-align: center;\"><span data-text-color=\"primary\"><strong><i class=\"fa-solid fa-eye\"><\/i> T\u1ea7m nh\u00ecn<\/strong><\/span><\/h1>\n<p><i class=\"fa-solid fa-check\"><\/i> V\u1edbi tinh th\u1ea7n g\u1ea7n g\u0169i v\u1edbi thi\u00ean nhi\u00ean, an to\u00e0n cho con ng\u01b0\u1eddi New Eco lu\u00f4n n\u1ed7 l\u1ef1c h\u1ebft m\u00ecnh \u0111\u1ec3 mang \u0111\u1ebfn s\u1ef1 ph\u1ed3n th\u1ecbnh cho b\u00e0 con n\u00f4ng d\u00e2n h\u01b0\u1edbng \u0111\u1ebfn m\u1ed9t n\u1ec1n n\u00f4ng nghi\u1ec7p h\u1eefu c\u01a1 b\u1ec1n v\u1eefng qua t\u1eebng m\u00f9a v\u1ee5. T\u0103ng c\u01b0\u1eddng h\u1eefu c\u01a1 cho \u0111\u1ea5t v\u00e0 ti\u1ebft ki\u1ec7m chi ph\u00ed t\u1ed1i \u0111a cho nh\u00e0 n\u00f4ng.<br \/><i class=\"fa-solid fa-check\"><\/i> T\u0103ng c\u01b0\u1eddng h\u1eefu c\u01a1 cho \u0111\u1ea5t<br \/><i class=\"fa-solid fa-check\"><\/i> Kh\u00f4ng l\u00e0m b\u1ea1c m\u00e0u \u0111\u1ea5t tr\u1ed3ng, T\u0103ng c\u01b0\u1eddng h\u1eefu c\u01a1 cho \u0111\u1ea5t theo th\u1eddi gian<\/p>\n\n\n\t\t<\/div>\n\t\t\t\t\t<\/div>\n\n\t\n\n\t<div id=\"col-1081835858\" class=\"col medium-6 small-12 large-6\"  >\n\t\t\t\t<div class=\"col-inner\"  >\n\t\t\t\n\t\t\t\n\n<h1 style=\"text-align: center;\"><span data-text-color=\"primary\"><strong><i class=\"fa-solid fa-arrows-spin\"><\/i>  S\u1ee9 m\u1ec7nh<\/strong><\/span><\/h1>\n<p><i class=\"fa-solid fa-check\"><\/i>\u00a0Mang trong m\u00ecnh s\u1ee9 m\u1ec7nh mong mu\u1ed1n m\u1ed9t n\u1ec1n n\u00f4ng nghi\u1ec7p n\u01b0\u1edbc nh\u00e0 v\u1edbi nh\u1eefng s\u1ea3n ph\u1ea9m s\u1ea1ch, an to\u00e0n, \u0111\u1ea1t ti\u00eau chu\u1ea9n qu\u1ed1c t\u1ebf.<br \/><i class=\"fa-solid fa-check\"><\/i> B\u1eb1ng s\u1ef1 \u0111\u1ea7u t\u01b0 nghi\u00eam t\u00fac v\u00e0 d\u00e0i h\u1ea1n k\u1ebft h\u1ee3p v\u1edbi c\u00f4ng ngh\u1ec7 hi\u1ec7n \u0111\u1ea1i c\u1ee7a Nh\u1eadt, c\u00f9ng ngu\u1ed3n nguy\u00ean li\u1ec7u an to\u00e0n.<br \/><i class=\"fa-solid fa-check\"><\/i> Ch\u00fang t\u00f4i quy\u1ebft t\u00e2m tr\u1edf th\u00e0nh th\u01b0\u01a1ng hi\u1ec7u Ph\u00e2n B\u00f3n H\u1eefu C\u01a1 \u0111\u1eb3ng c\u1ea5p th\u1ebf gi\u1edbi \u0111\u01b0\u1ee3c m\u1ecdi nh\u00e0 n\u00f4ng tin d\u00f9ng.<\/p>\n\n\t\t<\/div>\n\t\t\t\t\t<\/div>\n\n\t\n\n<\/div>\n<div class=\"text-center\"><div class=\"is-divider divider clearfix\" ><\/div><\/div>\n\n<div class=\"row\"  id=\"row-321653324\">\n\n\n\t<div id=\"col-579794231\" class=\"col medium-5 small-12 large-5\"  >\n\t\t\t\t<div class=\"col-inner\"  >\n\t\t\t\n\t\t\t\n\n\t<div class=\"img has-hover x md-x lg-x y md-y lg-y\" id=\"image_30079166\">\n\t\t\t\t\t\t\t\t<div class=\"img-inner dark\" >\n\t\t\t<img loading=\"lazy\" decoding=\"async\" width=\"1020\" height=\"1020\" src=\"https:\/\/demo9.thuythu.vn\/sinhthaimoi\/wp-content\/uploads\/2025\/06\/about-3-1024x1024.jpg\" class=\"attachment-large size-large\" alt=\"\" srcset=\"https:\/\/demo9.thuythu.vn\/sinhthaimoi\/wp-content\/uploads\/2025\/06\/about-3-1024x1024.jpg 1024w, https:\/\/demo9.thuythu.vn\/sinhthaimoi\/wp-content\/uploads\/2025\/06\/about-3-300x300.jpg 300w, https:\/\/demo9.thuythu.vn\/sinhthaimoi\/wp-content\/uploads\/2025\/06\/about-3-150x150.jpg 150w, https:\/\/demo9.thuythu.vn\/sinhthaimoi\/wp-content\/uploads\/2025\/06\/about-3-768x768.jpg 768w, https:\/\/demo9.thuythu.vn\/sinhthaimoi\/wp-content\/uploads\/2025\/06\/about-3-600x600.jpg 600w, https:\/\/demo9.thuythu.vn\/sinhthaimoi\/wp-content\/uploads\/2025\/06\/about-3-100x100.jpg 100w, https:\/\/demo9.thuythu.vn\/sinhthaimoi\/wp-content\/uploads\/2025\/06\/about-3.jpg 1300w\" sizes=\"auto, (max-width: 1020px) 100vw, 1020px\" \/>\t\t\t\t\t\t\n\t\t\t\t\t<\/div>\n\t\t\t\t\t\t\t\t\n<style>\n#image_30079166 {\n  width: 100%;\n}\n<\/style>\n\t<\/div>\n\t\n\n\n\t\t<\/div>\n\t\t\t\t\t<\/div>\n\n\t\n\n\t<div id=\"col-1669070901\" class=\"col medium-7 small-12 large-7\"  >\n\t\t\t\t<div class=\"col-inner\"  >\n\t\t\t\n\t\t\t\n\n<h1 style=\"text-align: center;\"><span data-text-color=\"primary\"><strong>PH\u01af\u01a0NG CH\u00c2M HO\u1ea0T \u0110\u1ed8NG<\/strong><\/span><\/h1>\n<p style=\"text-align: center;\">V\u1edbi ph\u01b0\u01a1ng ch\u00e2m \u201cT\u0103ng c\u01b0\u1eddng h\u1eefu c\u01a1 cho \u0111\u1ea5t \u2013 Ti\u1ebft ki\u1ec7m nh\u1ea5t cho nh\u00e0 n\u00f4ng\u201d, s\u1ea3n ph\u1ea9m v\u00e0 d\u1ecbch v\u1ee5 quan tr\u1ecdng h\u00e0ng \u0111\u1ea7u m\u00e0 ph\u00e2n b\u00f3n h\u1eefu c\u01a1 New Eco mang \u0111\u1ebfn cho kh\u00e1ch h\u00e0ng ch\u00ednh l\u00e0 s\u1ef1 uy t\u00edn, ch\u1ea5t l\u01b0\u1ee3ng, ti\u1ebft ki\u1ec7m, hi\u1ec7u qu\u1ea3 v\u00e0 th\u00e2n thi\u1ec7n v\u1edbi m\u00f4i tr\u01b0\u1eddng, an to\u00e0n cho con ng\u01b0\u1eddi.<\/p>\n<p><strong>Ti\u1ebft ki\u1ec7m chi ph\u00ed:<\/strong> T\u0103ng c\u01b0\u1eddng h\u1eefu c\u01a1 cho \u0111\u1ea5t v\u00e0 ti\u1ebft ki\u1ec7m chi ph\u00ed t\u1ed1i \u0111a cho nh\u00e0 n\u00f4ng.<\/p>\n<p><strong>An to\u00e0n:<\/strong> Ch\u00fang t\u00f4i lu\u00f4n coi tr\u1ecdng ng\u01b0\u1eddi lao \u0111\u1ed9ng, c\u00e1c th\u00e0nh vi\u00ean c\u1ee7a c\u00f4ng ty, kh\u00e1ch h\u00e0ng v\u00e0 c\u1ed9ng \u0111\u1ed3ng n\u01a1i ch\u00fang t\u00f4i \u0111ang l\u00e0m vi\u1ec7c.<\/p>\n<p><strong>\u0110o\u00e0n k\u1ebft:<\/strong> Sinh th\u00e1i m\u1edbi tr\u00e2n tr\u1ecdng kh\u1ea3 n\u0103ng c\u1ee7a t\u1eebng th\u00e0nh vi\u00ean, c\u00f9ng nhau chia s\u1ebb ki\u1ebfn th\u1ee9c, ngu\u1ed3n l\u1ef1c t\u00e0i ch\u00ednh \u0111\u1ec3 c\u00f9ng ho\u00e0n thi\u1ec7n v\u00e0 th\u00e0nh c\u00f4ng. Nh\u1eb1m t\u1ea1o n\u00ean gi\u00e1 tr\u1ecb ph\u00e1t tri\u1ec3n c\u1ee7a t\u1eebng th\u00e0nh vi\u00ean m\u1ed9t c\u00e1ch linh ho\u1ea1t trong nhi\u1ec1u l\u0129nh v\u1ef1c kh\u00e1c.<\/p>\n<p><strong>\u0110\u1ea1o \u0111\u1ee9c:<\/strong> New Eco lu\u00f4n ho\u1ea1t \u0111\u1ed9ng tu\u00e2n theo \u0111\u1ea1o \u0111\u1ee9c trong kinh doanh<\/p>\n<p><strong>\u0110\u1ea3m b\u1ea3o ch\u1ea5t l\u01b0\u1ee3ng:<\/strong> Ch\u1ea5t l\u01b0\u1ee3ng lu\u00f4n lu\u00f4n l\u00e0 \u01b0u ti\u00ean h\u00e0ng \u0111\u1ea7u c\u1ee7a New Eco trong t\u1eebng s\u1ea3n ph\u1ea9m.<\/p>\n<p><strong>Hi\u1ec7u qu\u1ea3 b\u1ec1n v\u1eefng:<\/strong> mang l\u1ea1i hi\u1ec7u qu\u1ea3 b\u1ec1n v\u1eefng theo th\u1eddi gian.<\/p>\n<p><strong>S\u00e1ng t\u1ea1o:<\/strong> New Eco lu\u00f4n kh\u00f4ng ng\u1eebng n\u00e2ng cao c\u00e1c ti\u00eau chu\u1ea9n c\u1ee7a m\u00ecnh, \u0111\u1ec3 cung \u1ee9ng nh\u1eefng s\u1ea3n ph\u1ea9m v\u00e0 d\u1ecbch v\u1ee5 t\u1ed1t nh\u1ea5t cho qu\u00fd kh\u00e1ch h\u00e0ng.<\/p>\n<p><strong>Howard Schultz \u2013 CEO c\u1ee7a Starbucks \u0111\u00e3 n\u00f3i<\/strong><\/p>\n<p><em>\u201cTrong b\u1ed1i c\u1ea3nh m\u00e0 x\u00e3 h\u1ed9i thay \u0111\u1ed5i kh\u00f4ng ng\u1eebng th\u00ec nh\u1eefng th\u01b0\u01a1ng hi\u1ec7u t\u1ed3n t\u1ea1i l\u00e2u d\u00e0i l\u00e0 nh\u1eefng th\u01b0\u01a1ng hi\u1ec7u \u0111\u01b0\u1ee3c t\u1ea1o d\u1ef1ng t\u1eeb tr\u00e1i tim \u2013 \u0111i\u1ec1u \u0111\u00f3 khi\u1ebfn ch\u00fang b\u1ec1n v\u1eefng v\u00e0 ch\u00e2n th\u1eadt h\u01a1n. Nh\u1eefng c\u00f4ng ty n\u00e0y c\u0169ng m\u1ea1nh h\u01a1n v\u00ec h\u1ecd x\u00e2y d\u1ef1ng th\u01b0\u01a1ng hi\u1ec7u d\u1ef1a tr\u00ean ch\u00ednh t\u00e2m h\u1ed3n c\u1ee7a con ng\u01b0\u1eddi, kh\u00f4ng ph\u1ea3i t\u1eeb nh\u1eefng qu\u1ea3ng c\u00e1o. Nh\u1eefng c\u00f4ng ty \u0111\u00fang ngh\u0129a s\u1ebd l\u00e0 nh\u1eefng c\u00f4ng ty t\u1ed3n t\u1ea1i l\u00e2u d\u00e0i.\u201d<\/em><\/p>\n\n\t\t<\/div>\n\t\t\t\t\t<\/div>\n\n\t\n\n<\/div>\n\n","protected":false},"excerpt":{"rendered":"","protected":false},"author":2,"featured_media":0,"parent":0,"menu_order":0,"comment_status":"closed","ping_status":"closed","template":"","meta":{"footnotes":""},"class_list":["post-381","page","type-page","status-publish","hentry"],"_links":{"self":[{"href":"https:\/\/demo9.thuythu.vn\/sinhthaimoi\/wp-json\/wp\/v2\/pages\/381","targetHints":{"allow":["GET"]}}],"collection":[{"href":"https:\/\/demo9.thuythu.vn\/sinhthaimoi\/wp-json\/wp\/v2\/pages"}],"about":[{"href":"https:\/\/demo9.thuythu.vn\/sinhthaimoi\/wp-json\/wp\/v2\/types\/page"}],"author":[{"embeddable":true,"href":"https:\/\/demo9.thuythu.vn\/sinhthaimoi\/wp-json\/wp\/v2\/users\/2"}],"replies":[{"embeddable":true,"href":"https:\/\/demo9.thuythu.vn\/sinhthaimoi\/wp-json\/wp\/v2\/comments?post=381"}],"version-history":[{"count":25,"href":"https:\/\/demo9.thuythu.vn\/sinhthaimoi\/wp-json\/wp\/v2\/pages\/381\/revisions"}],"predecessor-version":[{"id":1897,"href":"https:\/\/demo9.thuythu.vn\/sinhthaimoi\/wp-json\/wp\/v2\/pages\/381\/revisions\/1897"}],"wp:attachment":[{"href":"https:\/\/demo9.thuythu.vn\/sinhthaimoi\/wp-json\/wp\/v2\/media?parent=381"}],"curies":[{"name":"wp","href":"https:\/\/api.w.org\/{rel}","templated":true}]}}