{"id":197,"date":"2025-11-03T11:07:47","date_gmt":"2025-11-03T04:07:47","guid":{"rendered":"https:\/\/demo9.thuythu.vn\/shopbeheo\/dang-ky\/"},"modified":"2025-11-03T11:07:47","modified_gmt":"2025-11-03T04:07:47","slug":"dang-ky","status":"publish","type":"page","link":"https:\/\/demo9.thuythu.vn\/shopbeheo\/dang-ky\/","title":{"rendered":"\u0110\u0103ng k\u00fd"},"content":{"rendered":"","protected":false},"excerpt":{"rendered":"","protected":false},"author":1,"featured_media":0,"parent":0,"menu_order":0,"comment_status":"closed","ping_status":"closed","template":"templates\/register.php","meta":{"_acf_changed":false,"inline_featured_image":false,"footnotes":""},"class_list":["post-197","page","type-page","status-publish","hentry"],"acf":[],"lang":"vi","translations":{"vi":197},"pll_sync_post":[],"_links":{"self":[{"href":"https:\/\/demo9.thuythu.vn\/shopbeheo\/wp-json\/wp\/v2\/pages\/197","targetHints":{"allow":["GET"]}}],"collection":[{"href":"https:\/\/demo9.thuythu.vn\/shopbeheo\/wp-json\/wp\/v2\/pages"}],"about":[{"href":"https:\/\/demo9.thuythu.vn\/shopbeheo\/wp-json\/wp\/v2\/types\/page"}],"author":[{"embeddable":true,"href":"https:\/\/demo9.thuythu.vn\/shopbeheo\/wp-json\/wp\/v2\/users\/1"}],"replies":[{"embeddable":true,"href":"https:\/\/demo9.thuythu.vn\/shopbeheo\/wp-json\/wp\/v2\/comments?post=197"}],"version-history":[{"count":0,"href":"https:\/\/demo9.thuythu.vn\/shopbeheo\/wp-json\/wp\/v2\/pages\/197\/revisions"}],"wp:attachment":[{"href":"https:\/\/demo9.thuythu.vn\/shopbeheo\/wp-json\/wp\/v2\/media?parent=197"}],"curies":[{"name":"wp","href":"https:\/\/api.w.org\/{rel}","templated":true}]}}