{"id":304,"date":"2023-11-09T04:35:52","date_gmt":"2023-11-09T04:35:52","guid":{"rendered":"https:\/\/demo9.thuythu.vn\/sgc\/?page_id=304"},"modified":"2023-11-16T16:00:04","modified_gmt":"2023-11-16T16:00:04","slug":"uu-dai-vang","status":"publish","type":"page","link":"https:\/\/demo9.thuythu.vn\/sgc\/uu-dai-vang\/","title":{"rendered":"\u01afu \u0111\u00e3i v\u00e0ng"},"content":{"rendered":"","protected":false},"excerpt":{"rendered":"","protected":false},"author":1,"featured_media":0,"parent":0,"menu_order":0,"comment_status":"closed","ping_status":"closed","template":"templates\/promotions.php","meta":{"inline_featured_image":false,"footnotes":""},"acf":[],"lang":"vi","translations":{"vi":304,"en":2260},"pll_sync_post":[],"_links":{"self":[{"href":"https:\/\/demo9.thuythu.vn\/sgc\/wp-json\/wp\/v2\/pages\/304"}],"collection":[{"href":"https:\/\/demo9.thuythu.vn\/sgc\/wp-json\/wp\/v2\/pages"}],"about":[{"href":"https:\/\/demo9.thuythu.vn\/sgc\/wp-json\/wp\/v2\/types\/page"}],"author":[{"embeddable":true,"href":"https:\/\/demo9.thuythu.vn\/sgc\/wp-json\/wp\/v2\/users\/1"}],"replies":[{"embeddable":true,"href":"https:\/\/demo9.thuythu.vn\/sgc\/wp-json\/wp\/v2\/comments?post=304"}],"version-history":[{"count":10,"href":"https:\/\/demo9.thuythu.vn\/sgc\/wp-json\/wp\/v2\/pages\/304\/revisions"}],"predecessor-version":[{"id":2107,"href":"https:\/\/demo9.thuythu.vn\/sgc\/wp-json\/wp\/v2\/pages\/304\/revisions\/2107"}],"wp:attachment":[{"href":"https:\/\/demo9.thuythu.vn\/sgc\/wp-json\/wp\/v2\/media?parent=304"}],"curies":[{"name":"wp","href":"https:\/\/api.w.org\/{rel}","templated":true}]}}