{"id":294,"date":"2023-11-08T09:56:10","date_gmt":"2023-11-08T09:56:10","guid":{"rendered":"https:\/\/demo9.thuythu.vn\/sgc\/?page_id=294"},"modified":"2023-12-06T02:20:12","modified_gmt":"2023-12-06T02:20:12","slug":"cam-ket-chat-luong","status":"publish","type":"page","link":"https:\/\/demo9.thuythu.vn\/sgc\/cam-ket-chat-luong\/","title":{"rendered":"Cam k\u1ebft ch\u1ea5t l\u01b0\u1ee3ng"},"content":{"rendered":"<p><span style=\"font-weight: 400;\">C\u00e1ch \u0111\u1ec3 \u0111\u00e1nh gi\u00e1 m\u1ee9c \u0111\u1ed9 uy t\u00edn c\u0169ng nh\u01b0 danh ti\u1ebfng c\u1ee7a nha khoa th\u00ec c\u00e1c cam k\u1ebft ch\u1ea5t l\u01b0\u1ee3ng l\u00e0 m\u1ed9t ti\u00eau ch\u00ed c\u1ef1c k\u1ef3 quan tr\u1ecdng. Nha khoa SGC Dental Center v\u1edbi s\u1ee9 m\u1ec7nh mang cho b\u1ea1n n\u1ee5 c\u01b0\u1eddi t\u1ecfa s\u00e1ng, h\u01b0\u1edbng t\u1edbi m\u1ed9t h\u00e0m r\u0103ng kh\u1ecfe \u0111\u1eb9p &#8211; b\u1ec1n v\u1eefng. Ch\u00ednh v\u00ec v\u1eady, ch\u00fang t\u00f4i lu\u00f4n cam k\u1ebft b\u1ea3o v\u1ec7 quy\u1ec1n l\u1ee3i c\u1ee7a kh\u00e1ch h\u00e0ng t\u1ed1i \u0111a, th\u00f4ng qua nh\u1eefng ch\u00ednh s\u00e1ch b\u1ea3o h\u00e0nh r\u00f5 r\u00e0ng.\u00a0<\/span><\/p>\n<h2><span style=\"font-weight: 400;\">Nha khoa SGC Dental cam k\u1ebft v\u1edbi kh\u00e1ch h\u00e0ng\u00a0<\/span><\/h2>\n<h3><span style=\"font-weight: 400;\">Trong qu\u00e1 tr\u00ecnh t\u01b0 v\u1ea5n v\u00e0 \u0111i\u1ec1u tr\u1ecb\u00a0<\/span><\/h3>\n<p><i><span style=\"font-weight: 400;\">Trong qu\u00e1 tr\u00ecnh t\u01b0 v\u1ea5n<\/span><\/i><\/p>\n<ul>\n<li style=\"font-weight: 400;\" aria-level=\"1\"><span style=\"font-weight: 400;\">Cam k\u1ebft t\u01b0 v\u1ea5n ch\u00ednh x\u00e1c d\u1ef1a theo \u0111\u00fang t\u00ecnh tr\u1ea1ng s\u1ee9c kh\u1ecfe r\u0103ng mi\u1ec7ng c\u0169ng nh\u01b0 mong mu\u1ed1n c\u1ee7a kh\u00e1ch h\u00e0ng.<\/span><\/li>\n<li style=\"font-weight: 400;\" aria-level=\"1\"><span style=\"font-weight: 400;\">B\u1ec7nh nh\u00e2n s\u1ebd \u0111\u01b0\u1ee3c th\u0103m kh\u00e1m t\u1ed5ng qu\u00e1t s\u1ee9c kh\u1ecfe r\u0103ng mi\u1ec7ng, nghe \u0111\u00e1nh gi\u00e1 v\u00e0 k\u1ebf ho\u1ea1ch \u0111i\u1ec1u tr\u1ecb minh b\u1ea1ch, chi ti\u1ebft.<\/span><\/li>\n<li style=\"font-weight: 400;\" aria-level=\"1\"><span style=\"font-weight: 400;\">SGC Dental Center s\u1ebd c\u00f3 nhi\u1ec7m v\u1ee5 th\u00f4ng b\u00e1o b\u1ea3ng gi\u00e1 c\u00e1c d\u1ecbch v\u1ee5 c\u00f4ng khai tr\u01b0\u1edbc khi ti\u1ebfn h\u00e0nh th\u0103m kh\u00e1m, \u0111i\u1ec1u tr\u1ecb cho b\u1ec7nh nh\u00e2n. \u0110\u1ed3ng th\u1eddi cam k\u1ebft th\u1ef1c hi\u1ec7n theo \u0111\u00fang b\u1ea3ng b\u00e1o gi\u00e1, kh\u00f4ng ph\u00e1t sinh chi ph\u00ed kh\u00e1c.<\/span><\/li>\n<li style=\"font-weight: 400;\" aria-level=\"1\"><span style=\"font-weight: 400;\">T\u1ea5t c\u1ea3 c\u00e1c d\u1ecbch v\u1ee5 \u0111\u1ec1u s\u1ebd \u0111\u01b0\u1ee3c th\u00f4ng b\u00e1o v\u00e0 nh\u1eadn \u0111\u01b0\u1ee3c s\u1ef1 \u0111\u1ed3ng \u00fd c\u1ee7a b\u1ec7nh nh\u00e2n tr\u01b0\u1edbc khi ti\u1ebfn h\u00e0nh th\u1ef1c hi\u1ec7n.<\/span><\/li>\n<\/ul>\n<p><i><span style=\"font-weight: 400;\">Trong qu\u00e1 tr\u00ecnh \u0111i\u1ec1u tr\u1ecb<\/span><\/i><\/p>\n<ul>\n<li style=\"font-weight: 400;\" aria-level=\"1\"><span style=\"font-weight: 400;\">SGC Dental Center cam k\u1ebft t\u1ea5t c\u1ea3 b\u00e1c s\u0129 tham gia th\u0103m kh\u00e1m, \u0111i\u1ec1u tr\u1ecb tr\u1ef1c ti\u1ebfp cho b\u1ec7nh nh\u00e2n \u0111\u1ec1u c\u00f3 \u0111\u1ea7y \u0111\u1ee7 k\u1ef9 thu\u1eadt, chuy\u00ean m\u00f4n \u0111\u00e1p \u1ee9ng \u0111\u00fang y\u00eau c\u1ea7u c\u1ee7a Ph\u00e1p lu\u1eadt v\u00e0 B\u1ed9 Y T\u1ebf.<\/span><\/li>\n<li style=\"font-weight: 400;\" aria-level=\"1\"><span style=\"font-weight: 400;\">Cam k\u1ebft th\u1ef1c hi\u1ec7n \u0111\u00fang ti\u00eau chu\u1ea9n ph\u00f2ng kh\u00e1m an to\u00e0n v\u1edbi h\u1ec7 th\u1ed1ng ph\u00f2ng \u0111i\u1ec1u tr\u1ecb\u00a0 &#8211; ph\u00f2ng ph\u1eabu thu\u1eadt ri\u00eang bi\u1ec7t, \u0111\u1ea3m b\u1ea3o v\u00f4 tr\u00f9ng tuy\u1ec7t \u0111\u1ed1i.<\/span><\/li>\n<li style=\"font-weight: 400;\" aria-level=\"1\"><span style=\"font-weight: 400;\">Cam k\u1ebft t\u1ea5t c\u1ea3 c\u00e1c trang thi\u1ebft b\u1ecb, v\u1eadt d\u1ee5ng \u0111\u01b0\u1ee3c s\u1eed d\u1ee5ng t\u1ea1i SGC Dental Center \u0111\u1ec1u ch\u00ednh h\u00e3ng, \u0111\u1ea1t ti\u00eau chu\u1ea9n B\u1ed9 Y T\u1ebf \u0111\u1ec1 ra.<\/span><\/li>\n<\/ul>\n<h3><span style=\"font-weight: 400;\">Sau khi \u0111i\u1ec1u tr\u1ecb\u00a0<\/span><\/h3>\n<ul>\n<li style=\"font-weight: 400;\" aria-level=\"1\"><span style=\"font-weight: 400;\">Sau khi \u0111i\u1ec1u tr\u1ecb, b\u1ec7nh nh\u00e2n s\u1ebd \u0111\u01b0\u1ee3c th\u00f4ng b\u00e1o, \u0111\u00e1nh gi\u00e1 t\u00ecnh h\u00ecnh v\u00e0 h\u1eb9n l\u1ecbch t\u00e1i kh\u00e1m.<\/span><\/li>\n<li style=\"font-weight: 400;\" aria-level=\"1\"><span style=\"font-weight: 400;\">SGC Dental Center s\u1ebd cung c\u1ea5p \u0111\u1ea7y \u0111\u1ee7 c\u00e1c gi\u1ea5y t\u1edd, h\u00f3a \u0111\u01a1n th\u0103m kh\u00e1m, \u0111i\u1ec1u tr\u1ecb v\u00e0 phi\u1ebfu b\u1ea3o h\u00e0nh (n\u1ebfu c\u00f3).<\/span><\/li>\n<li style=\"font-weight: 400;\" aria-level=\"1\"><span style=\"font-weight: 400;\">SGC Dental Center s\u1eb5n s\u00e0ng b\u1ea3o h\u00e0nh, h\u1ed7 tr\u1ee3 b\u1eb1ng c\u00e1c ph\u01b0\u01a1ng \u00e1n gi\u1ea3i quy\u1ebft ph\u00f9 h\u1ee3p cho b\u1ec7nh nh\u00e2n khi c\u00f3 v\u1ea5n \u0111\u1ec1 x\u1ea3y ra.<\/span><\/li>\n<\/ul>\n<h2><span style=\"font-weight: 400;\">Ch\u00ednh s\u00e1ch b\u1ea3o h\u00e0nh tr\u1ee5 Implant t\u1ea1i SGC B\u1ea3ng gi\u00e1 (\u0111\u1ec3 tui th\u00eam v\u00e0o sau)<\/span><\/h2>\n<p><span style=\"font-weight: 400;\">Nha khoa SGC Dental cam k\u1ebft s\u1eed d\u1ee5ng tr\u1ee5 Implant nh\u1eadp kh\u1ea9u, ch\u00ednh h\u00e3ng 100%. Kh\u00e1ch h\u00e0ng \u0111\u01b0\u1ee3c \u0111\u1ea3m b\u1ea3o quy\u1ec1n l\u1ee3i c\u1ee7a m\u00ecnh th\u00f4ng qua ch\u00ednh s\u00e1ch b\u1ea3o h\u00e0nh \u0111ang \u0111\u01b0\u1ee3c \u00e1p d\u1ee5ng t\u1ea1i ph\u00f2ng kh\u00e1m nh\u01b0 sau:<\/span><\/p>\n<h3><span style=\"font-weight: 400;\">Nh\u1eefng tr\u01b0\u1eddng h\u1ee3p \u0111\u01b0\u1ee3c b\u1ea3o h\u00e0nh tr\u1ee5<\/span><\/h3>\n<p><span style=\"font-weight: 400;\">Tr\u1ee5 Implant s\u1eed d\u1ee5ng t\u1ea1i SGC Dental b\u1ea3o h\u00e0nh t\u1eeb 7 &#8211; 20 n\u0103m t\u00f9y t\u1eebng lo\u1ea1i. \u0110i\u1ec1u ki\u1ec7n \u0111\u01b0\u1ee3c b\u1ea3o h\u00e0nh g\u1ed3m c\u00f3:<\/span><\/p>\n<ul>\n<li style=\"font-weight: 400;\" aria-level=\"1\"><span style=\"font-weight: 400;\">Kh\u00e1ch h\u00e0ng cung c\u1ea5p \u0111\u1ee7 th\u1ebb b\u1ea3o h\u00e0nh ch\u00ednh h\u00e3ng \u0111\u01b0\u1ee3c SGC Dental c\u1ea5p sau khi ho\u00e0n th\u00e0nh quy tr\u00ecnh c\u1ea5y gh\u00e9p tr\u1ee5 Implant.<\/span><\/li>\n<li style=\"font-weight: 400;\" aria-level=\"1\"><span style=\"font-weight: 400;\">B\u1ea3o h\u00e0nh tr\u1ee5 trong c\u00e1c tr\u01b0\u1eddng h\u1ee3p tr\u1ee5 b\u1ecb g\u00e3y, s\u1ee9t, l\u1ecfng kh\u1edbp n\u1ed1i Implant.\u00a0<\/span><\/li>\n<li style=\"font-weight: 400;\" aria-level=\"1\"><span style=\"font-weight: 400;\">Tr\u01b0\u1eddng h\u1ee3p kh\u00e1ch h\u00e0ng b\u1ecb nhi\u1ec5m tr\u00f9ng tr\u1ee5 Implant.<\/span><\/li>\n<\/ul>\n<h3><span style=\"font-weight: 400;\">Nh\u1eefng tr\u01b0\u1eddng h\u1ee3p kh\u00f4ng \u0111\u01b0\u1ee3c b\u1ea3o h\u00e0nh tr\u1ee5<\/span><\/h3>\n<p><span style=\"font-weight: 400;\">SGC Dental kh\u00f4ng b\u1ea3o h\u00e0nh \u0111\u1ed1i v\u1edbi nh\u1eefng tr\u01b0\u1eddng h\u1ee3p kh\u00e1ch h\u00e0ng vi ph\u1ea1m nh\u1eefng \u0111i\u1ec1u sau:<\/span><\/p>\n<ul>\n<li style=\"font-weight: 400;\" aria-level=\"1\"><span style=\"font-weight: 400;\">Kh\u00f4ng tu\u00e2n th\u1ee7 \u0111\u00fang theo s\u1ef1 h\u01b0\u1edbng d\u1eabn c\u1ee7a ph\u00f2ng kh\u00e1m trong v\u00e0 sau qu\u00e1 tr\u00ecnh c\u1ea5y gh\u00e9p Implant.<\/span><\/li>\n<li style=\"font-weight: 400;\" aria-level=\"1\"><span style=\"font-weight: 400;\">V\u1ec7 sinh r\u0103ng kh\u00f4ng kh\u00f4ng \u0111\u00fang ch\u1ec9 d\u1eabn c\u1ee7a b\u00e1c s\u0129.<\/span><\/li>\n<li style=\"font-weight: 400;\" aria-level=\"1\"><span style=\"font-weight: 400;\">Trong qu\u00e1 tr\u00ecnh \u0111i\u1ec1u tr\u1ecb v\u00e0 th\u1eddi gian h\u1ed3i ph\u1ee5c, kh\u00e1ch h\u00e0ng s\u1eed d\u1ee5ng thu\u1ed1c l\u00e1, r\u01b0\u1ee3u bia, c\u00e1c s\u1ea3n ph\u1ea9m c\u1ea7n ki\u00eang k\u1ef5 khi\u1ebfn tr\u1ee5 Implant b\u1ecb \u0111\u00e0o th\u1ea3i.<\/span><\/li>\n<li style=\"font-weight: 400;\" aria-level=\"1\"><span style=\"font-weight: 400;\">Kh\u00e1ch h\u00e0ng b\u1ecb h\u1ecfng r\u0103ng tr\u1ee5 implant do tai n\u1ea1n, ch\u01a1i th\u1ec3 thao, c\u00e1c nguy\u00ean nh\u00e2n ch\u1ee7 quan.<\/span><\/li>\n<li style=\"font-weight: 400;\" aria-level=\"1\"><span style=\"font-weight: 400;\">Ph\u00f2ng kh\u00e1m kh\u00f4ng b\u1ea3o tr\u00ec n\u1ebfu kh\u00e1ch h\u00e0ng th\u1ef1c hi\u1ec7n quy tr\u00ecnh c\u1ea5y gh\u00e9p hay \u0111\u1ec3 nha khoa kh\u00e1c can thi\u1ec7p \u0111\u1ebfn tr\u1ee5 Implant.<\/span><\/li>\n<\/ul>\n<h2><span style=\"font-weight: 400;\">Ch\u00ednh s\u00e1ch b\u1ea3o h\u00e0nh r\u0103ng s\u1ee9 t\u1ea1i SGC B\u1ea3ng gi\u00e1 (\u0111\u1ec3 tui th\u00eam v\u00e0o sau)<\/span><\/h2>\n<p><span style=\"font-weight: 400;\">Nha khoa SGC Dental cung c\u1ea5p \u0111a d\u1ea1ng lo\u1ea1i r\u0103ng s\u1ee9 \u0111\u01b0\u1ee3c l\u00e0m t\u1eeb c\u00e1c v\u1eadt li\u1ec7u b\u1ec1n b\u1ec9 v\u00e0 nh\u1eadp kh\u1ea9u tr\u1ef1c ti\u1ebfp t\u1eeb nhi\u1ec1u n\u01b0\u1edbc nh\u01b0 M\u1ef9, \u0110\u1ee9c,&#8230; T\u00f9y v\u00e0o t\u1eebng lo\u1ea1i s\u1ee9 m\u00e0 kh\u00e1ch h\u00e0ng l\u1ef1a ch\u1ecdn, SGC Dental s\u1ebd cung c\u1ea5p th\u1eddi gian b\u1ea3o h\u00e0nh t\u01b0\u01a1ng \u1ee9ng.<\/span><\/p>\n<h3><span style=\"font-weight: 400;\">Nh\u1eefng tr\u01b0\u1eddng h\u1ee3p \u0111\u01b0\u1ee3c b\u1ea3o h\u00e0nh r\u0103ng s\u1ee9<\/span><\/h3>\n<p><span style=\"font-weight: 400;\">R\u0103ng s\u1ee9 \u0111\u01b0\u1ee3c b\u1ea3o h\u00e0nh trong c\u00e1c tr\u01b0\u1eddng h\u1ee3p x\u1ea3y ra s\u1ef1 c\u1ed1 t\u1eeb l\u1ed7i ch\u1ea5t l\u01b0\u1ee3ng c\u1ee7a s\u1ea3n ph\u1ea9m, ho\u1eb7c v\u1ea5n \u0111\u1ec1 do ph\u00f2ng kh\u00e1m g\u00e2y ra. T\u1ea5t c\u1ea3 tr\u01b0\u1eddng h\u1ee3p b\u1ea3o h\u00e0nh ch\u1ec9 \u0111\u01b0\u1ee3c gi\u1ea3i quy\u1ebft khi c\u00f2n h\u1ea1n.\u00a0<\/span><\/p>\n<ul>\n<li style=\"font-weight: 400;\" aria-level=\"1\"><span style=\"font-weight: 400;\">B\u1ea3o h\u00e0nh khi r\u0103ng s\u1ee9 b\u1ecb m\u1ebb, v\u1ee1 trong qu\u00e1 tr\u00ecnh \u0103n nhai b\u00ecnh th\u01b0\u1eddng.<\/span><\/li>\n<li style=\"font-weight: 400;\" aria-level=\"1\"><span style=\"font-weight: 400;\">R\u0103ng s\u1ee9 b\u1ecb l\u1ed7i do qu\u00e1 tr\u00ecnh ph\u1ee5c h\u00ecnh r\u0103ng, b\u1ecb l\u1ecfng, s\u00fat ra, g\u00e2y c\u1ea3m gi\u00e1c c\u1ed9m, c\u1ee9ng.<\/span><\/li>\n<\/ul>\n<h3><span style=\"font-weight: 400;\">Nh\u1eefng tr\u01b0\u1eddng h\u1ee3p kh\u00f4ng \u0111\u01b0\u1ee3c b\u1ea3o h\u00e0nh r\u0103ng s\u1ee9<\/span><\/h3>\n<ul>\n<li style=\"font-weight: 400;\" aria-level=\"1\"><span style=\"font-weight: 400;\">R\u0103ng s\u1ee9 b\u1ecb n\u1ee9t, g\u00e3y, v\u1ee1 do kh\u00e1ch h\u00e0ng g\u1eb7p ph\u1ea3i tai n\u1ea1n.<\/span><\/li>\n<li style=\"font-weight: 400;\" aria-level=\"1\"><span style=\"font-weight: 400;\">R\u0103ng s\u1ee9 kh\u00f4ng \u0111\u01b0\u1ee3c v\u1ec7 sinh \u0111\u00fang kh\u00e1ch trong qu\u00e1 tr\u00ecnh tr\u01b0\u1edbc v\u00e0 sau \u0111i\u1ec1u tr\u1ecb.<\/span><\/li>\n<li style=\"font-weight: 400;\" aria-level=\"1\"><span style=\"font-weight: 400;\">Kh\u00e1ch h\u00e0ng t\u1ef1 \u00fd thay \u0111\u1ed5i k\u1ebf ho\u1ea1ch \u0111i\u1ec1u tr\u1ecb, \u0111\u1ecba ch\u1ec9 th\u1ef1c hi\u1ec7n c\u1ea5y gh\u00e9p r\u0103ng s\u1ee9.<\/span><\/li>\n<li style=\"font-weight: 400;\" aria-level=\"1\"><span style=\"font-weight: 400;\">Kh\u00e1ch h\u00e0ng kh\u00f4ng ki\u00eang \u0111\u00fang v\u00e0 \u0111\u1ee7 th\u1eddi gian, c\u0169ng nh\u01b0 c\u00e1c lo\u1ea1i th\u1ee9c \u0103n dai, c\u1ee9ng theo h\u01b0\u1edbng d\u1eabn c\u1ee7a b\u00e1c s\u0129.<\/span><\/li>\n<\/ul>\n<p><span style=\"font-weight: 400;\">Ph\u1ee5c v\u1ee5 <\/span><b><i>T\u1eadn T\u00e2m &#8211; Chuy\u00ean Nghi\u1ec7p<\/i><\/b><span style=\"font-weight: 400;\">, v\u1eeba l\u00f2ng m\u1ecdi kh\u00e1ch h\u00e0ng \u0111\u1ebfn v\u00e0 \u0111i ch\u00ednh l\u00e0 \u0111i\u1ec1u m\u00e0 nha khoa SGC Dental h\u01b0\u1edbng \u0111\u1ebfn. M\u1ecdi th\u1eafc m\u1eafc v\u1ec1 d\u1ecbch v\u1ee5, ch\u1ea5t l\u01b0\u1ee3ng c\u1ee7a ph\u00f2ng kh\u00e1m, b\u1ea1n h\u00e3y li\u00ean h\u1ec7 ngay \u0111\u1ebfn Hotline \u0111\u1ec3 \u0111\u01b0\u1ee3c c\u00e1c b\u00e1c s\u0129, chuy\u00ean gia t\u01b0 v\u1ea5n.<\/span><\/p>\n","protected":false},"excerpt":{"rendered":"<p>C\u00e1ch \u0111\u1ec3 \u0111\u00e1nh gi\u00e1 m\u1ee9c \u0111\u1ed9 uy t\u00edn c\u0169ng nh\u01b0 danh ti\u1ebfng c\u1ee7a nha khoa th\u00ec c\u00e1c cam k\u1ebft ch\u1ea5t l\u01b0\u1ee3ng l\u00e0 m\u1ed9t ti\u00eau ch\u00ed c\u1ef1c k\u1ef3 quan tr\u1ecdng. Nha khoa SGC Dental Center v\u1edbi s\u1ee9 m\u1ec7nh mang cho b\u1ea1n n\u1ee5 c\u01b0\u1eddi t\u1ecfa s\u00e1ng, h\u01b0\u1edbng t\u1edbi m\u1ed9t h\u00e0m r\u0103ng kh\u1ecfe \u0111\u1eb9p &#8211; b\u1ec1n v\u1eefng. Ch\u00ednh [&#8230;]\n","protected":false},"author":1,"featured_media":0,"parent":0,"menu_order":0,"comment_status":"closed","ping_status":"closed","template":"","meta":{"inline_featured_image":false,"footnotes":""},"acf":[],"lang":"vi","translations":{"vi":294,"en":2264},"pll_sync_post":[],"_links":{"self":[{"href":"https:\/\/demo9.thuythu.vn\/sgc\/wp-json\/wp\/v2\/pages\/294"}],"collection":[{"href":"https:\/\/demo9.thuythu.vn\/sgc\/wp-json\/wp\/v2\/pages"}],"about":[{"href":"https:\/\/demo9.thuythu.vn\/sgc\/wp-json\/wp\/v2\/types\/page"}],"author":[{"embeddable":true,"href":"https:\/\/demo9.thuythu.vn\/sgc\/wp-json\/wp\/v2\/users\/1"}],"replies":[{"embeddable":true,"href":"https:\/\/demo9.thuythu.vn\/sgc\/wp-json\/wp\/v2\/comments?post=294"}],"version-history":[{"count":6,"href":"https:\/\/demo9.thuythu.vn\/sgc\/wp-json\/wp\/v2\/pages\/294\/revisions"}],"predecessor-version":[{"id":2502,"href":"https:\/\/demo9.thuythu.vn\/sgc\/wp-json\/wp\/v2\/pages\/294\/revisions\/2502"}],"wp:attachment":[{"href":"https:\/\/demo9.thuythu.vn\/sgc\/wp-json\/wp\/v2\/media?parent=294"}],"curies":[{"name":"wp","href":"https:\/\/api.w.org\/{rel}","templated":true}]}}