{"id":290,"date":"2023-11-08T09:49:36","date_gmt":"2023-11-08T09:49:36","guid":{"rendered":"https:\/\/demo9.thuythu.vn\/sgc\/?page_id=290"},"modified":"2023-11-16T10:03:47","modified_gmt":"2023-11-16T10:03:47","slug":"doi-ngu-bac-si","status":"publish","type":"page","link":"https:\/\/demo9.thuythu.vn\/sgc\/doi-ngu-bac-si\/","title":{"rendered":"\u0110\u1ed9i ng\u0169 b\u00e1c s\u0129"},"content":{"rendered":"<p>\n\u0110\u1ec3 mang \u0111\u1ebfn k\u1ebft qu\u1ea3 \u0111i\u1ec1u tr\u1ecb th\u00e0nh c\u00f4ng v\u00e0 an to\u00e0n cho t\u1ea5t c\u1ea3 b\u1ec7nh nh\u00e2n, nha khoa I-DENT x\u00e2y d\u1ef1ng \u0111\u1ed9i ng\u0169 b\u00e1c s\u0129 gi\u1ecfi chuy\u00ean m\u00f4n, gi\u00e0u kinh nghi\u1ec7m v\u00e0 tr\u00ean h\u1ebft ph\u1ea3i \u0111\u1eb7t Y \u0111\u1ee9c, s\u1ef1 t\u1eadn t\u00e2m l\u00ean h\u00e0ng \u0111\u1ea7u.<\/p>\n<p>T\u1ea1i I-DENT quy t\u1ee5 c\u00e1c Ti\u1ebfn s\u0129, b\u00e1c s\u0129 Chuy\u00ean khoa r\u0103ng h\u00e0m m\u1eb7t. Trong \u0111\u00f3, nhi\u1ec1u b\u00e1c si\u0303 t\u1eebng h\u1ecdc t\u1eadp, tu nghi\u1ec7p v\u00e0 \u0111\u00e0o t\u1ea1o chuy\u00ean s\u00e2u nhi\u1ec1u n\u0103m t\u1ea1i Ph\u00e1p, Canada, Th\u1ee5y S\u1ef9&#8230;<\/p>\n<p>V\u1edbi ki\u1ebfn th\u1ee9c chuy\u00ean m\u00f4n v\u1eefng v\u00e0ng, d\u00e0y d\u1eb7n kinh nghi\u1ec7m c\u00f9ng tay ngh\u1ec1 kh\u00e9o l\u00e9o, \u0111\u1ed9i ng\u0169 b\u00e1c si\u0303 I-DENT c\u00f3 th\u1ec3 th\u1ef1c hi\u1ec7n t\u1ed1t nhi\u1ec1u k\u1ef9 thu\u1eadt nha khoa, \u0111\u1eb7c bi\u1ec7t l\u00e0 c\u00e1c ph\u01b0\u01a1ng ph\u00e1p kh\u00f3 nh\u01b0 C\u1ea5y gh\u00e9p Implant, Th\u1ea9m m\u1ef9 r\u0103ng s\u1ee9, Ni\u1ec1ng r\u0103ng, Ph\u1eabu thu\u1eadt ch\u1ec9nh h\u00e0m\u2026<\/p>\n<p>B\u00ean c\u1ea1nh chuy\u00ean m\u00f4n cao, c\u00e1c b\u00e1c s\u0129 t\u1ea1i I-DENT lu\u00f4n l\u00e0m vi\u1ec7c v\u1edbi ch\u1eef \u201cT\u00e2m\u201d \u0111\u1eb7t l\u00ean h\u00e0ng \u0111\u1ea7u. Mang \u0111\u1ebfn cho b\u1ec7nh nh\u00e2n c\u1ea3m gi\u00e1c tho\u1ea3i m\u00e1i nh\u01b0 ng\u01b0\u1eddi th\u00e2n trong gia \u0111\u00ecnh.<\/p>\n<p>\u0110\u1ebfn nay, \u0111\u00e3 c\u00f3 h\u01a1n 16,000 ca \u0111i\u1ec1u tr\u1ecb \u0111\u01b0\u1ee3c \u0111\u1ed9i ng\u0169 b\u00e1c s\u0129 I-DENT th\u1ef1c hi\u1ec7n th\u00e0nh c\u00f4ng v\u00e0 nh\u1eadn \u0111\u01b0\u1ee3c nh\u1eefng \u0111\u00e1nh gi\u00e1 t\u00edch c\u1ef1c c\u00f9ng s\u1ef1 t\u00edn nhi\u1ec7m c\u1ee7a b\u1ec7nh nh\u00e2n trong n\u01b0\u1edbc, Ki\u1ec1u b\u00e0o v\u00e0 ng\u01b0\u1eddi n\u01b0\u1edbc ngo\u00e0i.<\/p>\n","protected":false},"excerpt":{"rendered":"<p>\u0110\u1ec3 mang \u0111\u1ebfn k\u1ebft qu\u1ea3 \u0111i\u1ec1u tr\u1ecb th\u00e0nh c\u00f4ng v\u00e0 an to\u00e0n cho t\u1ea5t c\u1ea3 b\u1ec7nh nh\u00e2n, nha khoa I-DENT x\u00e2y d\u1ef1ng \u0111\u1ed9i ng\u0169 b\u00e1c s\u0129 gi\u1ecfi chuy\u00ean m\u00f4n, gi\u00e0u kinh nghi\u1ec7m v\u00e0 tr\u00ean h\u1ebft ph\u1ea3i \u0111\u1eb7t Y \u0111\u1ee9c, s\u1ef1 t\u1eadn t\u00e2m l\u00ean h\u00e0ng \u0111\u1ea7u. T\u1ea1i I-DENT quy t\u1ee5 c\u00e1c Ti\u1ebfn s\u0129, b\u00e1c s\u0129 Chuy\u00ean [&#8230;]\n","protected":false},"author":1,"featured_media":0,"parent":0,"menu_order":0,"comment_status":"closed","ping_status":"closed","template":"templates\/doctors.php","meta":{"inline_featured_image":false,"footnotes":""},"acf":[],"lang":"vi","translations":{"vi":290,"en":2266},"pll_sync_post":[],"_links":{"self":[{"href":"https:\/\/demo9.thuythu.vn\/sgc\/wp-json\/wp\/v2\/pages\/290"}],"collection":[{"href":"https:\/\/demo9.thuythu.vn\/sgc\/wp-json\/wp\/v2\/pages"}],"about":[{"href":"https:\/\/demo9.thuythu.vn\/sgc\/wp-json\/wp\/v2\/types\/page"}],"author":[{"embeddable":true,"href":"https:\/\/demo9.thuythu.vn\/sgc\/wp-json\/wp\/v2\/users\/1"}],"replies":[{"embeddable":true,"href":"https:\/\/demo9.thuythu.vn\/sgc\/wp-json\/wp\/v2\/comments?post=290"}],"version-history":[{"count":6,"href":"https:\/\/demo9.thuythu.vn\/sgc\/wp-json\/wp\/v2\/pages\/290\/revisions"}],"predecessor-version":[{"id":2014,"href":"https:\/\/demo9.thuythu.vn\/sgc\/wp-json\/wp\/v2\/pages\/290\/revisions\/2014"}],"wp:attachment":[{"href":"https:\/\/demo9.thuythu.vn\/sgc\/wp-json\/wp\/v2\/media?parent=290"}],"curies":[{"name":"wp","href":"https:\/\/api.w.org\/{rel}","templated":true}]}}