{"id":2264,"date":"2023-11-08T09:56:10","date_gmt":"2023-11-08T09:56:10","guid":{"rendered":"https:\/\/demo9.thuythu.vn\/sgc\/?page_id=294"},"modified":"2023-11-27T15:35:54","modified_gmt":"2023-11-27T15:35:54","slug":"commitment-to-quality","status":"publish","type":"page","link":"https:\/\/demo9.thuythu.vn\/sgc\/en\/commitment-to-quality\/","title":{"rendered":"Commitment to quality"},"content":{"rendered":"<p>M\u1ed7i kh\u00e1ch h\u00e0ng khi l\u1ef1a ch\u1ecdn nha khoa \u0111\u1ec3 \u0111i\u1ec1u tr\u1ecb lu\u00f4n d\u1ef1a tr\u00ean uy t\u00edn, danh ti\u1ebfng c\u1ee7a nha khoa. V\u00ec v\u1eady, cam k\u1ebft b\u1ea3o h\u00e0nh khi l\u00e0m r\u0103ng l\u00e0 m\u1ed9t ti\u00eau ch\u00ed quan tr\u1ecdng \u0111\u1ec3 \u0111\u00e1nh gi\u00e1 ch\u1ea5t l\u01b0\u1ee3ng nha khoa. Hi\u1ec3u \u0111\u01b0\u1ee3c \u0111i\u1ec1u \u0111\u00f3, I-DENT lu\u00f4n minh b\u1ea1ch th\u00f4ng tin, cam k\u1ebft v\u1ec1 ch\u1ea5t l\u01b0\u1ee3ng v\u00e0 ch\u00ednh s\u00e1ch b\u1ea3o h\u00e0nh cho t\u1ea5t c\u1ea3 kh\u00e1ch h\u00e0ng. T\u1eeb \u0111\u00f3, t\u1ea1o d\u1ef1ng ni\u1ec1m tin v\u00e0 s\u1ef1 h\u00e0i l\u00f2ng tuy\u1ec7t \u0111\u1ed1i c\u1ee7a kh\u00e1ch h\u00e0ng \u0111\u1ed1i v\u1edbi Nha khoa I-DENT.<\/p>\n<h2>1. Cam k\u1ebft c\u1ee7a nha khoa i-dent d\u00e0nh cho kh\u00e1ch h\u00e0ng<\/h2>\n<h3>1.1 Trong qu\u00e1 tr\u00ecnh t\u01b0 v\u1ea5n v\u00e0 \u0111i\u1ec1u tr\u1ecb<\/h3>\n<ul>\n<li>T\u1ea5t c\u1ea3 chi ph\u00ed th\u0103m kh\u00e1m v\u00e0 ch\u1ee5p phim CT 3D t\u1ea1i nha khoa \u0111\u1ec1u mi\u1ec5n ph\u00ed ho\u00e0n to\u00e0n.<\/li>\n<li>B\u00e1c s\u0129 I-DENT s\u1ebd th\u0103m kh\u00e1m t\u1ed5ng qu\u00e1t s\u1ee9c kh\u1ecfe r\u0103ng mi\u1ec7ng \u0111\u1ec3 l\u00ean k\u1ebf ho\u1ea1ch \u0111i\u1ec1u tr\u1ecb c\u1ee5 th\u1ec3, r\u00f5 r\u00e0ng v\u00e0 minh b\u1ea1ch cho t\u1eebng b\u1ec7nh nh\u00e2n.<\/li>\n<li>Khi b\u1ec7nh nh\u00e2n \u0111\u1ed3ng \u00fd v\u1edbi k\u1ebf ho\u1ea1ch \u0111i\u1ec1u tr\u1ecb th\u00ec m\u1edbi ti\u1ebfn h\u00e0nh th\u1ef1c hi\u1ec7n.<\/li>\n<li>T\u1ea5t c\u1ea3 d\u1ecbch v\u1ee5 t\u1ea1i Nha khoa I-DENT \u0111\u1ec1u \u0111\u01b0\u1ee3c b\u00e1o chi ph\u00ed tr\u1ecdn g\u00f3i, \u0111\u1ea3m b\u1ea3o kh\u00f4ng ph\u00e1t sinh th\u00eam chi ph\u00ed kh\u00e1c.<\/li>\n<li>\u0110\u1ed9i ng\u0169 Ti\u1ebfn s\u0129 \u2013 B\u00e1c s\u0129 \u0111i\u1ec1u tr\u1ecb cho b\u1ec7nh nh\u00e2n \u0111\u1ec1u l\u00e0 nh\u1eefng ng\u01b0\u1eddi c\u00f3 k\u1ef9 thu\u1eadt cao, chuy\u00ean s\u00e2u v\u1ec1: Tr\u1ed3ng r\u0103ng Implant, R\u0103ng s\u1ee9 th\u1ea9m m\u1ef9, Ni\u1ec1ng r\u0103ng, \u0110i\u1ec1u tr\u1ecb b\u1ec7nh l\u00fd r\u0103ng mi\u1ec7ng\u2026<\/li>\n<li>H\u1ec7 th\u1ed1ng ph\u00f2ng \u0111i\u1ec1u tr\u1ecb \u2013 ph\u00f2ng ph\u1eabu thu\u1eadt ri\u00eang bi\u1ec7t v\u00e0 \u0111\u01b0\u1ee3c v\u00f4 tr\u00f9ng tuy\u1ec7t \u0111\u1ed1i, \u0111\u1ea3m b\u1ea3o an to\u00e0n cho t\u1eebng kh\u00e1ch h\u00e0ng.<\/li>\n<li>S\u1eed d\u1ee5ng trang thi\u1ebft b\u1ecb v\u00e0 v\u1eadt li\u1ec7u nha khoa ch\u00ednh h\u00e3ng, nh\u1eadp kh\u1ea9u tr\u1ef1c ti\u1ebfp t\u1eeb Ch\u00e2u \u00c2u.<\/li>\n<\/ul>\n<h3>1.2 Sau khi \u0111i\u1ec1u tr\u1ecb<\/h3>\n<ul>\n<li>S\u1eb5n s\u00e0ng h\u1ed7 tr\u1ee3 v\u00e0 \u0111\u01b0a ra ph\u01b0\u01a1ng \u00e1n gi\u1ea3i quy\u1ebft cho b\u1ec7nh nh\u00e2n khi c\u00f3 v\u1ea5n \u0111\u1ec1 x\u1ea3y ra.<\/li>\n<li>Cung c\u1ea5p \u0111\u1ea7y \u0111\u1ee7 c\u00e1c gi\u1ea5y t\u1edd b\u1ea3o h\u00e0nh (n\u1ebfu c\u00f3).<\/li>\n<li>L\u00ean l\u1ecbch t\u00e1i kh\u00e1m v\u00e0 th\u00f4ng b\u00e1o cho b\u1ec7nh nh\u00e2n.<\/li>\n<\/ul>\n<h2>2. Ch\u00ednh s\u00e1ch b\u1ea3o h\u00e0nh tr\u1ee5 implant c\u1ee7a I-Dent<\/h2>\n<p>100% c\u00e1c lo\u1ea1i tr\u1ee5 Implant \u0111\u01b0\u1ee3c s\u1eed d\u1ee5ng t\u1ea1i Nha khoa I-DENT \u0111\u1ec1u nh\u1eadp kh\u1ea9u tr\u1ef1c ti\u1ebfp t\u1eeb nh\u1eefng th\u01b0\u01a1ng hi\u00eau Implant n\u1ed5i ti\u1ebfng th\u1ebf gi\u1edbi: M\u1ef9, Ph\u00e1p,Th\u1ee5y S\u0129, \u0110\u1ee9c, H\u00e0n Qu\u1ed1c\u2026 V\u1edbi ch\u00ednh s\u00e1ch b\u1ea3o h\u00e0nh theo \u0111\u00fang quy \u0111\u1ecbnh c\u1ee7a h\u00e3ng tr\u1ee5 nh\u01b0 sau:<\/p>\n<table border=\"1\" cellspacing=\"1\" cellpadding=\"1\">\n<tbody>\n<tr>\n<th style=\"text-align: center;\">LO\u1ea0I IMPLANT<\/th>\n<th style=\"text-align: center;\">TH\u1edcI GIAN B\u1ea2O H\u00c0NH<\/th>\n<\/tr>\n<tr>\n<td>1. Implant H\u00e0n Qu\u1ed1c (DiO)<\/td>\n<td>B\u1ea3o h\u00e0nh 7 n\u0103m theo h\u00e3ng tr\u1ee5 + Th\u1ebb b\u1ea3o h\u00e0nh ch\u00ednh h\u00e3ng<\/td>\n<\/tr>\n<tr>\n<td>2. Implant H\u00e0n Qu\u1ed1c (DENTIUM)<\/td>\n<td>B\u1ea3o h\u00e0nh 10 n\u0103m theo h\u00e3ng tr\u1ee5 + Th\u1ebb b\u1ea3o h\u00e0nh ch\u00ednh h\u00e3ng<\/td>\n<\/tr>\n<tr>\n<td>3. Implant M\u1ef9 (Dentium USA Superline)<\/td>\n<td>B\u1ea3o h\u00e0nh 15 n\u0103m theo h\u00e3ng tr\u1ee5 + Th\u1ebb b\u1ea3o h\u00e0nh ch\u00ednh h\u00e3ng<\/td>\n<\/tr>\n<tr>\n<td>4. Implant \u0110\u1ee9c (Mis C1)<\/td>\n<td>B\u1ea3o h\u00e0nh 20 n\u0103m theo h\u00e3ng tr\u1ee5 + Th\u1ebb b\u1ea3o h\u00e0nh ch\u00ednh h\u00e3ng<\/td>\n<\/tr>\n<tr>\n<td>5. Implant Ph\u00e1p (GLOBAL D In-Kone)<\/td>\n<td>B\u1ea3o h\u00e0nh 20 n\u0103m theo h\u00e3ng tr\u1ee5 + Th\u1ebb b\u1ea3o h\u00e0nh ch\u00ednh h\u00e3ng<\/td>\n<\/tr>\n<tr>\n<td>6. Implant Th\u1ee5y \u0110i\u1ec3n\/M\u1ef9 (NOBEL Biocare)<\/td>\n<td>B\u1ea3o h\u00e0nh 20 n\u0103m theo h\u00e3ng tr\u1ee5 + Th\u1ebb b\u1ea3o h\u00e0nh ch\u00ednh h\u00e3ng<\/td>\n<\/tr>\n<tr>\n<td>7. Implant Th\u1ee5y S\u0129 (Straumann SLActive)<\/td>\n<td>B\u1ea3o h\u00e0nh 20 n\u0103m theo h\u00e3ng tr\u1ee5 + Th\u1ebb b\u1ea3o h\u00e0nh ch\u00ednh h\u00e3ng<\/td>\n<\/tr>\n<\/tbody>\n<\/table>\n<h3>2.1 Nh\u1eefng tr\u01b0\u1eddng h\u1ee3p s\u1ebd \u0111\u01b0\u1ee3c b\u1ea3o h\u00e0nh v\u00e0 thay m\u1edbi tr\u1ee5 Implant nh\u01b0 sau:<\/h3>\n<p>Tr\u1ee5 Implant b\u1ecb g\u00e3y; s\u00fat, l\u1ecfng kh\u1edbp n\u1ed1i Abutment; nhi\u1ec5m tr\u00f9ng r\u0103ng Implant; g\u00e3y r\u0103ng.<\/p>\n<h3><strong>2.2 V\u00e0 kh\u00f4ng \u0111\u01b0\u1ee3c b\u1ea3o h\u00e0nh khi:<\/strong><\/h3>\n<ul>\n<li>Kh\u00f4ng tu\u00e2n th\u1ee7 theo h\u01b0\u1edbng d\u1eabn c\u1ee7a b\u00e1c s\u0129 sau khi c\u1ea5y Implant.<\/li>\n<li>Kh\u00f4ng ch\u0103m s\u00f3c r\u0103ng mi\u1ec7ng \u0111\u00fang c\u00e1ch.<\/li>\n<li>H\u00fat thu\u1ed1c l\u00e1, u\u1ed1ng r\u01b0\u1ee3u bia\u2026 d\u1eabn \u0111\u1ebfn tr\u1ee5 Implant b\u1ecb \u0111\u00e0o th\u1ea3i.<\/li>\n<li>Kh\u00f4ng t\u00e1i kh\u00e1m \u0111\u1ecbnh k\u1ef3 theo k\u1ebf ho\u1ea1ch \u0111i\u1ec1u tr\u1ecb.<\/li>\n<li>\u0110\u00e3 \u0111\u1ebfn nha khoa kh\u00e1c \u0111\u1ec3 can thi\u1ec7p \u0111\u1ebfn r\u0103ng Implant.<\/li>\n<\/ul>\n<h2>3. Ch\u00ednh s\u00e1ch b\u1ea3o h\u00e0nh r\u0103ng s\u1ee9 c\u1ee7a I-Dent<\/h2>\n<p>T\u1ea5t c\u1ea3 c\u00e1c b\u1ec7nh nh\u00e2n ph\u1ee5c h\u00ecnh r\u0103ng s\u1ee9 t\u1ea1i Nha khoa I-DENT s\u1ebd c\u00f3 th\u1eddi gian b\u1ea3o h\u00e0nh t\u00f9y theo t\u1eebng lo\u1ea1i r\u0103ng s\u1ee9 \u0111\u00e3 l\u1ef1a ch\u1ecdn v\u00e0 c\u00f3 th\u1ebb b\u1ea3o h\u00e0nh t\u1eeb nha khoa. C\u1ee5 th\u1ec3 nh\u01b0 sau:<\/p>\n<table class=\"table-common\" border=\"1\" cellspacing=\"1\" cellpadding=\"1\">\n<tbody>\n<tr>\n<th style=\"text-align: center;\">LO\u1ea0I R\u0102NG S\u1ee8<\/th>\n<th style=\"text-align: center;\">TH\u1edcI GIAN B\u1ea2O H\u00c0NH<\/th>\n<\/tr>\n<tr>\n<td>1. R\u0103ng s\u1ee9 kim lo\u1ea1i (Ceramco 3 \u2013 M\u1ef9)<\/td>\n<td>Th\u1ebb b\u1ea3o h\u00e0nh ch\u00ednh h\u00e3ng 3 n\u0103m<\/td>\n<\/tr>\n<tr>\n<td>2. R\u0103ng s\u1ee9 Titan (M\u1ef9)<\/td>\n<td>Th\u1ebb b\u1ea3o h\u00e0nh ch\u00ednh h\u00e3ng 5 n\u0103m<\/td>\n<\/tr>\n<tr>\n<td>3. R\u0103ng s\u1ee9 kh\u00f4ng kim lo\u1ea1i Zirconia DDBio (\u0110\u1ee9c)<\/td>\n<td>Th\u1ebb b\u1ea3o h\u00e0nh ch\u00ednh h\u00e3ng 10 n\u0103m<\/td>\n<\/tr>\n<tr>\n<td>4. R\u0103ng s\u1ee9 kh\u00f4ng kim lo\u1ea1i cao c\u1ea5p DDBio HT (\u0110\u1ee9c)<\/td>\n<td>Th\u1ebb b\u1ea3o h\u00e0nh ch\u00ednh h\u00e3ng 10 n\u0103m<\/td>\n<\/tr>\n<tr>\n<td>5. R\u0103ng s\u1ee9 kh\u00f4ng kim lo\u1ea1i cao c\u1ea5p Cercon HT (\u0110\u1ee9c)<\/td>\n<td>Th\u1ebb b\u1ea3o h\u00e0nh ch\u00ednh h\u00e3ng 10 n\u0103m<\/td>\n<\/tr>\n<tr>\n<td>6. R\u0103ng s\u1ee9 kh\u00f4ng kim lo\u1ea1i cao c\u1ea5p Nacera PEARL (\u0110\u1ee9c)<\/td>\n<td>Th\u1ebb b\u1ea3o h\u00e0nh ch\u00ednh h\u00e3ng 15 n\u0103m<\/td>\n<\/tr>\n<tr>\n<td>7. R\u0103ng s\u1ee9 kh\u00f4ng kim lo\u1ea1i cao c\u1ea5p Nacera 9 MAX (\u0110\u1ee9c)<\/td>\n<td>Th\u1ebb b\u1ea3o h\u00e0nh ch\u00ednh h\u00e3ng 20 n\u0103m<\/td>\n<\/tr>\n<tr>\n<td>8. M\u1eb7t d\u00e1n s\u1ee9 (Veneer\/Facette)<\/td>\n<td>Th\u1ebb b\u1ea3o h\u00e0nh ch\u00ednh h\u00e3ng 10 n\u0103m<\/td>\n<\/tr>\n<\/tbody>\n<\/table>\n<h3>3.1 Nh\u1eefng tr\u01b0\u1eddng h\u1ee3p s\u1ebd \u0111\u01b0\u1ee3c b\u1ea3o h\u00e0nh r\u0103ng s\u1ee9 nh\u01b0 sau:<\/h3>\n<ul>\n<li>R\u0103ng s\u1ee9 b\u1ecb v\u1ee1, m\u1ebb trong qu\u00e1 tr\u00ecnh \u0103n nhai b\u00ecnh th\u01b0\u1eddng.<\/li>\n<li>R\u0103ng s\u1ee9 b\u1ecb l\u1ecfng, s\u00fat ra sau khi \u0111\u01b0\u1ee3c g\u1eafn c\u1ed1 \u0111\u1ecbnh.<\/li>\n<li>R\u0103ng s\u1ee9 b\u1ecb c\u1ed9m, c\u1ee9ng g\u00e2y kh\u00f3 ch\u1ecbu khi \u0103n nhai.<\/li>\n<li>Th\u1ebb b\u1ea3o h\u00e0nh r\u0103ng s\u1ee9 c\u00f2n th\u1eddi h\u1ea1n.<\/li>\n<\/ul>\n<h3>3.2 V\u00e0 kh\u00f4ng \u0111\u01b0\u1ee3c b\u1ea3o h\u00e0nh khi:<\/h3>\n<ul>\n<li>R\u0103ng s\u1ee9 g\u00e3y, v\u1ee1 do b\u1ecb tai n\u1ea1n.<\/li>\n<li>R\u0103ng s\u1ee9 b\u1ecb h\u01b0 h\u1ecfng sau khi \u0111\u1ebfn nha khoa kh\u00e1c can thi\u1ec7p.<\/li>\n<li>Ch\u0103m s\u00f3c r\u0103ng mi\u1ec7ng k\u00e9m d\u1eabn \u0111\u1ebfn c\u00e1c b\u1ec7nh l\u00fd v\u1ec1 r\u0103ng mi\u1ec7ng.<\/li>\n<li>Kh\u00f4ng t\u00e1i kh\u00e1m \u0111\u1ecbnh k\u1ef3 theo ch\u1ec9 \u0111\u1ecbnh c\u1ee7a b\u00e1c s\u0129.<\/li>\n<li>H\u1ebft th\u1eddi gian b\u1ea3o h\u00e0nh c\u1ee7a r\u0103ng s\u1ee9<\/li>\n<\/ul>\n<p style=\"text-align: right;\"><strong>BAN BI\u00caN T\u1eacP I-DENT<\/strong><\/p>\n","protected":false},"excerpt":{"rendered":"<p>M\u1ed7i kh\u00e1ch h\u00e0ng khi l\u1ef1a ch\u1ecdn nha khoa \u0111\u1ec3 \u0111i\u1ec1u tr\u1ecb lu\u00f4n d\u1ef1a tr\u00ean uy t\u00edn, danh ti\u1ebfng c\u1ee7a nha khoa. V\u00ec v\u1eady, cam k\u1ebft b\u1ea3o h\u00e0nh khi l\u00e0m r\u0103ng l\u00e0 m\u1ed9t ti\u00eau ch\u00ed quan tr\u1ecdng \u0111\u1ec3 \u0111\u00e1nh gi\u00e1 ch\u1ea5t l\u01b0\u1ee3ng nha khoa. Hi\u1ec3u \u0111\u01b0\u1ee3c \u0111i\u1ec1u \u0111\u00f3, I-DENT lu\u00f4n minh b\u1ea1ch th\u00f4ng tin, cam k\u1ebft [&#8230;]\n","protected":false},"author":1,"featured_media":0,"parent":0,"menu_order":0,"comment_status":"closed","ping_status":"closed","template":"","meta":{"inline_featured_image":false,"footnotes":""},"acf":[],"lang":"en","translations":{"en":2264,"vi":294},"pll_sync_post":[],"_links":{"self":[{"href":"https:\/\/demo9.thuythu.vn\/sgc\/wp-json\/wp\/v2\/pages\/2264"}],"collection":[{"href":"https:\/\/demo9.thuythu.vn\/sgc\/wp-json\/wp\/v2\/pages"}],"about":[{"href":"https:\/\/demo9.thuythu.vn\/sgc\/wp-json\/wp\/v2\/types\/page"}],"author":[{"embeddable":true,"href":"https:\/\/demo9.thuythu.vn\/sgc\/wp-json\/wp\/v2\/users\/1"}],"replies":[{"embeddable":true,"href":"https:\/\/demo9.thuythu.vn\/sgc\/wp-json\/wp\/v2\/comments?post=2264"}],"version-history":[{"count":1,"href":"https:\/\/demo9.thuythu.vn\/sgc\/wp-json\/wp\/v2\/pages\/2264\/revisions"}],"predecessor-version":[{"id":2282,"href":"https:\/\/demo9.thuythu.vn\/sgc\/wp-json\/wp\/v2\/pages\/2264\/revisions\/2282"}],"wp:attachment":[{"href":"https:\/\/demo9.thuythu.vn\/sgc\/wp-json\/wp\/v2\/media?parent=2264"}],"curies":[{"name":"wp","href":"https:\/\/api.w.org\/{rel}","templated":true}]}}