{"id":3480,"date":"2024-01-26T09:44:23","date_gmt":"2024-01-26T02:44:23","guid":{"rendered":"https:\/\/demo9.thuythu.vn\/reeco\/?post_type=product&#038;p=3480"},"modified":"2024-01-29T14:37:46","modified_gmt":"2024-01-29T07:37:46","slug":"thiet-bi-do-luong-chat-luong-khong-khi-aqt530","status":"publish","type":"product","link":"https:\/\/demo9.thuythu.vn\/reeco\/san-pham\/thiet-bi-do-luong-chat-luong-khong-khi-aqt530\/","title":{"rendered":"Thi\u1ebft b\u1ecb \u0111o l\u01b0\u1eddng ch\u1ea5t l\u01b0\u1ee3ng kh\u00f4ng kh\u00ed AQT530"},"content":{"rendered":"<p data-sourcepos=\"1:1-1:137\">Thi\u1ebft b\u1ecb \u0111o l\u01b0\u1eddng ch\u1ea5t l\u01b0\u1ee3ng kh\u00f4ng kh\u00ed AQT530 \u0111o l\u01b0\u1eddng m\u1ee9c \u0111\u1ed9 \u00f4 nhi\u1ec5m c\u1ee7a kh\u00f4ng kh\u00ed xung quanh. AQT530 c\u00f3 c\u00e1c phi\u00ean b\u1ea3n kh\u00e1c nhau \u0111\u1ec3 \u0111o kh\u00ed, h\u1ea1t ho\u1eb7c c\u1ea3 hai.<\/p>\n<h3 data-sourcepos=\"3:1-3:13\"><strong>\u1ee8ng d\u1ee5ng<\/strong><\/h3>\n<ul data-sourcepos=\"5:1-6:1\">\n<li data-sourcepos=\"5:1-5:80\">M\u1ea1ng l\u01b0\u1edbi ch\u1ea5t l\u01b0\u1ee3ng kh\u00f4ng kh\u00ed b\u1ed5 sung cho c\u00e1c tr\u1ea1m quan tr\u1eafc quy \u0111\u1ecbnh hi\u1ec7n c\u00f3<\/li>\n<li data-sourcepos=\"6:1-6:1\">\u0110o l\u01b0\u1eddng ch\u1ea5t l\u01b0\u1ee3ng kh\u00f4ng kh\u00ed trong c\u00e1c \u1ee9ng d\u1ee5ng \u0111\u00f4 th\u1ecb th\u00f4ng minh v\u00e0 th\u00e0nh ph\u1ed1<\/li>\n<li data-sourcepos=\"7:1-7:20\">Gi\u00e1m s\u00e1t ven \u0111\u01b0\u1eddng<\/li>\n<li data-sourcepos=\"8:1-8:21\">T\u1ef1 \u0111\u1ed9ng h\u00f3a t\u00f2a nh\u00e0<\/li>\n<li data-sourcepos=\"9:1-9:33\">Nghi\u00ean c\u1ee9u ch\u1ea5t l\u01b0\u1ee3ng kh\u00f4ng kh\u00ed<\/li>\n<li data-sourcepos=\"10:1-10:54\">Gi\u00e1 tr\u1ecb m\u1edbi trong vi\u1ec7c \u0111o l\u01b0\u1eddng ch\u1ea5t l\u01b0\u1ee3ng kh\u00f4ng kh\u00ed<\/li>\n<li data-sourcepos=\"11:1-11:106\">Vi\u1ec7c \u0111o b\u1ed5 sung ch\u1ea5t l\u01b0\u1ee3ng kh\u00f4ng kh\u00ed c\u1ee7a AQT530 hi\u1ec7n \u0111\u1ea1i h\u00f3a c\u00e1ch th\u1ee9c gi\u00e1m s\u00e1t ch\u1ea5t l\u01b0\u1ee3ng kh\u00f4ng kh\u00ed.\u00a0N\u00f3 mang l\u1ea1i gi\u00e1 tr\u1ecb ho\u00e0n to\u00e0n m\u1edbi cho chi ph\u00ed b\u1eb1ng c\u00e1ch \u0111o c\u00e1c ch\u1ea5t \u00f4 nhi\u1ec5m quan tr\u1ecdng nh\u1ea5t trong m\u1ed9t g\u00f3i nh\u1ecf g\u1ecdn.\u00a0AQT530 c\u00f3 c\u00e1c phi\u00ean b\u1ea3n kh\u00e1c nhau v\u00e0 c\u1ea5u h\u00ecnh c\u00f3 th\u1ec3 \u0111\u01b0\u1ee3c l\u1ef1a ch\u1ecdn d\u1ef1a tr\u00ean nhu c\u1ea7u.<\/li>\n<\/ul>\n<h3 data-sourcepos=\"13:1-13:24\"><strong>C\u00f4ng ngh\u1ec7 ti\u00ean ti\u1ebfn<\/strong><\/h3>\n<ul data-sourcepos=\"15:1-15:56\">\n<li data-sourcepos=\"15:1-15:56\">\u0110\u1ed1i v\u1edbi vi\u1ec7c \u0111o kh\u00ed,\u00a0AQT530 s\u1eed d\u1ee5ng c\u00f4ng ngh\u1ec7 c\u1ea3m bi\u1ebfn kh\u00ed \u0111i\u1ec7n h\u00f3a ti\u00eau chu\u1ea9n c\u00f4ng nghi\u1ec7p.\u00a0B\u1eb1ng c\u00e1ch s\u1eed d\u1ee5ng c\u00e1c thu\u1eadt to\u00e1n ti\u00ean ti\u1ebfn \u0111\u1ed9c quy\u1ec1n,\u00a0hi\u1ec7u chu\u1ea9n ri\u00eang cho nh\u00e0 m\u00e1y v\u00e0 \u0111\u1ed9 b\u1ec1n v\u1edbi \u0111\u1ed9 \u1ea9m \u0111\u01b0\u1ee3c c\u1ea3i thi\u1ec7n,\u00a0n\u1ed3ng \u0111\u1ed9 ph\u1ea7n t\u1ef7 (ppb) trong c\u00e1c \u0111i\u1ec1u ki\u1ec7n m\u00f4i tr\u01b0\u1eddng kh\u00e1c nhau c\u00f3 th\u1ec3 \u0111\u01b0\u1ee3c \u0111o l\u01b0\u1eddng \u0111\u00e1ng tin c\u1eady trong m\u1ed9t g\u00f3i nh\u1ecf g\u1ecdn.\u00a0C\u00e1c thu\u1eadt to\u00e1n b\u00f9 cho t\u00e1c \u0111\u1ed9ng c\u1ee7a \u0111i\u1ec1u ki\u1ec7n m\u00f4i tr\u01b0\u1eddng v\u00e0 \u0111\u1ed9 l\u00e3o h\u00f3a c\u1ee7a c\u00e1c th\u00e0nh ph\u1ea7n c\u1ea3m bi\u1ebfn,\u00a0lo\u1ea1i b\u1ecf nhu c\u1ea7u l\u1ea5y m\u1eabu kh\u00ed t\u1ed1n k\u00e9m v\u00e0 thi\u1ebft b\u1ecb.<\/li>\n<li data-sourcepos=\"16:1-17:0\">H\u1ea1t \u0111\u01b0\u1ee3c \u0111o b\u1eb1ng b\u1ed9 \u0111\u1ebfm h\u1ea1t laser (LPC) \u0111\u1ed9c quy\u1ec1n ti\u00ean ti\u1ebfn.\u00a0C\u00e1c h\u1ea1t \u0111\u01a1n l\u1ebb ph\u00e2n t\u00e1n \u00e1nh s\u00e1ng v\u00e0 d\u1ef1a tr\u00ean c\u01b0\u1eddng \u0111\u1ed9 ph\u00e2n t\u00e1n v\u00e0 s\u1ed1 xung \u0111\u01b0\u1ee3c ph\u00e1t hi\u1ec7n,\u00a0k\u00edch th\u01b0\u1edbc h\u1ea1t v\u00e0 n\u1ed3ng \u0111\u1ed9 kh\u1ed1i l\u01b0\u1ee3ng \u0111\u01b0\u1ee3c t\u00ednh to\u00e1n.<\/li>\n<\/ul>\n<h3 data-sourcepos=\"18:1-18:34\"><strong>D\u1ec5 tri\u1ec3n khai trong m\u1ea1ng l\u01b0\u1edbi<\/strong><\/h3>\n<ul data-sourcepos=\"20:1-21:27\">\n<li data-sourcepos=\"20:1-20:178\">AQT530 \u0111\u01b0\u1ee3c thi\u1ebft k\u1ebf \u0111\u1eb7c bi\u1ec7t cho c\u00e1c m\u1ea1ng l\u01b0\u1edbi gi\u00e1m s\u00e1t ch\u1ea5t l\u01b0\u1ee3ng kh\u00f4ng kh\u00ed \u1edf nh\u1eefng khu v\u1ef1c c\u00f3 giao th\u00f4ng,\u00a0h\u1ec7 th\u1ed1ng \u0111\u01b0\u1eddng b\u1ed9 ho\u1eb7c xung quanh c\u00e1c trung t\u00e2m giao th\u00f4ng v\u1eadn t\u1ea3i.<\/li>\n<li data-sourcepos=\"21:1-21:27\">Nh\u1edd tr\u1ecdng l\u01b0\u1ee3ng nh\u1ecf,\u00a0k\u00edch th\u01b0\u1edbc nh\u1ecf g\u1ecdn v\u00e0 \u0111\u1ed9 ch\u00ednh x\u00e1c cao,\u00a0n\u00f3 l\u00fd t\u01b0\u1edfng \u0111\u1ec3 tri\u1ec3n khai \u0111\u1eb7c bi\u1ec7t trong c\u00e1c m\u1ea1ng l\u01b0\u1edbi ch\u1ea5t l\u01b0\u1ee3ng kh\u00f4ng kh\u00ed l\u1edbn.\u00a0D\u1eef li\u1ec7u \u0111o c\u00f3 th\u1ec3 \u0111\u01b0\u1ee3c g\u1eedi kh\u00f4ng d\u00e2y \u0111\u1ebfn c\u01a1 s\u1edf d\u1eef li\u1ec7u tr\u00ean web v\u1edbi gi\u1ea3i ph\u00e1p c\u1ed5ng v\u00e0 c\u0169ng c\u00f3 s\u1eb5n c\u1ee5c b\u1ed9 th\u00f4ng qua giao di\u1ec7n n\u1ed1i ti\u1ebfp.<\/li>\n<li data-sourcepos=\"22:1-24:0\">AQT530 c\u00f3 th\u1ec3 k\u1ebft h\u1ee3p v\u1edbi Tr\u1ea1m nh\u1ecf g\u1ecdn \u0111\u01b0\u1ee3c k\u1ebft n\u1ed1i c\u1ee7a Vaisala BWS500 \u0111\u1ec3 cung c\u1ea5p gi\u1ea3i ph\u00e1p m\u1ea1ng ho\u00e0n ch\u1ec9nh c\u1ea5p chuy\u00ean nghi\u1ec7p v\u1edbi \u0111\u1ed9 ch\u00ednh x\u00e1c v\u00e0 \u0111\u1ed9 tin c\u1eady t\u1ed1t nh\u1ea5t.<\/li>\n<\/ul>\n<table style=\"height: 105px; width: 100%; border-collapse: collapse;\" border=\"1\">\n<tbody>\n<tr style=\"height: 21px;\">\n<td style=\"width: 16.6667%; text-align: center; height: 21px;\"><strong>Product model<\/strong><\/td>\n<td style=\"width: 16.6667%; text-align: center; height: 21px;\"><strong>NO2<\/strong><\/td>\n<td style=\"width: 16.6667%; text-align: center; height: 21px;\"><strong>NO<\/strong><\/td>\n<td style=\"width: 16.6667%; text-align: center; height: 21px;\"><strong>O3<\/strong><\/td>\n<td style=\"width: 16.6667%; text-align: center; height: 21px;\"><strong>CO\u00a0<\/strong><\/td>\n<td style=\"width: 16.6667%; text-align: center; height: 21px;\"><strong>PM<\/strong><\/td>\n<\/tr>\n<tr style=\"height: 21px;\">\n<td style=\"width: 16.6667%; height: 21px;\">Gases<\/td>\n<td style=\"width: 16.6667%; height: 21px;\">X<\/td>\n<td style=\"width: 16.6667%; height: 21px;\">X<\/td>\n<td style=\"width: 16.6667%; height: 21px;\">X<\/td>\n<td style=\"width: 16.6667%; height: 21px;\">X<\/td>\n<td style=\"width: 16.6667%; height: 21px; text-align: center;\"><\/td>\n<\/tr>\n<tr style=\"height: 21px;\">\n<td style=\"width: 16.6667%; height: 21px;\">Particles<\/td>\n<td style=\"width: 16.6667%; height: 21px;\"><\/td>\n<td style=\"width: 16.6667%; height: 21px;\"><\/td>\n<td style=\"width: 16.6667%; height: 21px;\"><\/td>\n<td style=\"width: 16.6667%; height: 21px;\"><\/td>\n<td style=\"width: 16.6667%; height: 21px; text-align: center;\">X<\/td>\n<\/tr>\n<tr style=\"height: 21px;\">\n<td style=\"width: 16.6667%; height: 21px;\">Gas and particles<\/td>\n<td style=\"width: 16.6667%; height: 21px;\">X<\/td>\n<td style=\"width: 16.6667%; height: 21px;\"><\/td>\n<td style=\"width: 16.6667%; height: 21px;\"><\/td>\n<td style=\"width: 16.6667%; height: 21px;\"><\/td>\n<td style=\"width: 16.6667%; height: 21px; text-align: center;\">X<\/td>\n<\/tr>\n<tr style=\"height: 21px;\">\n<td style=\"width: 16.6667%; height: 21px;\">Gases and particles<\/td>\n<td style=\"width: 16.6667%; height: 21px; text-align: center;\">X<\/td>\n<td style=\"width: 16.6667%; height: 21px; text-align: center;\">X<\/td>\n<td style=\"width: 16.6667%; height: 21px; text-align: center;\">X<\/td>\n<td style=\"width: 16.6667%; height: 21px; text-align: center;\">X<\/td>\n<td style=\"width: 16.6667%; height: 21px; text-align: center;\">X<\/td>\n<\/tr>\n<\/tbody>\n<\/table>\n<p>&nbsp;<\/p>\n","protected":false},"excerpt":{"rendered":"<ul>\n<li>Model: AQT530<\/li>\n<li>Manufacturer: Vaisala \u2013 Finland<\/li>\n<\/ul>\n<p data-sourcepos=\"1:1-1:12\"><strong>T\u00ednh n\u0103ng<\/strong><\/p>\n<ul data-sourcepos=\"3:1-3:78\">\n<li data-sourcepos=\"3:1-3:78\">\u0110o c\u00e1c kh\u00ed \u00f4 nhi\u1ec5m \u0111\u00f4 th\u1ecb quan tr\u1ecdng (NO2,\u00a0NO,\u00a0O3 v\u00e0 CO) v\u00e0 c\u00e1c h\u1ea1t b\u1ee5i (PM10,\u00a0PM2.5,\u00a0PM1)<\/li>\n<li data-sourcepos=\"4:1-4:106\">C\u00f4ng ngh\u1ec7 \u0111o h\u1ea1t laser (LPC) \u0111\u00e3 \u0111\u01b0\u1ee3c ch\u1ee9ng minh v\u1edbi b\u1ed9 ph\u00e2n t\u00edch \u0111\u1ed9 cao xung nh\u1ecbp \u0111\u1ec3 \u0111o c\u00e1c h\u1ea1t v\u1eadt ch\u1ea5t<\/li>\n<li data-sourcepos=\"5:1-5:55\">Qu\u1ea3n l\u00fd \u0111\u1ed9 \u1ea9m th\u00f4ng minh cho c\u00e1c ph\u1ea7n t\u1eed c\u1ea3m bi\u1ebfn kh\u00ed<\/li>\n<li data-sourcepos=\"6:1-6:70\">C\u1ea3m bi\u1ebfn nhi\u1ec7t \u0111\u1ed9 v\u00e0 \u0111\u1ed9 \u1ea9m m\u1ea1nh m\u1ebd s\u1eed d\u1ee5ng c\u00f4ng ngh\u1ec7 Vaisala HUMICAP<\/li>\n<li data-sourcepos=\"7:1-7:51\">Thi\u1ebft k\u1ebf nh\u1ecf g\u1ecdn,\u00a0d\u1ec5 tri\u1ec3n khai ngo\u00e0i hi\u1ec7n tr\u01b0\u1eddng<\/li>\n<li data-sourcepos=\"8:1-8:29\">\u0110\u01b0\u1ee3c hi\u1ec7u chu\u1ea9n t\u1ea1i nh\u00e0 m\u00e1y<\/li>\n<li data-sourcepos=\"9:1-9:6\">Hi\u1ec7u su\u1ea5t th\u1ef1c t\u1ebf \u0111\u01b0\u1ee3c r\u00fat ra t\u1eeb c\u00e1c b\u00e0i ki\u1ec3m nghi\u1ec7m th\u1ef1c \u0111\u1ecba \u0111a \u0111\u1ecba \u0111i\u1ec3m v\u00e0 \u0111a ch\u00e2u l\u1ee5c trong th\u1eddi gian d\u00e0i<\/li>\n<\/ul>\n","protected":false},"featured_media":3479,"comment_status":"open","ping_status":"closed","template":"","meta":[],"product_cat":[15],"product_tag":[],"acf":[],"lang":"vi","translations":{"vi":3480,"en":3475},"pll_sync_post":[],"_links":{"self":[{"href":"https:\/\/demo9.thuythu.vn\/reeco\/wp-json\/wp\/v2\/product\/3480"}],"collection":[{"href":"https:\/\/demo9.thuythu.vn\/reeco\/wp-json\/wp\/v2\/product"}],"about":[{"href":"https:\/\/demo9.thuythu.vn\/reeco\/wp-json\/wp\/v2\/types\/product"}],"replies":[{"embeddable":true,"href":"https:\/\/demo9.thuythu.vn\/reeco\/wp-json\/wp\/v2\/comments?post=3480"}],"wp:featuredmedia":[{"embeddable":true,"href":"https:\/\/demo9.thuythu.vn\/reeco\/wp-json\/wp\/v2\/media\/3479"}],"wp:attachment":[{"href":"https:\/\/demo9.thuythu.vn\/reeco\/wp-json\/wp\/v2\/media?parent=3480"}],"wp:term":[{"taxonomy":"product_cat","embeddable":true,"href":"https:\/\/demo9.thuythu.vn\/reeco\/wp-json\/wp\/v2\/product_cat?post=3480"},{"taxonomy":"product_tag","embeddable":true,"href":"https:\/\/demo9.thuythu.vn\/reeco\/wp-json\/wp\/v2\/product_tag?post=3480"}],"curies":[{"name":"wp","href":"https:\/\/api.w.org\/{rel}","templated":true}]}}