{"id":3457,"date":"2024-01-25T16:22:41","date_gmt":"2024-01-25T09:22:41","guid":{"rendered":"https:\/\/demo9.thuythu.vn\/reeco\/?post_type=product&#038;p=3457"},"modified":"2024-01-25T16:22:41","modified_gmt":"2024-01-25T09:22:41","slug":"robot-ngam-dieu-khien-tu-xa-rov","status":"publish","type":"product","link":"https:\/\/demo9.thuythu.vn\/reeco\/san-pham\/robot-ngam-dieu-khien-tu-xa-rov\/","title":{"rendered":"Robot ng\u1ea7m \u0111i\u1ec1u khi\u1ec3n t\u1eeb xa (ROV)"},"content":{"rendered":"","protected":false},"excerpt":{"rendered":"<p><em>Model: Pro 4 ROV<\/em><\/p>\n<p><em>H\u00e3ng SX: VideoRay, M\u1ef9<\/em><\/p>\n<p>Thi\u1ebft b\u1ecb VideoRay Pro 4 k\u1ebft h\u1ee3p c\u00e1c k\u1ef9 thu\u1eadt thi\u1ebft k\u1ebf v\u00e0 c\u00f4ng ngh\u1ec7 ROV m\u1edbi nh\u1ea5t v\u00e0 l\u00e0 d\u00f2ng ROV mini ti\u1ebfn ti\u1ebfn, hi\u1ec7u qu\u1ea3 v\u00e0 \u0111a n\u0103ng nh\u1ea5t tr\u00ean th\u1ecb tr\u01b0\u1eddng hi\u1ec7n nay. \u0111\u01b0\u1ee3c \u1ee9<span style=\"color: #555555;\">ng d\u1ee5ng trong nhi\u1ec1u l\u0129nh v\u1ef1c.<\/span><\/p>\n<ul>\n<li class=\"bullet-checkmark\">Nhi\u1ec7m v\u1ee5 ngo\u00e0i kh\u01a1i (Ki\u1ec3m tra, gi\u00e1m s\u00e1t gi\u00e0n khoan, kh\u1ea3o s\u00e1t c\u00e1c h\u1ec7 th\u1ed1ng \u1ed1ng Riser, h\u1ec7 th\u1ed1ng neo..)<\/li>\n<li class=\"bullet-checkmark\">Ho\u1ea1t \u0111\u1ed9ng qu\u00e2n s\u1ef1 (X\u1eed l\u00fd v\u1eadt li\u1ec7u n\u1ed5, trinh s\u00e1t v\u00e0 gi\u00e1m s\u00e1t &#8230;)<\/li>\n<li class=\"bullet-checkmark\">H\u1ed7 tr\u1ee3 h\u00e0nh ph\u00e1p (D\u00f2 t\u00ecm, \u0111\u1ecbnh v\u1ecb v\u1eadt ch\u1ee9ng, theo d\u00f5i h\u1ed7 tr\u1ee3 th\u1ee3 l\u1eb7n, t\u00ecm ki\u1ebfm gi\u1ea3i c\u1ee9u thu h\u1ed3i&#8230;)<\/li>\n<li class=\"bullet-checkmark\">Kh\u1ea3o s\u00e1t c\u01a1 s\u1edf h\u1ea1 t\u1ea7ng<\/li>\n<li class=\"bullet-checkmark\">C\u1ee9u n\u1ea1n c\u1ee9u h\u1ed9<\/li>\n<li class=\"bullet-checkmark\">Nghi\u00ean c\u1ee9u khoa h\u1ecdc<\/li>\n<li class=\"bullet-checkmark\">Nu\u00f4i tr\u1ed3ng thu\u1ef7 h\u1ea3i s\u1ea3n<\/li>\n<\/ul>\n","protected":false},"featured_media":3458,"comment_status":"open","ping_status":"closed","template":"","meta":[],"product_cat":[15],"product_tag":[],"acf":[],"lang":"vi","translations":{"vi":3457},"pll_sync_post":[],"_links":{"self":[{"href":"https:\/\/demo9.thuythu.vn\/reeco\/wp-json\/wp\/v2\/product\/3457"}],"collection":[{"href":"https:\/\/demo9.thuythu.vn\/reeco\/wp-json\/wp\/v2\/product"}],"about":[{"href":"https:\/\/demo9.thuythu.vn\/reeco\/wp-json\/wp\/v2\/types\/product"}],"replies":[{"embeddable":true,"href":"https:\/\/demo9.thuythu.vn\/reeco\/wp-json\/wp\/v2\/comments?post=3457"}],"wp:featuredmedia":[{"embeddable":true,"href":"https:\/\/demo9.thuythu.vn\/reeco\/wp-json\/wp\/v2\/media\/3458"}],"wp:attachment":[{"href":"https:\/\/demo9.thuythu.vn\/reeco\/wp-json\/wp\/v2\/media?parent=3457"}],"wp:term":[{"taxonomy":"product_cat","embeddable":true,"href":"https:\/\/demo9.thuythu.vn\/reeco\/wp-json\/wp\/v2\/product_cat?post=3457"},{"taxonomy":"product_tag","embeddable":true,"href":"https:\/\/demo9.thuythu.vn\/reeco\/wp-json\/wp\/v2\/product_tag?post=3457"}],"curies":[{"name":"wp","href":"https:\/\/api.w.org\/{rel}","templated":true}]}}