{"id":3433,"date":"2024-01-25T14:56:12","date_gmt":"2024-01-25T07:56:12","guid":{"rendered":"https:\/\/demo9.thuythu.vn\/reeco\/?post_type=product&#038;p=3433"},"modified":"2024-01-25T15:00:27","modified_gmt":"2024-01-25T08:00:27","slug":"rga-series","status":"publish","type":"product","link":"https:\/\/demo9.thuythu.vn\/reeco\/san-pham\/rga-series\/","title":{"rendered":"RGA Series"},"content":{"rendered":"","protected":false},"excerpt":{"rendered":"<ul>\n<li>Model: RGA Series<\/li>\n<li>Manufacturer: Hiden Analytical<\/li>\n<\/ul>\n<p data-sourcepos=\"3:1-3:244\">V\u1edbi kh\u1ea3 n\u0103ng \u0111o \u00e1p su\u1ea5t ri\u00eang ph\u1ea7n t\u1eeb UHV (ch\u00e2n kh\u00f4ng c\u1ef1c cao) l\u00ean \u0111\u1ebfn 0,01 Pa (10-4 mbar). H\u1ec7 th\u1ed1ng l\u1ea5y m\u1eabu v\u1edbi b\u01a1m vi sai m\u1edf r\u1ed9ng ph\u1ea1m vi \u00e1p su\u1ea5t l\u1ea5y m\u1eabu, cho ph\u00e9p gi\u00e1m s\u00e1t qu\u00e1 tr\u00ecnh ch\u00e2n kh\u00f4ng v\u00e0 ph\u00e2n t\u00edch kh\u00ed hi\u1ec7u qu\u1ea3 h\u01a1n khi c\u1ea7n thi\u1ebft.<\/p>\n<p data-sourcepos=\"5:1-5:172\">T\u1ea5t c\u1ea3 m\u00e1y ph\u00e2n t\u00edch kh\u00ed d\u01b0 Hiden \u0111\u1ec1u \u0111\u01b0\u1ee3c ki\u1ec3m tra \u1ee9ng d\u1ee5ng v\u00e0 hi\u1ec7u chu\u1ea9n k\u1ef9 l\u01b0\u1ee1ng \u0111\u1ec3 \u0111\u1ea3m b\u1ea3o hi\u1ec7u su\u1ea5t cao nh\u1ea5t. Ch\u00fang \u0111\u01b0\u1ee3c b\u1ea3o h\u00e0nh 3 n\u0103m v\u00e0 h\u1ed7 tr\u1ee3 d\u1ecbch v\u1ee5 tr\u1ecdn \u0111\u1eddi.<\/p>\n<p data-sourcepos=\"9:1-9:8\"><strong>\u1ee8ng d\u1ee5ng<\/strong><\/p>\n<ul>\n<li data-sourcepos=\"11:1-18:27\">Ph\u00e2n t\u00edch kh\u00ed d\u01b0<\/li>\n<li data-sourcepos=\"11:1-18:27\">Ki\u1ec3m tra r\u00f2 r\u1ec9<\/li>\n<li data-sourcepos=\"11:1-18:27\">Ph\u1ea3n x\u1ea1<\/li>\n<li data-sourcepos=\"11:1-18:27\">Nghi\u00ean c\u1ee9u tho\u00e1t kh\u00ed<\/li>\n<li data-sourcepos=\"11:1-18:27\">Chu k\u1ef3 nung<\/li>\n<li data-sourcepos=\"11:1-18:27\">Hi\u1ec7u su\u1ea5t b\u01a1m<\/li>\n<li data-sourcepos=\"11:1-18:27\">Ch\u1ea5t g\u00e2y \u00f4 nhi\u1ec5m kh\u00ed quy tr\u00ecnh<\/li>\n<li data-sourcepos=\"11:1-18:27\">L\u1edbp ph\u1ee7 quang h\u1ecdc m\u00e0ng m\u1ecfng<\/li>\n<\/ul>\n","protected":false},"featured_media":3434,"comment_status":"open","ping_status":"closed","template":"","meta":[],"product_cat":[15],"product_tag":[],"acf":[],"lang":"vi","translations":{"vi":3433,"en":3435},"pll_sync_post":[],"_links":{"self":[{"href":"https:\/\/demo9.thuythu.vn\/reeco\/wp-json\/wp\/v2\/product\/3433"}],"collection":[{"href":"https:\/\/demo9.thuythu.vn\/reeco\/wp-json\/wp\/v2\/product"}],"about":[{"href":"https:\/\/demo9.thuythu.vn\/reeco\/wp-json\/wp\/v2\/types\/product"}],"replies":[{"embeddable":true,"href":"https:\/\/demo9.thuythu.vn\/reeco\/wp-json\/wp\/v2\/comments?post=3433"}],"wp:featuredmedia":[{"embeddable":true,"href":"https:\/\/demo9.thuythu.vn\/reeco\/wp-json\/wp\/v2\/media\/3434"}],"wp:attachment":[{"href":"https:\/\/demo9.thuythu.vn\/reeco\/wp-json\/wp\/v2\/media?parent=3433"}],"wp:term":[{"taxonomy":"product_cat","embeddable":true,"href":"https:\/\/demo9.thuythu.vn\/reeco\/wp-json\/wp\/v2\/product_cat?post=3433"},{"taxonomy":"product_tag","embeddable":true,"href":"https:\/\/demo9.thuythu.vn\/reeco\/wp-json\/wp\/v2\/product_tag?post=3433"}],"curies":[{"name":"wp","href":"https:\/\/api.w.org\/{rel}","templated":true}]}}