{"id":3430,"date":"2024-01-25T14:37:54","date_gmt":"2024-01-25T07:37:54","guid":{"rendered":"https:\/\/demo9.thuythu.vn\/reeco\/?post_type=product&#038;p=3430"},"modified":"2024-01-25T14:41:08","modified_gmt":"2024-01-25T07:41:08","slug":"xbs","status":"publish","type":"product","link":"https:\/\/demo9.thuythu.vn\/reeco\/san-pham\/xbs\/","title":{"rendered":"XBS"},"content":{"rendered":"","protected":false},"excerpt":{"rendered":"<ul>\n<li>Model: XBS<\/li>\n<li>Manufacturer: Hiden Analytical<\/li>\n<\/ul>\n<p data-sourcepos=\"3:1-3:305\">C\u00e1c ngu\u1ed3n ch\u00f9m ph\u00e2n t\u1eed c\u1ea7n \u0111\u01b0\u1ee3c ki\u1ec3m so\u00e1t ch\u00ednh x\u00e1c \u0111\u1ec3 t\u1ea1o ra m\u00e0ng m\u1ecfng ch\u1ea5t l\u01b0\u1ee3ng v\u00e0 c\u00f3 th\u1ec3 t\u00e1i t\u1ea1o. H\u1ec7 th\u1ed1ng XBS (ch\u00f9m ch\u00e9o) c\u1ee7a Hiden cung c\u1ea5p kh\u1ea3 n\u0103ng gi\u00e1m s\u00e1t nhi\u1ec1u ngu\u1ed3n trong th\u1eddi gian th\u1ef1c, cho ph\u00e9p \u0111i\u1ec1u khi\u1ec3n ch\u00ednh x\u00e1c qu\u00e1 tr\u00ecnh l\u1eafng c\u1eb7n. XBS c\u1ee7a Hiden l\u00e0 m\u1ed9t c\u00f4ng c\u1ee5 tuy\u1ec7t v\u1eddi \u0111\u01b0\u1ee3c s\u1eed d\u1ee5ng trong ph\u00e9p \u0111o kh\u1ed1i ph\u1ed5 ch\u00f9m ph\u00e2n t\u1eed.<\/p>\n<p data-sourcepos=\"5:1-5:13\"><strong>\u1ee8ng d\u1ee5ng:<\/strong><\/p>\n<ul data-sourcepos=\"7:1-13:8\">\n<li data-sourcepos=\"7:1-7:28\">Gi\u00e1m s\u00e1t v\u00e0 \u0111i\u1ec1u khi\u1ec3n MBE<\/li>\n<li data-sourcepos=\"8:1-8:25\">Nghi\u00ean c\u1ee9u ch\u00f9m ph\u00e2n t\u1eed<\/li>\n<li data-sourcepos=\"9:1-9:28\">Ph\u00e2n t\u00edch nhi\u1ec1u ngu\u1ed3n ch\u00f9m<\/li>\n<li data-sourcepos=\"10:1-10:19\">RGA hi\u1ec7u su\u1ea5t cao<\/li>\n<li data-sourcepos=\"11:1-11:14\">Gi\u1ea3i h\u1ea5p ph\u1ee5<\/li>\n<li data-sourcepos=\"12:1-12:21\">Nghi\u00ean c\u1ee9u gi\u1ea3i kh\u00ed<\/li>\n<li data-sourcepos=\"13:1-13:8\">Chu k\u1ef3 l\u00e0m n\u00f3ng<\/li>\n<li data-sourcepos=\"14:1-15:0\">C\u00e1c t\u1ea1p ch\u1ea5t kh\u00ed trong qu\u00e1 tr\u00ecnh<\/li>\n<\/ul>\n","protected":false},"featured_media":3431,"comment_status":"open","ping_status":"closed","template":"","meta":[],"product_cat":[15],"product_tag":[],"acf":[],"lang":"vi","translations":{"vi":3430,"en":3432},"pll_sync_post":[],"_links":{"self":[{"href":"https:\/\/demo9.thuythu.vn\/reeco\/wp-json\/wp\/v2\/product\/3430"}],"collection":[{"href":"https:\/\/demo9.thuythu.vn\/reeco\/wp-json\/wp\/v2\/product"}],"about":[{"href":"https:\/\/demo9.thuythu.vn\/reeco\/wp-json\/wp\/v2\/types\/product"}],"replies":[{"embeddable":true,"href":"https:\/\/demo9.thuythu.vn\/reeco\/wp-json\/wp\/v2\/comments?post=3430"}],"wp:featuredmedia":[{"embeddable":true,"href":"https:\/\/demo9.thuythu.vn\/reeco\/wp-json\/wp\/v2\/media\/3431"}],"wp:attachment":[{"href":"https:\/\/demo9.thuythu.vn\/reeco\/wp-json\/wp\/v2\/media?parent=3430"}],"wp:term":[{"taxonomy":"product_cat","embeddable":true,"href":"https:\/\/demo9.thuythu.vn\/reeco\/wp-json\/wp\/v2\/product_cat?post=3430"},{"taxonomy":"product_tag","embeddable":true,"href":"https:\/\/demo9.thuythu.vn\/reeco\/wp-json\/wp\/v2\/product_tag?post=3430"}],"curies":[{"name":"wp","href":"https:\/\/api.w.org\/{rel}","templated":true}]}}