{"id":3423,"date":"2024-01-25T14:02:24","date_gmt":"2024-01-25T07:02:24","guid":{"rendered":"https:\/\/demo9.thuythu.vn\/reeco\/?post_type=product&#038;p=3423"},"modified":"2024-01-25T14:05:05","modified_gmt":"2024-01-25T07:05:05","slug":"psm","status":"publish","type":"product","link":"https:\/\/demo9.thuythu.vn\/reeco\/san-pham\/psm\/","title":{"rendered":"PSM"},"content":{"rendered":"","protected":false},"excerpt":{"rendered":"<ul>\n<li>Model: PSM<\/li>\n<li>Manufacturer: Hiden Analytical<\/li>\n<\/ul>\n<div>H\u1ec7 th\u1ed1ng ph\u00e2n t\u00edch ion plasma Hiden PSM l\u00e0 m\u1ed9t m\u00e1y ph\u1ed5 kh\u1ed1i t\u1ee9 c\u1ef1c \u0111\u01b0\u1ee3c thi\u1ebft k\u1ebf \u0111\u1ec3 ph\u00e2n t\u00edch tr\u1ef1c ti\u1ebfp c\u00e1c ion plasma v\u00e0 c\u00e1c h\u1ea1t trung t\u00ednh trong c\u1ea3 \u1ee9ng d\u1ee5ng x\u00e1c \u0111\u1ecbnh \u0111\u1eb7c t\u00ednh plasma v\u00e0 ch\u1ea9n \u0111o\u00e1n quy tr\u00ecnh.<\/div>\n<div><\/div>\n<div><strong>\u1ee8ng d\u1ee5ng:<\/strong><\/div>\n<ul>\n<li>X\u00e1c \u0111\u1ecbnh \u0111\u1eb7c t\u00ednh Plasma<\/li>\n<li>X\u1eed l\u00fd b\u1eb1ng Plasma v\u00e0 T\u00edch l\u1edbp thay th\u1ebf nguy\u00ean t\u1eed (ALE)<\/li>\n<li>HiPIMS<\/li>\n<li>L\u1edbp ph\u1ee7 Carbon d\u1ea1ng kim c\u01b0\u01a1ng (DLC)<\/li>\n<li>L\u1edbp ph\u1ee7 l\u1eafng \u0111\u1ecdng b\u1eb1ng laser xung (PLD)<\/li>\n<li>L\u1eafng \u0111\u1ecdng magnetron DC m\u00e0ng SiBCN<\/li>\n<\/ul>\n","protected":false},"featured_media":3424,"comment_status":"open","ping_status":"closed","template":"","meta":[],"product_cat":[15],"product_tag":[],"acf":[],"lang":"vi","translations":{"vi":3423,"en":3425},"pll_sync_post":[],"_links":{"self":[{"href":"https:\/\/demo9.thuythu.vn\/reeco\/wp-json\/wp\/v2\/product\/3423"}],"collection":[{"href":"https:\/\/demo9.thuythu.vn\/reeco\/wp-json\/wp\/v2\/product"}],"about":[{"href":"https:\/\/demo9.thuythu.vn\/reeco\/wp-json\/wp\/v2\/types\/product"}],"replies":[{"embeddable":true,"href":"https:\/\/demo9.thuythu.vn\/reeco\/wp-json\/wp\/v2\/comments?post=3423"}],"wp:featuredmedia":[{"embeddable":true,"href":"https:\/\/demo9.thuythu.vn\/reeco\/wp-json\/wp\/v2\/media\/3424"}],"wp:attachment":[{"href":"https:\/\/demo9.thuythu.vn\/reeco\/wp-json\/wp\/v2\/media?parent=3423"}],"wp:term":[{"taxonomy":"product_cat","embeddable":true,"href":"https:\/\/demo9.thuythu.vn\/reeco\/wp-json\/wp\/v2\/product_cat?post=3423"},{"taxonomy":"product_tag","embeddable":true,"href":"https:\/\/demo9.thuythu.vn\/reeco\/wp-json\/wp\/v2\/product_tag?post=3423"}],"curies":[{"name":"wp","href":"https:\/\/api.w.org\/{rel}","templated":true}]}}