{"id":3420,"date":"2024-01-25T13:48:49","date_gmt":"2024-01-25T06:48:49","guid":{"rendered":"https:\/\/demo9.thuythu.vn\/reeco\/?post_type=product&#038;p=3420"},"modified":"2024-01-25T13:50:55","modified_gmt":"2024-01-25T06:50:55","slug":"hmt","status":"publish","type":"product","link":"https:\/\/demo9.thuythu.vn\/reeco\/san-pham\/hmt\/","title":{"rendered":"HMT"},"content":{"rendered":"","protected":false},"excerpt":{"rendered":"<ul>\n<li>Model: HMT RC<\/li>\n<li>Manufacturer: Hiden Analytical<\/li>\n<\/ul>\n<p>H\u1ec7 th\u1ed1ng Hiden HMT RC \u0111\u01b0\u1ee3c thi\u1ebft k\u1ebf d\u00e0nh cho c\u00e1c \u1ee9ng d\u1ee5ng gi\u00e1m s\u00e1t qu\u00e1 tr\u00ecnh ch\u00e2n kh\u00f4ng, bao g\u1ed3m theo d\u00f5i xu h\u01b0\u1edbng kh\u00ed quy tr\u00ecnh, ph\u00e1t hi\u1ec7n r\u00f2 r\u1ec9 v\u00e0 kh\u1ea3o s\u00e1t ch\u00e2n kh\u00f4ng.<\/p>\n<p data-sourcepos=\"3:1-3:13\"><strong>\u1ee8ng d\u1ee5ng:<\/strong><\/p>\n<ul data-sourcepos=\"5:1-10:0\">\n<li data-sourcepos=\"5:1-5:18\">Ph\u00e2n t\u00edch kh\u00ed d\u01b0<\/li>\n<li data-sourcepos=\"6:1-6:18\">X\u1eed l\u00fd ch\u00e2n kh\u00f4ng<\/li>\n<li data-sourcepos=\"7:1-7:34\">XPS g\u1ea7n \u00e1p su\u1ea5t kh\u00ed quy\u1ec3n, APXPS<\/li>\n<li data-sourcepos=\"8:1-8:24\">M\u1ea1 quang h\u1ecdc m\u00e0ng m\u1ecfng<\/li>\n<li data-sourcepos=\"9:1-10:0\">CVD \/ MOCVD \/ ALD<\/li>\n<\/ul>\n","protected":false},"featured_media":3421,"comment_status":"open","ping_status":"closed","template":"","meta":[],"product_cat":[15],"product_tag":[],"acf":[],"lang":"vi","translations":{"vi":3420,"en":3422},"pll_sync_post":[],"_links":{"self":[{"href":"https:\/\/demo9.thuythu.vn\/reeco\/wp-json\/wp\/v2\/product\/3420"}],"collection":[{"href":"https:\/\/demo9.thuythu.vn\/reeco\/wp-json\/wp\/v2\/product"}],"about":[{"href":"https:\/\/demo9.thuythu.vn\/reeco\/wp-json\/wp\/v2\/types\/product"}],"replies":[{"embeddable":true,"href":"https:\/\/demo9.thuythu.vn\/reeco\/wp-json\/wp\/v2\/comments?post=3420"}],"wp:featuredmedia":[{"embeddable":true,"href":"https:\/\/demo9.thuythu.vn\/reeco\/wp-json\/wp\/v2\/media\/3421"}],"wp:attachment":[{"href":"https:\/\/demo9.thuythu.vn\/reeco\/wp-json\/wp\/v2\/media?parent=3420"}],"wp:term":[{"taxonomy":"product_cat","embeddable":true,"href":"https:\/\/demo9.thuythu.vn\/reeco\/wp-json\/wp\/v2\/product_cat?post=3420"},{"taxonomy":"product_tag","embeddable":true,"href":"https:\/\/demo9.thuythu.vn\/reeco\/wp-json\/wp\/v2\/product_tag?post=3420"}],"curies":[{"name":"wp","href":"https:\/\/api.w.org\/{rel}","templated":true}]}}