{"id":3416,"date":"2024-01-25T13:31:30","date_gmt":"2024-01-25T06:31:30","guid":{"rendered":"https:\/\/demo9.thuythu.vn\/reeco\/?post_type=product&#038;p=3416"},"modified":"2024-01-25T13:34:22","modified_gmt":"2024-01-25T06:34:22","slug":"ig20","status":"publish","type":"product","link":"https:\/\/demo9.thuythu.vn\/reeco\/san-pham\/ig20\/","title":{"rendered":"IG20"},"content":{"rendered":"","protected":false},"excerpt":{"rendered":"<ul>\n<li>Model: IG20<\/li>\n<li>Manufacturer: Hiden Analytical<\/li>\n<\/ul>\n<p data-sourcepos=\"3:1-3:168\">IG20 s\u1eed d\u1ee5ng ngu\u1ed3n ion kh\u00ed t\u00e1c \u0111\u1ed9ng electron \u0111\u1ed9 s\u00e1ng cao \u0111\u01b0\u1ee3c thi\u1ebft k\u1ebf \u0111\u1eb7c bi\u1ec7t cho kh\u1ea3 n\u0103ng ho\u1ea1t \u0111\u1ed9ng v\u1edbi oxy nh\u01b0ng c\u0169ng th\u00edch h\u1ee3p s\u1eed d\u1ee5ng v\u1edbi c\u00e1c kh\u00ed tr\u01a1 v\u00e0 kh\u00ed kh\u00e1c.<\/p>\n<p data-sourcepos=\"5:1-5:13\"><strong>\u0110\u1eb7c \u0111i\u1ec3m:<\/strong><\/p>\n<ul data-sourcepos=\"7:1-14:0\">\n<li data-sourcepos=\"7:1-7:27\">K\u00edch th\u01b0\u1edbc \u0111i\u1ec3m 100Micron<\/li>\n<li data-sourcepos=\"8:1-8:22\">M\u1eadt \u0111\u1ed9 d\u00f2ng \u0111i\u1ec7n cao<\/li>\n<li data-sourcepos=\"9:1-9:21\">T\u01b0\u01a1ng th\u00edch v\u1edbi oxy<\/li>\n<li data-sourcepos=\"10:1-10:17\">Dump trung t\u00ednh<\/li>\n<li data-sourcepos=\"11:1-11:6\">Qu\u00e9t<\/li>\n<li data-sourcepos=\"12:1-12:30\">D\u1ec5 d\u00e0ng thay th\u1ebf s\u1ee3i t\u00f3c \u0111\u00f4i<\/li>\n<li data-sourcepos=\"13:1-14:0\">L\u1eafp \u0111\u1eb7t m\u1eb7t b\u00edch DN35 Conflat<\/li>\n<\/ul>\n<p data-sourcepos=\"15:1-15:13\"><strong>\u1ee8ng d\u1ee5ng:<\/strong><\/p>\n<ul data-sourcepos=\"17:1-21:0\">\n<li data-sourcepos=\"17:1-17:31\">M\u00e0ng m\u1ecfng tr\u00e1ng ph\u1ee7 quang h\u1ecdc<\/li>\n<li data-sourcepos=\"18:1-18:18\">V\u1eadt li\u1ec7u \u0111i\u1ec7n t\u1eed<\/li>\n<li data-sourcepos=\"19:1-21:0\">V\u1eadt li\u1ec7u h\u1ea1t nh\u00e2n<\/li>\n<\/ul>\n","protected":false},"featured_media":3417,"comment_status":"open","ping_status":"closed","template":"","meta":[],"product_cat":[15],"product_tag":[],"acf":[],"lang":"vi","translations":{"vi":3416,"en":3419},"pll_sync_post":[],"_links":{"self":[{"href":"https:\/\/demo9.thuythu.vn\/reeco\/wp-json\/wp\/v2\/product\/3416"}],"collection":[{"href":"https:\/\/demo9.thuythu.vn\/reeco\/wp-json\/wp\/v2\/product"}],"about":[{"href":"https:\/\/demo9.thuythu.vn\/reeco\/wp-json\/wp\/v2\/types\/product"}],"replies":[{"embeddable":true,"href":"https:\/\/demo9.thuythu.vn\/reeco\/wp-json\/wp\/v2\/comments?post=3416"}],"wp:featuredmedia":[{"embeddable":true,"href":"https:\/\/demo9.thuythu.vn\/reeco\/wp-json\/wp\/v2\/media\/3417"}],"wp:attachment":[{"href":"https:\/\/demo9.thuythu.vn\/reeco\/wp-json\/wp\/v2\/media?parent=3416"}],"wp:term":[{"taxonomy":"product_cat","embeddable":true,"href":"https:\/\/demo9.thuythu.vn\/reeco\/wp-json\/wp\/v2\/product_cat?post=3416"},{"taxonomy":"product_tag","embeddable":true,"href":"https:\/\/demo9.thuythu.vn\/reeco\/wp-json\/wp\/v2\/product_tag?post=3416"}],"curies":[{"name":"wp","href":"https:\/\/api.w.org\/{rel}","templated":true}]}}