{"id":3409,"date":"2024-01-25T11:48:40","date_gmt":"2024-01-25T04:48:40","guid":{"rendered":"https:\/\/demo9.thuythu.vn\/reeco\/?post_type=product&#038;p=3409"},"modified":"2024-01-25T11:51:28","modified_gmt":"2024-01-25T04:51:28","slug":"hpr-20-tms","status":"publish","type":"product","link":"https:\/\/demo9.thuythu.vn\/reeco\/san-pham\/hpr-20-tms\/","title":{"rendered":"HPR-20 TMS"},"content":{"rendered":"","protected":false},"excerpt":{"rendered":"<ul>\n<li>Model: HPR-20 TMS<\/li>\n<li>Manufacturer: Hiden Analytical<\/li>\n<\/ul>\n<p data-sourcepos=\"1:1-1:286\">H\u1ec7 th\u1ed1ng Hiden HPR-20 TMS Transient MS \u0111\u01b0\u1ee3c thi\u1ebft k\u1ebf \u0111\u1ec3 ph\u00e2n t\u00edch nhanh c\u00e1c s\u1ef1 ki\u1ec7n kh\u00ed gas v\u00e0 h\u01a1i n\u01b0\u1edbc \u1edf \u00e1p su\u1ea5t g\u1ea7n kh\u00ed quy\u1ec3n. Th\u00edch h\u1ee3p cho c\u00e1c th\u00ed nghi\u1ec7m chuy\u1ec3n \u0111\u1ed5i kh\u00ed nhanh, h\u1ec7 th\u1ed1ng MS n\u00e0y \u0111\u01b0\u1ee3c trang b\u1ecb giao di\u1ec7n l\u1ea5y m\u1eabu QIC b\u1eb1ng th\u1ea1ch anh d\u00e0i 0,9 m cho th\u1eddi gian ph\u1ea3n h\u1ed3i nhanh.<\/p>\n<p data-sourcepos=\"3:1-3:17\"><strong>C\u00e1c \u1ee9ng d\u1ee5ng:<\/strong><\/p>\n<ul data-sourcepos=\"5:1-13:0\">\n<li data-sourcepos=\"5:1-5:23\">Ph\u00e2n t\u00edch nhi\u1ec7t TA\/MS<\/li>\n<li data-sourcepos=\"6:1-6:9\">X\u00fac t\u00e1c<\/li>\n<li data-sourcepos=\"7:1-7:16\">Pin nhi\u00ean li\u1ec7u<\/li>\n<li data-sourcepos=\"8:1-8:21\">CVD \/ MOCVD \/ ALCVD<\/li>\n<li data-sourcepos=\"9:1-9:21\">Gi\u00e1m s\u00e1t m\u00f4i tr\u01b0\u1eddng<\/li>\n<li data-sourcepos=\"10:1-10:29\">Ph\u00e2n t\u00edch h\u01a1i th\u1edf con ng\u01b0\u1eddi<\/li>\n<li data-sourcepos=\"11:1-11:21\">Nghi\u00ean c\u1ee9u t\u00e1ch kh\u00ed<\/li>\n<li data-sourcepos=\"12:1-13:0\">Nh\u1eadt k\u00fd b\u00f9n (th\u0103m d\u00f2 d\u1ea7u)<\/li>\n<\/ul>\n","protected":false},"featured_media":3411,"comment_status":"open","ping_status":"closed","template":"","meta":[],"product_cat":[15],"product_tag":[],"acf":[],"lang":"vi","translations":{"vi":3409,"en":3412},"pll_sync_post":[],"_links":{"self":[{"href":"https:\/\/demo9.thuythu.vn\/reeco\/wp-json\/wp\/v2\/product\/3409"}],"collection":[{"href":"https:\/\/demo9.thuythu.vn\/reeco\/wp-json\/wp\/v2\/product"}],"about":[{"href":"https:\/\/demo9.thuythu.vn\/reeco\/wp-json\/wp\/v2\/types\/product"}],"replies":[{"embeddable":true,"href":"https:\/\/demo9.thuythu.vn\/reeco\/wp-json\/wp\/v2\/comments?post=3409"}],"wp:featuredmedia":[{"embeddable":true,"href":"https:\/\/demo9.thuythu.vn\/reeco\/wp-json\/wp\/v2\/media\/3411"}],"wp:attachment":[{"href":"https:\/\/demo9.thuythu.vn\/reeco\/wp-json\/wp\/v2\/media?parent=3409"}],"wp:term":[{"taxonomy":"product_cat","embeddable":true,"href":"https:\/\/demo9.thuythu.vn\/reeco\/wp-json\/wp\/v2\/product_cat?post=3409"},{"taxonomy":"product_tag","embeddable":true,"href":"https:\/\/demo9.thuythu.vn\/reeco\/wp-json\/wp\/v2\/product_tag?post=3409"}],"curies":[{"name":"wp","href":"https:\/\/api.w.org\/{rel}","templated":true}]}}