{"id":3401,"date":"2024-01-25T11:17:58","date_gmt":"2024-01-25T04:17:58","guid":{"rendered":"https:\/\/demo9.thuythu.vn\/reeco\/?post_type=product&#038;p=3401"},"modified":"2024-01-25T11:20:44","modified_gmt":"2024-01-25T04:20:44","slug":"hpr-20-rd","status":"publish","type":"product","link":"https:\/\/demo9.thuythu.vn\/reeco\/san-pham\/hpr-20-rd\/","title":{"rendered":"HPR-20 R&#038;D"},"content":{"rendered":"","protected":false},"excerpt":{"rendered":"<ul>\n<li>Model: HPR-20 EPIC<\/li>\n<li>Manufacturer: Hiden Analytical<\/li>\n<\/ul>\n<p data-sourcepos=\"1:1-1:163\">H\u1ec7 th\u1ed1ng ph\u00e2n t\u00edch kh\u00ed chuy\u00ean d\u1ee5ng Hiden HPR-20 R&amp;D l\u00e0 m\u1ed9t m\u00e1y ph\u00e2n t\u00edch kh\u1ed1i ph\u1ed5 \u0111\u1ec3 b\u00e0n d\u00f9ng \u0111\u1ec3 ph\u00e2n t\u00edch kh\u00ed c\u1ee7a c\u00e1c kh\u00ed v\u00e0 h\u01a1i tho\u00e1t ra theo th\u1eddi gian th\u1ef1c.<\/p>\n<p data-sourcepos=\"3:1-3:13\"><strong>C\u00e1c \u1ee9ng d\u1ee5ng:<\/strong><\/p>\n<ul data-sourcepos=\"5:1-13:0\">\n<li data-sourcepos=\"5:1-5:23\">Ph\u00e2n t\u00edch nhi\u1ec7t TA\/MS<\/li>\n<li data-sourcepos=\"6:1-6:9\">X\u00fac t\u00e1c<\/li>\n<li data-sourcepos=\"7:1-7:16\">Pin nhi\u00ean li\u1ec7u<\/li>\n<li data-sourcepos=\"8:1-8:21\">CVD \/ MOCVD \/ ALCVD<\/li>\n<li data-sourcepos=\"9:1-9:21\">Gi\u00e1m s\u00e1t m\u00f4i tr\u01b0\u1eddng<\/li>\n<li data-sourcepos=\"10:1-10:25\">Gi\u00e1m s\u00e1t bu\u1ed3ng g\u0103ng tay<\/li>\n<li data-sourcepos=\"11:1-11:21\">Nghi\u00ean c\u1ee9u t\u00e1ch kh\u00ed<\/li>\n<li data-sourcepos=\"12:1-13:0\">Khai th\u00e1c d\u1ea7u (ghi nh\u1eadt k\u00fd b\u00f9n)<\/li>\n<\/ul>\n","protected":false},"featured_media":3403,"comment_status":"open","ping_status":"closed","template":"","meta":[],"product_cat":[15],"product_tag":[],"acf":[],"lang":"vi","translations":{"vi":3401,"en":3404},"pll_sync_post":[],"_links":{"self":[{"href":"https:\/\/demo9.thuythu.vn\/reeco\/wp-json\/wp\/v2\/product\/3401"}],"collection":[{"href":"https:\/\/demo9.thuythu.vn\/reeco\/wp-json\/wp\/v2\/product"}],"about":[{"href":"https:\/\/demo9.thuythu.vn\/reeco\/wp-json\/wp\/v2\/types\/product"}],"replies":[{"embeddable":true,"href":"https:\/\/demo9.thuythu.vn\/reeco\/wp-json\/wp\/v2\/comments?post=3401"}],"wp:featuredmedia":[{"embeddable":true,"href":"https:\/\/demo9.thuythu.vn\/reeco\/wp-json\/wp\/v2\/media\/3403"}],"wp:attachment":[{"href":"https:\/\/demo9.thuythu.vn\/reeco\/wp-json\/wp\/v2\/media?parent=3401"}],"wp:term":[{"taxonomy":"product_cat","embeddable":true,"href":"https:\/\/demo9.thuythu.vn\/reeco\/wp-json\/wp\/v2\/product_cat?post=3401"},{"taxonomy":"product_tag","embeddable":true,"href":"https:\/\/demo9.thuythu.vn\/reeco\/wp-json\/wp\/v2\/product_tag?post=3401"}],"curies":[{"name":"wp","href":"https:\/\/api.w.org\/{rel}","templated":true}]}}