{"id":3398,"date":"2024-01-25T11:01:52","date_gmt":"2024-01-25T04:01:52","guid":{"rendered":"https:\/\/demo9.thuythu.vn\/reeco\/?post_type=product&#038;p=3398"},"modified":"2024-01-25T11:04:00","modified_gmt":"2024-01-25T04:04:00","slug":"hpr-20-epic","status":"publish","type":"product","link":"https:\/\/demo9.thuythu.vn\/reeco\/san-pham\/hpr-20-epic\/","title":{"rendered":"HPR-20 EPIC"},"content":{"rendered":"","protected":false},"excerpt":{"rendered":"<ul>\n<li>Model: HPR-20 EPIC<\/li>\n<li>Manufacturer: Hiden Analytical<\/li>\n<\/ul>\n<p data-sourcepos=\"1:1-1:277\">H\u1ec7 th\u1ed1ng ph\u00e2n t\u00edch kh\u00ed Hiden HPR-20 EPIC \u0111\u01b0\u1ee3c c\u1ea5u h\u00ecnh \u0111\u1ec3 ph\u00e2n t\u00edch li\u00ean t\u1ee5c c\u00e1c kh\u00ed v\u00e0 h\u01a1i \u1edf \u00e1p su\u1ea5t g\u1ea7n v\u1edbi \u00e1p su\u1ea5t kh\u00ed quy\u1ec3n trong \u0111i\u1ec1u ki\u1ec7n ti\u00eau chu\u1ea9n, v\u1edbi c\u00e1c h\u1ec7 th\u1ed1ng \u0111\u1ea7u v\u00e0o thay th\u1ebf \u0111\u01b0\u1ee3c cung c\u1ea5p cho c\u00e1c \u1ee9ng d\u1ee5ng \u0111\u00f2i h\u1ecfi l\u1ea5y m\u1eabu tr\u1ef1c ti\u1ebfp t\u1eeb \u00e1p su\u1ea5t cao h\u01a1n \u0111\u1ebfn 30 bar.<\/p>\n<p data-sourcepos=\"3:1-3:13\"><strong>\u1ee8ng d\u1ee5ng:<\/strong><\/p>\n<ul data-sourcepos=\"5:1-7:31\">\n<li data-sourcepos=\"5:1-5:29\">\u0110\u1ed9ng h\u1ecdc ph\u1ea3n \u1ee9ng kh\u00ed quy\u1ec3n<\/li>\n<li data-sourcepos=\"6:1-6:33\">Ph\u00e2n t\u00edch kh\u00ed \u0111\u1ed9 tinh khi\u1ebft cao<\/li>\n<li data-sourcepos=\"7:1-7:31\">Gi\u00e1m s\u00e1t bu\u1ed3ng k\u00edn (glovebox)<\/li>\n<\/ul>\n","protected":false},"featured_media":3399,"comment_status":"open","ping_status":"closed","template":"","meta":[],"product_cat":[15],"product_tag":[],"acf":[],"lang":"vi","translations":{"vi":3398,"en":3400},"pll_sync_post":[],"_links":{"self":[{"href":"https:\/\/demo9.thuythu.vn\/reeco\/wp-json\/wp\/v2\/product\/3398"}],"collection":[{"href":"https:\/\/demo9.thuythu.vn\/reeco\/wp-json\/wp\/v2\/product"}],"about":[{"href":"https:\/\/demo9.thuythu.vn\/reeco\/wp-json\/wp\/v2\/types\/product"}],"replies":[{"embeddable":true,"href":"https:\/\/demo9.thuythu.vn\/reeco\/wp-json\/wp\/v2\/comments?post=3398"}],"wp:featuredmedia":[{"embeddable":true,"href":"https:\/\/demo9.thuythu.vn\/reeco\/wp-json\/wp\/v2\/media\/3399"}],"wp:attachment":[{"href":"https:\/\/demo9.thuythu.vn\/reeco\/wp-json\/wp\/v2\/media?parent=3398"}],"wp:term":[{"taxonomy":"product_cat","embeddable":true,"href":"https:\/\/demo9.thuythu.vn\/reeco\/wp-json\/wp\/v2\/product_cat?post=3398"},{"taxonomy":"product_tag","embeddable":true,"href":"https:\/\/demo9.thuythu.vn\/reeco\/wp-json\/wp\/v2\/product_tag?post=3398"}],"curies":[{"name":"wp","href":"https:\/\/api.w.org\/{rel}","templated":true}]}}