{"id":3394,"date":"2024-01-25T10:48:19","date_gmt":"2024-01-25T03:48:19","guid":{"rendered":"https:\/\/demo9.thuythu.vn\/reeco\/?post_type=product&#038;p=3394"},"modified":"2024-01-25T10:50:43","modified_gmt":"2024-01-25T03:50:43","slug":"hpr-20-ega","status":"publish","type":"product","link":"https:\/\/demo9.thuythu.vn\/reeco\/san-pham\/hpr-20-ega\/","title":{"rendered":"HPR-20 EGA"},"content":{"rendered":"","protected":false},"excerpt":{"rendered":"<ul>\n<li>Model: HPR-20 EGA<\/li>\n<li>Manufacturer: Hiden Analytical<\/li>\n<\/ul>\n<p data-sourcepos=\"3:1-3:205\">H\u1ec7 th\u1ed1ng HPR-20 EGA bao g\u1ed3m ph\u1ea7n m\u1ec1m EGAsoft PC, m\u1ed9t ch\u01b0\u01a1ng tr\u00ecnh ph\u1ea7n m\u1ec1m d\u00e0nh ri\u00eang cho TGA-MS, bao g\u1ed3m xu\u1ea5t d\u1eef li\u1ec7u theo c\u00e1c \u0111\u1ecbnh d\u1ea1ng ph\u00f9 h\u1ee3p \u0111\u1ec3 nh\u1eadp tr\u1ef1c ti\u1ebfp d\u1eef li\u1ec7u MS v\u00e0o ph\u1ea7n m\u1ec1m thi\u1ebft b\u1ecb TGA.<\/p>\n<p data-sourcepos=\"5:1-5:13\"><strong>\u1ee8ng d\u1ee5ng:<\/strong><\/p>\n<ul data-sourcepos=\"7:1-12:0\">\n<li data-sourcepos=\"7:1-7:23\">Ph\u00e2n t\u00edch nhi\u1ec7t TA\/MS<\/li>\n<li data-sourcepos=\"8:1-8:14\">Ch\u1ea5t x\u00fac t\u00e1c<\/li>\n<li data-sourcepos=\"9:1-9:16\">Pin nhi\u00ean li\u1ec7u<\/li>\n<li data-sourcepos=\"10:1-10:21\">CVD \/ MOCVD \/ ALCVD<\/li>\n<li data-sourcepos=\"11:1-12:0\">Gi\u00e1m s\u00e1t m\u00f4i tr\u01b0\u1eddng<\/li>\n<\/ul>\n","protected":false},"featured_media":3396,"comment_status":"open","ping_status":"closed","template":"","meta":[],"product_cat":[15],"product_tag":[],"acf":[],"lang":"vi","translations":{"vi":3394,"en":3397},"pll_sync_post":[],"_links":{"self":[{"href":"https:\/\/demo9.thuythu.vn\/reeco\/wp-json\/wp\/v2\/product\/3394"}],"collection":[{"href":"https:\/\/demo9.thuythu.vn\/reeco\/wp-json\/wp\/v2\/product"}],"about":[{"href":"https:\/\/demo9.thuythu.vn\/reeco\/wp-json\/wp\/v2\/types\/product"}],"replies":[{"embeddable":true,"href":"https:\/\/demo9.thuythu.vn\/reeco\/wp-json\/wp\/v2\/comments?post=3394"}],"wp:featuredmedia":[{"embeddable":true,"href":"https:\/\/demo9.thuythu.vn\/reeco\/wp-json\/wp\/v2\/media\/3396"}],"wp:attachment":[{"href":"https:\/\/demo9.thuythu.vn\/reeco\/wp-json\/wp\/v2\/media?parent=3394"}],"wp:term":[{"taxonomy":"product_cat","embeddable":true,"href":"https:\/\/demo9.thuythu.vn\/reeco\/wp-json\/wp\/v2\/product_cat?post=3394"},{"taxonomy":"product_tag","embeddable":true,"href":"https:\/\/demo9.thuythu.vn\/reeco\/wp-json\/wp\/v2\/product_tag?post=3394"}],"curies":[{"name":"wp","href":"https:\/\/api.w.org\/{rel}","templated":true}]}}