{"id":3390,"date":"2024-01-25T10:37:24","date_gmt":"2024-01-25T03:37:24","guid":{"rendered":"https:\/\/demo9.thuythu.vn\/reeco\/?post_type=product&#038;p=3390"},"modified":"2024-01-25T10:39:18","modified_gmt":"2024-01-25T03:39:18","slug":"hpr-20-dls","status":"publish","type":"product","link":"https:\/\/demo9.thuythu.vn\/reeco\/san-pham\/hpr-20-dls\/","title":{"rendered":"HPR-20 DLS"},"content":{"rendered":"","protected":false},"excerpt":{"rendered":"<ul>\n<li>Model: HPR-20 DLS<\/li>\n<li>Manufacturer: Hiden Analytical<\/li>\n<\/ul>\n<p><strong>H\u1ec7 th\u1ed1ng ph\u00e2n t\u00edch kh\u00ed DLS HPR-20 c\u1ee7a Hiden Analytical<\/strong> \u0111\u01b0\u1ee3c thi\u1ebft k\u1ebf \u0111\u1ec3 ph\u00e2n t\u00edch li\u00ean t\u1ee5c c\u00e1c kh\u00ed v\u00e0 h\u01a1i \u1edf \u00e1p su\u1ea5t g\u1ea7n kh\u00ed quy\u1ec3n trong \u0111i\u1ec1u ki\u1ec7n ti\u00eau chu\u1ea9n. B\u00ean c\u1ea1nh \u0111\u00f3, h\u1ec7 th\u1ed1ng c\u00f2n cung c\u1ea5p c\u00e1c t\u00f9y ch\u1ecdn \u0111\u1ea7u v\u00e0o kh\u00e1c nhau cho c\u00e1c \u1ee9ng d\u1ee5ng y\u00eau c\u1ea7u l\u1ea5y m\u1eabu tr\u1ef1c ti\u1ebfp t\u1eeb \u00e1p su\u1ea5t cao h\u01a1n, l\u00ean \u0111\u1ebfn 30 bar. \u0110i\u1ec3m \u0111\u1eb7c bi\u1ec7t c\u1ee7a HPR-20 l\u00e0 <strong>ch\u1ebf \u0111\u1ed9 ph\u00e2n gi\u1ea3i c\u1ef1c cao<\/strong>, chuy\u00ean d\u00f9ng \u0111\u1ec3 ph\u00e2n t\u00edch c\u00e1c kh\u1ed1i l\u01b0\u1ee3ng nh\u1ecf, c\u00e1c \u0111\u1ed3ng v\u1ecb hydro v\u00e0 c\u00e1c kh\u00ed nh\u1eb9.<\/p>\n<div class=\"attachment-container search-images\">\n<div class=\"image-container hide-from-message-actions ng-star-inserted\">\n<div class=\"overlay-container ng-star-inserted\"><strong>\u1ee8ng d\u1ee5ng<\/strong><\/div>\n<ul>\n<li class=\"overlay-container ng-star-inserted\">Nghi\u00ean c\u1ee9u \u0111\u1ed3ng v\u1ecb hydro<\/li>\n<li class=\"overlay-container ng-star-inserted\">Nghi\u00ean c\u1ee9u nhi\u1ec7t h\u1ea1ch h\u1ea1t nh\u00e2n<\/li>\n<li class=\"overlay-container ng-star-inserted\">Gi\u00e1m s\u00e1t bu\u1ed3ng g\u0103ng tay<\/li>\n<\/ul>\n<\/div>\n<\/div>\n","protected":false},"featured_media":3392,"comment_status":"open","ping_status":"closed","template":"","meta":[],"product_cat":[15],"product_tag":[],"acf":[],"lang":"vi","translations":{"vi":3390,"en":3393},"pll_sync_post":[],"_links":{"self":[{"href":"https:\/\/demo9.thuythu.vn\/reeco\/wp-json\/wp\/v2\/product\/3390"}],"collection":[{"href":"https:\/\/demo9.thuythu.vn\/reeco\/wp-json\/wp\/v2\/product"}],"about":[{"href":"https:\/\/demo9.thuythu.vn\/reeco\/wp-json\/wp\/v2\/types\/product"}],"replies":[{"embeddable":true,"href":"https:\/\/demo9.thuythu.vn\/reeco\/wp-json\/wp\/v2\/comments?post=3390"}],"wp:featuredmedia":[{"embeddable":true,"href":"https:\/\/demo9.thuythu.vn\/reeco\/wp-json\/wp\/v2\/media\/3392"}],"wp:attachment":[{"href":"https:\/\/demo9.thuythu.vn\/reeco\/wp-json\/wp\/v2\/media?parent=3390"}],"wp:term":[{"taxonomy":"product_cat","embeddable":true,"href":"https:\/\/demo9.thuythu.vn\/reeco\/wp-json\/wp\/v2\/product_cat?post=3390"},{"taxonomy":"product_tag","embeddable":true,"href":"https:\/\/demo9.thuythu.vn\/reeco\/wp-json\/wp\/v2\/product_tag?post=3390"}],"curies":[{"name":"wp","href":"https:\/\/api.w.org\/{rel}","templated":true}]}}