{"id":3387,"date":"2024-01-25T10:23:43","date_gmt":"2024-01-25T03:23:43","guid":{"rendered":"https:\/\/demo9.thuythu.vn\/reeco\/?post_type=product&#038;p=3387"},"modified":"2024-01-25T10:25:42","modified_gmt":"2024-01-25T03:25:42","slug":"halo-201-mbe","status":"publish","type":"product","link":"https:\/\/demo9.thuythu.vn\/reeco\/san-pham\/halo-201-mbe\/","title":{"rendered":"HALO 201 MBE"},"content":{"rendered":"","protected":false},"excerpt":{"rendered":"<ul>\n<li>Model: HALO 201 MBE<\/li>\n<li>Manufacturer: Hiden Analytical<\/li>\n<\/ul>\n<p data-sourcepos=\"1:1-1:164\">H\u1ec7 th\u1ed1ng ph\u00e2n t\u00edch c\u00e1c th\u00e0nh ph\u1ea7n c\u1ee7a kh\u00ed d\u01b0 trong bu\u1ed3ng ch\u00e2n kh\u00f4ng HALO 201 MBE \u0111\u01b0\u1ee3c thi\u1ebft k\u1ebf cho c\u00e1c \u1ee9ng d\u1ee5ng ph\u00e2n t\u00edch kh\u00ed, gi\u00e1m s\u00e1t kh\u00ed v\u00e0 qu\u00e1 tr\u00ecnh, bao g\u1ed3m ph\u00e1t hi\u1ec7n r\u00f2 r\u1ec9, ph\u00e2n t\u00edch xu h\u01b0\u1edbng v\u00e0 kh\u1ea3o s\u00e1t ch\u00e2n kh\u00f4ng.<\/p>\n<p data-sourcepos=\"3:1-3:13\"><strong>\u1ee8ng d\u1ee5ng:<\/strong><\/p>\n<ul data-sourcepos=\"5:1-7:0\">\n<li data-sourcepos=\"5:1-5:23\">S\u1ea3n xu\u1ea5t ch\u1ea5t b\u00e1n d\u1eabn<\/li>\n<li data-sourcepos=\"6:1-7:0\">Pin nhi\u00ean li\u1ec7u<\/li>\n<\/ul>\n","protected":false},"featured_media":3388,"comment_status":"open","ping_status":"closed","template":"","meta":[],"product_cat":[15],"product_tag":[],"acf":[],"lang":"vi","translations":{"vi":3387,"en":3389},"pll_sync_post":[],"_links":{"self":[{"href":"https:\/\/demo9.thuythu.vn\/reeco\/wp-json\/wp\/v2\/product\/3387"}],"collection":[{"href":"https:\/\/demo9.thuythu.vn\/reeco\/wp-json\/wp\/v2\/product"}],"about":[{"href":"https:\/\/demo9.thuythu.vn\/reeco\/wp-json\/wp\/v2\/types\/product"}],"replies":[{"embeddable":true,"href":"https:\/\/demo9.thuythu.vn\/reeco\/wp-json\/wp\/v2\/comments?post=3387"}],"wp:featuredmedia":[{"embeddable":true,"href":"https:\/\/demo9.thuythu.vn\/reeco\/wp-json\/wp\/v2\/media\/3388"}],"wp:attachment":[{"href":"https:\/\/demo9.thuythu.vn\/reeco\/wp-json\/wp\/v2\/media?parent=3387"}],"wp:term":[{"taxonomy":"product_cat","embeddable":true,"href":"https:\/\/demo9.thuythu.vn\/reeco\/wp-json\/wp\/v2\/product_cat?post=3387"},{"taxonomy":"product_tag","embeddable":true,"href":"https:\/\/demo9.thuythu.vn\/reeco\/wp-json\/wp\/v2\/product_tag?post=3387"}],"curies":[{"name":"wp","href":"https:\/\/api.w.org\/{rel}","templated":true}]}}