{"id":3374,"date":"2024-01-25T09:45:16","date_gmt":"2024-01-25T02:45:16","guid":{"rendered":"https:\/\/demo9.thuythu.vn\/reeco\/?post_type=product&#038;p=3374"},"modified":"2024-01-25T09:48:12","modified_gmt":"2024-01-25T02:48:12","slug":"dls-20","status":"publish","type":"product","link":"https:\/\/demo9.thuythu.vn\/reeco\/san-pham\/dls-20\/","title":{"rendered":"DLS-20"},"content":{"rendered":"","protected":false},"excerpt":{"rendered":"<ul>\n<li>Model: DLS-20<\/li>\n<li>Manufacturer: Hiden Analytical<\/li>\n<\/ul>\n<p data-sourcepos=\"1:1-1:234\"><strong>M\u00e1y Ph\u1ed5 Kh\u1ed1i T\u1ee9 C\u1ef1c Hiden DLS-20 l\u00e0 <\/strong>m\u1ed9t m\u00e1y ph\u00e2n t\u00edch ph\u1ed5 kh\u1ed1i quadrupole \u0111\u01b0\u1ee3c thi\u1ebft k\u1ebf \u0111\u1eb7c bi\u1ec7t \u0111\u1ec3 ph\u00e2n t\u00edch c\u00e1c \u0111\u1ed3ng v\u1ecb c\u1ee7a hydro v\u00e0 heli c\u00f9ng c\u00e1c kh\u00ed nh\u1eb9. M\u00e1y n\u00e0y c\u00f3 b\u1ed9 l\u1ecdc kh\u1ed1i l\u01b0\u1ee3ng Hiden m\u1edbi \u0111\u01b0\u1ee3c thi\u1ebft k\u1ebf cho \u0111\u1ed9 ph\u00e2n gi\u1ea3i c\u1ef1c cao.<\/p>\n<p data-sourcepos=\"3:1-3:98\"><strong>Thi\u1ebft k\u1ebf b\u1ed9 l\u1ecdc kh\u1ed1i l\u01b0\u1ee3ng m\u1edbi:<\/strong> s\u1eed d\u1ee5ng c\u00e1c linh ki\u1ec7n gia c\u00f4ng ch\u00ednh x\u00e1c micron tinh x\u1ea3o nh\u1ea5t.<\/p>\n<p data-sourcepos=\"5:1-5:13\"><strong>\u1ee8ng d\u1ee5ng:<\/strong><\/p>\n<ul data-sourcepos=\"7:1-12:0\">\n<li data-sourcepos=\"7:1-7:22\">Nghi\u00ean c\u1ee9u h\u1ea1ch nh\u00e2n<\/li>\n<li data-sourcepos=\"8:1-8:20\">Nghi\u00ean c\u1ee9u \u0111\u1ed3ng v\u1ecb<\/li>\n<li data-sourcepos=\"9:1-9:36\">Nghi\u00ean c\u1ee9u m\u00e1y gia t\u1ed1c synchrotron<\/li>\n<li data-sourcepos=\"10:1-10:15\">K\u1ef9 thu\u1eadt nano<\/li>\n<li data-sourcepos=\"11:1-12:0\">Ph\u00e2n t\u00edch kh\u00ed d\u01b0<\/li>\n<\/ul>\n","protected":false},"featured_media":3380,"comment_status":"open","ping_status":"closed","template":"","meta":[],"product_cat":[15],"product_tag":[],"acf":[],"lang":"vi","translations":{"vi":3374,"en":3382},"pll_sync_post":[],"_links":{"self":[{"href":"https:\/\/demo9.thuythu.vn\/reeco\/wp-json\/wp\/v2\/product\/3374"}],"collection":[{"href":"https:\/\/demo9.thuythu.vn\/reeco\/wp-json\/wp\/v2\/product"}],"about":[{"href":"https:\/\/demo9.thuythu.vn\/reeco\/wp-json\/wp\/v2\/types\/product"}],"replies":[{"embeddable":true,"href":"https:\/\/demo9.thuythu.vn\/reeco\/wp-json\/wp\/v2\/comments?post=3374"}],"wp:featuredmedia":[{"embeddable":true,"href":"https:\/\/demo9.thuythu.vn\/reeco\/wp-json\/wp\/v2\/media\/3380"}],"wp:attachment":[{"href":"https:\/\/demo9.thuythu.vn\/reeco\/wp-json\/wp\/v2\/media?parent=3374"}],"wp:term":[{"taxonomy":"product_cat","embeddable":true,"href":"https:\/\/demo9.thuythu.vn\/reeco\/wp-json\/wp\/v2\/product_cat?post=3374"},{"taxonomy":"product_tag","embeddable":true,"href":"https:\/\/demo9.thuythu.vn\/reeco\/wp-json\/wp\/v2\/product_tag?post=3374"}],"curies":[{"name":"wp","href":"https:\/\/api.w.org\/{rel}","templated":true}]}}