{"id":3369,"date":"2024-01-25T09:23:19","date_gmt":"2024-01-25T02:23:19","guid":{"rendered":"https:\/\/demo9.thuythu.vn\/reeco\/?post_type=product&#038;p=3369"},"modified":"2024-01-25T09:25:29","modified_gmt":"2024-01-25T02:25:29","slug":"dls-10","status":"publish","type":"product","link":"https:\/\/demo9.thuythu.vn\/reeco\/san-pham\/dls-10\/","title":{"rendered":"DLS-10"},"content":{"rendered":"","protected":false},"excerpt":{"rendered":"<ul>\n<li>Model: DLS-10<\/li>\n<li>Manufacturer: Hiden Analytical<\/li>\n<\/ul>\n<p data-sourcepos=\"1:1-1:391\">H\u1ec7 th\u1ed1ng DLS series c\u1ee7a Hiden \u0111\u01b0\u1ee3c thi\u1ebft k\u1ebf cho c\u00e1c \u1ee9ng d\u1ee5ng trong l\u0129nh v\u1ef1c t\u1ed5ng h\u1ee3p h\u1ea1t nh\u00e2n, n\u01a1i ph\u00e2n t\u00edch \u0111\u1ed3ng v\u1ecb hydro v\u00e0 c\u00e1c h\u1ee3p ch\u1ea5t deuteri l\u00e0 r\u1ea5t quan tr\u1ecdng. M\u00e1y ph\u00e2n t\u00edch kh\u1ed1i l\u01b0\u1ee3ng DLS-10 d\u00e0nh cho ph\u00e9p \u0111o kh\u1ed1i l\u01b0\u1ee3ng ph\u00e2n gi\u1ea3i c\u1ef1c cao c\u1ee7a \u0111\u1ed3ng v\u1ecb hydro, ho\u1ea1t \u0111\u1ed9ng trong v\u00f9ng \u1ed5n \u0111\u1ecbnh b\u1eadc b\u1ed1n c\u1ee7a quadrupole, \u0111\u1ec3 ph\u00e2n t\u00e1ch kh\u1ed1i l\u01b0\u1ee3ng c\u1ee7a c\u1ea3 deuteri trong heli v\u00e0 heli trong deuteri.<\/p>\n<p data-sourcepos=\"3:1-3:18\"><strong>C\u00e1c t\u00ednh n\u0103ng:<\/strong><\/p>\n<ul data-sourcepos=\"5:1-14:0\">\n<li data-sourcepos=\"5:1-5:81\">Truy c\u1eadp nhanh ch\u00f3ng \u0111\u1ebfn c\u00e1c m\u00e0n h\u00ecnh Histogram, Trend Analysis v\u00e0 Analog peak.<\/li>\n<li data-sourcepos=\"6:1-6:89\">Qu\u00e9t ch\u1ebf \u0111\u1ed9 h\u1ed7n h\u1ee3p. Trend Analysis, Histogram v\u00e0 Analog peak trong m\u00e0n h\u00ecnh \u0111a c\u1eeda s\u1ed5.<\/li>\n<li data-sourcepos=\"7:1-7:74\">\u0110i\u1ec1u khi\u1ec3n ngu\u1ed3n ion \u0111\u1ec3 ion h\u00f3a m\u1ec1m v\u00e0 \u0111o ph\u1ed5 kh\u1ed1i n\u0103ng l\u01b0\u1ee3ng xu\u1ea5t hi\u1ec7n.<\/li>\n<li data-sourcepos=\"8:1-8:73\">Hi\u1ec3n th\u1ecb \u0111\u1ed3ng th\u1eddi d\u1eef li\u1ec7u ph\u00e2n t\u00edch theo xu h\u01b0\u1edbng \u0111\u1ed3 h\u1ecda v\u00e0 d\u1ea1ng b\u1ea3ng.<\/li>\n<li data-sourcepos=\"9:1-9:50\">Thu th\u1eadp d\u1eef li\u1ec7u t\u1eeb nhi\u1ec1u h\u1ec7 th\u1ed1ng qua Ethernet.<\/li>\n<li data-sourcepos=\"10:1-10:37\">C\u0103n ch\u1ec9nh thang kh\u1ed1i l\u01b0\u1ee3ng t\u1ef1 \u0111\u1ed9ng.<\/li>\n<li data-sourcepos=\"11:1-11:60\">Th\u01b0 vi\u1ec7n ph\u1ed5 kh\u1ed1i t\u00edch h\u1ee3p v\u1edbi \u0111\u1ea7y \u0111\u1ee7 ch\u1ee9c n\u0103ng ch\u1ec9nh s\u1eeda.<\/li>\n<li data-sourcepos=\"12:1-12:86\">Kh\u1ea3 n\u0103ng xu\u1ea5t d\u1eef li\u1ec7u sang \u0111\u1ecbnh d\u1ea1ng ASCII v\u00e0 t\u1ea5t c\u1ea3 c\u00e1c thi\u1ebft b\u1ecb Windows\u00ae \u0111\u1ec3 in\/v\u1ebd.<\/li>\n<li data-sourcepos=\"13:1-14:0\">Giao di\u1ec7n Socket \u0111\u1ec3 \u0111i\u1ec1u khi\u1ec3n \u1ee9ng d\u1ee5ng v\u00e0 li\u00ean k\u1ebft d\u1eef li\u1ec7u \u0111\u1ed9ng v\u1edbi c\u00e1c \u1ee9ng d\u1ee5ng t\u01b0\u01a1ng th\u00edch v\u1edbi Windows\u00ae.<\/li>\n<\/ul>\n<p data-sourcepos=\"15:1-15:13\"><strong>\u1ee8ng d\u1ee5ng:<\/strong><\/p>\n<ul data-sourcepos=\"17:1-23:0\">\n<li data-sourcepos=\"17:1-17:30\">Nghi\u00ean c\u1ee9u t\u1ed5ng h\u1ee3p h\u1ea1t nh\u00e2n<\/li>\n<li data-sourcepos=\"18:1-18:20\">Nghi\u00ean c\u1ee9u \u0111\u1ed3ng v\u1ecb<\/li>\n<li data-sourcepos=\"19:1-19:36\">Nghi\u00ean c\u1ee9u m\u00e1y gia t\u1ed1c synchrotron<\/li>\n<li data-sourcepos=\"20:1-20:16\">C\u00f4ng ngh\u1ec7 nano<\/li>\n<li data-sourcepos=\"21:1-23:0\">Ph\u00e2n t\u00edch kh\u00ed d\u01b0<\/li>\n<\/ul>\n","protected":false},"featured_media":3372,"comment_status":"open","ping_status":"closed","template":"","meta":[],"product_cat":[15],"product_tag":[],"acf":[],"lang":"vi","translations":{"vi":3369,"en":3373},"pll_sync_post":[],"_links":{"self":[{"href":"https:\/\/demo9.thuythu.vn\/reeco\/wp-json\/wp\/v2\/product\/3369"}],"collection":[{"href":"https:\/\/demo9.thuythu.vn\/reeco\/wp-json\/wp\/v2\/product"}],"about":[{"href":"https:\/\/demo9.thuythu.vn\/reeco\/wp-json\/wp\/v2\/types\/product"}],"replies":[{"embeddable":true,"href":"https:\/\/demo9.thuythu.vn\/reeco\/wp-json\/wp\/v2\/comments?post=3369"}],"wp:featuredmedia":[{"embeddable":true,"href":"https:\/\/demo9.thuythu.vn\/reeco\/wp-json\/wp\/v2\/media\/3372"}],"wp:attachment":[{"href":"https:\/\/demo9.thuythu.vn\/reeco\/wp-json\/wp\/v2\/media?parent=3369"}],"wp:term":[{"taxonomy":"product_cat","embeddable":true,"href":"https:\/\/demo9.thuythu.vn\/reeco\/wp-json\/wp\/v2\/product_cat?post=3369"},{"taxonomy":"product_tag","embeddable":true,"href":"https:\/\/demo9.thuythu.vn\/reeco\/wp-json\/wp\/v2\/product_tag?post=3369"}],"curies":[{"name":"wp","href":"https:\/\/api.w.org\/{rel}","templated":true}]}}